{"id":4858,"date":"2020-05-12T16:08:03","date_gmt":"2020-05-12T14:08:03","guid":{"rendered":"https:\/\/experienciamoderna.com\/abel-diaz\/"},"modified":"2024-02-15T15:19:43","modified_gmt":"2024-02-15T14:19:43","slug":"abel-diaz","status":"publish","type":"page","link":"https:\/\/experienciamoderna.com\/en\/about-us\/abel-diaz\/","title":{"rendered":"Abel D\u00edaz"},"content":{"rendered":"<p>[et_pb_section fb_built=&#8221;1&#8243; _builder_version=&#8221;4.16&#8243; global_colors_info=&#8221;{}&#8221;][et_pb_row _builder_version=&#8221;4.16&#8243; global_colors_info=&#8221;{}&#8221;][et_pb_column type=&#8221;4_4&#8243; _builder_version=&#8221;4.16&#8243; global_colors_info=&#8221;{}&#8221;][et_pb_text content_tablet=&#8221;&#8221; content_phone=&#8221;&#8221; content_last_edited=&#8221;on|desktop&#8221; _builder_version=&#8221;4.16&#8243; header_text_align=&#8221;left&#8221; header_text_align_tablet=&#8221;&#8221; header_text_align_phone=&#8221;center&#8221; header_text_align_last_edited=&#8221;on|phone&#8221; header_font_size_tablet=&#8221;&#8221; header_font_size_phone=&#8221;26px&#8221; header_font_size_last_edited=&#8221;on|desktop&#8221; global_colors_info=&#8221;{}&#8221;]<\/p>\n<h1>Abel D\u00edaz<\/h1>\n<p>[\/et_pb_text][et_pb_text admin_label=&#8221;Texto&#8221; _builder_version=&#8221;4.20.1&#8243; hover_enabled=&#8221;0&#8243; global_colors_info=&#8221;{}&#8221; sticky_enabled=&#8221;0&#8243;]<\/p>\n<p><img loading=\"lazy\" decoding=\"async\" class=\"wp-image-1558 size-full alignleft\" src=\"https:\/\/experienciamoderna.com\/wp-content\/uploads\/2020\/03\/Abel-D\u00edaz2.jpg\" alt=\"\" width=\"165\" height=\"180\" \/>After earning a BA in History from the University of La Laguna (ULL), Tenerife, Abel D\u00edaz took an interuniversity MA in Contemporary History at the University of the Basque Country (UPV\/EHU), where he is currently working on his PhD thesis in Contemporary History, \u2018Homosexuality and Normative Masculinity in Francoist Spain (1939-1976)\u2019. In the 2015 call, he was awarded a pre-doctoral trainee research fellowship (PIF) by the UPV\/EHU. Furthermore, he has recently completed a research stay at the Gino Germani Research Institute of the University of Buenos Aires (Argentina).<br \/>\n<br \/>The aim of D\u00edaz\u2019s pre-doctoral research project is to analyse the historical construction of homosexual identity during the Franco dictatorship from a non-essentialist perspective, on the basis of the analysis of the social meanings that homosexuality acquired in each discourse throughout this time. Specifically, his research envisages an in-depth study of the different mechanisms employed to criminalise homosexuality, basically through legislation, which at the time found its most significant expression in the Vagrancy Act. But, at the same time, the constituent effects of the building of a homosexual identity in subjects will be analysed following a productive hypothesis in Foucauldian terms. In this sense, the recuperation of sources will go beyond expert knowledge (medicine, psychiatry and legislation) to offer an account of broader phenomena inherent to other imaginaries of sexuality, such as popular ones.<br \/>His work will critically combine the theoretical-methodological traditions of the research groups of the universities where he has completed his training, in the framework of post-social history, placing the accent on discourse and the body as producers of meanings of reality. Additionally, the gender perspective will be a singular aspect of this analysis, directly affecting the hypotheses employed to inquire into sexuality and its links to sexual difference, following the proposals developed by Nerea Aresti.\n<\/p>\n<p><strong>Recent publications:<\/strong> <br \/>D\u00cdAZ, Abel (2021), \u00abAfeminados de vida ociosa: Sexualidad, g\u00e9nero y clase social durante el franquismo\u00bb, Historia Contempor\u00e1nea, n\u00fam. 65, pp. 131-162.<br \/>D\u00cdAZ, Abel (2020), \u00abTensions between Body and Soul: Homosexuality(s) in the Basque Country during the First Francoism\u00bb, en Marta LUXAN SERRANO, Jone Miren HERN\u00c1NDEZ GARC\u00cdA y Xabier IRUJO AM\u00c9ZAGA (eds.), LGBTQI+ in the Basque Country, Reno, Center for Basque Studies, pp. 117-138.<\/p>\n<p>D\u00edaz\u2019s publications can be consulted at:<br \/><a href=\"https:\/\/revistas.ucm.es\">https:\/\/revistas.ucm.es<\/a><br \/><a href=\"https:\/\/metaaprendizaje.academia.edu\">https:\/\/metaaprendizaje.academia.edu<\/a><br \/>Email address:<a href=\"mailto:abeldzdz@gmail.com\"> abeldzdz@gmail.com<\/a><\/p>\n<p>[\/et_pb_text][\/et_pb_column][\/et_pb_row][\/et_pb_section]<\/p>\n","protected":false},"excerpt":{"rendered":"<p>Abel D\u00edazAfter earning a BA in History from the University of La Laguna (ULL), Tenerife, Abel D\u00edaz took an interuniversity MA in Contemporary History at the University of the Basque Country (UPV\/EHU), where he is currently working on his PhD thesis in Contemporary History, \u2018Homosexuality and Normative Masculinity in Francoist Spain (1939-1976)\u2019. In the 2015 [&hellip;]<\/p>\n","protected":false},"author":1,"featured_media":0,"parent":6156,"menu_order":0,"comment_status":"closed","ping_status":"closed","template":"","meta":{"_et_pb_use_builder":"on","_et_pb_old_content":"","_et_gb_content_width":"","footnotes":""},"class_list":["post-4858","page","type-page","status-publish","hentry"],"_links":{"self":[{"href":"https:\/\/experienciamoderna.com\/en\/wp-json\/wp\/v2\/pages\/4858","targetHints":{"allow":["GET"]}}],"collection":[{"href":"https:\/\/experienciamoderna.com\/en\/wp-json\/wp\/v2\/pages"}],"about":[{"href":"https:\/\/experienciamoderna.com\/en\/wp-json\/wp\/v2\/types\/page"}],"author":[{"embeddable":true,"href":"https:\/\/experienciamoderna.com\/en\/wp-json\/wp\/v2\/users\/1"}],"replies":[{"embeddable":true,"href":"https:\/\/experienciamoderna.com\/en\/wp-json\/wp\/v2\/comments?post=4858"}],"version-history":[{"count":17,"href":"https:\/\/experienciamoderna.com\/en\/wp-json\/wp\/v2\/pages\/4858\/revisions"}],"predecessor-version":[{"id":9775,"href":"https:\/\/experienciamoderna.com\/en\/wp-json\/wp\/v2\/pages\/4858\/revisions\/9775"}],"up":[{"embeddable":true,"href":"https:\/\/experienciamoderna.com\/en\/wp-json\/wp\/v2\/pages\/6156"}],"wp:attachment":[{"href":"https:\/\/experienciamoderna.com\/en\/wp-json\/wp\/v2\/media?parent=4858"}],"curies":[{"name":"wp","href":"https:\/\/api.w.org\/{rel}","templated":true}]}}