{"id":5033,"date":"2020-05-13T15:52:46","date_gmt":"2020-05-13T13:52:46","guid":{"rendered":"https:\/\/experienciamoderna.com\/aitor-sarasqueta\/"},"modified":"2024-02-12T14:18:46","modified_gmt":"2024-02-12T13:18:46","slug":"aitor-sarasqueta","status":"publish","type":"page","link":"https:\/\/experienciamoderna.com\/en\/about-us\/aitor-sarasqueta\/","title":{"rendered":"Aitor Sarasqueta"},"content":{"rendered":"<p>[et_pb_section fb_built=&#8221;1&#8243; _builder_version=&#8221;4.16&#8243; global_colors_info=&#8221;{}&#8221;][et_pb_row _builder_version=&#8221;4.16&#8243; global_colors_info=&#8221;{}&#8221;][et_pb_column type=&#8221;4_4&#8243; _builder_version=&#8221;4.16&#8243; global_colors_info=&#8221;{}&#8221;][et_pb_text _builder_version=&#8221;4.16&#8243; global_colors_info=&#8221;{}&#8221;]<\/p>\n<h1>Aitor Sarasqueta<\/h1>\n<p>[\/et_pb_text][et_pb_text admin_label=&#8221;Texto&#8221; _builder_version=&#8221;4.24.0&#8243; hover_enabled=&#8221;0&#8243; global_colors_info=&#8221;{}&#8221; sticky_enabled=&#8221;0&#8243;]<\/p>\n<p><img loading=\"lazy\" decoding=\"async\" class=\"wp-image-1602 size-full alignleft\" src=\"https:\/\/experienciamoderna.com\/wp-content\/uploads\/2020\/03\/Aitor-Sarasketa1.jpg\" alt=\"\" width=\"165\" height=\"180\" \/>I am graduate in History from the UPV\/EHU, where I have also completed the Master in Teacher Training of Compulsory Secondary Education and Baccalaureate, Vocational Training and Language Teaching and the Master in Contemporary History. I am currently doing my PhD thesis in the Department of Contemporary History of the UPV\/EHU under the direction of Aintzane Rinc\u00f3n and Nerea Aresti and with the predoctoral help of the Basque Government.<br \/>In this PhD thesis I analyse masculinities in the Spanish political <strong>Transition<\/strong> (1975-1986) through cinema. A work that I intend to do at the confluence of contemporary history, gender studies and cultural studies and which I try to study the way in which gender identities and the socio-political context of <strong>Transition<\/strong> interacted.<\/p>\n<p class=\"Default\" style=\"margin-bottom: 12.0pt; text-align: justify; line-height: 150%;\"><b><span style=\"color: windowtext;\">Publications:<\/span><\/b><\/p>\n<ul>\n<li>\u201cEntre el ayer que no termina y el ma\u00f1ana que empieza. La masculinidad del intelectual de izquierdas a trav\u00e9s de <em>\u00d3pera prima\u201d,<\/em> <em> Revista de an\u00e1lisis cultural<\/em> 23 (2024, in press).<\/li>\n<li>\u201cAitatik semera, 1980ko hamarkadako Euskal Herriko maskulinitatearen ikerketa bat El pico-ren (Eloy de la Iglesia, 1983) bidez\u201d, <em> Euskarazko historia aldizkaria sarean<\/em>, 19 (2022), 97-106. http:\/\/www.kondaira.eus\/article\/view\/510\/548<\/li>\n<li>\u201cHerencias de g\u00e9nero del franquismo: un estudio de la masculinidad en el Pa\u00eds Vasco de los a\u00f1os ochenta a trav\u00e9s de \u2018El Pico\u2019 (Eloy de la Iglesia, 1983)\u00b4\u201d, in Francisco ACOSTA <em> al. <\/em>(coords.): <em>Mobilitzacions socials i esquerra radical: Actes del II Congr\u00e9s Les altres protagonistas de la transici\u00f3<\/em>, Barcelona, Fundaci\u00f3n Salvador Segu\u00ed-CEDIB, 2020, 287-309. <a href=\"https:\/\/www.yumpu.com\/es\/document\/read\/65038602\/les-altres-protagonistes-de-la-transicio-mobilitzacions-socials-i-esquerra-radical\">https:\/\/www.yumpu.com\/es\/document\/read\/65038602\/les-altres-protagonistes-de-la-transicio-mobilitzacions-socials-i-esquerra-radical<\/a><\/li>\n<\/ul>\n<p>EMAIL<\/p>\n<p>href=&#8221;mailto:aitor.sarasqueta@ehu.eus&#8221;&gt;aitor.sarasqueta@ehu.<\/p>\n<p>[\/et_pb_text][\/et_pb_column][\/et_pb_row][\/et_pb_section]<\/p>\n","protected":false},"excerpt":{"rendered":"<p>Aitor SarasquetaI am graduate in History from the UPV\/EHU, where I have also completed the Master in Teacher Training of Compulsory Secondary Education and Baccalaureate, Vocational Training and Language Teaching and the Master in Contemporary History. I am currently doing my PhD thesis in the Department of Contemporary History of the UPV\/EHU under the direction [&hellip;]<\/p>\n","protected":false},"author":1,"featured_media":0,"parent":6156,"menu_order":0,"comment_status":"closed","ping_status":"closed","template":"","meta":{"_et_pb_use_builder":"on","_et_pb_old_content":"","_et_gb_content_width":"","footnotes":""},"class_list":["post-5033","page","type-page","status-publish","hentry"],"_links":{"self":[{"href":"https:\/\/experienciamoderna.com\/en\/wp-json\/wp\/v2\/pages\/5033","targetHints":{"allow":["GET"]}}],"collection":[{"href":"https:\/\/experienciamoderna.com\/en\/wp-json\/wp\/v2\/pages"}],"about":[{"href":"https:\/\/experienciamoderna.com\/en\/wp-json\/wp\/v2\/types\/page"}],"author":[{"embeddable":true,"href":"https:\/\/experienciamoderna.com\/en\/wp-json\/wp\/v2\/users\/1"}],"replies":[{"embeddable":true,"href":"https:\/\/experienciamoderna.com\/en\/wp-json\/wp\/v2\/comments?post=5033"}],"version-history":[{"count":8,"href":"https:\/\/experienciamoderna.com\/en\/wp-json\/wp\/v2\/pages\/5033\/revisions"}],"predecessor-version":[{"id":9647,"href":"https:\/\/experienciamoderna.com\/en\/wp-json\/wp\/v2\/pages\/5033\/revisions\/9647"}],"up":[{"embeddable":true,"href":"https:\/\/experienciamoderna.com\/en\/wp-json\/wp\/v2\/pages\/6156"}],"wp:attachment":[{"href":"https:\/\/experienciamoderna.com\/en\/wp-json\/wp\/v2\/media?parent=5033"}],"curies":[{"name":"wp","href":"https:\/\/api.w.org\/{rel}","templated":true}]}}