{"id":5043,"date":"2020-05-13T15:59:27","date_gmt":"2020-05-13T13:59:27","guid":{"rendered":"https:\/\/experienciamoderna.com\/bakarne-altonaga\/"},"modified":"2023-02-20T17:20:09","modified_gmt":"2023-02-20T16:20:09","slug":"bakarne-altonaga","status":"publish","type":"page","link":"https:\/\/experienciamoderna.com\/en\/about-us\/bakarne-altonaga\/","title":{"rendered":"Bakarne Altonaga"},"content":{"rendered":"<p>[et_pb_section fb_built=&#8221;1&#8243; _builder_version=&#8221;4.16&#8243; global_colors_info=&#8221;{}&#8221;][et_pb_row _builder_version=&#8221;4.16&#8243; global_colors_info=&#8221;{}&#8221;][et_pb_column type=&#8221;4_4&#8243; _builder_version=&#8221;4.16&#8243; global_colors_info=&#8221;{}&#8221;][et_pb_text _builder_version=&#8221;4.16&#8243; global_colors_info=&#8221;{}&#8221;]<\/p>\n<h1>Bakarne Altonaga<\/h1>\n<p>[\/et_pb_text][et_pb_text admin_label=&#8221;Texto&#8221; _builder_version=&#8221;4.20.0&#8243; hover_enabled=&#8221;0&#8243; global_colors_info=&#8221;{}&#8221; sticky_enabled=&#8221;0&#8243;]<\/p>\n<p><img loading=\"lazy\" decoding=\"async\" class=\"wp-image-1590 size-full alignleft\" src=\"https:\/\/experienciamoderna.com\/wp-content\/uploads\/2020\/03\/Bakarne-Altonaga2.jpg\" alt=\"\" width=\"165\" height=\"180\" data-mce-src=\"https:\/\/experienciamoderna.com\/wp-content\/uploads\/2020\/03\/Bakarne-Altonaga2.jpg\">Doctorate in Contemporary History (2018), with a BA in Philosophy (2010) from the UPV\/EHU. Nowadays, teacher at the Contemporary History department (UPV\/EHU). I concluded several postgraduate studies, MA in Literature and Philosophy, University of Sussex and a Master in Feminists and Gender Studies (UPV\/EHU), Euskal Herriko Unibertsitatea. My research focuses on the analysis of the construction of the sexual difference and gender identities in the Basque Country and Spain during the transition between 18<sup>th<\/sup> and 19<sup>th<\/sup> centuries. I am especially interested in the analysis of the changes on the conception of the body and the ways in which those changes affected the construction of gender. Besides, I try study the complex relations and interactions between the categories of gender, class, nation and religion in the construction of identities.<\/p>\n<p>I have published several works:<\/p>\n<p><strong>Articles<\/strong><br \/>\u2022 (Accepted, in press). \u201cSobre \u2018hombres sin substancia\u2019: la masculinidad en el discurso de la reacci\u00f3n eclesi\u00e1stica a comienzos del siglo XIX\u201d, Historia y Pol\u00edtica. <br \/>\u2022 (2023, in press). \u201cBetween the Soul and the Body. The Construction of Sexual Difference in Modern Spain\u201d, European History Quarterly. <br \/>\u2022 (2022). \u201c\u2019La regencia de las mujeres y el reinado de los ni\u00f1os\u2019: carlismo, liberalismo y g\u00e9nero en la crisis del Antiguo R\u00e9gimen\u201d, Ayer. Revista de historia contempor\u00e1nea, 127(3), 169-192. <br \/>\u2022 (2018). Generoa Antzinako Erregimenean: Manuel Larramendiren ikuspuntua eta bere itzala, Sancho el Sabio: Revista de cultura e investigacio\u0301n vasca, Extra 2, 107-127.<br \/>\u2022 (2016). Mujeres viriles en el siglo XVIII. La construcci\u00f3n de la feminidad por el discurso foralista de Manuel de Larramendi. Historia Contempor\u00e1nea, 52, 9-42.<\/p>\n<p><strong>Book chapters<\/strong><br \/>\u2022 (2023, in press). \u201cSobre cyborgs y especies de compa\u00f1\u00eda en la obra de Donna Haraway\u201d, en Margarita Sanchez y Miren Llona (eds.): Tecnolog\u00eda, ciencia y naturaleza en la Historia de las Mujeres. Granada: Comares. <br \/>\u2022 (2023, in press). \u201cHombres mansos y devotos: masculinidad ultracat\u00f3lica en la crisis del Antiguo R\u00e9gimen en el Pa\u00eds Vasco\u201d, en Darina Martyk\u00e1nov\u00e1 y Marie Walin (eds.), Las masculinidades en la Espa\u00f1a del siglo XIX. Sevilla: Editorial de la Universidad de Sevilla. <br \/>\u2022 (2022). \u201cEl g\u00e9nero en los escritos de viajes de Wilhelm von Humboldt por el Pa\u00eds Vasco\u201d, en Juan D\u00edaz \u00c1lvarez, Fernando Manzano yRodrigo Olay Vald\u00e9s (eds.), Sobre Espa\u00f1a en el largo siglo XVIII. Oviedo: Instituto Feijoo de Estudios del Siglo XVIII, Ediciones Trea. <br \/>\u2022 (2021). \u201cLa Ilustraci\u00f3n vasca: Nuevas visiones de g\u00e9nero en la crisis del Antiguo R\u00e9gimen\u201d, en Silvia Berm\u00fadez y Roberta Johnson (eds.), Una nueva historia de los feminismos ib\u00e9ricos. Valencia: Tirant lo Blanch, pp. 131-141. <br \/>\u2022 (2021). Junto a Mikel Varela \u201c\u00bfInclusi\u00f3n? Diferencia, diversidad y los \u2018humano\u2019 como l\u00edmite\u201d, en Gorka Roman, Elizabeth P\u00e9rez-Izaguirre, Itsaso Biota, Maitane Picaza (eds.), Inclusi\u00f3n socioeducativa. Propuestas y metodolog\u00edas innovadoras en contextos educativos. Barcelona: Gra\u00f3, pp. 23-36.<br \/>\u2022 (2018). \u201cThe Basque Enlightenment: New Visions of Gender in the Crisis of the Antiguo R\u00e9gimen\u201d. In Roberta Johnson and Silvia Bermudez (eds.) A new history of Iberiam feminisms. Toronto: University of Toronto Press, 82-90.<br \/>\u2022 (2012). Gizakia eta animalia: harreman berriak pentsatzen. In Andoni Olariaga, Iban Galletebeitia, Alaitz Aizpuru y Bakarne Altonaga (coord.), Euskal Herriko pentsamenduaren gida. Bilbao: Udako Euskal Unibertsitatea.<\/p>\n<p><strong>Books<\/strong><br \/>\u2022 (2021). Cuerpos en tr\u00e1nsito. Los significados del g\u00e9nero en la crisis del Antiguo R\u00e9gimen en el Pa\u00eds Vasco. Granada: Comares.<\/p>\n<p><strong>Teaching materials: books\/chapters<\/strong><br \/>\u2022 (2017) Junto a Aintzane Rinc\u00f3n y Maialen Aranguren: Historiagintzaren ikuspegi berriak: teoria eta praktika. Bilbao: UEU y UPV\/EHU.<br \/>\u2022 (2014). Diferentzia sexualaren eraikuntza: gorputzen desnaturalizazioa. In Alaitz Aizpuru and Bakarne Altonaga (coord.), Diskurtsoak, eraikuntzak, gorputzak. Gorputzen eta binarismo sexualaren eraikuntzaz. Bilbao: Udako Euskal Unibertsitatea.<\/p>\n<p><a href=\"http:\/\/www.inguma.eus\/egilea\/ikusi\/bakarne-altonaga-begona\" data-mce-href=\"http:\/\/www.inguma.eus\/egilea\/ikusi\/bakarne-altonaga-begona\">http:\/\/www.inguma.eus\/egilea\/ikusi\/bakarne-altonaga-begona<\/a><br \/><a href=\"https:\/\/dialnet.unirioja.es\/buscar\/documentos?querysDismax.DOCUMENTAL_TODO=bakarne+altonaga\" data-mce-href=\"https:\/\/dialnet.unirioja.es\/buscar\/documentos?querysDismax.DOCUMENTAL_TODO=bakarne+altonaga\">https:\/\/dialnet.unirioja.es\/<\/a><a href=\"https:\/\/dialnet.unirioja.es\/buscar\/documentos?querysDismax.DOCUMENTAL_TODO=bakarne+altonaga\" data-mce-href=\"https:\/\/dialnet.unirioja.es\/buscar\/documentos?querysDismax.DOCUMENTAL_TODO=bakarne+altonaga\">bakarne+altonaga<\/a><br \/><a href=\"mailto:bakarne.altonaga@ehu.eus\" data-mce-href=\"mailto:bakarne.altonaga@ehu.eus\">bakarne.altonaga@ehu.eus<\/a><\/p>\n<p>[\/et_pb_text][\/et_pb_column][\/et_pb_row][\/et_pb_section]<\/p>\n","protected":false},"excerpt":{"rendered":"<p>Bakarne AltonagaDoctorate in Contemporary History (2018), with a BA in Philosophy (2010) from the UPV\/EHU. Nowadays, teacher at the Contemporary History department (UPV\/EHU). I concluded several postgraduate studies, MA in Literature and Philosophy, University of Sussex and a Master in Feminists and Gender Studies (UPV\/EHU), Euskal Herriko Unibertsitatea. My research focuses on the analysis of [&hellip;]<\/p>\n","protected":false},"author":1,"featured_media":0,"parent":6156,"menu_order":0,"comment_status":"closed","ping_status":"closed","template":"","meta":{"_et_pb_use_builder":"on","_et_pb_old_content":"","_et_gb_content_width":"","footnotes":""},"class_list":["post-5043","page","type-page","status-publish","hentry"],"_links":{"self":[{"href":"https:\/\/experienciamoderna.com\/en\/wp-json\/wp\/v2\/pages\/5043","targetHints":{"allow":["GET"]}}],"collection":[{"href":"https:\/\/experienciamoderna.com\/en\/wp-json\/wp\/v2\/pages"}],"about":[{"href":"https:\/\/experienciamoderna.com\/en\/wp-json\/wp\/v2\/types\/page"}],"author":[{"embeddable":true,"href":"https:\/\/experienciamoderna.com\/en\/wp-json\/wp\/v2\/users\/1"}],"replies":[{"embeddable":true,"href":"https:\/\/experienciamoderna.com\/en\/wp-json\/wp\/v2\/comments?post=5043"}],"version-history":[{"count":8,"href":"https:\/\/experienciamoderna.com\/en\/wp-json\/wp\/v2\/pages\/5043\/revisions"}],"predecessor-version":[{"id":7593,"href":"https:\/\/experienciamoderna.com\/en\/wp-json\/wp\/v2\/pages\/5043\/revisions\/7593"}],"up":[{"embeddable":true,"href":"https:\/\/experienciamoderna.com\/en\/wp-json\/wp\/v2\/pages\/6156"}],"wp:attachment":[{"href":"https:\/\/experienciamoderna.com\/en\/wp-json\/wp\/v2\/media?parent=5043"}],"curies":[{"name":"wp","href":"https:\/\/api.w.org\/{rel}","templated":true}]}}