{"id":5048,"date":"2020-05-13T16:12:06","date_gmt":"2020-05-13T14:12:06","guid":{"rendered":"https:\/\/experienciamoderna.com\/carlos-alvarez\/"},"modified":"2024-02-14T12:48:06","modified_gmt":"2024-02-14T11:48:06","slug":"carlos-alvarez","status":"publish","type":"page","link":"https:\/\/experienciamoderna.com\/en\/about-us\/carlos-alvarez\/","title":{"rendered":"Carlos \u00c1lvarez"},"content":{"rendered":"<p>[et_pb_section fb_built=&#8221;1&#8243; _builder_version=&#8221;4.16&#8243; global_colors_info=&#8221;{}&#8221;][et_pb_row _builder_version=&#8221;4.16&#8243; global_colors_info=&#8221;{}&#8221;][et_pb_column type=&#8221;4_4&#8243; _builder_version=&#8221;4.16&#8243; global_colors_info=&#8221;{}&#8221;][et_pb_text _builder_version=&#8221;4.16&#8243; global_colors_info=&#8221;{}&#8221;]<\/p>\n<h1>Carlos \u00c1lvarez<\/h1>\n<p>[\/et_pb_text][et_pb_text _builder_version=&#8221;4.24.0&#8243; hover_enabled=&#8221;0&#8243; global_colors_info=&#8221;{}&#8221; sticky_enabled=&#8221;0&#8243;]<\/p>\n<p style=\"text-align: left;\"><img loading=\"lazy\" decoding=\"async\" class=\"wp-image-9685 size-full alignleft\" src=\"https:\/\/experienciamoderna.com\/wp-content\/uploads\/2024\/02\/Foto-Carlos-Alvarez2.jpg\" alt=\"\" width=\"165\" height=\"181\" \/>After having earned a BA in History from the University of La Laguna (ULL), Tenerife, in 2012, \u00c1lvarez obtained an interuniversity MA in Contemporary History from the University of the Basque Country (UPV\/EHU), where he has been working on his PhD thesis in Contemporary History since 2016. In the 2015 call, he was awarded a pre-doctoral trainee research fellowship (PIF) by the UPV\/EHU.<br \/>The objective of his research is to analyse the evolution of the meaning of the female body during the first Francoism, employing an approach based on the legal documents of the Juvenile Court of Bilbao, together with material from state archives. This is supplemented by an analysis of other primary sources (legislation, medical manuals, Catholic literature, Falangist publications, etc.). From an intersectional perspective, \u00c1lvarez\u2019s intention is to analyse how the female body was constructed between the 1940s and 1960s, bearing in mind the crossing of different variables (gender, class, age, religion and nation) which were shaped in different ways over time.<br \/>\u00c1lvarez has recently completed a research stay at the Faculty of Philosophy and Literature of the University of Buenos Aires (UBA), under the supervision of Isabella Cosse, from July to October 2019. Likewise he has participated in several national and international congresses.<\/p>\n<p style=\"text-align: left;\"><strong>He is the author of several publications, including the following:<\/strong><\/p>\n<ul>\n<li style=\"text-align: left;\">\u00a0&#8220;J\u00f3venes en `el lecho de Procusto\u00b4. Una aproximaci\u00f3n a los ideales de g\u00e9nero de posguerra&#8221;, Arenal, Revista de historia de las mujeres, 27:2 , pp. 331-354<\/li>\n<li style=\"text-align: left;\">Book review: Remedio \u00c1lvarez et al. (coords.): Maternidad lesbiana: Del deseo a la realidad, Barcelona-Madrid, Editorial Egales, S.L., 2018. In: Feminismo\/s, 33 (2019), pp. 351-354.<\/li>\n<li style=\"text-align: left;\">Book review: Neus Roig: No llores que vas a ser feliz. El tr\u00e1fico de beb\u00e9s en Espa\u00f1a: de la represi\u00f3n al negocio (1938-1996), Barcelona, \u00c1tico de los Libros, 2018. In: Pasado y Memoria: Revista de historia contempor\u00e1nea, 18 (2019), pp. 473-476.<\/li>\n<li style=\"text-align: left;\">His other publications can be consulted at:<\/li>\n<\/ul>\n<p><strong>His other publications can be consulted at:<\/strong><\/p>\n<p><a href=\"https:\/\/ehu.academia.edu\/Carlos%C3%81lvarezFern%C3%A1ndez\">https:\/\/ehu.academia.edu\/Carlos%C3%81lvarezFern%C3%A1ndez<\/a><br \/>Research ID: F-6425-2016<br \/>ORCID: 0000-0002-2554-080X<br \/>Email address: <a href=\"mailto:carlosalvfernandez@gmail.com\">carlosalvfernandez@gmail.com<\/a><\/p>\n<p>[\/et_pb_text][\/et_pb_column][\/et_pb_row][\/et_pb_section]<\/p>\n","protected":false},"excerpt":{"rendered":"<p>Carlos \u00c1lvarezAfter having earned a BA in History from the University of La Laguna (ULL), Tenerife, in 2012, \u00c1lvarez obtained an interuniversity MA in Contemporary History from the University of the Basque Country (UPV\/EHU), where he has been working on his PhD thesis in Contemporary History since 2016. In the 2015 call, he was awarded [&hellip;]<\/p>\n","protected":false},"author":1,"featured_media":0,"parent":6156,"menu_order":0,"comment_status":"closed","ping_status":"closed","template":"","meta":{"_et_pb_use_builder":"on","_et_pb_old_content":"","_et_gb_content_width":"","footnotes":""},"class_list":["post-5048","page","type-page","status-publish","hentry"],"_links":{"self":[{"href":"https:\/\/experienciamoderna.com\/en\/wp-json\/wp\/v2\/pages\/5048","targetHints":{"allow":["GET"]}}],"collection":[{"href":"https:\/\/experienciamoderna.com\/en\/wp-json\/wp\/v2\/pages"}],"about":[{"href":"https:\/\/experienciamoderna.com\/en\/wp-json\/wp\/v2\/types\/page"}],"author":[{"embeddable":true,"href":"https:\/\/experienciamoderna.com\/en\/wp-json\/wp\/v2\/users\/1"}],"replies":[{"embeddable":true,"href":"https:\/\/experienciamoderna.com\/en\/wp-json\/wp\/v2\/comments?post=5048"}],"version-history":[{"count":16,"href":"https:\/\/experienciamoderna.com\/en\/wp-json\/wp\/v2\/pages\/5048\/revisions"}],"predecessor-version":[{"id":9700,"href":"https:\/\/experienciamoderna.com\/en\/wp-json\/wp\/v2\/pages\/5048\/revisions\/9700"}],"up":[{"embeddable":true,"href":"https:\/\/experienciamoderna.com\/en\/wp-json\/wp\/v2\/pages\/6156"}],"wp:attachment":[{"href":"https:\/\/experienciamoderna.com\/en\/wp-json\/wp\/v2\/media?parent=5048"}],"curies":[{"name":"wp","href":"https:\/\/api.w.org\/{rel}","templated":true}]}}