{"id":5137,"date":"2020-05-14T10:02:32","date_gmt":"2020-05-14T08:02:32","guid":{"rendered":"https:\/\/experienciamoderna.com\/eider-de-dios\/"},"modified":"2024-12-19T18:03:08","modified_gmt":"2024-12-19T17:03:08","slug":"eider-de-dios","status":"publish","type":"page","link":"https:\/\/experienciamoderna.com\/en\/about-us\/eider-de-dios\/","title":{"rendered":"Eider de Dios"},"content":{"rendered":"<p>[et_pb_section fb_built=&#8221;1&#8243; _builder_version=&#8221;4.16&#8243; global_colors_info=&#8221;{}&#8221;][et_pb_row _builder_version=&#8221;4.16&#8243; global_colors_info=&#8221;{}&#8221;][et_pb_column type=&#8221;4_4&#8243; _builder_version=&#8221;4.16&#8243; global_colors_info=&#8221;{}&#8221;][et_pb_text _builder_version=&#8221;4.16&#8243; global_colors_info=&#8221;{}&#8221;]<\/p>\n<h1>Eider de Dios<\/h1>\n<p>[\/et_pb_text][et_pb_text _builder_version=&#8221;4.20.0&#8243; hover_enabled=&#8221;0&#8243; global_colors_info=&#8221;{}&#8221; sticky_enabled=&#8221;0&#8243;]<\/p>\n<p style=\"text-align: left;\"><img loading=\"lazy\" decoding=\"async\" class=\"wp-image-1582 size-full alignleft\" src=\"https:\/\/experienciamoderna.com\/wp-content\/uploads\/2020\/03\/Eider-de-Dios2.jpg\" alt=\"\" width=\"165\" height=\"180\" \/>Born in Baracaldo in 1985, Eider de Dios Fern\u00e1ndez <strong>is a lecturer in Public Policy and Economic History Department (Unibersity of the Basque Country)<\/strong> .She has a BA in History from the University of Deusto (UD) (2003-2007). After taking an interuniversity MA in Contemporary History in 2008, she was awarded a research fellowship. In 2016, she defended her thesis, \u2018Sirvienta, empleada, trabajadora de hogar. Clase, g\u00e9nero e identidad en el Gran Bilbao a trav\u00e9s del servicio dom\u00e9stico (1939-1985)\u2019, supervised by Mercedes Arbaiza Vilallonga and Miren Llona. In 2017 she was awarded the 27th Victoria Kent International Research Prize and the 9TH Miguel Artola Prize.<br \/>De Dios Fern\u00e1ndez\u2019s research work focuses on gender and oral history. She is particularly interested in the identity-building processes of the working woman, the evolution of domestic service, the adaptation of immigrants in the Basque Country during Francoism, the social changes that occurred in Greater Bilbao during the time of developmentalism up until the transition. <strong>Memory, subjectivity, discourse, women\u2019s economic empowerment and experience are the mainstays of her research activity. Likewise, in recent years, through postdoctoral fellowships she has taken an interest in workers\u2019 masculinity and its crisis in the Basque Country, the North of England and Scotland.<\/strong> Memory, subjectivity, discourse, and experience are the four mainstays of her research activity.<br \/>She has participated in several projects co-ordinated by Javier D\u00edaz Freire and Mercedes Arbaiza, as well as having completed research stays at the Autonomous University of Madrid (UAM) in 2012, the University of Leeds in 2017, Carlos III in 2019 and University of Glasgow in 2019.<\/p>\n<ul>\n<li>DE DIOS FERN\u00c1NDEZ, Eider, Sirvienta, empleada, trabajadora de hogar. G\u00e9nero, clase e identidad en el franquismo y la transici\u00f3n a trav\u00e9s del servicio dom\u00e9stico (1939-1995), Universidad de M\u00e1laga, M\u00e1laga, 2018.<br \/>Awarded the Premio a la Mejor Monograf\u00eda en las \u00e1reas de Ciencias Jur\u00eddicas y Sociales in the XXII Convocatoria de los Premios Nacionales de Edici\u00f3n Universitaria<\/li>\n<li>DE DIOS FERN\u00c1NDEZ, Eider, \u201c<a href=\"https:\/\/revistaseug.ugr.es\/index.php\/arenal\/article\/view\/22823\">Las chicas yey\u00e9, las amas de casa de sopa de sobre y otras mujeres modernas (Espa\u00f1a 1955-1975)<\/a>\u201d, en Arenal, v. 29, n. 1, 2022, pp. 285-317. Awarded the Premio AEIHM a art\u00edculos de investigaci\u00f3n en Historia de las Mujeres 2021<\/li>\n<li>DE DIOS FERN\u00c1NDEZ, Eider y M\u00cdNGUEZ BLASCO, Ra\u00fal, \u201c<a href=\"https:\/\/onlinelibrary.wiley.com\/doi\/full\/10.1111\/1467-9809.12807\">Catholic Housewives in Transition: The Centres for the Promotion of Women between the Franco Dictatorship and Democracy in Spain (1960\u20131980)<\/a>\u201d, Journal of Religious History, v. 45, no. 4, 2022, pp. 623-643.<\/li>\n<li>DE DIOS FERN\u00c1NDEZ, Eider, \u201c<a href=\"https:\/\/web.archive.org\/web\/20240521050334\/https:\/\/repositori.uji.es\/xmlui\/bitstream\/handle\/10234\/197398\/9788418951282.pdf?sequence=5&amp;isAllowed=y\">Historia oral e historia de g\u00e9nero en el aula de historia actual\u201d<\/a>, REVERTER BA\u00d1\u00d3N and MOLIN\u00cd GIMENO, Alba (ed.), La Praxis feminista en clave transformadora, Universitat Jaume I, 2022, pp. 473-486.<\/li>\n<li>CABANA IGLEISIA, Ana; ORTEGA L\u00d3PEZ, Teresa Mar\u00eda and DE DIOS<\/li>\n<li>FERN\u00c1NDEZ, Eider, Trajinar sin descanso: mantenedoras, cuidadoras y contramodelos. Un relato en femenino de la posguerra espa\u00f1ola, Historia del Presente, no. 38, 2021, pp. 67-88.<\/li>\n<li>DE DIOS FERN\u00c1NDEZ, Eider, \u201c<a href=\"https:\/\/e-revistas.uc3m.es\/index.php\/HISPNOV\/article\/view\/5116\/3615\">Abnegadas, mon\u00e1rquicas, intelectuales, sindicalistas y delatoras. Las trabajadoras del servicio dom\u00e9stico, sus representaciones y movilizaciones<\/a>\u201d, Hispania Nova, no. 18, 2020, pp. 517-550.<\/li>\n<li>DE DIOS FERN\u00c1NDEZ, Eider and M\u00cdNGUEZ BLASCO, Ra\u00fal, \u201c<a href=\"https:\/\/1mayo.ccoo.es\/6da5ad7eff8b9e771e53d1d076e9a354000001.pdf\">Del obrerismo na\u00eff al Cristo revolucionario: G\u00e9nero y clase en el discurso de la JOC (1955-1975)<\/a>\u201d, en Historia, trabajo y sociedad, no.11, 2020, pp. 121-140.<\/li>\n<li>DE DIOS FERN\u00c1NDEZ, Eider, \u201cDomesticando el hambre. El control del gasto en los hogares de los a\u00f1os cincuenta a trav\u00e9s del servicio dom\u00e9stico\u201d,<\/li>\n<li>HERN\u00c1NDEZ BURGOS, Claudio y DEL ARCO BLANCO, Miguel \u00c1ngel, Esta es la Espa\u00f1a de Franco: los a\u00f1os cincuenta del franquismo, (1951-1959), Universidad de Zaragoza, 2020, pp.119-138.<\/li>\n<li>DE DIOS FERN\u00c1NDEZ, Eider and M\u00cdNGUEZ BLASCO, Ra\u00fal, \u201c<a href=\"https:\/\/revistes.uab.cat\/rubrica\/article\/view\/v9-n17-de-dios-minguez\/196-pdf-es\">En euskera y en cristiano: g\u00e9nero, religi\u00f3n y naci\u00f3n en el Pa\u00eds Vasco durante el franquismo<\/a>\u201d, en R\u00fabrica Contempor\u00e1nea, v. 9, no. 17, 2020, pp. 99-117.<\/li>\n<li>M\u00cdNGUEZ BLASCO, Ra\u00fal and DE DIOS FERN\u00c1NDEZ, Eider, \u201cDesafiando el orden de g\u00e9nero de la Iglesia desde la base. La Asamblea Diocesana de Bilbao (1984-1987)\u201d, Alcores, no. 23, 2019, pp. 81-10.<\/li>\n<li>DE DIOS FERN\u00c1NDEZ, Eider, \u201cMujeres y hombres en la Transici\u00f3n. Las mujeres trabajadoras y la crisis de la masculinidad obrera\u201d, Spagna Contemporanea, no. 55, 2019, pp. 103-122.<\/li>\n<li>DE DIOS FERN\u00c1NDEZ, Eider, \u201cAbnegadas, mon\u00e1rquicas, intelectuales, sindicalistas y delatoras. Las trabajadoras del servicio dom\u00e9stico, sus representaciones y movilizaciones\u201d, Hispania Nova: Revista de historia contempor\u00e1nea, no.18, 2020, pp. 517-550.<\/li>\n<li>Rodr\u00edguez L\u00f3pez, Sof\u00eda and de Dios Fern\u00e1ndez, Eider, \u201cRebeldes o sumisas, v\u00edctimas o verdugos. Introducci\u00f3n al dossier Mujer y Fascismo\u201d, Historia del presente, no. 32, 2018, pp. 5-10.<\/li>\n<li>de Dios Fern\u00e1ndez, Eider, \u201cLa se\u00f1ora azul y las mujeres trabajadoras. La Secci\u00f3n Femenina en los a\u00f1os sesenta\u201d, Historia del presente, no. 32, 2018, pp. 57-72.<\/li>\n<li>de Dios Fern\u00e1ndez, Eider, \u201cTrabajadoras, \u00bfcat\u00f3licas?, \u00bffeministas? Las mujeres de la JOC en el tardofranquismo y la Transici\u00f3n\u201d, BLASCO<\/li>\n<li>HERRANZ, Inmaculada (ed.), Mujeres, hombres y catolicismo en la Espa\u00f1a contempor\u00e1nea: Nuevas visiones desde la historia, Tirant lo Blanch, Valencia, pp. 235-255.<\/li>\n<li>de Dios Fern\u00e1ndez, Eider, \u201cLa reeducaci\u00f3n de las clases populares a trav\u00e9s del servicio dom\u00e9stico en la posguerra\u201d, Rom\u00e1n Ruiz, Gloria y and SANTANA GONZ\u00c1LEZ, Juan Antonio (eds.), Tiempo de dictadura: Experiencias cotidianas durante la guerra, el franquismo y la democracia, Prensas Universitarias de la Universidad de Granada, Granada, 2018, pp. 91-108.<\/li>\n<li>DE DIOS FERN\u00c1NDEZ, Eider y and M\u00cdNGUEZ BLASCO, Ra\u00fal, \u201cDe la obediencia a la protesta. Laicas cat\u00f3licas ante el Vaticano II\u201d, Feminismo\/s, no. 28, 2016, pp. 213-233.<\/li>\n<li>DE DIOS FERN\u00c1NDEZ, Eider, \u201c<a href=\"https:\/\/rua.ua.es\/dspace\/bitstream\/10045\/61260\/3\/Feminismos_28_10.pdf\">Domesticidad y familia: ambig\u00fcedad y contradicci\u00f3n en los modelos de feminidad en el franquismo<\/a>\u201d, Feminismo\/s, no. 23, 2014, pp. 23-46;.<\/li>\n<li>DE DIOS FERN\u00c1NDEZ, Eider, \u201c\u2018<a href=\"https:\/\/revistas.uam.es\/historiaautonoma\/article\/view\/456\/444\">Las que tienen que servir\u2019 y las servidas. La evoluci\u00f3n del servicio dom\u00e9stico en el franquismo y la construcci\u00f3n de la subjetividad femenina<\/a>\u201d, Historia Aut\u00f3noma, no. 3, 2013, pp. 97-111.<\/li>\n<li>DE DIOS FERN\u00c1NDEZ, Eider, \u201c\u00bfSirvienta, interina o trabajadora? Discursos del Servicio Dom\u00e9stico en el Segundo Franquismo\u201d, No es pa\u00eds para j\u00f3venes, 2012, on<\/li>\n<\/ul>\n<p><a href=\"https:\/\/orcid.org\/0000-0002-4040-0098\">ORCID<\/a><br \/><a href=\"https:\/\/dialnet.unirioja.es\/servlet\/autor?codigo=3206468\">DIALNET<\/a><br \/><a href=\"https:\/\/independent.academia.edu\/EiderDeDiosFernandez\">ACADEMIA.EDU <\/a><\/p>\n<p>[\/et_pb_text][\/et_pb_column][\/et_pb_row][\/et_pb_section]<\/p>\n","protected":false},"excerpt":{"rendered":"<p>Eider de DiosBorn in Baracaldo in 1985, Eider de Dios Fern\u00e1ndez is a lecturer in Public Policy and Economic History Department (Unibersity of the Basque Country) .She has a BA in History from the University of Deusto (UD) (2003-2007). After taking an interuniversity MA in Contemporary History in 2008, she was awarded a research fellowship. [&hellip;]<\/p>\n","protected":false},"author":1,"featured_media":0,"parent":6156,"menu_order":0,"comment_status":"closed","ping_status":"closed","template":"","meta":{"_et_pb_use_builder":"on","_et_pb_old_content":"","_et_gb_content_width":"","footnotes":""},"class_list":["post-5137","page","type-page","status-publish","hentry"],"_links":{"self":[{"href":"https:\/\/experienciamoderna.com\/en\/wp-json\/wp\/v2\/pages\/5137","targetHints":{"allow":["GET"]}}],"collection":[{"href":"https:\/\/experienciamoderna.com\/en\/wp-json\/wp\/v2\/pages"}],"about":[{"href":"https:\/\/experienciamoderna.com\/en\/wp-json\/wp\/v2\/types\/page"}],"author":[{"embeddable":true,"href":"https:\/\/experienciamoderna.com\/en\/wp-json\/wp\/v2\/users\/1"}],"replies":[{"embeddable":true,"href":"https:\/\/experienciamoderna.com\/en\/wp-json\/wp\/v2\/comments?post=5137"}],"version-history":[{"count":11,"href":"https:\/\/experienciamoderna.com\/en\/wp-json\/wp\/v2\/pages\/5137\/revisions"}],"predecessor-version":[{"id":10522,"href":"https:\/\/experienciamoderna.com\/en\/wp-json\/wp\/v2\/pages\/5137\/revisions\/10522"}],"up":[{"embeddable":true,"href":"https:\/\/experienciamoderna.com\/en\/wp-json\/wp\/v2\/pages\/6156"}],"wp:attachment":[{"href":"https:\/\/experienciamoderna.com\/en\/wp-json\/wp\/v2\/media?parent=5137"}],"curies":[{"name":"wp","href":"https:\/\/api.w.org\/{rel}","templated":true}]}}