{"id":5157,"date":"2020-05-14T11:04:19","date_gmt":"2020-05-14T09:04:19","guid":{"rendered":"https:\/\/experienciamoderna.com\/miren-llona\/"},"modified":"2026-03-16T12:15:04","modified_gmt":"2026-03-16T11:15:04","slug":"miren-llona","status":"publish","type":"page","link":"https:\/\/experienciamoderna.com\/en\/about-us\/miren-llona\/","title":{"rendered":"Miren Llona"},"content":{"rendered":"<p>[et_pb_section fb_built=&#8221;1&#8243; _builder_version=&#8221;4.16&#8243; global_colors_info=&#8221;{}&#8221;][et_pb_row _builder_version=&#8221;4.16&#8243; global_colors_info=&#8221;{}&#8221;][et_pb_column type=&#8221;4_4&#8243; _builder_version=&#8221;4.16&#8243; global_colors_info=&#8221;{}&#8221;][et_pb_text _builder_version=&#8221;4.16&#8243; global_colors_info=&#8221;{}&#8221;]<\/p>\n<h1>Miren Llona<\/h1>\n<p>[\/et_pb_text][et_pb_text _builder_version=&#8221;4.27.4&#8243; hover_enabled=&#8221;0&#8243; global_colors_info=&#8221;{}&#8221; sticky_enabled=&#8221;0&#8243;]<\/p>\n<p><img loading=\"lazy\" decoding=\"async\" class=\"wp-image-8794 size-medium alignleft\" src=\"https:\/\/experienciamoderna.com\/wp-content\/uploads\/2023\/07\/DSC_0020-199x300.jpeg\" alt=\"\" width=\"199\" height=\"300\" \/>Doctorate in Contemporary History from the University of The Basque Country since 2000. Her doctoral thesis about the construction of women identities in the Bilbao middle-classes during the 20\u2019s and 30\u2019s won the Research Prize Victoria Kent from the Universidad de M\u00e1laga in 2001. From this research group she founded the Oral History Archive AHOA in 2004, where she is the current Chairwoman. From 2008 to 2012 she was a member of the Board of the International Oral History Association (IOHA) and between 2010 and 2012 she was Vice-President of the association. She is also the president of the Women\u2019s Documentation Center Centro de Documentaci\u00f3n de Mujeres Maite Albiz Emakumeen Dokumentazio Zentrua, since 2004. She has been from 2020-2022 the president of the Asociaci\u00f3n Espa\u00f1ola de Investigaci\u00f3n de Historia de las Mujeres (AEIHM).<br \/>She teaches Contemporary History at the Faculty of Social and Communication Sciences from the University of The Basque Country as well as in the Master of feminist and gender studies, in the Master of Contemporary History and in the online Master of equal opportunities at the University of The Basque Country.<br \/>Her research lines focus on three areas, the construction of contemporary identities from a national, class and gender perspective in the Basque Country; oral history and the analysis of memory from a cultural perspective and gender history, and the study of the power relations between men and women.<\/p>\n<p><strong>She has written the following books:<\/strong><\/p>\n<ul>\n<li><em><strong>Entre se\u00f1orita y gar\u00e7onne. Historia oral de\u00a0las mujeres bilbainas de clase media<\/strong>. <strong>1919-1939<\/strong>, Universidad de M\u00e1laga<\/em> (2002).<\/li>\n<li><em><strong>Entreverse, teor\u00eda\u00a0y metodolog\u00eda pr\u00e1ctica de las fuentes orales<\/strong>, Universidad del Pa\u00eds Vasco<\/em> (2012).<\/li>\n<li><em>Con Jos\u00e9 Javier D\u00edaz Freire (ed.), <strong>Tras la estela de los feminismos hist\u00f3ricos, <\/strong>Granada, Comares, 2023.<\/em><\/li>\n<li>Con Margarita S\u00e1nchez (ed.), <em><strong>Tecnolog\u00eda, ciencia y naturaleza en la historia de las mujeres<\/strong><\/em>, Granada: Comares, 2023.<\/li>\n<\/ul>\n<p><strong>Other recent publications:<\/strong><\/p>\n<ul>\n<li>\u201cLa memoria del feminismo y la batalla por la historia\u201d, <em>Historia con memoria en la educaci\u00f3n<\/em>, Jos\u00e9 Miguel Gast\u00f3n y C\u00e9sar Layana (eds.), Pamplona, Gobierno de Navarra, 2023, 33-40.<\/li>\n<li>Con Nerea Aresti, \u201cGender\u201d, <em>The Bloomsbury Handbook of the Spanish Civil<\/em> War, Antonio Cazorla S\u00e1nchez (ed. lit.), Alison Ribeiro de Menezes, Adri\u00e1n Shubert (ed. lit.), London New York, Bloomsbury Academic, 2023, 107-126.<\/li>\n<li>With Nerea Aresti, <em>\u201cSer mujer en el mundo que habit\u00f3 Clara Campoamor. Los ideales de g\u00e9nero en el primer tercio del siglo XX<\/em>\u201d, Clara Campoamor Rodr\u00edguez. Mujer y ciudadan\u00eda (1888-1972) (ed. Rosa M\u00aa Capel Mart\u00ednez), Madrid, Sociedad Estatal de Conmemoraciones Culturales, 2022, 142-161.<\/li>\n<li>\u201cTrayectorias feministas en el Pa\u00eds Vasco durante los a\u00f1os treinta del siglo XX. Nuevas mujeres entre el cambio y la continuidad\u201d, <em>Una nueva historia de los feminismos ib\u00e9ricos<\/em>\/ coord. por Silvia Berm\u00fadez y Roberta Johnson, Tirant humanidades, Valencia, 2021, 327-337.<\/li>\n<li>\u201cTrayectorias feministas en el Pa\u00eds Vasco durante los a\u00f1os treinta del siglo XX. Nuevas mujeres entre el cambio y la continuidad\u201d, <em>Una nueva historia de los feminismos ib\u00e9ricos<\/em>\/ coord. por Silvia Berm\u00fadez y Roberta Johnson, Tirant humanidades, Valencia, 2021, 327-337.<\/li>\n<li>With Nerea Aresti,<em> \u201cMary Nash, tras las huellas del feminismo hist\u00f3rico\u201d<\/em>. Mujeres, dones, mulleres, emakumeak. Estudios sobre la historia de las mujeres y del g\u00e9nero (ed. Teresa M. Ortega, Ana Aguado y Elena S\u00e1nchez Sandoica), Madrid, C\u00e1tedra, 2019, 359-378<\/li>\n<li>\u201cLa se\u00f1orita y las otras. Fronteras de clase y subjetividad femenina en el primer tercio del siglo XX en Espa\u00f1a\u201d, en Henar Gallego y M\u00aa del Carmen Garc\u00eda Herrero, <em>Autoridad, poder e influencia. Mujeres que hacen historia<\/em>, Icaria, (2017), 105-129.<\/li>\n<li>\u201cThe Healing Effect of Discourses: Body, Emotions and Gender Subjectivity in Basque Nationalism\u201d, en Rina Benmayor, et al., <em>Memory, Subjectivities, and Representation: Approaches to Oral History in Latin America, Portugal, and Spain<\/em>, Palgrave Macmillan, Palgrave (2016), 77-93.<\/li>\n<li>\u201cE. P. Thompson, La formaci\u00f3n de la clase obrera en Inglaterra, el feminismo y la historia de g\u00e9nero\u201d, en Juli\u00e1n Sanz, Jos\u00e9 Babiano y Francisco Erice, <em> P. Thompson: marxismo e historia social. Miradas desde Espa\u00f1a<\/em>, Siglo XXI (2016), 153-176.<\/li>\n<li>\u201cFrom Militia Women to <em>Emakume<\/em>: Myths Regarding Femininity during the Civil War in the Basque Country\u201d, en Aurora Morcillo<em>Memory and Cultural History of the Spanish Civil War. Realms of Oblivion<\/em>,\u00a0Brill (2013), 179-213.<\/li>\n<\/ul>\n<p><strong>Articles in specialized magazines:<\/strong><\/p>\n<ul>\n<li>With Nerea Aresti, \u201cSusanna Tavera y Pilar P\u00e9rez-Fuentes: el compromiso con el feminismo y la historia\u201d, <em>Historia Social<\/em>, 105 (2023)<\/li>\n<li>With Maialen Altuna, \u201cPrivilegios, fisuras y disidencias corporales: subjetividades femeninas de resistencia en el franquismo\u201d, <em>Ayer, <\/em>126 (2022).<\/li>\n<li>\u201cRecordar el porvenir: las mujeres modernas y el desorden de g\u00e9nero en los a\u00f1os veinte y treinta\u201d, <em>Arenal<\/em>, 27 (2020).<\/li>\n<li>\u201cLa memoria de las otras: feminismo y recuerdo\u201d, <em>M\u00e9langes de la Casa de Vel\u00e1zquez,<\/em> 50 (2020).<\/li>\n<li>\u201cLa imagen viril de Pasionaria. Los significados simb\u00f3licos de Dolores Ib\u00e1rruri en la II Rep\u00fablica y la Guerra Civil\u201d, <em>Historia y Pol\u00edtica<\/em>, 36 (2016).<\/li>\n<li>\u201cLas contradicciones de la respetabilidad. G\u00e9nero y cultura pol\u00edtica socialista en el primer tercio del siglo XX\u201d, <em>Historia Trabajo y Sociedad<\/em>, 5 (2014).<\/li>\n<li>\u201cLos otros cuerpos\u00a0disciplinados. Relaciones de g\u00e9nero y estrategias de autocontrol del cuerpo\u00a0femenino, (primer tercio del siglo XX)\u201d, <em>Arenal<\/em>, 14 (2007).<\/li>\n<li>\u201cLa Prostituci\u00f3n y la clase obrera en\u00a0el tr\u00e1nsito del siglo XIX al XX. Un an\u00e1lisis de g\u00e9nero a la obra literaria de\u00a0Juli\u00e1n Zugazagoitia\u201d, <em>Historia Contempor\u00e1nea<\/em>, 33, (2006).<\/li>\n<li>\u201cG\u00e9nero e identidad de clase. La construcci\u00f3n de la clase obrera\u00a0vizca\u00edna durante el primer tercio del siglo XX\u201d, <em>Historia Social<\/em>, 54 (2006).<\/li>\n<\/ul>\n<p>PERFILES<br \/><a href=\"https:\/\/ehu.academia.edu\/MirenLlona\">https:\/\/ehu.academia.edu\/MirenLlona<\/a><br \/><a href=\"https:\/\/dialnet.unirioja.es\/servlet\/autor?codigo=145762\">https:\/\/dialnet.unirioja.es\/servlet\/autor?codigo=145762<\/a><br \/><a href=\"http:\/\/orcid.org\/0000-0001-5963-5543\">http:\/\/orcid.org\/0000-0001-5963-5543<\/a><\/p>\n<p>EMAIL<br \/><a href=\"mailto:miren.llona@ehu.eus\">miren.llona@ehu.eus<\/a><\/p>\n<p>[\/et_pb_text][\/et_pb_column][\/et_pb_row][\/et_pb_section]<\/p>\n","protected":false},"excerpt":{"rendered":"<p>Miren LlonaDoctorate in Contemporary History from the University of The Basque Country since 2000. Her doctoral thesis about the construction of women identities in the Bilbao middle-classes during the 20\u2019s and 30\u2019s won the Research Prize Victoria Kent from the Universidad de M\u00e1laga in 2001. From this research group she founded the Oral History Archive [&hellip;]<\/p>\n","protected":false},"author":1,"featured_media":0,"parent":6156,"menu_order":0,"comment_status":"closed","ping_status":"closed","template":"","meta":{"_et_pb_use_builder":"on","_et_pb_old_content":"","_et_gb_content_width":"","footnotes":""},"class_list":["post-5157","page","type-page","status-publish","hentry"],"_links":{"self":[{"href":"https:\/\/experienciamoderna.com\/en\/wp-json\/wp\/v2\/pages\/5157","targetHints":{"allow":["GET"]}}],"collection":[{"href":"https:\/\/experienciamoderna.com\/en\/wp-json\/wp\/v2\/pages"}],"about":[{"href":"https:\/\/experienciamoderna.com\/en\/wp-json\/wp\/v2\/types\/page"}],"author":[{"embeddable":true,"href":"https:\/\/experienciamoderna.com\/en\/wp-json\/wp\/v2\/users\/1"}],"replies":[{"embeddable":true,"href":"https:\/\/experienciamoderna.com\/en\/wp-json\/wp\/v2\/comments?post=5157"}],"version-history":[{"count":26,"href":"https:\/\/experienciamoderna.com\/en\/wp-json\/wp\/v2\/pages\/5157\/revisions"}],"predecessor-version":[{"id":11645,"href":"https:\/\/experienciamoderna.com\/en\/wp-json\/wp\/v2\/pages\/5157\/revisions\/11645"}],"up":[{"embeddable":true,"href":"https:\/\/experienciamoderna.com\/en\/wp-json\/wp\/v2\/pages\/6156"}],"wp:attachment":[{"href":"https:\/\/experienciamoderna.com\/en\/wp-json\/wp\/v2\/media?parent=5157"}],"curies":[{"name":"wp","href":"https:\/\/api.w.org\/{rel}","templated":true}]}}