{"id":5169,"date":"2020-05-14T11:31:06","date_gmt":"2020-05-14T09:31:06","guid":{"rendered":"https:\/\/experienciamoderna.com\/mercedes-arbaiza\/"},"modified":"2024-12-19T18:01:30","modified_gmt":"2024-12-19T17:01:30","slug":"mercedes-arbaiza","status":"publish","type":"page","link":"https:\/\/experienciamoderna.com\/en\/about-us\/mercedes-arbaiza\/","title":{"rendered":"Mercedes Arbaiza"},"content":{"rendered":"<p>[et_pb_section fb_built=&#8221;1&#8243; _builder_version=&#8221;4.16&#8243; global_colors_info=&#8221;{}&#8221;][et_pb_row _builder_version=&#8221;4.16&#8243; global_colors_info=&#8221;{}&#8221;][et_pb_column type=&#8221;4_4&#8243; _builder_version=&#8221;4.16&#8243; global_colors_info=&#8221;{}&#8221;][et_pb_text _builder_version=&#8221;4.16&#8243; global_colors_info=&#8221;{}&#8221;]<\/p>\n<h1>Mercedes Arbaiza<\/h1>\n<p>[\/et_pb_text][et_pb_text _builder_version=&#8221;4.20.0&#8243; hover_enabled=&#8221;0&#8243; global_colors_info=&#8221;{}&#8221; sticky_enabled=&#8221;0&#8243;]<\/p>\n<p style=\"text-align: left;\"><img loading=\"lazy\" decoding=\"async\" class=\"wp-image-4468 size-full alignleft\" src=\"https:\/\/experienciamoderna.com\/wp-content\/uploads\/2020\/05\/Mercedes_perfil_3.jpg\" alt=\"\" width=\"165\" height=\"180\" \/>Mercedes Arbaiza (Bilbao, 1963) is a historian who earned her PhD in History from the University of the Basque Country (UPV\/EHU) in 1994, after which she gained pre-doctoral experience at the Department of Economics and Business of Pompeu Fabra University (UPF).<br \/>Arbaiza has been a tenured professor at the Department of Contemporary History of the UPV\/EHU since February 1997, where she currently delivers lectures on social history and industrial relations to undergraduates at the Faculty of Industrial Relations and Social Work. She also lectures on subjects relating to the construction of modern societies from a gender perspective in different Master\u2019s degree programmes of the UPV\/EHU:<br \/>\u2022 Interuniversity MA in Contemporary History, \u2018The Contribution of Gender to Social Construction\u2019 (together with Miren Llona).<br \/>\u2022 MA in Feminist and Gender Studies, \u2018Feminism, Subject and Modernity\u2019.<br \/>\u2022 MA in Human Resource and Employment Management, \u2018Gender Politics and Employment\u2019 (together with Isabel Abella).<br \/>Arbaiza teaches the \u2018Circulation of Affections and Emotions II\u2019 module of the Master\u2019s degree programme \u2018Artistic Practices and Cultural Studies. Bodies, Affections and Territory\u2019, organised by the University of Navarre and the Huarte Contemporary Arts Centre.<br \/>Since 2001, she has formed part of the \u2018Modern Experiences\u2019 Consolidated Research Group of the UPV-EHU and is currently the principal investigator of the \u2018Modern Experience\u2019 Research Group of the Basque University System (IT 1784-22, 2022\u20132025), recognised by the Basque government as a group of excellence since 2019.<br \/>Arbaiza has performed her research in two stages. From 1990 to 2000, she formed part of the research team led by Manuel Gonz\u00e1lez Portilla in the fields of historical demography and social and economic history. In this context, she defended her PhD thesis in which she reviewed modernity in the Basque Country from a longue dur\u00e9e perspective (1825\u20131936), through a set of social practices that were considered to be \u2018private\u2019. In her desire to democratise the historical discipline, Arbaiza addressed social and cultural changes by analysing demographic and family regimes, land and tangible asset conveyance systems, the work experiences of men and women, their mobility patterns and their access to resources, depending on the forms of hierarchical or egalitarian authority.<br \/>Since 2001, Arbaiza has focused her research on reconsidering the object of study of modernity, drawing from the main thesis of the \u2018Modern Experience\u2019 research group of which she forms part. Giving priority to the cultural sphere as an example of subjectivity and human action, she has approached the issue of identities and the labour economy from a gender perspective. She has also broadened the field of the production of meaning of modern experience, placing the spotlight on two noteworthy lines of research: a) A history of the constitution of feminine identities in relation to labour in Spain, in the framework of the history of the formation of the working class in modern societies; and b) A feminist epistemological critique of the premises of the labour economy and the content of its categories.<\/p>\n<p><strong>Some of her most relevant publications in this regard are as follows:<\/strong><\/p>\n<ul>\n<li>Arbaiza, M. (2000). La \u2018cuesti\u00f3n social\u2019 como cuesti\u00f3n de g\u00e9nero. Feminidad y trabajo en Espa\u00f1a (1860\u20131930). Revista deHistoria Contempor\u00e1nea, 21, 395\u2013458.<\/li>\n<li>Arbaiza, M. (2002). La construcci\u00f3n social del empleo femenino en Espa\u00f1a (1800\u20131935). Arenal: Revista de historia de las mujeres, 10, 215\u2013239.<\/li>\n<li>Arbaiza, M. (2003). Or\u00edgenes culturales de la divisi\u00f3n sexual del trabajo en la sociedad industrial (Espa\u00f1a, 1800\u20131935). In C. Saras\u00faa and L. G\u00e1lvez (Eds.), Mujeres y hombres en los mercados de trabajo, \u00bfPrivilegios o eficiencia? (pp. 189\u2013216). Universidad de Alicante.<\/li>\n<li>Arbaiza, M. (2012). Econom\u00eda en tiempos de postmetaf\u00edsica: una perspectiva feminista. In P. P\u00e9rez Fuentes (Ed.), Subjetividad, Cultura Material y G\u00e9nero (pp. 239\u2013277). Icaria.<\/li>\n<li>Arbaiza, M. (2014). Obreras, amas de casa y mujeres liberadas. G\u00e9nero, trabajo e identidad obrera en Espa\u00f1a. In M. Nash (Ed.), Feminidades y Masculinidades. Arquetipos y pr\u00e1cticas de g\u00e9nero (pp. 129\u2013158). Alianza.<\/li>\n<li>Arbaiza, M. (2016). Genere, economia e storia. L\u2019episteme femminista in tempi di crisi. Genesis. Rivista della Societ\u00e1 Italiana delle Storiche, XV(2), 15\u201338.<\/li>\n<li>Arbaiza, M. (2016). Mujeres trabajadoras. Una visi\u00f3n hist\u00f3rica (ss. XIX y XX). In Mujeres en Alava. Pasado, presente y future (pp. 27\u201356).ACOA-AKE, Juntas Generales de Alava.<\/li>\n<\/ul>\n<p>Since 2013, Arbaiza has shifted the focus of her research towards reconsidering the theoretical and methodological foundations on which political experience rests, summarised in the phrase, \u2018the emotional is political\u2019. She is currently studying the role of emotions and affections in shaping political subjectivities and social antagonism, without abandoning the post-metaphysical position characterising the line of the research group. Emotions as objects of study are historically interesting in that they are understood as agents of protest and political tension, as well as one of the principal driving forces behind historical change. She interprets emotional experience in terms of a development that explains why new collective subjectivities (social movements) can emerge.<br \/>Arbaiza has analysed several historical experiences: the socialist movement that emerged in Spain at the end of the nineteenth century (1884\u20131890) and which led to the first major general strike in 1890; anticlerical, liberal masculinity rooted in emotions inherent to modernity and which she has defined as \u2018losing the fear of God\u2019; and the malaise or suffering of women in Spain in the 1960s, as well as the origins of second-wave feminism. On the other hand, she has interpreted the historical conditions that converted Christianity into a new religious movement in the first three centuries of the Common Era.<\/p>\n<p><strong>Some of her most relevant publications in this regard are as follows:<\/strong><\/p>\n<ul>\n<li>Arbaiza, M. (2013). La formaci\u00f3n emocional de la clase obrera, a trav\u00e9s de Juli\u00e1n Zugazagoitia. Historia, trabajo y sociedad, 4, 119\u2013221.<\/li>\n<li>Arbaiza, M. (2015). Cuerpo, emoci\u00f3n y pol\u00edtica en los or\u00edgenes de la clase obrera en Espa\u00f1a (1884\u20131890). Ayer,98(2), 45\u201370.<\/li>\n<li>Arbaiza, M. (2018) \u2018Sentir el cuerpo\u2019: subjetividad. y pol\u00edtica en la sociedad de masas en Espa\u00f1a (1890\u20131936). Pol\u00edtica y Sociedad, 55(1), 71\u201392. http:\/\/dx.doi.org\/10.5209\/POSO.56798<\/li>\n<li>Arbaiza, M. (2019). Dones en Transici\u00f3. El feminismo como acontecimiento emocional. In T. M. Ortega L\u00f3pez et al., Mujeres, Dones, Mulleres, Emakumeak. Estudios sobre la historia de las mujeres y del g\u00e9nero (pp. 267\u2013286). C\u00e1tedra.<\/li>\n<li>Arbaiza, M. (2019). Volviendo a los or\u00edgenes. El cristianismo como acontecimiento emocional. Estudio Agustiniano, 54, 547\u2013576.<\/li>\n<li>Arbaiza, M. (2021). El malestar de las mujeres en Espa\u00f1a. Arenal: Revista de historia de las mujeres, 28(2), 415\u2013445. https:\/\/doi.org\/10.30827\/arenal.v28i2.11799<\/li>\n<li>Arbaiza, M. (2021). Perder el miedo a Dios. Masculinidad moderna y emoci\u00f3n liberal en Espa\u00f1a (1900\u20131931) a trav\u00e9s de los relatos. Historia Social, 100, 95\u2013116. https:\/\/www.jstor.org\/stable\/27015456<\/li>\n<\/ul>\n<p><strong>Other relevant publications<\/strong><\/p>\n<ul>\n<li>Arbaiza, M. (2020). Tiempo de interrupci\u00f3n. Reflexiones en cuarentena. Iglesia Viva. Pensamiento cr\u00edtico y cristianismo, 281(1), 125\u2013130.<\/li>\n<li>Arbaiza, M. (2019). La verdad po\u00e9tica como pol\u00edtica de la memoria. In V. Urrutia (Ed.), Memoria de silencios (2nd ed., pp. 7\u201320). Ediciones Vitrubio.<\/li>\n<li>Arbaiza, M. &amp; P\u00e9rez Fuentes, P. (2020). Feminizando la ciudad. El movimiento feminista en Bilbao (1976\u20132018). In M. Toral (Coord.), Bilbao, la gente. La ciudadan\u00eda en la construcci\u00f3n de la ciudad. 40 a\u00f1os de democracia municipal (pp. 21\u201328).Cultura Abierta-Kultura Irekia.<\/li>\n<\/ul>\n<p>With Miren Llona, Arbaiza co-supervised the PhD thesis of Eider de Dios, \u2018Servant, Maid, Domestic Help. Gender, Class and Identity in Francoism and the Spanish Transition through Domestic Service (1939\u20131985)\u2019, and with Nerea Aresti that of Maialen Aranguren, \u2018Political Anatomy of the Feminist Body. The Basque Autonomous Movement (1975\u20131994)\u2019, deposited in March 2023.She also received the 2016 Victoria Kent Prize and the 2016 Miguel Artola Prize awarded by the Contemporary History Association.<\/p>\n<p>Since 2008, Arbaiza has been in charge of the Collaboration Agreement between the Ram\u00f3n Rubial Foundation and the UPV\/EHU for performing studies and research on the history of culture and memory of the socialist movement in the Basque Country. This agreement has led to the creation of the Basque Socialism Documentation Centre (www.ramonrubial.net). Similarly, she has led the project \u2018Ram\u00f3n Rubial: History and Memory\u2019. Narrated in the first person, it is the story of a unique Basque whose life coincided with the principal milestones in the history of twentieth-century socialism.<br \/>Arbaiza has also led the project, \u2018History and Memory of Feminism in Biscay (1904\u20132018)\u2019, funded by the regional government of Biscay (Department of Employment, Social Inclusion and Equality). In this context of collaboration, she has curated the exhibition, \u2018ZUTIK, ZUTIK, ZUTIK Mugimendu feministaren historia eta memoria Bizkaian (1968\u20131994). History and Memory of the Feminist Movement in Biscay (1968\u20131994)\u2019. The eponymous book, written in collaboration with Maialen Aranguren, covers its most important aspects, which are also described in the following publications:<br \/>\u2022 Digital journal Galde<br \/>https:\/\/www.galde.eu\/es\/historia-memoria-feminismo\/<br \/>\u2022 Digital journal Andra eus<br \/>https:\/\/andra.eus\/ningun-grupo-se-puede-arrogar-la-esencia-del-feminismo-ni-las-conquistas-logradas\/<br \/>\u2022 Journal Passes Futures, no.12, December 2022. https:\/\/www.politika.io\/fr\/article\/el-feminismo-tiene-una-matriz-contracultural-que-mantiene-vivo-y-construccion<br \/>Lastly, Arbaiza is a member of the advisory board of the Historia Contempor\u00e1nea collection, published by the UPV\/EHU Publication Service, and of the editorial board and drafting committee of the journal Historia Contempor\u00e1nea. Furthermore, she is a member of the executive board of the journal Iglesia Viva.<br \/>Arbaiza also forms part of the Contemporary History Association, the Spanish Association of Women\u2019s History (AEHIM), the Society for Basque Studies (Eusko Ikaskuntza), the Renisce Network and the Ibero-American Society for History of the Emotions and Experience (SIHEX) Network.<\/p>\n<p><strong>Arbaiza\u2019s main publications can be consulted at:<\/strong><br \/><a href=\"https:\/\/web.archive.org\/web\/20240420000517\/https:\/\/ehu.academia.edu\/MercedesArbaiza\">https:\/\/ehu.academia.edu\/MercedesArbaiza<\/a><br \/><a href=\"https:\/\/www.researchgate.net\/profile\/Mercedes_Arbaiza\/contributions\">https:\/\/www.researchgate.net\/profile\/Mercedes_Arbaiza\/contributions<\/a><br \/><a href=\"https:\/\/orcid.org\/0000-0003-4454-2488\">https:\/\/orcid.org\/0000-0003-4454-2488<\/a><br \/><a href=\"https:\/\/scholar.google.es\/citations?user=xJwTjU4AAAAJ&amp;hl=en\">https:\/\/scholar.google.es\/citations?user=xJwTjU4AAAAJ&amp;hl=en<\/a><br \/><a href=\"mailto:mercedes.arbaiza@ehu.eus\">mercedes.arbaiza@ehu.eus<\/a><\/p>\n<p>[\/et_pb_text][\/et_pb_column][\/et_pb_row][\/et_pb_section]<\/p>\n","protected":false},"excerpt":{"rendered":"<p>Mercedes ArbaizaMercedes Arbaiza (Bilbao, 1963) is a historian who earned her PhD in History from the University of the Basque Country (UPV\/EHU) in 1994, after which she gained pre-doctoral experience at the Department of Economics and Business of Pompeu Fabra University (UPF).Arbaiza has been a tenured professor at the Department of Contemporary History of the [&hellip;]<\/p>\n","protected":false},"author":1,"featured_media":0,"parent":6156,"menu_order":0,"comment_status":"closed","ping_status":"closed","template":"","meta":{"_et_pb_use_builder":"on","_et_pb_old_content":"","_et_gb_content_width":"","footnotes":""},"class_list":["post-5169","page","type-page","status-publish","hentry"],"_links":{"self":[{"href":"https:\/\/experienciamoderna.com\/en\/wp-json\/wp\/v2\/pages\/5169","targetHints":{"allow":["GET"]}}],"collection":[{"href":"https:\/\/experienciamoderna.com\/en\/wp-json\/wp\/v2\/pages"}],"about":[{"href":"https:\/\/experienciamoderna.com\/en\/wp-json\/wp\/v2\/types\/page"}],"author":[{"embeddable":true,"href":"https:\/\/experienciamoderna.com\/en\/wp-json\/wp\/v2\/users\/1"}],"replies":[{"embeddable":true,"href":"https:\/\/experienciamoderna.com\/en\/wp-json\/wp\/v2\/comments?post=5169"}],"version-history":[{"count":8,"href":"https:\/\/experienciamoderna.com\/en\/wp-json\/wp\/v2\/pages\/5169\/revisions"}],"predecessor-version":[{"id":10527,"href":"https:\/\/experienciamoderna.com\/en\/wp-json\/wp\/v2\/pages\/5169\/revisions\/10527"}],"up":[{"embeddable":true,"href":"https:\/\/experienciamoderna.com\/en\/wp-json\/wp\/v2\/pages\/6156"}],"wp:attachment":[{"href":"https:\/\/experienciamoderna.com\/en\/wp-json\/wp\/v2\/media?parent=5169"}],"curies":[{"name":"wp","href":"https:\/\/api.w.org\/{rel}","templated":true}]}}