{"id":5174,"date":"2020-05-14T11:37:46","date_gmt":"2020-05-14T09:37:46","guid":{"rendered":"https:\/\/experienciamoderna.com\/monica-garcia\/"},"modified":"2024-12-19T18:02:55","modified_gmt":"2024-12-19T17:02:55","slug":"monica-garcia","status":"publish","type":"page","link":"https:\/\/experienciamoderna.com\/en\/about-us\/monica-garcia\/","title":{"rendered":"M\u00f3nica Garc\u00eda"},"content":{"rendered":"<p>[et_pb_section fb_built=&#8221;1&#8243; _builder_version=&#8221;4.16&#8243; global_colors_info=&#8221;{}&#8221;][et_pb_row _builder_version=&#8221;4.16&#8243; global_colors_info=&#8221;{}&#8221;][et_pb_column type=&#8221;4_4&#8243; _builder_version=&#8221;4.16&#8243; global_colors_info=&#8221;{}&#8221;][et_pb_text _builder_version=&#8221;4.16&#8243; global_colors_info=&#8221;{}&#8221;]<\/p>\n<h1>M\u00f3nica Garc\u00eda<\/h1>\n<p>[\/et_pb_text][et_pb_text admin_label=&#8221;Texto&#8221; _builder_version=&#8221;4.24.0&#8243; hover_enabled=&#8221;0&#8243; global_colors_info=&#8221;{}&#8221; sticky_enabled=&#8221;0&#8243;]<\/p>\n<p><img loading=\"lazy\" decoding=\"async\" class=\"wp-image-1599 size-full alignleft\" src=\"https:\/\/experienciamoderna.com\/wp-content\/uploads\/2020\/03\/M\u00f3nica-Garc\u00eda1.jpg\" alt=\"\" width=\"165\" height=\"180\" \/>M\u00f3nica Garc\u00eda Fern\u00e1ndez holds a degree in History from the University of Oviedo (2011) and a PhD with European mention from the same University (2019), thanks to a pre-doctoral contract from the Severo Ochoa program of the Principado de Asturias. She has also completed the Erasmus Mundus Master in Women&#8217;s and Gender Studies at the University of Oviedo and the University of Hull (2012-13). Since 2024 she has been a researcher in the Ram\u00f3n y Cajal program in the Department of Contemporary History at the Universidad Aut\u00f3noma de Madrid. Previously, she was a beneficiary of the call for recruitment for the specialization of doctoral research staff at the UPV\/EHU (2020-2022) and Margarita Salas postdoctoral researcher at the Centre for the History of Ibero-America (CHIA) of the University of Leeds (2022-2023). In addition, she was a visiting scholar at Rutgers. The State University of New Jersey, the University of Glasgow and the University of Lisbon. In 2023 she was awarded the Beinecke Library Fellowship at Yale University.<\/p>\n<p>Her research has been focused on the norms and experiences of sexuality and love in Francoism, with an interest also in the intersection between religious and sexual change in the 1960s and 1970s. She addressed these issues in her doctoral thesis, awarded by the Spanish Association for Research in Women&#8217;s History (AEIHM) and the Association for Spanish and Portuguese Historical Studies (ASPHS). Her dissertation was published in 2022 by Comares under the title <em>Dos en una sola carne<\/em> izenburuarekin. <em>Matrimonio, amor y sexualidad en la Espa\u00f1a franquista (1939-1975)<\/em>. In addition, her work awarded the Contemporary European History Prize 2020 and the International Society for Cultural History Prize Competition, 2016.<\/p>\n<p><strong>Publications: <\/strong><\/p>\n<ul>\n<li><em>Dos en una sola carne. Matrimonio, amor y sexualidad en la Espa\u00f1a franquista (1939-1975)<\/em> (Granada: Comares, 2022).<\/li>\n<li>&#8220;La insatisfacci\u00f3n sexual femenina, del franquismo a la Transici\u00f3n. Discursos, subjetividades y emociones&#8221;, <em>Arenal<\/em>1 (2023): 277-308. <a href=\"https:\/\/doi.org\/10.30827\/arenal.v30i1.16218\">https:\/\/doi.org\/10.30827\/arenal.v30i1.16218<\/a><\/li>\n<li>\u201cRepresentations of Motherhood in Late Francoist Spain: From Catholic Discourses to Early Feminist Critiques\u201d, <em>Feminismo\/s<\/em> 41 (2023): 131-57. <a href=\"https:\/\/doi.org\/10.14198\/fem.2023.41.06\">https:\/\/doi.org\/10.14198\/fem.2023.41.06<\/a><\/li>\n<li>\u201cA Healthy Sex Life. Love, Marriage, and Sexual Knowledge in Franco\u2019s Spain\u201d,<em> Social History of Medicine<\/em>4 (2022): 1334-55. <a href=\"https:\/\/dx.doi.org\/10.1093\/shm\/hkab132\">https:\/\/dx.doi.org\/10.1093\/shm\/hkab132<\/a><\/li>\n<li>\u201cFrom National Catholicism to Romantic Love. The Politics of Love and Divorce in Franco&#8217;s Spain\u201d, <em>Contemporary European History<\/em>1 (2022): 2-14. <a href=\"https:\/\/doi.org\/10.1017\/S0960777321000515\">https:\/\/doi.org\/10.1017\/S0960777321000515<\/a><\/li>\n<li>\u201cLa fr\u00edgida y el donju\u00e1n. Sexualidad, g\u00e9nero y naci\u00f3n en el cine y la cultura popular del tardofranquismo\u201d, <em>Bulletin of Spanish Studies<\/em>3 (2021): 411-36<em>. <\/em><a href=\"https:\/\/doi.org\/10.1080\/14753820.2021.1908723\">https:\/\/doi.org\/10.1080\/14753820.2021.1908723<\/a><\/li>\n<li>\u201cSexualidad y religi\u00f3n en el tardofranquismo. La recepci\u00f3n de la <em>Humanae vitae<\/em> en Espa\u00f1a y la crisis de autoridad en la Iglesia\u201d, <em>Hispania Nova <\/em>19 (2021): 255-90. <a href=\"https:\/\/doi.org\/10.20318\/hn.2021.5882\">https:\/\/doi.org\/10.20318\/hn.2021.5882<\/a><\/li>\n<li>\u201cDe la castidad a la rebeld\u00eda. La sexualidad femenina en la prensa del segundo franquismo (1960-1975)\u201d, <em>Civilisations et soci\u00e9t\u00e9s<\/em> 20.2 (2021): 63-96.<\/li>\n<li>\u201cEntre la norma y el deseo. Amor, g\u00e9nero y sexualidad en la Espa\u00f1a de los a\u00f1os cincuenta\u201d, en <em>Esta es la Espa\u00f1a de Franco. Los a\u00f1os cincuenta del franquismo (1950-1959)<\/em>, eds. Miguel \u00c1ngel del Arco Blanco y Claudio Hern\u00e1ndez Burgos (Zaragoza: PUZ, 2020), 227-48.<\/li>\n<li>\u201cGender Metaphors and Representations of the Biological Body: An Analysis of Popular Medical Literature Published in Franco\u2019s Spain\u201d, <em>Cultural History<\/em>2 (2017): 209-26. <a href=\"https:\/\/doi.org\/10.3366\/cult.2017.0150\">https:\/\/doi.org\/10.3366\/cult.2017.0150<\/a><\/li>\n<li>\u201cSexualidad y armon\u00eda conyugal en la Espa\u00f1a franquista. Representaciones de g\u00e9nero en manuales sexuales y conyugales publicados entre 1946 y 1968\u201d, <em>Ayer<\/em>1 (2017): 215-38. <a href=\"https:\/\/doi.org\/10.55509\/ayer\/105-2017-09\">https:\/\/doi.org\/10.55509\/ayer\/105-2017-09<\/a>.<\/li>\n<\/ul>\n<p>PROFILES<br \/><a href=\"https:\/\/uam.academia.edu\/garciafmonica\">https:\/\/uam.academia.edu\/garciafmonica<\/a><br \/><a href=\"https:\/\/orcid.org\/0000-0002-5962-4606\">https:\/\/orcid.org\/0000-0002-5962-4606<\/a><br \/><a href=\"https:\/\/twitter.com\/monigf122\">https:\/\/twitter.com\/monigf122<\/a><\/p>\n<p>EMAIL<br \/><a href=\"https:\/\/twitter.com\/monigf122\">garciafmonica@gmail.com<\/a><\/p>\n<p>[\/et_pb_text][\/et_pb_column][\/et_pb_row][\/et_pb_section]<\/p>\n","protected":false},"excerpt":{"rendered":"<p>M\u00f3nica Garc\u00edaM\u00f3nica Garc\u00eda Fern\u00e1ndez holds a degree in History from the University of Oviedo (2011) and a PhD with European mention from the same University (2019), thanks to a pre-doctoral contract from the Severo Ochoa program of the Principado de Asturias. She has also completed the Erasmus Mundus Master in Women&#8217;s and Gender Studies at [&hellip;]<\/p>\n","protected":false},"author":1,"featured_media":0,"parent":6156,"menu_order":0,"comment_status":"closed","ping_status":"closed","template":"","meta":{"_et_pb_use_builder":"on","_et_pb_old_content":"","_et_gb_content_width":"","footnotes":""},"class_list":["post-5174","page","type-page","status-publish","hentry"],"_links":{"self":[{"href":"https:\/\/experienciamoderna.com\/en\/wp-json\/wp\/v2\/pages\/5174","targetHints":{"allow":["GET"]}}],"collection":[{"href":"https:\/\/experienciamoderna.com\/en\/wp-json\/wp\/v2\/pages"}],"about":[{"href":"https:\/\/experienciamoderna.com\/en\/wp-json\/wp\/v2\/types\/page"}],"author":[{"embeddable":true,"href":"https:\/\/experienciamoderna.com\/en\/wp-json\/wp\/v2\/users\/1"}],"replies":[{"embeddable":true,"href":"https:\/\/experienciamoderna.com\/en\/wp-json\/wp\/v2\/comments?post=5174"}],"version-history":[{"count":12,"href":"https:\/\/experienciamoderna.com\/en\/wp-json\/wp\/v2\/pages\/5174\/revisions"}],"predecessor-version":[{"id":9561,"href":"https:\/\/experienciamoderna.com\/en\/wp-json\/wp\/v2\/pages\/5174\/revisions\/9561"}],"up":[{"embeddable":true,"href":"https:\/\/experienciamoderna.com\/en\/wp-json\/wp\/v2\/pages\/6156"}],"wp:attachment":[{"href":"https:\/\/experienciamoderna.com\/en\/wp-json\/wp\/v2\/media?parent=5174"}],"curies":[{"name":"wp","href":"https:\/\/api.w.org\/{rel}","templated":true}]}}