{"id":5229,"date":"2020-05-14T13:52:43","date_gmt":"2020-05-14T11:52:43","guid":{"rendered":"https:\/\/experienciamoderna.com\/raul-minguez-blasco\/"},"modified":"2024-02-09T10:30:00","modified_gmt":"2024-02-09T09:30:00","slug":"raul-minguez-blasco","status":"publish","type":"page","link":"https:\/\/experienciamoderna.com\/en\/about-us\/raul-minguez-blasco\/","title":{"rendered":"Ra\u00fal M\u00ednguez Blasco"},"content":{"rendered":"<p>[et_pb_section fb_built=&#8221;1&#8243; _builder_version=&#8221;4.16&#8243; global_colors_info=&#8221;{}&#8221;][et_pb_row _builder_version=&#8221;4.16&#8243; global_colors_info=&#8221;{}&#8221;][et_pb_column type=&#8221;4_4&#8243; _builder_version=&#8221;4.16&#8243; global_colors_info=&#8221;{}&#8221;][et_pb_text _builder_version=&#8221;4.16&#8243; global_colors_info=&#8221;{}&#8221;]<\/p>\n<h1>Ra\u00fal M\u00ednguez<\/h1>\n<p>[\/et_pb_text][et_pb_text _builder_version=&#8221;4.20.0&#8243; hover_enabled=&#8221;0&#8243; global_colors_info=&#8221;{}&#8221; sticky_enabled=&#8221;0&#8243;]<\/p>\n<p><img loading=\"lazy\" decoding=\"async\" class=\"wp-image-7843 size-thumbnail alignleft\" src=\"https:\/\/experienciamoderna.com\/wp-content\/uploads\/2023\/02\/Foto-Raul-Minguez-150x150.jpg\" alt=\"\" width=\"150\" height=\"150\" \/>With a BA in History (2008), an MA in Contemporary History (2009) and a PhD in Contemporary History from the University of Valencia (UV), M\u00ednguez Blasco has held a FPI pre-doctoral research fellowship, awarded by the Department of Education of the Valencia regional government, at the Department of Contemporary History, UV (2009-2013), and three post-doctoral research fellowship grants awarded by the University of the Basque Country (UPV\/EHU), the Spanish Ministry of Science, Innovation and Universities (Juan de la Cierva-incorporaci\u00f3n, 2018-2019) and the European Commission (Marie Sklodowska-Curie, 2019-2021). He is currently working the University of the Basque Country thanks to a Ram\u00f3n y Cajal contract awarded by the Spanish Ministry of Science and Innovation.<\/p>\n<p>M\u00ednguez Blasco\u2019s PhD thesis, for which he was awarded the 7th Miguel Artola Prize for the best PhD dissertation in Contemporary History in 2015, addresses Catholicism, gender, and models of femininity in nineteenth-century Spain. His has also performed research on women\u2019s education and the feminisation of teaching in Spain from the end of the eighteenth century to the mid-nineteenth century. He has participated in several research projects and published in specialised journals including\u00a0<em>Arenal, \u00a0Ayer, Hispania Sacra, Journal of Religious History, Feminismo\/s e Historia Contempor\u00e1nea. <\/em>His monograph,\u00a0<em>Evas, Mar\u00edas y Magdalenas. G\u00e9nero y modernidad cat\u00f3lica en la Espa\u00f1a liberal (1833-1874)<\/em>\u00a0was published by the Centre for Political and Constitutional Studies (Madrid) in 2016.<\/p>\n<p>During three academic years, he lectured at the UV, first as a trainee researcher and then as an associate visiting lecturer. He has also been an associate professor at the Biscay branch of the National Distance Learning University (UNED), at the University of Leeds, and a secondary school teacher. He is teaching now at the University of the Basque Country.He has completed three international research stays: <span style=\"text-decoration: line-through;\">a<\/span> one three-month pre-doctoral stay at the School for Advanced Studies in the Social Sciences (EHESS) (Paris, France); <span style=\"text-decoration: line-through;\">two<\/span>one five-month post-doctoral stays at University of Leeds (UK); and one two-month stay\u00a0 University of Glasgow (UK).<\/p>\n<p>The research project in which M\u00ednguez Blasco has been involved for the last three years aims at analysing the identity-building of Catholic women who participated in the transformation of Roman Catholicism as a result of the Second Vatican Council. From a comparative approach, his intention is to contrast this process with that carried out by women linked to the Church of England, specifically the Anglican Communion, during the last third of the twentieth century. He has already published some partial results of this research in journal papers and congress communications, and hopes to publish a monograph on this subject in the mid-term.<\/p>\n<p><strong>Recent publications:<\/strong><\/p>\n<ul>\n<li>\u201c\u00bfCuras viriles? El padre Claret y la masculinidad sacerdotal en la Espa\u00f1a del siglo XIX\u201d, Ayer, 126 (2022), pp. 159-185, <a href=\"https:\/\/doi.org\/10.55509\/ayer\/811\">https:\/\/doi.org\/10.55509\/ayer\/811<\/a><br \/>(with E. de Dios)<\/li>\n<li>\u2018Catholic Housewives in Transition: The Centres for the Promotion of Women between the Franco Dictatorship and Democracy in Spain (1960-1980)\u2019, Journal of Religious History, 45-4 (2021), pp. 623-643. <a href=\"https:\/\/doi.org\/10.1111\/1467-9809.12807\">https:\/\/doi.org\/10.1111\/1467-9809.12807<\/a><\/li>\n<li>\u201cBetween Virgins and Priests: the Feminization of Catholicism and Priestly Masculinity in Nineteenth-Century Spain\u201d, Gender &amp; History, 33-1 (2021), pp. 94-110. <a href=\"https:\/\/doi.org\/10.1111\/1468-0424.12493\">https:\/\/doi.org\/10.1111\/1468-0424.12493<\/a><\/li>\n<li>(with E. de Dios) \u2018\u201cEn euskera y en cristiano\u201d. G\u00e9nero, religi\u00f3n y naci\u00f3n en el Pa\u00eds Vasco durante el franquismo\u2019, R\u00fabrica Contempor\u00e1nea, IX-17 (2020), pp. 99-117. <a href=\"https:\/\/doi.org\/10.5565\/rev\/rubrica.196\">https:\/\/doi.org\/10.5565\/rev\/rubrica.196<\/a><\/li>\n<li>\u201cEntre el hogar y la calle. La movilizaci\u00f3n pol\u00edtica de mujeres cat\u00f3licas durante el Sexenio Democr\u00e1tico\u201d, Hispania Nova, 18 (2020), pp. 419-449, <a href=\"https:\/\/doi.org\/10.20318\/hn.2020.5113\">https:\/\/doi.org\/10.20318\/hn.2020.5113<\/a><\/li>\n<\/ul>\n<p>PROFILES<br \/><a href=\"http:\/\/easynet.academia.edu\/Ra\u00falM\u00ednguezBlasco\">Academia.edu<\/a><br \/><a href=\"https:\/\/dialnet.unirioja.es\/servlet\/autor?codigo=3010701\">Dialnet<\/a><br \/><a href=\"https:\/\/www.facebook.com\/raul.rouge?fref=search&amp;__tn__=%2Cd%2CP-R&amp;eid=ARDVznqVHAh6Cva9XOzo6yL5ICrDTlLvSTrNwilMt0i1xGMdYbMsBz0FS1B3PW5zSMhFAxCrjTaQlbEX\">Facebook<\/a><br \/><a href=\"http:\/\/Twitter.com\">Twitter<\/a><\/p>\n<p>EMAILS<br \/><a href=\"mailto:raul.minguez@ehu.eus\">raul.minguez@ehu.eus<\/a><br \/><a href=\"mailto:raulmb22@hotmail.com\">raulmb22@hotmail.com<\/a><\/p>\n<p>[\/et_pb_text][\/et_pb_column][\/et_pb_row][\/et_pb_section]<\/p>\n","protected":false},"excerpt":{"rendered":"<p>Ra\u00fal M\u00ednguezWith a BA in History (2008), an MA in Contemporary History (2009) and a PhD in Contemporary History from the University of Valencia (UV), M\u00ednguez Blasco has held a FPI pre-doctoral research fellowship, awarded by the Department of Education of the Valencia regional government, at the Department of Contemporary History, UV (2009-2013), and three [&hellip;]<\/p>\n","protected":false},"author":1,"featured_media":0,"parent":6156,"menu_order":0,"comment_status":"closed","ping_status":"closed","template":"","meta":{"_et_pb_use_builder":"on","_et_pb_old_content":"","_et_gb_content_width":"","footnotes":""},"class_list":["post-5229","page","type-page","status-publish","hentry"],"_links":{"self":[{"href":"https:\/\/experienciamoderna.com\/en\/wp-json\/wp\/v2\/pages\/5229","targetHints":{"allow":["GET"]}}],"collection":[{"href":"https:\/\/experienciamoderna.com\/en\/wp-json\/wp\/v2\/pages"}],"about":[{"href":"https:\/\/experienciamoderna.com\/en\/wp-json\/wp\/v2\/types\/page"}],"author":[{"embeddable":true,"href":"https:\/\/experienciamoderna.com\/en\/wp-json\/wp\/v2\/users\/1"}],"replies":[{"embeddable":true,"href":"https:\/\/experienciamoderna.com\/en\/wp-json\/wp\/v2\/comments?post=5229"}],"version-history":[{"count":11,"href":"https:\/\/experienciamoderna.com\/en\/wp-json\/wp\/v2\/pages\/5229\/revisions"}],"predecessor-version":[{"id":9566,"href":"https:\/\/experienciamoderna.com\/en\/wp-json\/wp\/v2\/pages\/5229\/revisions\/9566"}],"up":[{"embeddable":true,"href":"https:\/\/experienciamoderna.com\/en\/wp-json\/wp\/v2\/pages\/6156"}],"wp:attachment":[{"href":"https:\/\/experienciamoderna.com\/en\/wp-json\/wp\/v2\/media?parent=5229"}],"curies":[{"name":"wp","href":"https:\/\/api.w.org\/{rel}","templated":true}]}}