{"id":5234,"date":"2020-05-14T14:21:14","date_gmt":"2020-05-14T12:21:14","guid":{"rendered":"https:\/\/experienciamoderna.com\/raul-navarro-mendez\/"},"modified":"2020-06-11T11:45:32","modified_gmt":"2020-06-11T09:45:32","slug":"raul-navarro-mendez","status":"publish","type":"page","link":"https:\/\/experienciamoderna.com\/en\/about-us\/raul-navarro-mendez\/","title":{"rendered":"Ra\u00fal Navarro-M\u00e9ndez"},"content":{"rendered":"<p>[et_pb_section fb_built=&#8221;1&#8243; _builder_version=&#8221;4.4.1&#8243;][et_pb_row _builder_version=&#8221;4.4.1&#8243;][et_pb_column type=&#8221;4_4&#8243; _builder_version=&#8221;4.4.1&#8243;][et_pb_text _builder_version=&#8221;4.4.1&#8243;]<\/p>\n<h1>Ra\u00fal Navarro-M\u00e9ndez<\/h1>\n<p>[\/et_pb_text][et_pb_text _builder_version=&#8221;4.4.6&#8243;]<\/p>\n<p style=\"text-align: left;\"><img loading=\"lazy\" decoding=\"async\" class=\"wp-image-1601 size-full alignleft\" src=\"https:\/\/experienciamoderna.com\/wp-content\/uploads\/2020\/03\/Ra\u00fal-Navarro1.jpg\" alt=\"\" width=\"165\" height=\"180\" \/>Ra\u00fal Navarro-M\u00e9ndez has a BA in Sociology from the Autonomous University of Barcelona (UAB), specialising in Gender Studies, and an MA in Feminist and Gender Studies from the University of the Basque Country (UPV\/EHU). He is currently writing his PhD thesis, in the framework of the Feminist and Gender Studies programme, at the Department of Contemporary History of the UPV\/EHU. In 2017, he was awarded a pre-doctoral research fellowship at the same university.<\/p>\n<p>Navarro-M\u00e9ndez\u2019s PhD thesis focuses on the study of the historical construction of the homosexual subject in Spain in the 1920s and 1930s, the period prior to the Civil War. His intention is to determine the categories shaping the homoerotic experience and to gauge the capacity of subjects to redefine the terms imposed by normative discourses. Accordingly, he aims to assess the possibility that certain homosexual circles had to create counter-hegemonic discourses in Spain in the face of new political and scientific paradigms.<\/p>\n<p>Navarro-M\u00e9ndez has completed a post-doctoral research stay at the Research Centre for the Cultural History of Sexuality of Humboldt University and at the Magnus Hirschfeld Gesellschaft Research Centre in Berlin.<\/p>\n<p>Further information at:<\/p>\n<p><a href=\"https:\/\/metaaprendizaje.academia.edu\/raulnavarromendez\">https:\/\/metaaprendizaje.academia.edu\/raulnavarromendez<\/a><\/p>\n<p>Email address:<\/p>\n<p><a href=\"mailto:raulnamen@gmail.com\">raulnamen@gmail.com<\/a>[\/et_pb_text][\/et_pb_column][\/et_pb_row][\/et_pb_section]<\/p>\n","protected":false},"excerpt":{"rendered":"<p>Ra\u00fal Navarro-M\u00e9ndezRa\u00fal Navarro-M\u00e9ndez has a BA in Sociology from the Autonomous University of Barcelona (UAB), specialising in Gender Studies, and an MA in Feminist and Gender Studies from the University of the Basque Country (UPV\/EHU). He is currently writing his PhD thesis, in the framework of the Feminist and Gender Studies programme, at the Department [&hellip;]<\/p>\n","protected":false},"author":1,"featured_media":0,"parent":6156,"menu_order":0,"comment_status":"closed","ping_status":"closed","template":"","meta":{"_et_pb_use_builder":"on","_et_pb_old_content":"","_et_gb_content_width":"","footnotes":""},"class_list":["post-5234","page","type-page","status-publish","hentry"],"_links":{"self":[{"href":"https:\/\/experienciamoderna.com\/en\/wp-json\/wp\/v2\/pages\/5234","targetHints":{"allow":["GET"]}}],"collection":[{"href":"https:\/\/experienciamoderna.com\/en\/wp-json\/wp\/v2\/pages"}],"about":[{"href":"https:\/\/experienciamoderna.com\/en\/wp-json\/wp\/v2\/types\/page"}],"author":[{"embeddable":true,"href":"https:\/\/experienciamoderna.com\/en\/wp-json\/wp\/v2\/users\/1"}],"replies":[{"embeddable":true,"href":"https:\/\/experienciamoderna.com\/en\/wp-json\/wp\/v2\/comments?post=5234"}],"version-history":[{"count":2,"href":"https:\/\/experienciamoderna.com\/en\/wp-json\/wp\/v2\/pages\/5234\/revisions"}],"predecessor-version":[{"id":6394,"href":"https:\/\/experienciamoderna.com\/en\/wp-json\/wp\/v2\/pages\/5234\/revisions\/6394"}],"up":[{"embeddable":true,"href":"https:\/\/experienciamoderna.com\/en\/wp-json\/wp\/v2\/pages\/6156"}],"wp:attachment":[{"href":"https:\/\/experienciamoderna.com\/en\/wp-json\/wp\/v2\/media?parent=5234"}],"curies":[{"name":"wp","href":"https:\/\/api.w.org\/{rel}","templated":true}]}}