{"id":6025,"date":"2020-06-08T15:45:30","date_gmt":"2020-06-08T13:45:30","guid":{"rendered":"https:\/\/experienciamoderna.com\/laura-cruz-chamizo\/"},"modified":"2023-02-20T17:49:05","modified_gmt":"2023-02-20T16:49:05","slug":"laura-cruz-chamizo","status":"publish","type":"page","link":"https:\/\/experienciamoderna.com\/en\/about-us\/laura-cruz-chamizo\/","title":{"rendered":"Laura Cruz Chamizo"},"content":{"rendered":"<p>[et_pb_section fb_built=&#8221;1&#8243; _builder_version=&#8221;4.16&#8243; global_colors_info=&#8221;{}&#8221;][et_pb_row _builder_version=&#8221;4.16&#8243; global_colors_info=&#8221;{}&#8221;][et_pb_column type=&#8221;4_4&#8243; _builder_version=&#8221;4.16&#8243; global_colors_info=&#8221;{}&#8221;][et_pb_text _builder_version=&#8221;4.16&#8243; global_colors_info=&#8221;{}&#8221;]<\/p>\n<h1>Laura Cruz Chamizo<\/h1>\n<p>[\/et_pb_text][et_pb_text _builder_version=&#8221;4.20.0&#8243; hover_enabled=&#8221;0&#8243; global_colors_info=&#8221;{}&#8221; sticky_enabled=&#8221;0&#8243;]<\/p>\n<p><img loading=\"lazy\" decoding=\"async\" class=\"wp-image-1592 size-full alignleft\" src=\"https:\/\/experienciamoderna.com\/wp-content\/uploads\/2020\/03\/LauraCC1.jpg\" alt=\"\" width=\"165\" height=\"180\" \/>I earned a Bachelor\u2019s degree in History from the University of Deusto in 2012, after having received an Erasmus grant the previous year to study at the University of Manchester. Upon finishing my undergraduate studies, I earned a Interuniversity Master\u2019s degree in Contemporary History, doing coursework at both the UPV\/EHU and the Complutense University of Madrid. I am currently immersed in my pre-doctoral research within the Doctoral Program in Contemporary History at the UPV\/EHU under the supervision of Nerea Aresti Esteban.<\/p>\n<p>Entitled <strong>\u201cLa figura del\/a militante en el Partido Comunista de Espa\u00f1a (PCE) durante la Transici\u00f3n (1975-1982)\u201d, [Militant models in the Spanish Communist Party during the Spanish Transition (1975-1982)],<\/strong> the main focus of my research is to incorporate the figure of the militant into the definition of political cultures within this specific context. To do so, I consider it essential to address people\u2019s subjectivity when receiving, re-appropriating and re-elaborating the discourses that shape them. I am particularly interested in examining the instrumentalization of everyday life as a means of transmitting and creating the discourses that shape each political culture. These discourses have a meaningful emotional dimension, promoting a bond that is not only ideological but also emotional between its members.<\/p>\n<p><b>Entre mis aportaciones a congresos m\u00e1s recientes se encuentran:<\/b><\/p>\n<ul>\n<li>\u201c\u00bfUstedes los comunistas siempre son comunistas?\u201d: Asesinato en el comit\u00e9 central (1981) y el arquetipo del buen comunista. Komunikazioa: <em>XV Congreso de la Asociaci\u00f3n de Historia Contempor\u00e1nea<\/em>, Universidad de C\u00f3rdoba, 10 de septiembre 2021<\/li>\n<li>\u201c\u00bfNo os duele el Partido?: contradicciones y emociones militantes ante la crisis del Partido Comunista de Espa\u00f1a de 1982\u201d. Hitzaldia:<em>Jornadas &#8220;La crisis del comunismo espa\u00f1ol. 40 a\u00f1os de 1982&#8221;<\/em>, Universitat Aut\u00f3noma de Barcelona (UAB), 28 de octubre de 2022.<\/li>\n<li style=\"list-style-type: none;\">\u00a0<\/li>\n<li style=\"list-style-type: none;\">\u00a0<\/li>\n<\/ul>\n<p>Perfil de academia.edu:<\/p>\n<p><a href=\"https:\/\/metaaprendizaje.academia.edu\/LauraCristinaCruzChamizo\" target=\"_blank\" rel=\"noopener noreferrer\">https:\/\/metaaprendizaje.academia.edu\/LauraCristinaCruzChamizo<\/a><\/p>\n<p><a href=\"mailto:ccruzch@gmail.com\">lccruzch@gmail.com<\/a><\/p>\n<p>[\/et_pb_text][\/et_pb_column][\/et_pb_row][\/et_pb_section]<\/p>\n","protected":false},"excerpt":{"rendered":"<p>Laura Cruz ChamizoI earned a Bachelor\u2019s degree in History from the University of Deusto in 2012, after having received an Erasmus grant the previous year to study at the University of Manchester. Upon finishing my undergraduate studies, I earned a Interuniversity Master\u2019s degree in Contemporary History, doing coursework at both the UPV\/EHU and the Complutense [&hellip;]<\/p>\n","protected":false},"author":1,"featured_media":0,"parent":6156,"menu_order":0,"comment_status":"closed","ping_status":"closed","template":"","meta":{"_et_pb_use_builder":"on","_et_pb_old_content":"","_et_gb_content_width":"","footnotes":""},"class_list":["post-6025","page","type-page","status-publish","hentry"],"_links":{"self":[{"href":"https:\/\/experienciamoderna.com\/en\/wp-json\/wp\/v2\/pages\/6025","targetHints":{"allow":["GET"]}}],"collection":[{"href":"https:\/\/experienciamoderna.com\/en\/wp-json\/wp\/v2\/pages"}],"about":[{"href":"https:\/\/experienciamoderna.com\/en\/wp-json\/wp\/v2\/types\/page"}],"author":[{"embeddable":true,"href":"https:\/\/experienciamoderna.com\/en\/wp-json\/wp\/v2\/users\/1"}],"replies":[{"embeddable":true,"href":"https:\/\/experienciamoderna.com\/en\/wp-json\/wp\/v2\/comments?post=6025"}],"version-history":[{"count":5,"href":"https:\/\/experienciamoderna.com\/en\/wp-json\/wp\/v2\/pages\/6025\/revisions"}],"predecessor-version":[{"id":7626,"href":"https:\/\/experienciamoderna.com\/en\/wp-json\/wp\/v2\/pages\/6025\/revisions\/7626"}],"up":[{"embeddable":true,"href":"https:\/\/experienciamoderna.com\/en\/wp-json\/wp\/v2\/pages\/6156"}],"wp:attachment":[{"href":"https:\/\/experienciamoderna.com\/en\/wp-json\/wp\/v2\/media?parent=6025"}],"curies":[{"name":"wp","href":"https:\/\/api.w.org\/{rel}","templated":true}]}}