{"id":6032,"date":"2020-06-08T16:09:26","date_gmt":"2020-06-08T14:09:26","guid":{"rendered":"https:\/\/experienciamoderna.com\/maialen-altuna-etxeberria\/"},"modified":"2026-03-20T09:39:18","modified_gmt":"2026-03-20T08:39:18","slug":"maialen-altuna-etxeberria","status":"publish","type":"page","link":"https:\/\/experienciamoderna.com\/en\/about-us\/maialen-altuna-etxeberria\/","title":{"rendered":"Maialen Altuna Etxeberria"},"content":{"rendered":"<p>[et_pb_section fb_built=&#8221;1&#8243; _builder_version=&#8221;4.16&#8243; global_colors_info=&#8221;{}&#8221;][et_pb_row _builder_version=&#8221;4.16&#8243; global_colors_info=&#8221;{}&#8221;][et_pb_column type=&#8221;4_4&#8243; _builder_version=&#8221;4.16&#8243; global_colors_info=&#8221;{}&#8221;][et_pb_text _builder_version=&#8221;4.16&#8243; global_colors_info=&#8221;{}&#8221;]<\/p>\n<h1>Maialen Altuna Etxeberria<\/h1>\n<p>[\/et_pb_text][et_pb_text _builder_version=&#8221;4.27.4&#8243; hover_enabled=&#8221;0&#8243; global_colors_info=&#8221;{}&#8221; sticky_enabled=&#8221;0&#8243;]<\/p>\n<p style=\"text-align: left;\"><img loading=\"lazy\" decoding=\"async\" class=\"wp-image-6781 size-full alignleft\" src=\"https:\/\/experienciamoderna.com\/wp-content\/uploads\/2020\/06\/Maialen-Altuna_p.jpg\" alt=\"\" width=\"165\" height=\"180\" \/>\u200b<\/p>\n<p><\/p>\n<p>My academic work is situated at the intersection ofhistory, anthropology, and feminist and gender studies. I began my studies in History and later obtained a degree in Social and Cultural Anthropology, as well as a Master\u2019s degree in Feminist and Gender Studies, all at the University of the Basque Country (EHU).<\/p>\n<p><\/p>\n<p>In 2024, I completed my PhD with a dissertation developed in collaboration with <em>AHOA. Archive of Oral History<\/em>, in which I examined the emotional and bodily dimensions of repression and gendered forms of resistance during the Franco regime. This work was awarded the Micaela Portilla Prize (EHU). The research also gained international recognition through a three-month research stay at the Interdisciplinary Institute of Gender Studies at the University of Buenos Aires, funded by EHU, which contributed to the award of the International Doctorate Mention.<\/p>\n<p><\/p>\n<p>Since 2013, I have been a member of the research group <em>Experiencia Moderna<\/em> (Department of Contemporary History, EHU), and since 2018 I have been involved in teaching across several undergraduate programmes (Social Anthropology, Philosophy, Social Work, Labour Relations and Human Resources, Journalism, and Advertising), as well as in the Master\u2019s Degree in Feminist and Gender Studies. In 2025, I obtained accreditation as an Associate Professor from UNIBASQ.<\/p>\n<p><\/p>\n<p>My research activity also extends beyond academia, where I have been awarded two competitive research grants: the 2nd Research Grant from the Tolosa City Council on women\u2019s contributions to the history of Tolosa (2010-2012), and the 2nd Julia Iruretagoyena Grant from the Irun City Council (2025-2027).<\/p>\n<p><\/p>\n<p>I am a member of several academic associations, including AHOA, Ankulegi, and AEIHM, as well as transnational research networks such as RIHO and RENISCE.<\/p>\n<p><\/p>\n<p><strong>Main publications<\/strong>:<\/p>\n<p><\/p>\n<p>-\u201c<a href=\"https:\/\/www.barandiaranfundazioa.eus\/files\/galeria\/files\/0059201231.pdf\">Eliz-sartzea errituaren berrirakurketa. Eliz-gizonen azalpenetatik emakumeen bizipenetara<\/a>\u201d. <em>Eusko folklore urtekaria<\/em>, n\u00ba 5, 2025, 201-231.<\/p>\n<p><\/p>\n<p>-\u201c<a href=\"https:\/\/dialnet.unirioja.es\/descarga\/articulo\/9847314.pdf\">Bizitza-istorioak. Subjektibitatearen analisia ikerketaren erdigunean<\/a>\u201d. <em>Ger\u00f3nimo de Uztariz<\/em>, n\u00ba 38, 2024, 123-146.<\/p>\n<p><\/p>\n<p>-With Miren Llona \u201c<a href=\"https:\/\/revistes.uab.cat\/rubrica\/article\/view\/v10-n19-altuna\/225-pdf-es\">Privilegios, fisuras y disidencias corporales: subjetividades femeninas de resistencia en el franquismo<\/a>\u201d. <em>Ayer. Revista de Historia Contempor\u00e1nea<\/em>, 126 (2), 2022, 23-48.<\/p>\n<p><\/p>\n<p>-\u201c<a href=\"https:\/\/revistes.uab.cat\/rubrica\/article\/view\/v10-n19-altuna\/225-pdf-es\">Los rituales del espacio p\u00fablico en la configuraci\u00f3n del r\u00e9gimen franquista. Estudio del Congreso Eucar\u00edstico de Bilbao, 1944<\/a>\u201d, <em>Rubrica Contemporanea<\/em>, vol. 10, n\u00ba19, 2021, 103-125.<\/p>\n<p><\/p>\n<p>-\u201cRepresi\u00f3n cultural, g\u00e9nero y control social en el primer franquismo. Los bailes juveniles\u201d in Esteban, Mari Luz y Hern\u00e1ndez, Jone Miren (coord.), <em>Etnograf\u00edas feministas. Una mirada al siglo XXI desde la antropolog\u00eda vasca<\/em>, Edicions Bellaterra: Barcelona, 2018, 41-60.<\/p>\n<p><\/p>\n<p>-\u00ab<a href=\"https:\/\/www.ueu.eus\/denda\/ikusi\/etnografia_feministak_euskal_herrian__xxi__mendera_begira_dagoen_antropologia\">Emozioenerabilera genero-sistemareninposaketan. Frankismokodantzaldienkasua<\/a>\u00bb in Esteban, Mari Luz y Hernandez, Jone Miren (coord.), <em>EtnografiaFeministakEuskal Herrian. XXI. Mendera begiradagoenantropologia<\/em>, Bilbo: UEU-UPV\/EHU, 2016, 65-80.<\/p>\n<p><\/p>\n<p><a href=\"mailto:maialen.altuna@ehu.eus\">maialen.altuna@ehu.eus<\/a><\/p>\n<p><\/p>\n<p><a href=\"https:\/\/orcid.org\/0000-0003-0393-7985\">ORCID<\/a><\/p>\n<p><\/p>\n<p><a href=\"https:\/\/ekoizpen-zientifikoa.ehu.eus\/investigadores\/125953\/detalle?lang=en\">SCIENTIFIC PRODUCTION<\/a><\/p>\n<p><\/p>\n<p><a href=\"https:\/\/dialnet.unirioja.es\/servlet\/autor?codigo=5138233\">DIALNET<\/a><\/p>\n<p>[\/et_pb_text][\/et_pb_column][\/et_pb_row][\/et_pb_section]<\/p>\n","protected":false},"excerpt":{"rendered":"<p>Maialen Altuna Etxeberria\u200bMy academic work is situated at the intersection ofhistory, anthropology, and feminist and gender studies. I began my studies in History and later obtained a degree in Social and Cultural Anthropology, as well as a Master\u2019s degree in Feminist and Gender Studies, all at the University of the Basque Country (EHU).In 2024, I [&hellip;]<\/p>\n","protected":false},"author":1,"featured_media":0,"parent":6156,"menu_order":0,"comment_status":"closed","ping_status":"closed","template":"","meta":{"_et_pb_use_builder":"on","_et_pb_old_content":"","_et_gb_content_width":"","footnotes":""},"class_list":["post-6032","page","type-page","status-publish","hentry"],"_links":{"self":[{"href":"https:\/\/experienciamoderna.com\/en\/wp-json\/wp\/v2\/pages\/6032","targetHints":{"allow":["GET"]}}],"collection":[{"href":"https:\/\/experienciamoderna.com\/en\/wp-json\/wp\/v2\/pages"}],"about":[{"href":"https:\/\/experienciamoderna.com\/en\/wp-json\/wp\/v2\/types\/page"}],"author":[{"embeddable":true,"href":"https:\/\/experienciamoderna.com\/en\/wp-json\/wp\/v2\/users\/1"}],"replies":[{"embeddable":true,"href":"https:\/\/experienciamoderna.com\/en\/wp-json\/wp\/v2\/comments?post=6032"}],"version-history":[{"count":14,"href":"https:\/\/experienciamoderna.com\/en\/wp-json\/wp\/v2\/pages\/6032\/revisions"}],"predecessor-version":[{"id":11666,"href":"https:\/\/experienciamoderna.com\/en\/wp-json\/wp\/v2\/pages\/6032\/revisions\/11666"}],"up":[{"embeddable":true,"href":"https:\/\/experienciamoderna.com\/en\/wp-json\/wp\/v2\/pages\/6156"}],"wp:attachment":[{"href":"https:\/\/experienciamoderna.com\/en\/wp-json\/wp\/v2\/media?parent=6032"}],"curies":[{"name":"wp","href":"https:\/\/api.w.org\/{rel}","templated":true}]}}