{"id":6036,"date":"2020-06-08T16:54:00","date_gmt":"2020-06-08T14:54:00","guid":{"rendered":"https:\/\/experienciamoderna.com\/awards\/"},"modified":"2026-03-02T18:53:01","modified_gmt":"2026-03-02T17:53:01","slug":"awards","status":"publish","type":"page","link":"https:\/\/experienciamoderna.com\/en\/awards\/","title":{"rendered":"Awards"},"content":{"rendered":"<p>[et_pb_section fb_built=&#8221;1&#8243; next_background_color=&#8221;#ffffff&#8221; admin_label=&#8221;Header&#8221; _builder_version=&#8221;4.23.1&#8243; background_color=&#8221;#ffffff&#8221; use_background_color_gradient=&#8221;on&#8221; background_color_gradient_stops=&#8221;rgba(190,183,198,0.81) 0%|#beb7c6 100%&#8221; background_color_gradient_start=&#8221;rgba(190,183,198,0.81)&#8221; background_color_gradient_end=&#8221;#beb7c6&#8243; custom_margin=&#8221;|||&#8221; custom_padding=&#8221;||6px||false|false&#8221; bottom_divider_style=&#8221;wave2&#8243; bottom_divider_height=&#8221;14vw&#8221; bottom_divider_repeat=&#8221;0.5x&#8221; bottom_divider_flip=&#8221;horizontal&#8221; locked=&#8221;off&#8221; global_colors_info=&#8221;{}&#8221;][et_pb_row use_custom_gutter=&#8221;on&#8221; make_equal=&#8221;on&#8221; _builder_version=&#8221;4.22.2&#8243; global_colors_info=&#8221;{}&#8221;][et_pb_column type=&#8221;4_4&#8243; _builder_version=&#8221;4.16&#8243; custom_padding=&#8221;|||&#8221; global_colors_info=&#8221;{}&#8221; custom_padding__hover=&#8221;|||&#8221;][et_pb_text _builder_version=&#8221;4.24.0&#8243; text_font=&#8221;||||||||&#8221; text_font_size=&#8221;16px&#8221; text_line_height=&#8221;2em&#8221; header_font=&#8221;Ubuntu|700|||||||&#8221; header_text_color=&#8221;#393e56&#8243; header_font_size=&#8221;28px&#8221; header_line_height=&#8221;1.2em&#8221; header_3_font=&#8221;Ubuntu||||||||&#8221; header_3_text_color=&#8221;#bb7860&#8243; header_3_line_height=&#8221;1.8em&#8221; max_width=&#8221;700px&#8221; custom_margin=&#8221;|||&#8221; text_font_size_tablet=&#8221;&#8221; text_font_size_phone=&#8221;14px&#8221; text_font_size_last_edited=&#8221;on|desktop&#8221; header_font_size_tablet=&#8221;&#8221; header_font_size_phone=&#8221;32px&#8221; header_font_size_last_edited=&#8221;on|desktop&#8221; locked=&#8221;off&#8221; global_colors_info=&#8221;{}&#8221;]<\/p>\n<h1>Awards<\/h1>\n<p>[\/et_pb_text][\/et_pb_column][\/et_pb_row][\/et_pb_section][et_pb_section fb_built=&#8221;1&#8243; admin_label=&#8221;Vision&#8221; _builder_version=&#8221;4.16&#8243; background_color=&#8221;#ffffff&#8221; custom_margin=&#8221;0px||||false|false&#8221; custom_padding=&#8221;0px||||false|false&#8221; global_colors_info=&#8221;{}&#8221;][et_pb_row padding_top_bottom_link_1=&#8221;false&#8221; padding_top_bottom_link_2=&#8221;false&#8221; padding_top_bottom_link_3=&#8221;false&#8221; padding_left_right_link_1=&#8221;true&#8221; padding_left_right_link_2=&#8221;true&#8221; padding_left_right_link_3=&#8221;true&#8221; _builder_version=&#8221;4.16&#8243; module_alignment=&#8221;center&#8221; custom_margin=&#8221;0px||||false|false&#8221; custom_margin_tablet=&#8221;|||3vw&#8221; custom_margin_phone=&#8221;|||2vw&#8221; custom_margin_last_edited=&#8221;off|desktop&#8221; custom_padding=&#8221;0px||||false|false&#8221; animation_direction=&#8221;top&#8221; global_colors_info=&#8221;{}&#8221;][et_pb_column type=&#8221;4_4&#8243; _builder_version=&#8221;4.16&#8243; background_color=&#8221;#f5f5f5&#8243; custom_padding=&#8221;40px|30px||30px&#8221; custom_padding_tablet=&#8221;40px|||&#8221; custom_padding_phone=&#8221;&#8221; custom_padding_last_edited=&#8221;on|desktop&#8221; global_colors_info=&#8221;{}&#8221; padding_tablet=&#8221;40px|||&#8221; padding_last_edited=&#8221;on|desktop&#8221; custom_padding__hover=&#8221;|||&#8221; padding_phone=&#8221;40px|||&#8221;][et_pb_text _builder_version=&#8221;4.27.4&#8243; text_font=&#8221;||||||||&#8221; text_line_height=&#8221;1.8em&#8221; header_2_text_color=&#8221;#ab398e&#8221; header_3_text_color=&#8221;#ab398e&#8221; locked=&#8221;off&#8221; global_colors_info=&#8221;{}&#8221;]<\/p>\n<h3>XIII MICAELA PORTILLA AWARD for the best thesis on feminist or gender studies 2024 from the University of the Basque Country UPV\/EHU<\/h3>\n<p><\/p>\n<p><strong>Maialen Altuna Etxebarria<\/strong><\/p>\n<p><\/p>\n<p>Bay <a href=\"https:\/\/dialnet.unirioja.es\/servlet\/tesis?codigo=338133\"><strong>Emociones, represi\u00f3n y resistencias de g\u00e9nero en el franquismo (Pa\u00edsVasco 1939-1968)<\/strong><\/a><\/p>\n<p>[\/et_pb_text][et_pb_divider divider_position=&#8221;center&#8221; divider_weight=&#8221;3px&#8221; _builder_version=&#8221;4.16&#8243; max_width=&#8221;60px&#8221; height=&#8221;3px&#8221; custom_margin=&#8221;||10px|&#8221; locked=&#8221;off&#8221; global_colors_info=&#8221;{}&#8221;][\/et_pb_divider][et_pb_text _builder_version=&#8221;4.24.0&#8243; text_font=&#8221;||||||||&#8221; text_line_height=&#8221;1.8em&#8221; header_2_text_color=&#8221;#ab398e&#8221; header_3_text_color=&#8221;#ab398e&#8221; locked=&#8221;off&#8221; global_colors_info=&#8221;{}&#8221;]<\/p>\n<h3>XI MICAELA PORTILLA AWARD for the best thesis on feminist or gender studies 2022 from the University of the Basque Country UPV\/EHU<\/h3>\n<p><\/p>\n<p><strong>Ilargi Bengoetxea<\/strong><\/p>\n<p><\/p>\n<p>For <strong><a href=\"https:\/\/dialnet.unirioja.es\/servlet\/tesis?codigo=311198\">Irun eta hondarribikoalardeak eta genero ordena. Ikuspegihistoriko bat 1993-2008<\/a><\/strong><\/p>\n<p>[\/et_pb_text][et_pb_divider divider_position=&#8221;center&#8221; divider_weight=&#8221;3px&#8221; _builder_version=&#8221;4.16&#8243; max_width=&#8221;60px&#8221; height=&#8221;3px&#8221; custom_margin=&#8221;||10px|&#8221; locked=&#8221;off&#8221; global_colors_info=&#8221;{}&#8221;][\/et_pb_divider][et_pb_text _builder_version=&#8221;4.20.0&#8243; text_font=&#8221;||||||||&#8221; text_line_height=&#8221;1.8em&#8221; header_2_text_color=&#8221;#ab398e&#8221; header_3_text_color=&#8221;#ab398e&#8221; locked=&#8221;off&#8221; global_colors_info=&#8221;{}&#8221;]<\/p>\n<h3>XX Mary Nash Prize for Young Researchers, 2018 (Contemporary History Association)<\/h3>\n<p><\/p>\n<h4><strong>Laura Cruz<\/strong><\/h4>\n<p><\/p>\n<p>For <strong>\u2018Un silencio multitudinario: La matanza de Atocha y la contenci\u00f3n emocional comunista\u2019<\/strong><\/p>\n<p>[\/et_pb_text][et_pb_divider divider_position=&#8221;center&#8221; divider_weight=&#8221;3px&#8221; _builder_version=&#8221;4.16&#8243; max_width=&#8221;60px&#8221; height=&#8221;3px&#8221; custom_margin=&#8221;||10px|&#8221; locked=&#8221;off&#8221; global_colors_info=&#8221;{}&#8221;][\/et_pb_divider][et_pb_text _builder_version=&#8221;4.16&#8243; text_font=&#8221;||||||||&#8221; text_line_height=&#8221;1.8em&#8221; header_2_text_color=&#8221;#ab398e&#8221; header_3_text_color=&#8221;#ab398e&#8221; locked=&#8221;off&#8221; global_colors_info=&#8221;{}&#8221;]<\/p>\n<h3>Zirgari Honorary Prize 2019<\/h3>\n<p><\/p>\n<h4><strong>Pilar P\u00e9rez Fuentes<\/strong><\/h4>\n<p><\/p>\n<p><a href=\"https:\/\/web.bizkaia.eus\/es\/web\/area-de-prensa\/noticias\/-\/news\/detailView\/19250\"> https:\/\/web.bizkaia.eus\/es\/web\/area-de-prensa\/noticias\/-\/news\/detailView\/19250<\/a><\/p>\n<p>[\/et_pb_text][et_pb_divider divider_position=&#8221;center&#8221; divider_weight=&#8221;3px&#8221; _builder_version=&#8221;4.16&#8243; max_width=&#8221;60px&#8221; height=&#8221;3px&#8221; custom_margin=&#8221;||10px|&#8221; locked=&#8221;off&#8221; global_colors_info=&#8221;{}&#8221;][\/et_pb_divider][et_pb_text _builder_version=&#8221;4.16&#8243; text_font=&#8221;||||||||&#8221; text_line_height=&#8221;1.8em&#8221; header_2_text_color=&#8221;#ab398e&#8221; header_3_text_color=&#8221;#ab398e&#8221; locked=&#8221;off&#8221; global_colors_info=&#8221;{}&#8221;]<\/p>\n<h3>XX Mary Nash Prize for Young Researchers, 2018 (Contemporary History Association)<\/h3>\n<p><\/p>\n<h4><strong>Elia Blanco<\/strong><\/h4>\n<p><\/p>\n<p>For <strong>\u2018Rojo de verg\u00fcenza y condenado por cobarde: masculinidad, honor y duelos en la Espa\u00f1a decimon\u00f3nica\u2019<\/strong><\/p>\n<p>[\/et_pb_text][et_pb_divider divider_position=&#8221;center&#8221; divider_weight=&#8221;3px&#8221; _builder_version=&#8221;4.16&#8243; max_width=&#8221;60px&#8221; height=&#8221;3px&#8221; custom_margin=&#8221;||10px|&#8221; locked=&#8221;off&#8221; global_colors_info=&#8221;{}&#8221;][\/et_pb_divider][et_pb_text _builder_version=&#8221;4.16&#8243; text_font=&#8221;||||||||&#8221; text_line_height=&#8221;1.8em&#8221; header_2_text_color=&#8221;#ab398e&#8221; header_3_text_color=&#8221;#ab398e&#8221; locked=&#8221;off&#8221; global_colors_info=&#8221;{}&#8221;]<\/p>\n<h3>XXII National Prize for University Publication<\/h3>\n<p><\/p>\n<p>Award for the Best Monograph in the areas of Law and Social Sciences<\/p>\n<p><\/p>\n<h4><strong>Eider de Dios<\/strong><\/h4>\n<p><\/p>\n<p>For <strongSirvienta, empleada, trabajadora de hogar. Clase, g\u00e9nero e identidad en el franquismo y la transici\u00f3n a trav\u00e9s del servicio dom\u00e9stico, 1939-1995<\/strong>,<\/p>\n<p><\/p>\n<p>M\u00e1laga,  UMA Editorial, 2019<\/p>\n<p>[\/et_pb_text][et_pb_divider divider_position=&#8221;center&#8221; divider_weight=&#8221;3px&#8221; _builder_version=&#8221;4.16&#8243; max_width=&#8221;60px&#8221; height=&#8221;3px&#8221; custom_margin=&#8221;||10px|&#8221; locked=&#8221;off&#8221; global_colors_info=&#8221;{}&#8221;][\/et_pb_divider][et_pb_text _builder_version=&#8221;4.16&#8243; text_font=&#8221;||||||||&#8221; text_line_height=&#8221;1.8em&#8221; header_2_text_color=&#8221;#ab398e&#8221; header_3_text_color=&#8221;#ab398e&#8221; locked=&#8221;off&#8221; global_colors_info=&#8221;{}&#8221;]<\/p>\n<h3>2018 Manuel P\u00e9rez Ledesma Prize<\/h3>\n<p><\/p>\n<h4><strong>Nerea Aresti<br \/><\/strong><\/h4>\n<p><\/p>\n<p>Prize for the best Contemporary History article published in 2017, awarded by the AHC for the article: <strong> \u2018El gentleman y el b\u00e1rbaro. Masculinidad y civilizaci\u00f3n en el nacionalismo vasco (1893-1937)\u2019,<\/strong> <em>Cuadernos de Historia Contempor\u00e1nea, n\u00fam. 39, 2017, pp. 83-103<\/em><\/p>\n<p>[\/et_pb_text][et_pb_divider divider_position=&#8221;center&#8221; divider_weight=&#8221;3px&#8221; _builder_version=&#8221;4.16&#8243; max_width=&#8221;60px&#8221; height=&#8221;3px&#8221; custom_margin=&#8221;||10px|&#8221; locked=&#8221;off&#8221; global_colors_info=&#8221;{}&#8221;][\/et_pb_divider][et_pb_text _builder_version=&#8221;4.16&#8243; text_font=&#8221;||||||||&#8221; text_line_height=&#8221;1.8em&#8221; header_2_text_color=&#8221;#ab398e&#8221; header_3_text_color=&#8221;#ab398e&#8221; locked=&#8221;off&#8221; global_colors_info=&#8221;{}&#8221;]<\/p>\n<h3>XXVII Victoria Kent Prize, 2016 (University of Malaga)<\/h3>\n<p><\/p>\n<h3>IX Miguel Artola Prize (Contemporary History Association)<\/h3>\n<p><\/p>\n<h4><strong>Eider de Dios<br \/><\/strong><\/h4>\n<p><\/p>\n<p>For the doctoral dissertation <strong>Sirvienta, empleada, trabajadora de hogar. G\u00e9nero, clase e identidad a trav\u00e9s del servicio dom\u00e9stico en el Gran Bilbao (1939- 1985)<\/strong>, University of the Basque Country.<\/p>\n<p><\/p>\n<ul>\n<li>Supervised by: Miren Llona and Mercedes Arbaiza.<\/li>\n<\/ul>\n<p>[\/et_pb_text][et_pb_divider divider_position=&#8221;center&#8221; divider_weight=&#8221;3px&#8221; _builder_version=&#8221;4.16&#8243; max_width=&#8221;60px&#8221; height=&#8221;3px&#8221; custom_margin=&#8221;||10px|&#8221; locked=&#8221;off&#8221; global_colors_info=&#8221;{}&#8221;][\/et_pb_divider][et_pb_text _builder_version=&#8221;4.16&#8243; text_font=&#8221;||||||||&#8221; text_line_height=&#8221;1.8em&#8221; header_2_text_color=&#8221;#ab398e&#8221; header_3_text_color=&#8221;#ab398e&#8221; locked=&#8221;off&#8221; global_colors_info=&#8221;{}&#8221;]<\/p>\n<h3>IX Miguel Artola Prize, 2016 \u2013 Second Runner-up (Contemporary History Association)<\/h3>\n<p><\/p>\n<h4><strong>David Beorlegui<br \/><\/strong><\/h4>\n<p><\/p>\n<p>For the doctoral dissertation <strong>La experiencia del desencanto en el Pa\u00eds Vasco (1976-1986): memoria, subjetividad y utop\u00eda<\/strong>, Universidad del Pa\u00eds Vasco.<\/p>\n<p><\/p>\n<ul>\n<li>Supervised by: Jos\u00e9 Javier D\u00edaz Freire and Miren Llona.<\/li>\n<\/ul>\n<p>[\/et_pb_text][et_pb_divider divider_position=&#8221;center&#8221; divider_weight=&#8221;3px&#8221; _builder_version=&#8221;4.16&#8243; max_width=&#8221;60px&#8221; height=&#8221;3px&#8221; custom_margin=&#8221;||10px|&#8221; locked=&#8221;off&#8221; global_colors_info=&#8221;{}&#8221;][\/et_pb_divider][et_pb_text _builder_version=&#8221;4.16&#8243; text_font=&#8221;||||||||&#8221; text_line_height=&#8221;1.8em&#8221; header_2_text_color=&#8221;#ab398e&#8221; header_3_text_color=&#8221;#ab398e&#8221; locked=&#8221;off&#8221; global_colors_info=&#8221;{}&#8221;]<\/p>\n<h3>Miguel Artola Prize, 2014 (Contemporary History Association)<\/h3>\n<p><\/p>\n<h4><strong>Ra\u00fal M\u00ednguez<br \/><\/strong><\/h4>\n<p><\/p>\n<p>For the doctoral dissertation<strong> La paradoja cat\u00f3lica ante la modernidad. Modelos de feminidad y mujeres cat\u00f3licas en Espa\u00f1a (1851-1874),<\/strong> University of Valencia,<\/p>\n<p><\/p>\n<ul>\n<li>Supervised by: Isabel Burdiel.<\/li>\n<\/ul>\n<p>[\/et_pb_text][et_pb_divider divider_position=&#8221;center&#8221; divider_weight=&#8221;3px&#8221; _builder_version=&#8221;4.16&#8243; max_width=&#8221;60px&#8221; height=&#8221;3px&#8221; custom_margin=&#8221;||10px|&#8221; locked=&#8221;off&#8221; global_colors_info=&#8221;{}&#8221;][\/et_pb_divider][et_pb_text _builder_version=&#8221;4.16&#8243; text_font=&#8221;||||||||&#8221; text_line_height=&#8221;1.8em&#8221; header_2_text_color=&#8221;#ab398e&#8221; header_3_text_color=&#8221;#ab398e&#8221; locked=&#8221;off&#8221; global_colors_info=&#8221;{}&#8221;]<\/p>\n<h3>Miguel Artola Prize, 2013 (Contemporary History Association)<\/h3>\n<p><\/p>\n<h3>VI Juana de Vega Prize for Young Researchers, 2013 (University of Santiago de Compostela).<\/h3>\n<p><\/p>\n<h4><strong>Aintzane Rinc\u00f3n D\u00edez <\/strong><\/h4>\n<p><\/p>\n<p>For the doctoral dissertation, <strong>Representaciones de g\u00e9nero en el cine espa\u00f1ol (1936-1982): Figuras y fisuras<\/strong>. University of the Basque Country<\/p>\n<p><\/p>\n<ul>\n<li>Supervised by: Nerea Aresti.<\/li>\n<\/ul>\n<p>[\/et_pb_text][et_pb_divider divider_position=&#8221;center&#8221; divider_weight=&#8221;3px&#8221; _builder_version=&#8221;4.16&#8243; max_width=&#8221;60px&#8221; height=&#8221;3px&#8221; custom_margin=&#8221;||10px|&#8221; locked=&#8221;off&#8221; global_colors_info=&#8221;{}&#8221;][\/et_pb_divider][et_pb_text _builder_version=&#8221;4.16&#8243; text_font=&#8221;||||||||&#8221; text_line_height=&#8221;1.8em&#8221; header_2_text_color=&#8221;#ab398e&#8221; header_3_text_color=&#8221;#ab398e&#8221; locked=&#8221;off&#8221; global_colors_info=&#8221;{}&#8221;]<\/p>\n<h3>2013 Micaela Portilla Prize<\/h3>\n<p><\/p>\n<h4><strong>Aritza S\u00e1enz del Castillo<\/strong><\/h4>\n<p><\/p>\n<p>Award for the best dissertation on women&#8217;s or gender studies at completed the University of the Basque Country (UPV\/EHU) entitled: <strong>La participaci\u00f3n de las mujeres en el mercado laboral vitoriano (1950-1975)<\/strong>.<\/p>\n<p><\/p>\n<ul>\n<li>Supervised by: Pilar P\u00e9rez Fuentes.<\/li>\n<\/ul>\n<p>[\/et_pb_text][et_pb_divider divider_position=&#8221;center&#8221; divider_weight=&#8221;3px&#8221; _builder_version=&#8221;4.16&#8243; max_width=&#8221;60px&#8221; height=&#8221;3px&#8221; custom_margin=&#8221;||10px|&#8221; locked=&#8221;off&#8221; global_colors_info=&#8221;{}&#8221;][\/et_pb_divider][et_pb_text _builder_version=&#8221;4.16&#8243; text_font=&#8221;||||||||&#8221; text_line_height=&#8221;1.8em&#8221; header_2_text_color=&#8221;#ab398e&#8221; header_3_text_color=&#8221;#ab398e&#8221; locked=&#8221;off&#8221; global_colors_info=&#8221;{}&#8221;]<\/p>\n<h3>XII Victoria Kent Prize, 2002 (University of Malaga)<\/h3>\n<p><\/p>\n<h4><strong>Miren Llona<br \/><\/strong><\/h4>\n<p><\/p>\n<p>For the doctoral dissertation: <strong> Las mujeres de las clases medias bilba\u00ednas. Los cambios de la identidad femenina durante los a\u00f1os veinte y treinta a trav\u00e9s de la historia oral.<\/strong><br \/>University of the Basque Country, 2000.<\/p>\n<p><\/p>\n<ul>\n<li>Supervised by: Jos\u00e9 Javier D\u00edaz Freire.<\/li>\n<\/ul>\n<p>[\/et_pb_text][\/et_pb_column][\/et_pb_row][\/et_pb_section]<\/p>\n","protected":false},"excerpt":{"rendered":"<p>AwardsXIII MICAELA PORTILLA AWARD for the best thesis on feminist or gender studies 2024 from the University of the Basque Country UPV\/EHUMaialen Altuna EtxebarriaBay Emociones, represi\u00f3n y resistencias de g\u00e9nero en el franquismo (Pa\u00edsVasco 1939-1968)XI MICAELA PORTILLA AWARD for the best thesis on feminist or gender studies 2022 from the University of the Basque Country [&hellip;]<\/p>\n","protected":false},"author":1,"featured_media":0,"parent":0,"menu_order":0,"comment_status":"closed","ping_status":"closed","template":"","meta":{"_et_pb_use_builder":"on","_et_pb_old_content":"","_et_gb_content_width":"","footnotes":""},"class_list":["post-6036","page","type-page","status-publish","hentry"],"_links":{"self":[{"href":"https:\/\/experienciamoderna.com\/en\/wp-json\/wp\/v2\/pages\/6036","targetHints":{"allow":["GET"]}}],"collection":[{"href":"https:\/\/experienciamoderna.com\/en\/wp-json\/wp\/v2\/pages"}],"about":[{"href":"https:\/\/experienciamoderna.com\/en\/wp-json\/wp\/v2\/types\/page"}],"author":[{"embeddable":true,"href":"https:\/\/experienciamoderna.com\/en\/wp-json\/wp\/v2\/users\/1"}],"replies":[{"embeddable":true,"href":"https:\/\/experienciamoderna.com\/en\/wp-json\/wp\/v2\/comments?post=6036"}],"version-history":[{"count":20,"href":"https:\/\/experienciamoderna.com\/en\/wp-json\/wp\/v2\/pages\/6036\/revisions"}],"predecessor-version":[{"id":11500,"href":"https:\/\/experienciamoderna.com\/en\/wp-json\/wp\/v2\/pages\/6036\/revisions\/11500"}],"wp:attachment":[{"href":"https:\/\/experienciamoderna.com\/en\/wp-json\/wp\/v2\/media?parent=6036"}],"curies":[{"name":"wp","href":"https:\/\/api.w.org\/{rel}","templated":true}]}}