{"id":6384,"date":"2020-06-10T13:23:52","date_gmt":"2020-06-10T11:23:52","guid":{"rendered":"https:\/\/experienciamoderna.com\/about-us\/jose-javier-diaz-freire\/"},"modified":"2020-06-16T13:06:21","modified_gmt":"2020-06-16T11:06:21","slug":"jose-javier-diaz-freire","status":"publish","type":"page","link":"https:\/\/experienciamoderna.com\/en\/about-us\/jose-javier-diaz-freire\/","title":{"rendered":"Jose Javier D\u00edaz Freire"},"content":{"rendered":"<p>[et_pb_section fb_built=&#8221;1&#8243; _builder_version=&#8221;4.4.1&#8243;][et_pb_row _builder_version=&#8221;4.4.1&#8243;][et_pb_column type=&#8221;4_4&#8243; _builder_version=&#8221;4.4.1&#8243;][et_pb_text _builder_version=&#8221;4.4.1&#8243;]<\/p>\n<h1>Jose Javier D\u00edaz Freire<\/h1>\n<p>[\/et_pb_text][et_pb_text _builder_version=&#8221;4.4.8&#8243; hover_enabled=&#8221;0&#8243;]<\/p>\n<p style=\"text-align: left;\"><img loading=\"lazy\" decoding=\"async\" class=\"wp-image-1587 size-full alignleft\" src=\"https:\/\/experienciamoderna.com\/wp-content\/uploads\/2020\/03\/JavierDF.jpg\" alt=\"\" width=\"165\" height=\"180\" \/><\/p>\n<p>Doctorate in Contemporary History from the Universidad del Pa\u00eds Vasco and since 1993 University Professor in the Department of Contemporary History in the same university, where he is responsible of the subjects \u201cContemporary history of social movements\u201d, \u201cCommunication, gender and mass culture in the contemporary world\u201d and of the course \u201cSocial theory within the post-modern context\u201d as part of the University Master in Contemporary History.<\/p>\n<p>His first works deal with the Second Republic and mainly stand out for the use of an innovative methodology influenced by the so-called \u201clinguistic turn\u201d in social science and humanities. The Republic is introduced as the scenery for a dialog between different political discourses that share the same confidence in the ideology of progress.<\/p>\n<p>Further works continue that line of theoretical renewal of historiography registering in what is called \u201cpost-social history\u201d, but submitting the discursive paradigm to a critic basis on the concepts of body, emotion and experience. A presentation of these points of view can be found in \u201cCuerpo a cuerpo con el giro ling\u00fc\u00edstico\u201d, Arenal n\u00ba14, vol.1, 2007. Those new analytical perspectives have been applied to different objects of research and nowadays are oriented to the study of modernity experience in the construction process of national identities, which are not seen as the result of any essence or basis but as the product of nationalist action of different forces acting, generally, producing emotions: \u201cEl cuerpo de Aitor: emoci\u00f3n y discurso en la creaci\u00f3n de la comunidad nacional vasca\u201d, Historia Social, n\u00ba: 20, 2001.<\/p>\n<p>He has directed numerous projects related to these lines of research and he is the Principal Investigator of the Research Group called \u201cLa experiencia de la sociedad moderna en Espa\u00f1a desde 1875 a 1990\u201d.<\/p>\n<p>He is the editor of two numbers of the magazine Historia Contempor\u00e1nea and was secretary of this magazine. He has published articles in different specialized magazines and among them to highlight: La Rep\u00fablica y el porvenir (1993), and his contribution to the collective books: El rumor de lo cotidiano (1999); El desaf\u00edo de la diferencia (2003), Los l\u00edmites de la diferencia: alteridad cultural, g\u00e9nero y pr\u00e1cticas sociales (2009) and Migraciones intercontinentales: entre la representaci\u00f3n del enfrentamiento y la experiencia de contacto (2011).<\/p>\n<p><a href=\"https:\/\/dialnet.unirioja.es\/servlet\/autor?codigo=145540\">https:\/\/dialnet.unirioja.es\/servlet\/autor?codigo=145540<\/a><br \/>\n<a href=\"https:\/\/dialnet.unirioja.es\/servlet\/autor?codigo=145540https:\/\/ehu.academia.edu\/JoseJavierDiazFreirehttp:\/\/orcid.org\">https:\/\/ehu.academia.edu\/JoseJavierDiazFreire<\/a><br \/>\n<a href=\"http:\/\/orcid.org\/0000-0002-4302-7233\">http:\/\/orcid.org<\/a>\/<br \/>\n<a href=\"mailto:josejavier.diazfreire@ehu.es\">josejavier.diazfreire@ehu.es<\/a>[\/et_pb_text][\/et_pb_column][\/et_pb_row][\/et_pb_section]<\/p>\n","protected":false},"excerpt":{"rendered":"<p>Jose Javier D\u00edaz Freire Doctorate in Contemporary History from the Universidad del Pa\u00eds Vasco and since 1993 University Professor in the Department of Contemporary History in the same university, where he is responsible of the subjects \u201cContemporary history of social movements\u201d, \u201cCommunication, gender and mass culture in the contemporary world\u201d and of the course \u201cSocial [&hellip;]<\/p>\n","protected":false},"author":1,"featured_media":0,"parent":6156,"menu_order":0,"comment_status":"closed","ping_status":"closed","template":"","meta":{"_et_pb_use_builder":"on","_et_pb_old_content":"","_et_gb_content_width":"","footnotes":""},"class_list":["post-6384","page","type-page","status-publish","hentry"],"_links":{"self":[{"href":"https:\/\/experienciamoderna.com\/en\/wp-json\/wp\/v2\/pages\/6384","targetHints":{"allow":["GET"]}}],"collection":[{"href":"https:\/\/experienciamoderna.com\/en\/wp-json\/wp\/v2\/pages"}],"about":[{"href":"https:\/\/experienciamoderna.com\/en\/wp-json\/wp\/v2\/types\/page"}],"author":[{"embeddable":true,"href":"https:\/\/experienciamoderna.com\/en\/wp-json\/wp\/v2\/users\/1"}],"replies":[{"embeddable":true,"href":"https:\/\/experienciamoderna.com\/en\/wp-json\/wp\/v2\/comments?post=6384"}],"version-history":[{"count":2,"href":"https:\/\/experienciamoderna.com\/en\/wp-json\/wp\/v2\/pages\/6384\/revisions"}],"predecessor-version":[{"id":6662,"href":"https:\/\/experienciamoderna.com\/en\/wp-json\/wp\/v2\/pages\/6384\/revisions\/6662"}],"up":[{"embeddable":true,"href":"https:\/\/experienciamoderna.com\/en\/wp-json\/wp\/v2\/pages\/6156"}],"wp:attachment":[{"href":"https:\/\/experienciamoderna.com\/en\/wp-json\/wp\/v2\/media?parent=6384"}],"curies":[{"name":"wp","href":"https:\/\/api.w.org\/{rel}","templated":true}]}}