{"id":6388,"date":"2020-06-10T13:25:56","date_gmt":"2020-06-10T11:25:56","guid":{"rendered":"https:\/\/experienciamoderna.com\/about-us\/lola-valverde\/"},"modified":"2020-06-10T13:25:57","modified_gmt":"2020-06-10T11:25:57","slug":"lola-valverde","status":"publish","type":"page","link":"https:\/\/experienciamoderna.com\/en\/about-us\/lola-valverde\/","title":{"rendered":"Lola Valverde"},"content":{"rendered":"<p>[et_pb_section fb_built=&#8221;1&#8243; _builder_version=&#8221;4.4.1&#8243;][et_pb_row _builder_version=&#8221;4.4.1&#8243;][et_pb_column type=&#8221;4_4&#8243; _builder_version=&#8221;4.4.1&#8243;][et_pb_text _builder_version=&#8221;4.4.1&#8243;]<\/p>\n<h1>Lola Valverde<\/h1>\n<p>[\/et_pb_text][et_pb_text _builder_version=&#8221;4.4.1&#8243; hover_enabled=&#8221;0&#8243;]<img loading=\"lazy\" decoding=\"async\" class=\"wp-image-1593 size-full alignleft\" src=\"https:\/\/experienciamoderna.com\/wp-content\/uploads\/2020\/03\/lola-valverde1.jpg\" alt=\"\" width=\"165\" height=\"180\" \/><\/p>\n<p>Doctorate in Contemporary History from the Universidad del Pa\u00eds Vasco since 1992, she has been Professor at the Department of Contemporary History until her retirement and at present she is an honoured collaborator at this University.<\/p>\n<p>Her research deals with social history and cultural history. Gender relations, family, poverty and the different marginalized groups in society are mainly her common fields<br \/>\nof research although not the ones.<\/p>\n<p>Between 1992 and 2008 she conducted a Doctorate course as a visiting lecturer and later a Master at the Department of History at the Universidad P\u00fablica de<br \/>\nNavarra. Since 2008, among other responsibilities, she is the Chairwoman of the Board of Fundaci\u00f3n para el Estudio del Derecho Hist\u00f3rico y Auton\u00f3mico de Vasconia.<\/p>\n<p>Her researching activity is completed with an intense dissemination activity conducting courses, conferences and participation in radio programs always related to her researching issues.<\/p>\n<p>She is the author of numerous articles and the books Historia de Guip\u00fazcoa (1984),<br \/>\nEntre el deshonor y la miseria. Infancia abandonada en Guip\u00fazcoa y Navarra s.XVIII<br \/>\ny XIX (1994) and Familia, ezkontzak eta genero-harremank Azpeitian\/ Historia de la<br \/>\nfamilia el matrimonio y las relaciones de g\u00e9nero en Azpeitia (2011).<\/p>\n<p><a href=\"mailto:lolavalverdelamsfus@yahoo.es\">lolavalverdelamsfus@yahoo.es<\/a><br \/>\n[\/et_pb_text][\/et_pb_column][\/et_pb_row][\/et_pb_section]<\/p>\n","protected":false},"excerpt":{"rendered":"<p>Lola Valverde Doctorate in Contemporary History from the Universidad del Pa\u00eds Vasco since 1992, she has been Professor at the Department of Contemporary History until her retirement and at present she is an honoured collaborator at this University. Her research deals with social history and cultural history. Gender relations, family, poverty and the different marginalized [&hellip;]<\/p>\n","protected":false},"author":1,"featured_media":0,"parent":6156,"menu_order":0,"comment_status":"closed","ping_status":"closed","template":"","meta":{"_et_pb_use_builder":"on","_et_pb_old_content":"","_et_gb_content_width":"","footnotes":""},"class_list":["post-6388","page","type-page","status-publish","hentry"],"_links":{"self":[{"href":"https:\/\/experienciamoderna.com\/en\/wp-json\/wp\/v2\/pages\/6388","targetHints":{"allow":["GET"]}}],"collection":[{"href":"https:\/\/experienciamoderna.com\/en\/wp-json\/wp\/v2\/pages"}],"about":[{"href":"https:\/\/experienciamoderna.com\/en\/wp-json\/wp\/v2\/types\/page"}],"author":[{"embeddable":true,"href":"https:\/\/experienciamoderna.com\/en\/wp-json\/wp\/v2\/users\/1"}],"replies":[{"embeddable":true,"href":"https:\/\/experienciamoderna.com\/en\/wp-json\/wp\/v2\/comments?post=6388"}],"version-history":[{"count":1,"href":"https:\/\/experienciamoderna.com\/en\/wp-json\/wp\/v2\/pages\/6388\/revisions"}],"predecessor-version":[{"id":6389,"href":"https:\/\/experienciamoderna.com\/en\/wp-json\/wp\/v2\/pages\/6388\/revisions\/6389"}],"up":[{"embeddable":true,"href":"https:\/\/experienciamoderna.com\/en\/wp-json\/wp\/v2\/pages\/6156"}],"wp:attachment":[{"href":"https:\/\/experienciamoderna.com\/en\/wp-json\/wp\/v2\/media?parent=6388"}],"curies":[{"name":"wp","href":"https:\/\/api.w.org\/{rel}","templated":true}]}}