{"id":6397,"date":"2020-06-11T12:00:26","date_gmt":"2020-06-11T10:00:26","guid":{"rendered":"https:\/\/experienciamoderna.com\/about-us\/maialen-aranguren\/"},"modified":"2020-06-11T12:00:27","modified_gmt":"2020-06-11T10:00:27","slug":"maialen-aranguren","status":"publish","type":"page","link":"https:\/\/experienciamoderna.com\/en\/about-us\/maialen-aranguren\/","title":{"rendered":"Maialen Aranguren"},"content":{"rendered":"<p>[et_pb_section fb_built=&#8221;1&#8243; _builder_version=&#8221;4.3.4&#8243;][et_pb_row _builder_version=&#8221;4.3.4&#8243;][et_pb_column type=&#8221;4_4&#8243; _builder_version=&#8221;4.3.4&#8243;][et_pb_text content_tablet=&#8221;&#8221; content_phone=&#8221;&#8221; content_last_edited=&#8221;on|desktop&#8221; _builder_version=&#8221;4.4.6&#8243; header_text_align=&#8221;left&#8221; header_text_align_tablet=&#8221;&#8221; header_text_align_phone=&#8221;center&#8221; header_text_align_last_edited=&#8221;on|phone&#8221; header_font_size_tablet=&#8221;&#8221; header_font_size_phone=&#8221;26px&#8221; header_font_size_last_edited=&#8221;on|desktop&#8221;]<\/p>\n<h1>Maialen Aranguren<\/h1>\n<p>[\/et_pb_text][et_pb_text _builder_version=&#8221;4.4.6&#8243;]<\/p>\n<p><img loading=\"lazy\" decoding=\"async\" class=\"wp-image-1617 size-full alignleft\" src=\"https:\/\/experienciamoderna.com\/wp-content\/uploads\/2020\/03\/Maialen-Aranguren1.jpg\" alt=\"\" width=\"165\" height=\"180\" \/>Licenciada en Historia por la UPV\/EHU. Ha cursado los estudios del M\u00e1ster Interuniversitario de Historia Contempor\u00e1nea en la UPV\/EHU y en la UCM y del M\u00e1ster Universitario en Formaci\u00f3n del Profesorado de Educaci\u00f3n Secundaria Obligatoria y Bachillerato, Formaci\u00f3n Profesional y Ense\u00f1anzas de Idiomas en la UPV\/EHU.<\/p>\n<p>Actualmente es personal investigador predoctoral en formaci\u00f3n (contrato PIC) de la UPV\/EHU. As\u00ed, se encuentra desarrollando su proyecto de tesis doctoral, titulado \u201cLa anatom\u00eda pol\u00edtica del cuerpo feminista. El movimiento aut\u00f3nomo de mujeres en el Pa\u00eds Vasco (1975-1994)\u201d. Dirigido por las profesoras Mercedes Arbaiza y Nerea Aresti, el trabajo se centra en el an\u00e1lisis de la configuraci\u00f3n y consolidaci\u00f3n del movimiento feminista de la Transici\u00f3n en el Pa\u00eds Vasco. Asimismo, desde una perspectiva atenta a los discursos y las relaciones de g\u00e9nero, pretende estudiar las condiciones que hicieron posible la creaci\u00f3n de un nuevo sujeto pol\u00edtico, las feministas, y su posterior evoluci\u00f3n.<\/p>\n<p>Con el objetivo de profundizar en ciertos aspectos de su proyecto de investigaci\u00f3n realiz\u00f3 una estancia durante el primer trimestre de 2016 en la University of California, San Diego (EEUU) en calidad de Visiting Graduate Student, bajo la supervisi\u00f3n de la historiadora Pamela Radcliff. Asimismo, durante esta estancia tambi\u00e9n estuvo en contacto con el Center for Iberian and Latin American Studies (CILAS), de la mencionada universidad.<\/p>\n<p>Ha presentado los primeros resultados de su investigaci\u00f3n en diferentes congresos y seminarios entre los que destacan:<\/p>\n<p>Comunicaci\u00f3n: \u201cLa liberaci\u00f3n sexual de las mujeres. Una aproximaci\u00f3n desde el movimiento feminista y los grupos de lesbianas feminista de Euskadi en la Transici\u00f3n\u201d, Congreso Las otras protagonistas de la Transici\u00f3n: Izquierda Radical y Movilizaciones Sociales (Madrid, 24-25 de febrero de 2017)<br \/>Ponencia: \u201cFrom woman to women. The Construction of the Basque Feminist Subject (1975-1994)\u201d, invitada por el Center for Iberian and Latin American Studies (San Diego (California), 7 de abril de 2016).<br \/>Comunicaci\u00f3n \u201cThe Construction of the Feminist Subject. The Case of The Autonomous Basque Feminist Movement (1975-1994)\u201d, 47th Annual Meeting of the Association for Spanish and Portuguese Historical Studies (San Diego, 17-20 de marzo de 2016).<br \/>Ponencia \u201cEl sentir de las mujeres en movimiento: las I Jornadas de la Mujer de Euskadi, (Leioa, 1977)\u201d, II Seminario Internacional. Historia y Emociones. Nuevos Enfoques (Bilbao, 9 de junio de 2015).<\/p>\n<p>Asimismo, ha participado en comit\u00e9s organizadores de dos Seminarios Internacionales.<\/p>\n<p>Junto con Nerea Aresti es coautora del cap\u00edtulo de libro \u201cWomen Above All: The Autonomous Basque Feminist Movement (1973-1994)\u201d, que se publicar\u00e1 en Berm\u00fadez, Silvia y Johnson, Roberta (eds.), A New History of Iberian Feminism, Toronto, University of Toronto Press (en prensa). Asimismo es coautora, junto a Antonio Prada y Ana Pe\u00f1a, del libro La Guerra Civil y el Franquismo en Zumarraga \u2013 Gerra Zibila eta Frankismoa Zumarragan, Zumarraga, Ayuntamiento de Zumarraga, 2014, elaborado y publicado gracias a la obtenci\u00f3n de la beca \u201cLa memoria hist\u00f3rica en Zumarraga\u201d convocada por el ayuntamiento de Zumarraga en colaboraci\u00f3n con la Diputaci\u00f3n de Gipuzkoa.<\/p>\n<p><a href=\"http:\/\/easynet.academia.edu\/MaialenAranguren\">http:\/\/easynet.academia.edu\/MaialenAranguren<\/a><br \/><a href=\"mailto:maialen_aranguren@hotmail.com\">maialen_aranguren@hotmail.com<\/a><\/p>\n<p>[\/et_pb_text][\/et_pb_column][\/et_pb_row][\/et_pb_section]<\/p>\n","protected":false},"excerpt":{"rendered":"<p>Maialen ArangurenLicenciada en Historia por la UPV\/EHU. Ha cursado los estudios del M\u00e1ster Interuniversitario de Historia Contempor\u00e1nea en la UPV\/EHU y en la UCM y del M\u00e1ster Universitario en Formaci\u00f3n del Profesorado de Educaci\u00f3n Secundaria Obligatoria y Bachillerato, Formaci\u00f3n Profesional y Ense\u00f1anzas de Idiomas en la UPV\/EHU. Actualmente es personal investigador predoctoral en formaci\u00f3n (contrato [&hellip;]<\/p>\n","protected":false},"author":1,"featured_media":0,"parent":6156,"menu_order":0,"comment_status":"closed","ping_status":"closed","template":"","meta":{"_et_pb_use_builder":"on","_et_pb_old_content":"","_et_gb_content_width":"","footnotes":""},"class_list":["post-6397","page","type-page","status-publish","hentry"],"_links":{"self":[{"href":"https:\/\/experienciamoderna.com\/en\/wp-json\/wp\/v2\/pages\/6397","targetHints":{"allow":["GET"]}}],"collection":[{"href":"https:\/\/experienciamoderna.com\/en\/wp-json\/wp\/v2\/pages"}],"about":[{"href":"https:\/\/experienciamoderna.com\/en\/wp-json\/wp\/v2\/types\/page"}],"author":[{"embeddable":true,"href":"https:\/\/experienciamoderna.com\/en\/wp-json\/wp\/v2\/users\/1"}],"replies":[{"embeddable":true,"href":"https:\/\/experienciamoderna.com\/en\/wp-json\/wp\/v2\/comments?post=6397"}],"version-history":[{"count":1,"href":"https:\/\/experienciamoderna.com\/en\/wp-json\/wp\/v2\/pages\/6397\/revisions"}],"predecessor-version":[{"id":6398,"href":"https:\/\/experienciamoderna.com\/en\/wp-json\/wp\/v2\/pages\/6397\/revisions\/6398"}],"up":[{"embeddable":true,"href":"https:\/\/experienciamoderna.com\/en\/wp-json\/wp\/v2\/pages\/6156"}],"wp:attachment":[{"href":"https:\/\/experienciamoderna.com\/en\/wp-json\/wp\/v2\/media?parent=6397"}],"curies":[{"name":"wp","href":"https:\/\/api.w.org\/{rel}","templated":true}]}}