{"id":6605,"date":"2020-06-16T11:54:47","date_gmt":"2020-06-16T09:54:47","guid":{"rendered":"https:\/\/experienciamoderna.com\/about-us\/luis-ocio\/"},"modified":"2020-06-16T11:54:47","modified_gmt":"2020-06-16T09:54:47","slug":"luis-ocio","status":"publish","type":"page","link":"https:\/\/experienciamoderna.com\/en\/about-us\/luis-ocio\/","title":{"rendered":"Luis Ocio"},"content":{"rendered":"<p>[et_pb_section fb_built=&#8221;1&#8243; _builder_version=&#8221;4.4.1&#8243;][et_pb_row _builder_version=&#8221;4.4.1&#8243;][et_pb_column type=&#8221;4_4&#8243; _builder_version=&#8221;4.4.1&#8243;][et_pb_text _builder_version=&#8221;4.4.1&#8243;]<\/p>\n<h1>Luis Ocio<\/h1>\n<p>[\/et_pb_text][et_pb_text _builder_version=&#8221;4.4.1&#8243; hover_enabled=&#8221;0&#8243;]<img loading=\"lazy\" decoding=\"async\" class=\"wp-image-1594 size-full alignleft\" src=\"https:\/\/experienciamoderna.com\/wp-content\/uploads\/2020\/03\/luis-ocio1.jpg\" alt=\"\" width=\"130\" height=\"180\" \/>Francisco Luis Mar\u00eda Ocio D\u00edaz de Otazu holds a doctorate in Geography and History from the University of the Basque Country.<\/p>\n<h4>Publications<\/h4>\n<p>Ramiro de Maeztu. Un mon\u00e1rquico en la II Rep\u00fablica, Universidad del Pa\u00eds Vasco, Bilbao, (2014).<\/p>\n<h4>Journal articles:<\/h4>\n<p>OCIO, Luis, \u201cLa configuraci\u00f3n del pensamiento reaccionario espa\u00f1ol: el caso de Ramiro de Maeztu durante su etapa de embajador en Argentina\u201d, <i>Historia Contempor\u00e1nea<\/i>, Bilbao, 1999, N\u00ba. 18, pp. 347-382.<\/p>\n<h4>Reviews:<\/h4>\n<p>OCIO, Luis, [rese\u00f1a de] Fernando DEL REY (dir.), <i>Palabras como pu\u00f1os. La intransigencia pol\u00edtica en la Segunda Rep\u00fablica espa\u00f1ola<\/i>, Tecnos, Madrid, 2011. <i>Historia Contempor\u00e1nea<\/i>, Bilbao, 2012 (II), N\u00ba. 45, pp. 812-818.<\/p>\n<h4>Research lines<\/h4>\n<p>Second Spanish Republic \/ Hispanic right-wing political thought<\/p>\n<h4>Education<\/h4>\n<ul>\n<li>\u00a0Bachelor\u2019s degree in Geography and History (University of the Basque Country \u2013 1991)<\/li>\n<li>Doctorate in Geography and History (University of the Basque Country \u2013 2010)<\/li>\n<\/ul>\n<h4>Experience (researcher\/teacher)<\/h4>\n<ul>\n<li>\u201cEl contenido de la identidad. Las identidades en el Pa\u00eds Vasco contempor\u00e1neo\u201d; rincipal Researcher, Jos\u00e9 Javier D\u00edaz Freire (2006-2008)<\/li>\n<\/ul>\n<h4>Participation in conferences<\/h4>\n<p>\u201cAngustia, dolor y arrepentimiento: tres percepciones de la decadencia en el conservadurismo hispano\u201d,\u00a0XI Conference of the Contemporary History Association, 2012.<\/p>\n<p><a href=\"mailto:luis.ocio@outlook.es\">luis.ocio@outlook.es<\/a><br \/>\n[\/et_pb_text][\/et_pb_column][\/et_pb_row][\/et_pb_section]<\/p>\n","protected":false},"excerpt":{"rendered":"<p>Luis OcioFrancisco Luis Mar\u00eda Ocio D\u00edaz de Otazu holds a doctorate in Geography and History from the University of the Basque Country. Publications Ramiro de Maeztu. Un mon\u00e1rquico en la II Rep\u00fablica, Universidad del Pa\u00eds Vasco, Bilbao, (2014). Journal articles: OCIO, Luis, \u201cLa configuraci\u00f3n del pensamiento reaccionario espa\u00f1ol: el caso de Ramiro de Maeztu durante [&hellip;]<\/p>\n","protected":false},"author":1,"featured_media":0,"parent":6156,"menu_order":0,"comment_status":"closed","ping_status":"closed","template":"","meta":{"_et_pb_use_builder":"on","_et_pb_old_content":"","_et_gb_content_width":"","footnotes":""},"class_list":["post-6605","page","type-page","status-publish","hentry"],"_links":{"self":[{"href":"https:\/\/experienciamoderna.com\/en\/wp-json\/wp\/v2\/pages\/6605","targetHints":{"allow":["GET"]}}],"collection":[{"href":"https:\/\/experienciamoderna.com\/en\/wp-json\/wp\/v2\/pages"}],"about":[{"href":"https:\/\/experienciamoderna.com\/en\/wp-json\/wp\/v2\/types\/page"}],"author":[{"embeddable":true,"href":"https:\/\/experienciamoderna.com\/en\/wp-json\/wp\/v2\/users\/1"}],"replies":[{"embeddable":true,"href":"https:\/\/experienciamoderna.com\/en\/wp-json\/wp\/v2\/comments?post=6605"}],"version-history":[{"count":1,"href":"https:\/\/experienciamoderna.com\/en\/wp-json\/wp\/v2\/pages\/6605\/revisions"}],"predecessor-version":[{"id":6606,"href":"https:\/\/experienciamoderna.com\/en\/wp-json\/wp\/v2\/pages\/6605\/revisions\/6606"}],"up":[{"embeddable":true,"href":"https:\/\/experienciamoderna.com\/en\/wp-json\/wp\/v2\/pages\/6156"}],"wp:attachment":[{"href":"https:\/\/experienciamoderna.com\/en\/wp-json\/wp\/v2\/media?parent=6605"}],"curies":[{"name":"wp","href":"https:\/\/api.w.org\/{rel}","templated":true}]}}