{"id":7545,"date":"2023-02-20T16:25:06","date_gmt":"2023-02-20T15:25:06","guid":{"rendered":"https:\/\/experienciamoderna.com\/about-us\/jesus-espinosa-gutierrez\/"},"modified":"2024-02-15T15:23:13","modified_gmt":"2024-02-15T14:23:13","slug":"jesus-espinosa-gutierrez","status":"publish","type":"page","link":"https:\/\/experienciamoderna.com\/en\/about-us\/jesus-espinosa-gutierrez\/","title":{"rendered":"Jes\u00fas Espinosa Guti\u00e9rrez"},"content":{"rendered":"<p>[et_pb_section fb_built=&#8221;1&#8243; _builder_version=&#8221;4.16&#8243; global_colors_info=&#8221;{}&#8221;][et_pb_row _builder_version=&#8221;4.16&#8243; global_colors_info=&#8221;{}&#8221;][et_pb_column type=&#8221;4_4&#8243; _builder_version=&#8221;4.16&#8243; global_colors_info=&#8221;{}&#8221;][et_pb_text content_tablet=&#8221;&#8221; content_phone=&#8221;&#8221; content_last_edited=&#8221;on|desktop&#8221; _builder_version=&#8221;4.24.0&#8243; header_text_align=&#8221;left&#8221; header_text_align_tablet=&#8221;&#8221; header_text_align_phone=&#8221;center&#8221; header_text_align_last_edited=&#8221;on|phone&#8221; header_font_size_tablet=&#8221;&#8221; header_font_size_phone=&#8221;26px&#8221; header_font_size_last_edited=&#8221;on|desktop&#8221; global_colors_info=&#8221;{}&#8221;]<\/p>\n<h1>Jes\u00fas Espinosa Guti\u00e9rrez<\/h1>\n<p>[\/et_pb_text][et_pb_text _builder_version=&#8221;4.24.0&#8243; hover_enabled=&#8221;0&#8243; global_colors_info=&#8221;{}&#8221; sticky_enabled=&#8221;0&#8243;]<\/p>\n<p><img loading=\"lazy\" decoding=\"async\" class=\"alignleft wp-image-7951\" src=\"https:\/\/experienciamoderna.com\/wp-content\/uploads\/2023\/02\/Jeus_Espinosa_Experiencia_Moderna-150x150.jpg\" alt=\"\" width=\"180\" height=\"180\" \/>Jes\u00fas Espinosa Guti\u00e9rrez earned his PhD Contemporary History at the University of Cantabria with a doctoral thesis entitled \u201cDel discurso al activismo: Los hombres defensores de los derechos de las mujeres en la Espa\u00f1a contempor\u00e1nea\u201d. This research was directed by Mar\u00eda Jes\u00fas Gonz\u00e1lez Hern\u00e1ndez (professor of Contemporary History at University of Cantabria).<br \/>At this moment, he is professor of Economic history and Teaching social sciences in European University of the Atlantic and member of the Board of Directors of Aula Interdisciplinar Isabel Torres de Estudios de las Mujeres y del G\u00e9nero at University of Cantabria.<br \/>During his period as a doctoral student he was Research Visitor at Ca\u00f1ada Blanch Centre for Contemporary Spanish Studies (London School of Economics and Political Sciences). Also, in the course of this pre-doctoral stage he was awarded with various research prizes:<br \/>\u2013 Premio de investigaci\u00f3n de Historia y Geograf\u00eda de la Facultad de Filosof\u00eda y Letras de la Universidad de Cantabria (Edici\u00f3n 2009) with the text \u201cLas misiones pedag\u00f3gicas en Cantabria (1931-1936)\u201d.<br \/>\u2013 XVI Premio SIEM de Investigaci\u00f3n Feminista \u201cConcepci\u00f3n Gimeno de Flaquer\u201d granted by Seminario de Investigaci\u00f3n de Estudios de la Mujer de la Universidad de Zaragoza (2013). He received this prize for the article entitled \u201cEntre la armon\u00eda y la emancipaci\u00f3n de la mujer: nuevas aportaciones en torno a Friedrich Krause y el Krausismo espa\u00f1ol\u201d.<br \/>\u2013 Second reward XXIV Premio Divulgaci\u00f3n Feminista Carmen de Burgos given by Asociaci\u00f3n de Estudios Hist\u00f3ricos at University of M\u00e1laga (2014) with the work \u201c\u00bfPor qu\u00e9 un estudio de los hombres feministas desde perspectiva hist\u00f3rica?\u201d.<br \/>As a researcher, he has focused his efforts on the analysis of feminist discourses in the modern history of Spain and specifically in the study of the contributions that men made within historical feminisms under the social construction of masculinity. In this regard, among his publications is worth mentioning his book \u201c<strong>Hombres feministas y masculinidad en la Espa\u00f1a Contempor\u00e1nea\u201d<\/strong>, published in \u201cFeminismos\u201d collection of C\u00e1tedra publishing house in 2022. On the other hand, he has written the following book chapters of conferences:<br \/>ESPINOSA GUTI\u00c9RREZ, Jes\u00fas, \u201cDiscursos de hombres en los m\u00e1rgenes del patriarcado. Progresistas, profeministas e igualitarios en Espa\u00f1a (1868-1939)\u201d, en CASADO MEJ\u00cdA, Rosa, FLECHA GARC\u00cdA, Consuelo, GUIL BOZAL, Ana, PADILLA-CARMONA, M\u00aa Teresa, VAZQUEZ BERM\u00daDEZ, Isabel y MART\u00cdNEZ TORRES, Mar\u00eda del Roc\u00edo, (coords.), Aportaciones a la investigaci\u00f3n sobre mujeres y g\u00e9nero: V Congreso Universitario Internacional Investigaci\u00f3n y G\u00e9nero, Sevilla, Seminario Interdisciplinar de Estudios de las Mujeres de la Universidad de Sevilla, 2015, p\u00e1gs. 78-102.<br \/>\u2013 \u201cDiscursos feministas desde la masculinidad en Espa\u00f1a: Una aproximaci\u00f3n historiogr\u00e1fica\u201d, en CABAL TEJADA, Rub\u00e9n y GONZ\u00c1LEZ FERN\u00c1NDEZ, Ana, (coords.), Estudios socioculturales: resultados, experiencias, reflexiones, Oviedo, Asociaci\u00f3n de J\u00f3venes Investigadores en Estudios Socioculturales (AJIES), 2016, p\u00e1gs. 171-182.<br \/>\u2013 \u201c\u00abFeminismo de hombres\u00bb en la masoner\u00eda y el librepensamiento espa\u00f1ol (1868- 1920)\u201d, en DELGADO IDARRETA, Jos\u00e9 Miguel y POZUELO ANDR\u00c9S, Yv\u00e1n, (coords.), La masoner\u00eda hispano-lusa: De los absolutismos a las democracias, Universidad de Oviedo, Centro de Estudios Hist\u00f3ricos de la masoner\u00eda espa\u00f1ola, 2017, p\u00e1gs. 149-161.<br \/>\u2013 \u201cMiguel Romera-Navarro y la capacidad intelectual de la mujer: una refutaci\u00f3n a la ciencia androc\u00e9ntrica a principios del siglo XX\u201d, en SERRANO NIZA, Dolores, MART\u00cdN PALOMINO, Esther Torrado, ROBLES SANTANA, Mar\u00eda Ar\u00e1nzazu, (coords.), G\u00e9nero y conocimiento en un mundo global [tejiedo redes], Instituto Universitario de Estudios de las Mujeres (IUEM), Universidad de La Laguna, p\u00e1gs. 531-538.<br \/>Finally, it\u2019s important to highlight that he currently belongs to the work team of the research project \u201cEl desorden de g\u00e9nero en la Espa\u00f1a contempor\u00e1nea: Feminidades y masculinidades\u201d from Contemporary History department at University of the Basque Country UPV\/EHU.<\/p>\n<p><a href=\"https:\/\/es.linkedin.com\/in\/jes%C3%BAs-espinosa-guti%C3%A9rrez-4b16243b\">https:\/\/es.linkedin.com\/in\/jes%C3%BAs-espinosa-guti%C3%A9rrez-4b16243b<\/a><br \/><a href=\"https:\/\/dialnet.unirioja.es\/servlet\/autor?codigo=3940728\">https:\/\/dialnet.unirioja.es\/servlet\/autor?codigo=3940728<\/a><br \/><a href=\"mailto:jesus.espinosa@uneatlantico.es\">jesus.espinosa@uneatlantico.es<\/a><\/p>\n<p>&nbsp;<\/p>\n<p>[\/et_pb_text][\/et_pb_column][\/et_pb_row][\/et_pb_section]<\/p>\n","protected":false},"excerpt":{"rendered":"<p>Jes\u00fas Espinosa Guti\u00e9rrezJes\u00fas Espinosa Guti\u00e9rrez earned his PhD Contemporary History at the University of Cantabria with a doctoral thesis entitled \u201cDel discurso al activismo: Los hombres defensores de los derechos de las mujeres en la Espa\u00f1a contempor\u00e1nea\u201d. This research was directed by Mar\u00eda Jes\u00fas Gonz\u00e1lez Hern\u00e1ndez (professor of Contemporary History at University of Cantabria).At this [&hellip;]<\/p>\n","protected":false},"author":1,"featured_media":0,"parent":6156,"menu_order":0,"comment_status":"closed","ping_status":"closed","template":"","meta":{"_et_pb_use_builder":"on","_et_pb_old_content":"","_et_gb_content_width":"","footnotes":""},"class_list":["post-7545","page","type-page","status-publish","hentry"],"_links":{"self":[{"href":"https:\/\/experienciamoderna.com\/en\/wp-json\/wp\/v2\/pages\/7545","targetHints":{"allow":["GET"]}}],"collection":[{"href":"https:\/\/experienciamoderna.com\/en\/wp-json\/wp\/v2\/pages"}],"about":[{"href":"https:\/\/experienciamoderna.com\/en\/wp-json\/wp\/v2\/types\/page"}],"author":[{"embeddable":true,"href":"https:\/\/experienciamoderna.com\/en\/wp-json\/wp\/v2\/users\/1"}],"replies":[{"embeddable":true,"href":"https:\/\/experienciamoderna.com\/en\/wp-json\/wp\/v2\/comments?post=7545"}],"version-history":[{"count":22,"href":"https:\/\/experienciamoderna.com\/en\/wp-json\/wp\/v2\/pages\/7545\/revisions"}],"predecessor-version":[{"id":9779,"href":"https:\/\/experienciamoderna.com\/en\/wp-json\/wp\/v2\/pages\/7545\/revisions\/9779"}],"up":[{"embeddable":true,"href":"https:\/\/experienciamoderna.com\/en\/wp-json\/wp\/v2\/pages\/6156"}],"wp:attachment":[{"href":"https:\/\/experienciamoderna.com\/en\/wp-json\/wp\/v2\/media?parent=7545"}],"curies":[{"name":"wp","href":"https:\/\/api.w.org\/{rel}","templated":true}]}}