{"id":8788,"date":"2023-07-04T11:07:58","date_gmt":"2023-07-04T09:07:58","guid":{"rendered":"https:\/\/experienciamoderna.com\/vii-international-seminar-building-an-iberian-network-of-oral-history\/"},"modified":"2025-11-26T20:13:33","modified_gmt":"2025-11-26T19:13:33","slug":"vii-international-seminar-building-an-iberian-network-of-oral-history","status":"publish","type":"page","link":"https:\/\/experienciamoderna.com\/en\/vii-international-seminar-building-an-iberian-network-of-oral-history\/","title":{"rendered":"VII international seminar: building an iberian network of oral history"},"content":{"rendered":"<p>[et_pb_section fb_built=&#8221;1&#8243; admin_label=&#8221;Header&#8221; _builder_version=&#8221;4.24.2&#8243; use_background_color_gradient=&#8221;on&#8221; background_color_gradient_type=&#8221;circular&#8221; background_color_gradient_direction_radial=&#8221;bottom&#8221; background_color_gradient_stops=&#8221;rgba(190,183,198,0.81) 0%|#beb7c6 100%&#8221; background_color_gradient_overlays_image=&#8221;on&#8221; background_color_gradient_start=&#8221;rgba(190,183,198,0.81)&#8221; background_color_gradient_end=&#8221;#beb7c6&#8243; background_enable_image=&#8221;off&#8221; custom_margin=&#8221;||50px||false|false&#8221; custom_padding=&#8221;||0px||false|false&#8221; bottom_divider_style=&#8221;wave2&#8243; bottom_divider_color=&#8221;#ffffff&#8221; bottom_divider_height=&#8221;10vw&#8221; bottom_divider_repeat=&#8221;0.5x&#8221; bottom_divider_flip=&#8221;vertical|horizontal&#8221; bottom_divider_arrangement=&#8221;above_content&#8221; bottom_divider_height_tablet=&#8221;0px&#8221; bottom_divider_height_phone=&#8221;0px&#8221; bottom_divider_height_last_edited=&#8221;on|phone&#8221; hover_enabled=&#8221;0&#8243; locked=&#8221;off&#8221; global_colors_info=&#8221;{}&#8221; sticky_enabled=&#8221;0&#8243;][et_pb_row _builder_version=&#8221;4.24.2&#8243; global_colors_info=&#8221;{}&#8221;][et_pb_column type=&#8221;4_4&#8243; _builder_version=&#8221;4.24.2&#8243; custom_padding=&#8221;|||&#8221; global_colors_info=&#8221;{}&#8221; custom_padding__hover=&#8221;|||&#8221;][et_pb_text _builder_version=&#8221;4.24.2&#8243; text_font=&#8221;||||||||&#8221; text_font_size=&#8221;16px&#8221; text_line_height=&#8221;2em&#8221; header_font=&#8221;Fira Code|||||on|||&#8221; header_text_align=&#8221;center&#8221; header_text_color=&#8221;#000000&#8243; header_font_size=&#8221;34px&#8221; header_line_height=&#8221;1.4em&#8221; header_3_font=&#8221;Ubuntu||||||||&#8221; header_3_line_height=&#8221;1.8em&#8221; background_layout=&#8221;dark&#8221; max_width=&#8221;700px&#8221; module_alignment=&#8221;left&#8221; custom_margin=&#8221;|||&#8221; custom_padding=&#8221;||30px||false|false&#8221; hover_enabled=&#8221;0&#8243; text_font_size_tablet=&#8221;&#8221; text_font_size_phone=&#8221;14px&#8221; text_font_size_last_edited=&#8221;on|desktop&#8221; header_font_size_tablet=&#8221;&#8221; header_font_size_phone=&#8221;32px&#8221; header_font_size_last_edited=&#8221;on|desktop&#8221; locked=&#8221;off&#8221; global_colors_info=&#8221;{}&#8221; sticky_enabled=&#8221;0&#8243;]<\/p>\n<h1>VII International Seminar:<\/h1>\n<p><\/p>\n<h1>BUILDING A HISTORICAL ORAL HISTORY NETWORK<\/h1>\n<p>[\/et_pb_text][\/et_pb_column][\/et_pb_row][\/et_pb_section][et_pb_section fb_built=&#8221;1&#8243; _builder_version=&#8221;4.24.2&#8243; custom_margin=&#8221;0px||||false|false&#8221; custom_padding=&#8221;0px||10px||false|false&#8221; hover_enabled=&#8221;0&#8243; global_colors_info=&#8221;{}&#8221; sticky_enabled=&#8221;0&#8243;][et_pb_row _builder_version=&#8221;4.24.2&#8243; custom_margin=&#8221;0px||0px||false|false&#8221; custom_padding=&#8221;0px||||false|false&#8221; global_colors_info=&#8221;{}&#8221;][et_pb_column type=&#8221;4_4&#8243; _builder_version=&#8221;4.16&#8243; custom_padding=&#8221;0px||||false|false&#8221; global_colors_info=&#8221;{}&#8221;][et_pb_text _builder_version=&#8221;4.24.2&#8243; header_2_font_size=&#8221;23px&#8221; text_orientation=&#8221;justified&#8221; custom_margin=&#8221;0px||||false|false&#8221; custom_padding=&#8221;0px||0px||false|false&#8221; global_colors_info=&#8221;{}&#8221;]<\/p>\n<blockquote>\n<h2>GETTING AN IBERIAN ORAL HISTORY NETWORK UP AND RUNNING<\/h2>\n<\/blockquote>\n<p>[\/et_pb_text][et_pb_text _builder_version=&#8221;4.21.0&#8243; text_orientation=&#8221;justified&#8221; global_colors_info=&#8221;{}&#8221;]<\/p>\n<p>RESOLUTIONS OF THE SESSION OF 19 JUNE 2023<br \/>1. Agreement that it should not be a heavy structure and that the Network should be<br \/>useful for its members.<br \/>2. The ideas of creating a mailing list, a web site and some kind of meeting to bring<br \/>people and their research experiences closer together are welcomed. In principle, and due to funding problems, these meetings should be online. But we will need to measure the number of meetings, not abuse them.<br \/>3. Interest in creating working groups for the different initiatives.<br \/>4. Although the prospect of creating a journal is desirable, in principle, joint publications should be considered. Perhaps a dossier in History of the Present, in Words and Silences, but with a certain thematic coherence.<br \/>5. Extend the Network to the sectors that are more weakly represented in these meetings.<br \/>This is the case of Portuguese historians and, on another level, of the work being<br \/>carried out in the field of archives of trade unions&#8217; oral sources.<br \/>6. We will soon be in contact with each other to take the first steps in the<br \/>coordination of the working groups<\/p>\n<p>[\/et_pb_text][\/et_pb_column][\/et_pb_row][et_pb_row column_structure=&#8221;1_2,1_2&#8243; _builder_version=&#8221;4.16&#8243; custom_margin=&#8221;||50px||false|false&#8221; custom_padding=&#8221;0px||||false|false&#8221; global_colors_info=&#8221;{}&#8221;][et_pb_column type=&#8221;1_2&#8243; _builder_version=&#8221;4.16&#8243; custom_padding=&#8221;0px||||false|false&#8221; global_colors_info=&#8221;{}&#8221;][et_pb_image src=&#8221;https:\/\/experienciamoderna.com\/wp-content\/uploads\/2023\/07\/Experiencia_Moderna_La_Passarola-1.jpg&#8221; alt=&#8221;RESOLUTIONS OF THE SESSION OF 19 JUNE 2023&#8243; title_text=&#8221;Experiencia_Moderna_La_Passarola&#8221; _builder_version=&#8221;4.21.0&#8243; global_colors_info=&#8221;{}&#8221;][\/et_pb_image][et_pb_text _builder_version=&#8221;4.21.0&#8243; text_orientation=&#8221;justified&#8221; custom_margin=&#8221;0px||||false|false&#8221; global_colors_info=&#8221;{}&#8221;]<\/p>\n<p><strong>La Passarola<\/strong><\/p>\n<p>[\/et_pb_text][\/et_pb_column][et_pb_column type=&#8221;1_2&#8243; _builder_version=&#8221;4.16&#8243; custom_padding=&#8221;0px||||false|false&#8221; global_colors_info=&#8221;{}&#8221;][et_pb_testimonial _builder_version=&#8221;4.21.0&#8243; _module_preset=&#8221;default&#8221; author_font=&#8221;|800|||||||&#8221; global_colors_info=&#8221;{}&#8221;]<\/p>\n<p>Bartolomeu Gusm\u00e3o said:<br \/>&#8220;When there is a will inside, it is already full, but that is the indecipherable mystery of wills, where one fits, millions fit, the one is equal to the infinity&#8221;.<br \/>Memorial do convento, Jos\u00e9 Saramago (1982)<\/p>\n<p>[\/et_pb_testimonial][\/et_pb_column][\/et_pb_row][et_pb_row column_structure=&#8221;2_3,1_3&#8243; _builder_version=&#8221;4.21.0&#8243; custom_margin=&#8221;||0px||false|false&#8221; custom_padding=&#8221;0px||||false|false&#8221; global_colors_info=&#8221;{}&#8221;][et_pb_column type=&#8221;2_3&#8243; _builder_version=&#8221;4.16&#8243; custom_padding=&#8221;0px||||false|false&#8221; global_colors_info=&#8221;{}&#8221;][et_pb_text admin_label=&#8221;Texto&#8221; _builder_version=&#8221;4.21.0&#8243; _module_preset=&#8221;default&#8221; custom_margin=&#8221;||20px||false|false&#8221; custom_padding=&#8221;||0px||false|false&#8221; global_colors_info=&#8221;{}&#8221;]<\/p>\n<div class=\"entry-content\">\n<div class=\"et-l et-l--post\">\n<div class=\"et_builder_inner_content et_pb_gutters3\">\n<div class=\"et_pb_section et_pb_section_0 et_section_regular\">\n<div class=\"et_pb_row et_pb_row_0\">\n<div class=\"et_pb_column et_pb_column_4_4 et_pb_column_0  et_pb_css_mix_blend_mode_passthrough et-last-child\">\n<div class=\"et_pb_module et_pb_text et_pb_text_0 et_clickable  et_pb_text_align_left et_pb_bg_layout_light\">\n<div class=\"et_pb_text_inner\">\n<p>BILBAO 19-20 19 June 2023<br \/>VII INTERNATIONAL SEMINAR<br \/><strong>BUILDING AN IBERIAN NETWORK OF ORAL HISTORY<\/strong><\/p>\n<p>Bizkaia Aretoa. Arriaga Gela Abandoibarra. 3 \/ Euskal Herriko Unibertsitatea<\/p>\n<p><strong>ANTOLAKUNTZA \/ ORGANIZACI\u00d3N<\/strong><br \/>Grupo de Investigaci\u00f3n Experiencia Moderna, Gobierno Vasco IT1784-22. Departamento de Historia Contempor\u00e1nea, Universidad del Pa\u00eds Vasco UPV\/EHU<br \/>Proyecto de investigaci\u00f3n \u201cEl desorden de g\u00e9nero en la Espa\u00f1a contempor\u00e1nea.<br \/>Feminidades y masculinidades\u201d, PID2020-114602GB-I00, MINECO y FEDER.<br \/>AHOA, Ahozko Historiaren Artxiboa-Archivo de Historia Ora<\/p>\n<p><strong>ZUZENDARITZA \/ DIRECCI\u00d3N<\/strong><br \/>__ Miren Llona (Universidad del Pa\u00eds Vasco UPV\/EHU)<br \/>__ David Beorlegui (UDIMA)<br \/>__ Pilar Dom\u00ednguez (Universidad de Las Palmas de Gran Canaria)<\/p>\n<p><strong>BATZORDE ANTOLATZAILEA \/COMIT\u00c9 ORGANIZADOR<\/strong><br \/>__ Bakarne Altonaga<br \/>__ Mercedes Arbaiza<br \/>__ Nerea Aresti<br \/>__ Laura Cruz Chamizo<br \/>__ Jos\u00e9 Javier D\u00edaz Freire<br \/>__ Eider de Dios<br \/>__ Mari Nieves Garc\u00eda Pintor<br \/>__ Carmen Gonz\u00e1lez Guerra<br \/>__ Francisco Jim\u00e9nez Aguilar<br \/>__ Ariane Mart\u00ednez Aretxabaleta<br \/>__ Ra\u00fal M\u00ednguez<br \/>__ Ra\u00fal Navarro<br \/>__ Aintzane Rinc\u00f3n<br \/>__ Aitor Sarasketa<\/p>\n<p><strong>19_ ASTELEHENA \/ LUNES<\/strong><br \/><strong>15:15<\/strong> Harrera eta ongietorria \/ Recepci\u00f3n y bienvenida<br \/><strong>15:30-17:00<\/strong> Ahozko Historia, Memoria eta Subjetibitatea \/ Historia oral, Memoria y Subjetividad.<br \/>__ Modera: Mercedes Arbaiza (Universidad del Pa\u00eds Vasco UPV\/EHU)<br \/>Relatos de vida en torno a la lepra. Experiencias de reclusi\u00f3n, resistencia y resiliencia en el relato de<br \/>las personas afectadas por la lepra.<br \/>__ Antonio Garc\u00eda Belmar (Universidad de Alicante)<br \/>La historia oral como herramienta contramemorial.<br \/>__ Miguel Cardina (Centro de Estudos Sociais da Universidade de Coimbra-CES)<br \/><strong>17:00-17:30<\/strong> Atsedena eta kafea \/ Descanso y caf\u00e9<br \/><strong>17:30- 19:00<\/strong> Ahozko historiaren Iberiar sarea eraiki dezagun\/ Construyamos una Red ib\u00e9rica de historia oral.<br \/>__ Pilar Dom\u00ednguez (Universidad de Las Palmas de Gran Canaria)<br \/>__ David Beorlegui (UDIMA)<br \/>__ Miren Llona (Universidad del Pa\u00eds Vasco UPV\/EHU)<br \/><strong>20:00<\/strong> Cena con Pintxos en el Casco Viejo<\/p>\n<p><strong>20_ ASTEARTEA \/ MARTES<\/strong><br \/><strong>9:30-11:00<\/strong> Trantsizioak, matxinadak eta migrazioak \/ Transiciones, rebeliones y migraciones.<br \/>__ Modera: Jos\u00e9 Javier D\u00edaz Freire (Universidad del Pa\u00eds Vasco UPV\/EHU))<br \/>Fronteras geogr\u00e1ficas y l\u00edmites humanos.<br \/>__ Marta Silva (Universidade Nova de Lisboa)<br \/>Mem\u00f3rias consensualizadas e disputadas da Revolu\u00e7\u00e3o dos Cravos.<br \/>__ Lu\u00edsa Tiago de Oliveira (CIES- ISCTE)<\/p>\n<p><strong>11:00-11.30<\/strong> Atsedena eta kafea \/ Descanso y caf\u00e9<\/p>\n<p><strong>11:30-13:3<\/strong>0 Ahozko Historiaren proiektuen aurkezpena \/ Presentaci\u00f3n de proyectos de historia oral.<br \/>__ Modera: Nerea Aresti (Universidad del Pa\u00eds Vasco UPV\/EHU)<br \/>__ Alba D\u00edaz Geada (Universidade de Santiago de Compostela)<br \/>__ Ana Cabana Iglesia (Universidade de Santiago de Compostela)<br \/>__ Andr\u00e9a Casa Nova Maia (Universidade Federal do Rio de Janeiro) y Cintia Fonseca (C\u00e1mara Municipal de Celourico da Beira)<br \/>__ Juan Jos\u00e9 Guti\u00e9rrez (California State University, Monterey Bay)<br \/>__ Sof\u00eda Rodr\u00edguez (Universidad Complutense de Madrid)<br \/>__ Nicol\u00e1s Buckley (Universidad Europea de Madrid)<br \/>__ Francisco Leira (Universidade de Santiago de Compostela)<br \/>__ Eider de Dios Fern\u00e1ndez (Universidad del Pa\u00eds Vasco UPV\/EHU)<br \/>__ Laura Cruz Chamizo (Universidad del Pa\u00eds Vasco UPV\/EHU)<\/p>\n<p><strong>13:30-15:00<\/strong> Bazkaria \/ Comida<\/p>\n<p><strong>15:00-17:00<\/strong> Ahozko Historiaren proiektuen aurkezpena \/ Presentaci\u00f3n de proyectos de historia oral.<br \/>__Modera: Bakarne Altonaga(Universidad del Pa\u00eds Vasco UPV\/EHU)<br \/>__ Ana Sofia Ferreira (FLUP\/IHC-NOV\/FCSH)<br \/>__ Francisco Jim\u00e9nez Aguilar (Universidad del Pa\u00eds Vasco (UPV\/EHU)<br \/>__ Antonio Segovia Ganivet (Universidad de Granada)<br \/>__ Vicent Bellver Loizaga (Universitat de Val\u00e8ncia)<br \/>__ Miguel Asensio G\u00f3mez (Universitat de Val\u00e8ncia)<br \/>__ Mar\u00eda Jos\u00e9 Le\u00f3n Robles (Universidad Complutense de Madrid)<br \/>__ M\u00aa Victoria Martins Rodr\u00edguez (UCM\/Instituto de Estudios de G\u00e9nero UC3M)<br \/>__ Ra\u00fal M\u00ednguez Blasco (Universidad del Pa\u00eds Vasco UPV\/EHU)<br \/>__ Rub\u00e9n Cabal Tejada (Universidad de Oviedo\/Sorbonne Nouvelle)<br \/><strong>17:00-17.30<\/strong> Atsedena eta kafea \/ Descanso y caf\u00e9<br \/><strong>17:30-19:30<\/strong> Ahozko Historiaren proiektuen aurkezpena \/ Presentaci\u00f3n de proyectos de historia oral.<br \/>__ Modera: Aintzane Rinc\u00f3n (Universidad del Pa\u00eds Vasco, EHU)<br \/>__ Merc\u00e8 L\u00e1zaro Garc\u00eda (Arxiu Hist\u00f2ric de la Ciutat de Barcelona)<br \/>__ Irene D\u00edaz (Archivo de Fuentes Orales para la Historia Social de Asturias-AFOHSA)<br \/>__ Nekane Aldekoa (Itsasmuseum Bilbao)<br \/>__ Fernando Hern\u00e1ndez Holgado (Universidad Complutense de Madrid)<br \/>__ Eider de Dios, Endika Alabort, I\u00f1aki Etxaniz e Igor Etxabe (Universidad del Pa\u00eds Vasco\/EHU)<br \/>__ Carmen Menchero, Xavier Mar\u00eda Ramos y Emanuele Treglia (Universidad Complutense de Madrid)<br \/>__ Rub\u00e9n Vega (Universidad de Oviedo)<br \/>__ Luis Vivas Ramos (Colegio Sagrado Coraz\u00f3n de Quart de Poblet, Valencia)<br \/>__ Sandra Fern\u00e1ndez y Odete Viola (UNED)<\/p>\n<p>Para asistir es necesaria la inscripci\u00f3n previa escribiendo al email:<br \/><strong>Ikerketa.taldea@experienciamoderna.com<\/strong><\/p>\n<p>Inscripci\u00f3n y asistencia gratuitas. Hasta completar aforo.<br \/><strong>19 y 20 de junio 2023 | <\/strong><strong>Bizkai Aretoa, UPV-EHU, Bilbao.<\/strong><\/p>\n<\/div>\n<p><\/div>\n<p><\/div>\n<p><\/div>\n<p><\/div>\n<p><\/div>\n<p><\/div>\n<p><\/div>\n<p>[\/et_pb_text][\/et_pb_column][et_pb_column type=&#8221;1_3&#8243; _builder_version=&#8221;4.16&#8243; custom_padding=&#8221;0px||||false|false&#8221; global_colors_info=&#8221;{}&#8221;][et_pb_image src=&#8221;https:\/\/experienciamoderna.com\/wp-content\/uploads\/2023\/03\/Seminario_Historia_Oral.jpeg&#8221; title_text=&#8221;Seminario_Historia_Oral&#8221; url=&#8221;https:\/\/experienciamoderna.com\/en\/vii-international-seminar-building-an-iberian-network-of-oral-history\/&#8221; _builder_version=&#8221;4.21.0&#8243; box_shadow_style=&#8221;preset1&#8243; box_shadow_blur=&#8221;8px&#8221; locked=&#8221;off&#8221; global_colors_info=&#8221;{}&#8221;][\/et_pb_image][\/et_pb_column][\/et_pb_row][\/et_pb_section]<\/p>\n","protected":false},"excerpt":{"rendered":"<p>VII International Seminar:BUILDING A HISTORICAL ORAL HISTORY NETWORK GETTING AN IBERIAN ORAL HISTORY NETWORK UP AND RUNNING RESOLUTIONS OF THE SESSION OF 19 JUNE 20231. Agreement that it should not be a heavy structure and that the Network should beuseful for its members.2. The ideas of creating a mailing list, a web site and some [&hellip;]<\/p>\n","protected":false},"author":1,"featured_media":0,"parent":0,"menu_order":0,"comment_status":"closed","ping_status":"closed","template":"","meta":{"_et_pb_use_builder":"on","_et_pb_old_content":"","_et_gb_content_width":"","footnotes":""},"class_list":["post-8788","page","type-page","status-publish","hentry"],"_links":{"self":[{"href":"https:\/\/experienciamoderna.com\/en\/wp-json\/wp\/v2\/pages\/8788","targetHints":{"allow":["GET"]}}],"collection":[{"href":"https:\/\/experienciamoderna.com\/en\/wp-json\/wp\/v2\/pages"}],"about":[{"href":"https:\/\/experienciamoderna.com\/en\/wp-json\/wp\/v2\/types\/page"}],"author":[{"embeddable":true,"href":"https:\/\/experienciamoderna.com\/en\/wp-json\/wp\/v2\/users\/1"}],"replies":[{"embeddable":true,"href":"https:\/\/experienciamoderna.com\/en\/wp-json\/wp\/v2\/comments?post=8788"}],"version-history":[{"count":10,"href":"https:\/\/experienciamoderna.com\/en\/wp-json\/wp\/v2\/pages\/8788\/revisions"}],"predecessor-version":[{"id":10999,"href":"https:\/\/experienciamoderna.com\/en\/wp-json\/wp\/v2\/pages\/8788\/revisions\/10999"}],"wp:attachment":[{"href":"https:\/\/experienciamoderna.com\/en\/wp-json\/wp\/v2\/media?parent=8788"}],"curies":[{"name":"wp","href":"https:\/\/api.w.org\/{rel}","templated":true}]}}