{"id":9404,"date":"2024-02-07T12:54:11","date_gmt":"2024-02-07T11:54:11","guid":{"rendered":"https:\/\/experienciamoderna.com\/about-us\/maite-garbayo-maeztu\/"},"modified":"2024-12-19T18:02:29","modified_gmt":"2024-12-19T17:02:29","slug":"maite-garbayo-maeztu","status":"publish","type":"page","link":"https:\/\/experienciamoderna.com\/en\/about-us\/maite-garbayo-maeztu\/","title":{"rendered":"Maite Garbayo-Maeztu"},"content":{"rendered":"<p>[et_pb_section fb_built=&#8221;1&#8243; _builder_version=&#8221;4.16&#8243; global_colors_info=&#8221;{}&#8221;][et_pb_row _builder_version=&#8221;4.16&#8243; global_colors_info=&#8221;{}&#8221;][et_pb_column type=&#8221;4_4&#8243; _builder_version=&#8221;4.16&#8243; global_colors_info=&#8221;{}&#8221;][et_pb_text _builder_version=&#8221;4.24.0&#8243; global_colors_info=&#8221;{}&#8221;]<\/p>\n<h1>Maite Garbayo-Maeztu<\/h1>\n<p>[\/et_pb_text][et_pb_text _builder_version=&#8221;4.24.0&#8243; hover_enabled=&#8221;0&#8243; global_colors_info=&#8221;{}&#8221; sticky_enabled=&#8221;0&#8243;]<\/p>\n<p><img loading=\"lazy\" decoding=\"async\" class=\"wp-image-9311 size-full alignleft\" src=\"https:\/\/experienciamoderna.com\/wp-content\/uploads\/2024\/02\/Maite-Garbayo165.jpg\" alt=\"\" width=\"165\" height=\"197\" \/>Desde febrero de 2024, Maite Garbayo-Maeztu es Investigadora Ram\u00f3n y Cajal en el Departamento de Historia del Arte y de la M\u00fasica de la Universidad del Pa\u00eds Vasco. Es doctora en Historia del Arte por la UPV con Premio Extraordinario y Menci\u00f3n Internacional, y Maestra en Historia del Arte por la Universidad Nacional Aut\u00f3noma de M\u00e9xico.<\/p>\n<p>Hasta 2024, ha trabajado como investigadora y profesora en distintas instituciones estatales e internacionales. Ha sido Profesora Serra Hunter en el Departamento de Historia del Arte de la Universidad de Barcelona (2021-2024) e Investigadora Postdoctoral en la Universitat Oberta de Catalunya (2020-2021). Ha realizado parte de su trayectoria acad\u00e9mica en M\u00e9xico, como Acad\u00e9mica a Tiempo Completo en el Departamento de Arte de la Universidad Iberoamericana (2017-2018), como Investigadora Postdoctoral en el Instituto de Investigaciones Est\u00e9ticas de la Universidad Nacional Aut\u00f3noma de M\u00e9xico (2015-2017), y como Estancia Acad\u00e9mica en el Centro de Investigaciones y Estudios de G\u00e9nero de la Universidad Nacional Aut\u00f3noma de M\u00e9xico.<\/p>\n<p>Sus investigaciones exploran las intersecciones entre los feminismos, la cultura visual y popular, y el arte contempor\u00e1neo en el Estado espa\u00f1ol y en Latinoam\u00e9rica durante los siglos XX y XXI. Su primer libro, <strong><em>Cuerpos que aparecen. Performance y feminismos en el tardofranquismo<\/em><\/strong> (consonni, 2016 y 2019), analizaba la presencia del cuerpo en las pr\u00e1cticas de performance de los \u00faltimos a\u00f1os de la dictadura franquista, en conexi\u00f3n con el activismo feminista de la \u00e9poca y la cultura visual.<\/p>\n<p>Su trayectoria se ha desarrollado tanto en el \u00e1mbito acad\u00e9mico, como en el \u00e1mbito curatorial y muse\u00edstico, como investigadora, docente, cr\u00edtica de arte y comisaria de exposiciones y programas p\u00fablicos. Destacan la exposicio\u0301n <strong><em>Dar la oreja, hacer aparecer: cuerpo, accio\u0301n y feminismos (1966-1979) <\/em><\/strong>en el MUSAC-Museo de Arte Contempora\u0301neo de Castilla y Leo\u0301n en 2019, la exposici\u00f3n <strong><em>Yo, la peor de todas <\/em><\/strong>(2017), que tuvo lugar simulta\u0301neamente en tres sedes: Museo de Navarra, Fundacio\u0301n Museo Jorge Oteiza y Centro de Arte Contempora\u0301neo Huarte y el programa p\u00fablico MUGAK\/FRONTERAS (Tabakalera. Centro Internacional de Cultura Contempor\u00e1nea, 2017).<\/p>\n<p>Ha participado en diversos proyectos y contratos de investigaci\u00f3n tanto estatales como internacionales. Actualmente es Investigadora Principal (IP) del Proyecto <em>PID2021-126211OA-I0.<\/em> <em>Ritmos del trabajo feminizado en la historia del arte y la cultura visual (Estado espa\u00f1ol, 1936-2022) <\/em><a href=\"https:\/\/proyectoritmos.com\/\"><em>https:\/\/proyectoritmos.com\/<\/em><\/a> , financiado por el MCIN. Ha sido investigadora de la red acade\u0301mica internacional <em>TEAM: Teaching, E-learning, Agency, Mentoring impulsada por AWARE: Archives of Women Artists Research and Exhibitions<\/em>, <a href=\"https:\/\/awarewomenartists.com\/en\/\">https:\/\/awarewomenartists.com\/en\/<\/a> que integra 13 equipos de investigadoras de 13 pa\u00edses, con el objetivo de producir investigaciones sobre mujeres artistas en los distintos contextos; de la <em>C\u00e1tedra de Investigaci\u00f3n Desterritorializaciones del poder: cuerpo, di\u00e1spora y exclusi\u00f3n. Est\u00e9tica, pol\u00edtica y violencia en la modernidad globalizadora<\/em>, con sede en la Universidad Iberoamericana (M\u00e9xico); y tambi\u00e9n ha formado parte de la <em>Red de Conceptualismos del Sur <\/em><a href=\"https:\/\/redcsur.net\/\"><em>https:\/\/redcsur.net\/<\/em><\/a> , plataforma internacional de investigaci\u00f3n, centrada en el estudio de las pr\u00e1cticas art\u00edsticas conceptuales latinoamericanas, en la que participan cuarenta investigadores\/as, con financiaci\u00f3n de instituciones p\u00fablicas y privadas.<\/p>\n<p>Ha creado y dise\u00f1ado el M\u00e1ster interuniversitario en <em>Pr\u00e1cticas Art\u00edsticas y Estudios Culturales: cuerpo, afectos, territorio <\/em>(Centro de Arte Contempor\u00e1neo Huarte, Universidad P\u00fablica de Navarra y Universidad del Pa\u00eds Vasco), <a href=\"https:\/\/www.centrohuarte.es\/master\/\">https:\/\/www.centrohuarte.es\/master\/<\/a>\u00a0 del cual es Directora Acad\u00e9mica.<\/p>\n<p>En los \u00faltimos a\u00f1os, su trabajo se ha centrado principalmente en las siguientes l\u00edneas de investigaci\u00f3n:<\/p>\n<ul>\n<li>Estudios de performance, cuerpo y estudios de g\u00e9nero en el estado espa\u00f1ol y en Latinoam\u00e9rica (s. XX y XXI).<\/li>\n<li>Metodolog\u00edas feministas para el estudio de la historia del arte y las im\u00e1genes.<\/li>\n<li>Im\u00e1genes y representaciones de maternidad en la primera mitad del siglo XX en el estado espa\u00f1ol.<\/li>\n<li>An\u00e1lisis del arte y las im\u00e1genes desde la teor\u00eda de los afectos y desde los estudios de la materialidad.<\/li>\n<\/ul>\n<p><strong>Selecci\u00f3n de publicaciones recientes (desde 2018):<\/strong><\/p>\n<p>Garbayo-Maeztu, Maite (2023). Tocar el pasado: estrategias feministas para historiar el arte contempor\u00e1neo en el estado espa\u00f1ol, <em>MODOS: Revista de Hist\u00f2ria do Arte<\/em>, vol. 7, n\u00ba2, 121-182. <a href=\"https:\/\/doi.org\/10.20396\/modos.v7i2.8672097\">https:\/\/doi.org\/10.20396\/modos.v7i2.8672097<\/a><\/p>\n<p>Garbayo-Maeztu, Maite y De Haro, Noem\u00ed. (2022). Participaciones oblicuas y e\u0301tica del cuidado: mujeres artistas e intelectuales en el Pabello\u0301n de la Repu\u0301blica de la Exposicio\u0301n Internacional de Pari\u0301s de 1937. <em>Arte, individuo y Sociedad<\/em>, <em>34<\/em>(3),1155-1173. <a href=\"https:\/\/doi.org\/10.5209\/aris.77587\">https:\/\/doi.org\/10.5209\/aris.77587<\/a><\/p>\n<p>Garbayo-Maeztu, Maite (2021). Mujeres que cargan: las artistas y las im\u00e1genes de maternidad en la Guerra Civil espa\u00f1ola. <em>#Re-visiones<\/em>, n\u00ba 11. \u00a0<a href=\"https:\/\/doi.org\/10.57149\/re-visiones.11.1\">https:\/\/doi.org\/10.57149\/re-visiones.11.1<\/a><\/p>\n<p>Garbayo-Maeztu, Maite (2020). Tergiversar, citar, tropezar: el comisariado como pr\u00e1ctica feminista,\u00a0<em>Espacio Tiempo y Forma Serie VII Historia del Arte,\u00a0<\/em>vol. 8. <a href=\"https:\/\/doi.org\/10.5944\/etfvii.8.2020.27478\">https:\/\/doi.org\/10.5944\/etfvii.8.2020.27478<\/a><\/p>\n<p>Garbayo-Maeztu, Maite (2020). Cuerpo-c\u00e1mara-ojo: presencia e intersubjetividad en el trabajo de la artista Pola Weiss.\u00a0<em>Debate Feminista<\/em>, vol. 30, 100-126. <a href=\"https:\/\/doi.org\/10.22201\/cieg.2594066xe.2020.60.05\">https:\/\/doi.org\/10.22201\/cieg.2594066xe.2020.60.05<\/a><\/p>\n<p>Garbayo-Maeztu, Maite (2020). La calle y la noche tambi\u00e9n son nuestras: feminismos y pol\u00edticas de la presencia, en\u00a0<em>Arte, Investigaci\u00f3n y Feminismos<\/em>. Universidad del Pa\u00eds Vasco, 52-67.<\/p>\n<p>Garbayo-Maeztu, Maite (2020). La escenificaci\u00f3n est\u00e9tica de la protesta: cuerpos, alineaciones y transmisiones, en\u00a0<em>Tiempos incompletos. Pol\u00edticas y est\u00e9ticas de la memoria en Espa\u00f1a y Latinoam\u00e9rica<\/em>. Madrid: MNCARS. Museo Nacional Centro de Arte ReinaSof\u00eda. <a href=\"https:\/\/www.museoreinasofia.es\/sites\/default\/files\/cartas_tiempos_incompletos.pdf\">https:\/\/www.museoreinasofia.es\/sites\/default\/files\/cartas_tiempos_incompletos.pdf<\/a><\/p>\n<p>Garbayo-Maeztu, Maite (2020). Defiant Muses: Delphine Seyrig and the Feminist Video Collectives in France in the 1970s and 1980s,\u00a0<em>Texte Zur Kunst<\/em>, 117, 200-204.<\/p>\n<p>Garbayo-Maeztu, Maite (2020). Visibilidad y vulnerabilidad en el trabajo de Ana Laura Al\u00e1ez. <em>G\u00e9neros y subjetividades en las pr\u00e1cticas art\u00edsticas contempor\u00e1neas: siglos XX y XXI<\/em>, Arcibel Editores, 436-453.<\/p>\n<p>Garbayo-Maeztu, Maite (2019). To dress up in the other\u2019s skin: presence, absence and intersubjectivity. Performance Research, 24 \u2013 7, 47 \u2013 55. <a href=\"https:\/\/doi.org\/10.1080\/13528165.2019.1717864\">https:\/\/doi.org\/10.1080\/13528165.2019.1717864<\/a><\/p>\n<p>Garbayo-Maeztu, Maite (2019). De cuerpos ausentes. Producci\u00f3n de presencia y vulnerabilidad.\u00a0<em>Quaderns Port\u00e0tils,<\/em>\u00a037, MACBA. Museo de Arte Contempor\u00e1neo de Barcelona, 2-26. <a href=\"https:\/\/img.macba.cat\/public\/uploads\/20191204\/QP_37_Garbayo.0.pdf\">https:\/\/img.macba.cat\/public\/uploads\/20191204\/QP_37_Garbayo.0.pdf<\/a><\/p>\n<p>Garbayo-Maeztu, Maite (2019). Epistemolog\u00edas de cocina, en Sola, Bel\u00e9n (Ed.),\u00a0<em>Exponer o exponerse. La educaci\u00f3n en museos como producci\u00f3n cultural cr\u00edtica<\/em>, Madrid: Catarata, 160-165.<\/p>\n<p>Garbayo-Maeztu, Maite (2018). Maternidad, arte y precariedad: estrategias desde la vulnerabilidad.\u00a0<em>Arte y Pol\u00edticas de la Identidad,\u00a0<\/em>19, 67 \u2013 82. <a href=\"https:\/\/doi.org\/10.6018\/reapi.359781\">https:\/\/doi.org\/10.6018\/reapi.359781<\/a><\/p>\n<p>Garbayo-Maeztu, Maite (Ed.) (2018).\u00a0<em>Yo, la peor de todas<\/em>. Departamento de Cultura. Gobierno de Navarra.<\/p>\n<p>Garbayo-Maeztu, Maite (2018). Mejor cabrona que bonita: la escucha como pr\u00e1ctica intersubjetiva en el proyecto \u201cLas 7 cabronas e invisibles de Tepito\u201d de Mireia Sallar\u00e9s.\u00a0<em>Re-visiones<\/em>, 8, 144 \u2013 158. <a href=\"https:\/\/web.archive.org\/web\/20220805000203\/http:\/\/www.re-visiones.net\/index.php\/RE-VISIONES\/article\/view\/263\/487\">http:\/\/www.re-visiones.net\/index.php\/RE-VISIONES\/article\/view\/263\/487<\/a><\/p>\n<p><a href=\"mailto:maite.garbayomaeztu@gmail.com\">maite.garbayomaeztu@gmail.com<\/a><\/p>\n<p>[\/et_pb_text][\/et_pb_column][\/et_pb_row][\/et_pb_section]<\/p>\n","protected":false},"excerpt":{"rendered":"<p>Maite Garbayo-MaeztuDesde febrero de 2024, Maite Garbayo-Maeztu es Investigadora Ram\u00f3n y Cajal en el Departamento de Historia del Arte y de la M\u00fasica de la Universidad del Pa\u00eds Vasco. Es doctora en Historia del Arte por la UPV con Premio Extraordinario y Menci\u00f3n Internacional, y Maestra en Historia del Arte por la Universidad Nacional Aut\u00f3noma [&hellip;]<\/p>\n","protected":false},"author":1,"featured_media":0,"parent":6156,"menu_order":0,"comment_status":"closed","ping_status":"closed","template":"","meta":{"_et_pb_use_builder":"on","_et_pb_old_content":"","_et_gb_content_width":"","footnotes":""},"class_list":["post-9404","page","type-page","status-publish","hentry"],"_links":{"self":[{"href":"https:\/\/experienciamoderna.com\/en\/wp-json\/wp\/v2\/pages\/9404","targetHints":{"allow":["GET"]}}],"collection":[{"href":"https:\/\/experienciamoderna.com\/en\/wp-json\/wp\/v2\/pages"}],"about":[{"href":"https:\/\/experienciamoderna.com\/en\/wp-json\/wp\/v2\/types\/page"}],"author":[{"embeddable":true,"href":"https:\/\/experienciamoderna.com\/en\/wp-json\/wp\/v2\/users\/1"}],"replies":[{"embeddable":true,"href":"https:\/\/experienciamoderna.com\/en\/wp-json\/wp\/v2\/comments?post=9404"}],"version-history":[{"count":3,"href":"https:\/\/experienciamoderna.com\/en\/wp-json\/wp\/v2\/pages\/9404\/revisions"}],"predecessor-version":[{"id":10538,"href":"https:\/\/experienciamoderna.com\/en\/wp-json\/wp\/v2\/pages\/9404\/revisions\/10538"}],"up":[{"embeddable":true,"href":"https:\/\/experienciamoderna.com\/en\/wp-json\/wp\/v2\/pages\/6156"}],"wp:attachment":[{"href":"https:\/\/experienciamoderna.com\/en\/wp-json\/wp\/v2\/media?parent=9404"}],"curies":[{"name":"wp","href":"https:\/\/api.w.org\/{rel}","templated":true}]}}