{"id":9434,"date":"2024-02-07T13:32:51","date_gmt":"2024-02-07T12:32:51","guid":{"rendered":"https:\/\/experienciamoderna.com\/francisco-jimenez-aguilar\/"},"modified":"2026-03-22T11:38:51","modified_gmt":"2026-03-22T10:38:51","slug":"francisco-jimenez-aguilar","status":"publish","type":"page","link":"https:\/\/experienciamoderna.com\/en\/about-us\/francisco-jimenez-aguilar\/","title":{"rendered":"Francisco Jim\u00e9nez Aguilar"},"content":{"rendered":"<p>[et_pb_section fb_built=&#8221;1&#8243; _builder_version=&#8221;4.16&#8243; global_colors_info=&#8221;{}&#8221;][et_pb_row _builder_version=&#8221;4.16&#8243; global_colors_info=&#8221;{}&#8221;][et_pb_column type=&#8221;4_4&#8243; _builder_version=&#8221;4.16&#8243; global_colors_info=&#8221;{}&#8221;][et_pb_text _builder_version=&#8221;4.24.0&#8243; global_colors_info=&#8221;{}&#8221;]<\/p>\n<h1>Francisco Jim\u00e9nez Aguilar<\/h1>\n<p>[\/et_pb_text][et_pb_text _builder_version=&#8221;4.27.4&#8243; hover_enabled=&#8221;0&#8243; global_colors_info=&#8221;{}&#8221; sticky_enabled=&#8221;0&#8243;]<\/p>\n<p style=\"text-align: left;\"><img loading=\"lazy\" decoding=\"async\" class=\"wp-image-11744 size-full alignleft\" src=\"https:\/\/experienciamoderna.com\/wp-content\/uploads\/2026\/03\/Francisco-Jmenez-Aguilar.jpg\" alt=\"Francisco Jmenez Aguilar - Experiencia Moderna\" width=\"165\" height=\"180\" \/>I am a lecturer in History of Science at the University of M\u00e1laga, Spain. I hold a BA in History, a MA in the History of Europe and the Americas, a MA in Culture of Peace, Conflict, Education and Human Rights, a MA in Teacher Training, and an international PhD in History and Arts from the University of Granada. My thesis dissertation \u201cMasculinities in the early Franco era (1936\u20131959): discourses and subjectivities\u201d sought to represent different types of masculinity and the various ways in which Spaniards embodied them during the early decades of Franco Spain.<\/p>\n<p><\/p>\n<p>Throughout my career, I have worked as a secondary teacher in Andalusia, as a project researcher in the Department of Contemporary History at the University of Granada, as a Juan de la Cierva postdoctoral researcher in the Department of Contemporary History at the University of the Basque Country, and as a CIAPOS researcher at the University Institute for Gender Studies Research at the University of Alicante. I was algo visiting fellow at the Department of Modern and Contemporary History at the Complutense University of Madrid and the Department of History at the University of Sheffield, UK. Throughout this time, I have participated in international conferences and workshops in Australia, Austria, Bulgaria, Colombia, Spain, France, Morocco, the Netherlands, Portugal and the UK.<\/p>\n<p><\/p>\n<p>My research has focused on gender history in 20th- and 21st-century Spain, with a particular interest in masculinities under Franco\u2019s regime and during the democratic era, the involvement of Spanish women in fascism, social policies and everyday life. Recently, I have been working on past changes in parenting, domestic work, and male emotional management. In parallel, I have also taken an interest in new far-right parties, social movements and intellectuals, addressing issues such as anti-feminism, sexism and ultra-nationalism.<\/p>\n<p><\/p>\n<p><strong>Recent Publications<\/strong><\/p>\n<p><\/p>\n<ul>\n<li>\u201cLearning to earn the daily bread: boyhood, sustenance and subjectivity in post-war Andalusia (1939-1959)\u201d, <em>History &amp; Anthropology<\/em>, Latest articles, p\u00e1gs. 1-18 [Article]. DOI: <a href=\"https:\/\/doi.org\/10.1080\/02757206.2026.2635341\">https:\/\/doi.org\/10.1080\/02757206.2026.2635341<\/a><\/li>\n<li>\u201cEl manitas y la Pen\u00e9lope de 1969: Bricolaje y divisi\u00f3n sexual del trabajo dom\u00e9stico en Espa\u00f1a (1950-1985)\u201d, <em>Historia Social<\/em>, N.\u00ba 114, 2026, p\u00e1gs. 55-79 [Article]. DOI: <a href=\"https:\/\/doi.org\/10.70794\/hs.116951\">https:\/\/doi.org\/10.70794\/hs.116951<\/a>.<\/li>\n<li>\u201cFascismo, Franquismo y masculinidades: Una revisi\u00f3n historiogr\u00e1fica\u201d, <em>Historia Contempor\u00e1nea<\/em>, N.\u00ba 78, 2025, p\u00e1gs. 699-732 [Article]. DOI: <a href=\"https:\/\/doi.org\/10.1387\/hc.24313\">https:\/\/doi.org\/10.1387\/hc.24313<\/a>.<\/li>\n<li>\u201cLos or\u00edgenes de Educaci\u00f3n y Descanso: El verticalismo franquista y sus conexiones transnacionales\u201d, <em>Culture &amp;History Digital Journal<\/em>, Vol. 14, N.\u00ba 1, 2025, 324 [Article]. DOI: <a href=\"https:\/\/doi.org\/10.3989\/chdj.2025.324\">https:\/\/doi.org\/10.3989\/chdj.2025.324<\/a>.<\/li>\n<li>(With Claudio Hern\u00e1ndez Burgos) \u201c\u2018Hijos predilectos de Espa\u00f1a\u2019: emociones y nacionalizaci\u00f3n cotidiana franquista de los ni\u00f1os (1936-1945)\u201d, <em>Espacio, Tiempo y Forma. <\/em><em>Serie V, Historia contempor\u00e1nea<\/em>, N\u00ba 37, 2025, p\u00e1gs. 57-77 [Article]. DOI: <a href=\"https:\/\/doi.org\/10.5944\/etfv.37.2025.46000\">https:\/\/doi.org\/10.5944\/etfv.37.2025.46000<\/a>.<\/li>\n<li>(With Diana Paola Garc\u00e9s Amaya) \u201cActores, discursos y debates antig\u00e9nero y antifeministas en Am\u00e9rica Latina y Espa\u00f1a\u201d, <em>Revista Estudos Feministas<\/em>, Vol. 32, N\u00ba 2, 2024 [Thematic Section]. DOI: <a href=\"https:\/\/doi.org\/10.1590\/1806-9584-2024v32n2100791\">https:\/\/doi.org\/10.1590\/1806-9584-2024v32n2100791<\/a>.<\/li>\n<li>(With Antonio \u00c1lvarez&#8211;Benavides) \u201cFrente al 8M: Respuestas de las derechas a la movilizaci\u00f3n feminista en Espa\u00f1a (2017-2022)\u201d, <em>Revista Estudos Feministas<\/em>, Vol. 32, N.\u00ba 2, 2024, e96577 [Article]. DOI: <a href=\"https:\/\/doi.org\/10.1590\/1806-9584-2024v32n296577\">https:\/\/doi.org\/10.1590\/1806-9584-2024v32n296577<\/a>.<\/li>\n<li>(With Antonio \u00c1lvarez-Benavides) \u201cThe new Spanish far-right movement: Crisis, national priority and ultranationalist charity\u201d, <em>Nations and Nationalism<\/em>, Vol. 30, N.\u00ba 3, 2024, p\u00e1gs. 476-492 [Article]. DO:\u00a0 <a href=\"https:\/\/doi.org\/10.1111\/nana.12992\">https:\/\/doi.org\/10.1111\/nana.12992<\/a><\/li>\n<li><em>Masculinidades en vertical. G\u00e9nero, naci\u00f3n y trabajo en el primer franquismo<\/em>, Valencia, Publicacions de la Universitat de Val\u00e8ncia, 2023. [Book]. URL: <a href=\"https:\/\/puv.uv.es\/llibre\/masculinidades-en-vertical.html\">https:\/\/puv.uv.es\/llibre\/masculinidades-en-vertical.html<\/a>.<\/li>\n<\/ul>\n<p><\/p>\n<p><strong>Profiles<\/strong><\/p>\n<p><\/p>\n<p><a href=\"https:\/\/orcid.org\/0000-0002-6194-5089\">https:\/\/orcid.org\/0000-0002-6194-5089<\/a><br \/><a href=\"https:\/\/www.webofscience.com\/wos\/author\/record\/JAC-6643-2023\">https:\/\/www.webofscience.com\/wos\/author\/record\/JAC-6643-2023<\/a><br \/><a href=\"https:\/\/www.scopus.com\/authid\/detail.uri?authorId=57202894471\">https:\/\/www.scopus.com\/authid\/detail.uri?authorId=57202894471<\/a><br \/><a href=\"https:\/\/dialnet.unirioja.es\/servlet\/autor?codigo=3365541\">https:\/\/dialnet.unirioja.es\/servlet\/autor?codigo=3365541<\/a><\/p>\n<p><\/p>\n<p><strong>Email<\/strong><\/p>\n<p><\/p>\n<p><a href=\"mailto:fjja@uma.es\">fjja@uma.es<\/a><br \/><a href=\"mailto:franciscojesus.jimenez@ehu.eus\">franciscojesus.jimenez@ehu.eus<\/a><\/p>\n<p>[\/et_pb_text][\/et_pb_column][\/et_pb_row][\/et_pb_section]<\/p>\n","protected":false},"excerpt":{"rendered":"<p>Francisco Jim\u00e9nez AguilarI am a lecturer in History of Science at the University of M\u00e1laga, Spain. I hold a BA in History, a MA in the History of Europe and the Americas, a MA in Culture of Peace, Conflict, Education and Human Rights, a MA in Teacher Training, and an international PhD in History and [&hellip;]<\/p>\n","protected":false},"author":1,"featured_media":0,"parent":6156,"menu_order":0,"comment_status":"closed","ping_status":"closed","template":"","meta":{"_et_pb_use_builder":"on","_et_pb_old_content":"","_et_gb_content_width":"","footnotes":""},"class_list":["post-9434","page","type-page","status-publish","hentry"],"_links":{"self":[{"href":"https:\/\/experienciamoderna.com\/en\/wp-json\/wp\/v2\/pages\/9434","targetHints":{"allow":["GET"]}}],"collection":[{"href":"https:\/\/experienciamoderna.com\/en\/wp-json\/wp\/v2\/pages"}],"about":[{"href":"https:\/\/experienciamoderna.com\/en\/wp-json\/wp\/v2\/types\/page"}],"author":[{"embeddable":true,"href":"https:\/\/experienciamoderna.com\/en\/wp-json\/wp\/v2\/users\/1"}],"replies":[{"embeddable":true,"href":"https:\/\/experienciamoderna.com\/en\/wp-json\/wp\/v2\/comments?post=9434"}],"version-history":[{"count":66,"href":"https:\/\/experienciamoderna.com\/en\/wp-json\/wp\/v2\/pages\/9434\/revisions"}],"predecessor-version":[{"id":11815,"href":"https:\/\/experienciamoderna.com\/en\/wp-json\/wp\/v2\/pages\/9434\/revisions\/11815"}],"up":[{"embeddable":true,"href":"https:\/\/experienciamoderna.com\/en\/wp-json\/wp\/v2\/pages\/6156"}],"wp:attachment":[{"href":"https:\/\/experienciamoderna.com\/en\/wp-json\/wp\/v2\/media?parent=9434"}],"curies":[{"name":"wp","href":"https:\/\/api.w.org\/{rel}","templated":true}]}}