{"id":3483,"date":"2020-04-21T14:18:08","date_gmt":"2020-04-21T12:18:08","guid":{"rendered":"https:\/\/experienciamoderna.com\/abel-diaz\/"},"modified":"2023-05-04T16:36:08","modified_gmt":"2023-05-04T14:36:08","slug":"abel-diaz","status":"publish","type":"page","link":"https:\/\/experienciamoderna.com\/eu\/nor-gara\/abel-diaz\/","title":{"rendered":"Abel D\u00edaz"},"content":{"rendered":"<p>[et_pb_section fb_built=&#8221;1&#8243; _builder_version=&#8221;4.16&#8243; global_colors_info=&#8221;{}&#8221;][et_pb_row _builder_version=&#8221;4.16&#8243; global_colors_info=&#8221;{}&#8221;][et_pb_column type=&#8221;4_4&#8243; _builder_version=&#8221;4.16&#8243; global_colors_info=&#8221;{}&#8221;][et_pb_text content_tablet=&#8221;&#8221; content_phone=&#8221;&#8221; content_last_edited=&#8221;on|desktop&#8221; _builder_version=&#8221;4.16&#8243; header_text_align=&#8221;left&#8221; header_text_align_tablet=&#8221;&#8221; header_text_align_phone=&#8221;center&#8221; header_text_align_last_edited=&#8221;on|phone&#8221; header_font_size_tablet=&#8221;&#8221; header_font_size_phone=&#8221;26px&#8221; header_font_size_last_edited=&#8221;on|desktop&#8221; global_colors_info=&#8221;{}&#8221;]<\/p>\n<h1>Abel D\u00edaz<\/h1>\n<p>[\/et_pb_text][et_pb_text admin_label=&#8221;Texto&#8221; _builder_version=&#8221;4.20.1&#8243; hover_enabled=&#8221;0&#8243; global_colors_info=&#8221;{}&#8221; sticky_enabled=&#8221;0&#8243;]<\/p>\n<p style=\"text-align: left;\"><img decoding=\"async\" class=\"alignleft\" src=\"https:\/\/experienciamoderna.com\/wp-content\/uploads\/2020\/03\/Abel-D%C3%ADaz2.jpg\" \/>La Lagunako Unibertsitatean, ULLn (Tenerife), Historian Lizentziaduna izanik Garaiko Historia Masterra egin dut Euskal Herriko Unibertsitatean, UPV\/EHUn, eta egun doktoretza-tesi bat garatzen ari naiz bertan Garaiko Historia Programaren barruan, \u201cHomosexualidad y masculinidad normativa en el franquismo (1939-1976)\u201d izenburupean.<br \/>2015eko deialdian doktoratu aurreko kontratu bat lortu nuen UPV\/EHUn prestakuntza bidean dagoen ikertzaile izateko (PBI). Berriki ikerketa-egonaldi bat egin dut Buenos Aireseko Unibertsitatearen (Argentina) Gino Germani Ikerketarako Institutuan (IIGG).<br \/>Nire doktoretza-ikerketaren xedea da diktadura frankistan gorputz homosexualak izan zuen eraikuntza historikoa aztertzea. Ikuspegi ez esentzialista batetik abiatzen naiz eta denboraren joan-etorrian homosexualitateari egotzi zitzaizkion esanahi sozialak aztertzea dut ardatz. Azterlan honetan arreta berezia eskainiko diet homosexualitatea kriminalizatzeko mekanismo ezberdinei, batez ere jardun judizialen bidezkoari, zeina garai hartan Gaizkile eta Alferren Legea aplikatuz argi eta garbi adierazten zen, eta, aldi berean, hipotesi produktibo bati jarraiki, termino foukaltianoetan, subjektuetan identitate homosexual bat osatzean izan zituen ondorio konstitutiboei. Ildo horretan, iturrien berreskuratzea jakintza adituetatik harago doa (medikuntza, psikiatria eta legedia), fenomeno zabalagoen berri emateko, sexualitatearen beste iruditeria batzuei dagozkienak, herritarrenari kasu.<br \/>Nire lanean era kritikoan konbinatuko ditut nire prestakuntza osatu dudan unibertsitateen ikerketa-taldeen tradizio teoriko-metodologikoak \u2013historia postsozialaren esparruan, diskurtsoa eta gorputza azpimarratuz errealitatearen esanahien ekoizle diren aldetik. Halaber, genero-ikuspegia oso elementu garrantzitsua izango da analisi honetan, eragin zuzena baitu, Nerea Arestik garatutako proposamenei jarraiki, sexualitatean eta hark ezberdintasun sexualarekin duen lotura pentsatzeko abiapuntu ditudan hipotesietan.<\/p>\n<p><strong>Nire argitalpen berriak:<\/strong><br \/>D\u00cdAZ, Abel (2021), \u00abAfeminados de vida ociosa: Sexualidad, g\u00e9nero y clase social durante el franquismo\u00bb, Historia Contempor\u00e1nea, n\u00fam. 65, pp. 131-162.<br \/>D\u00cdAZ, Abel (2020), \u00abTensions between Body and Soul: Homosexuality(s) in the Basque Country during the First Francoism\u00bb, en Marta LUXAN SERRANO, Jone Miren HERN\u00c1NDEZ GARC\u00cdA y Xabier IRUJO AM\u00c9ZAGA (eds.), LGBTQI+ in the Basque Country, Reno, Center for Basque Studies, pp. 117-138.<\/p>\n<p>Nire argitalpenak jarraitzeko: <a href=\"https:\/\/revistas.ucm.es\">https:\/\/revistas.ucm.es<\/a><br \/>Harremanetarako posta elektronikoa: <a href=\"mailto:abeldzdz@gmail.com\">abeldzdz@gmail.com<\/a><\/p>\n<p>[\/et_pb_text][\/et_pb_column][\/et_pb_row][\/et_pb_section]<\/p>\n","protected":false},"excerpt":{"rendered":"<p>Abel D\u00edazLa Lagunako Unibertsitatean, ULLn (Tenerife), Historian Lizentziaduna izanik Garaiko Historia Masterra egin dut Euskal Herriko Unibertsitatean, UPV\/EHUn, eta egun doktoretza-tesi bat garatzen ari naiz bertan Garaiko Historia Programaren barruan, \u201cHomosexualidad y masculinidad normativa en el franquismo (1939-1976)\u201d izenburupean.2015eko deialdian doktoratu aurreko kontratu bat lortu nuen UPV\/EHUn prestakuntza bidean dagoen ikertzaile izateko (PBI). Berriki ikerketa-egonaldi [&hellip;]<\/p>\n","protected":false},"author":1,"featured_media":0,"parent":6299,"menu_order":0,"comment_status":"closed","ping_status":"closed","template":"","meta":{"_et_pb_use_builder":"on","_et_pb_old_content":"","_et_gb_content_width":"","footnotes":""},"class_list":["post-3483","page","type-page","status-publish","hentry"],"_links":{"self":[{"href":"https:\/\/experienciamoderna.com\/eu\/wp-json\/wp\/v2\/pages\/3483","targetHints":{"allow":["GET"]}}],"collection":[{"href":"https:\/\/experienciamoderna.com\/eu\/wp-json\/wp\/v2\/pages"}],"about":[{"href":"https:\/\/experienciamoderna.com\/eu\/wp-json\/wp\/v2\/types\/page"}],"author":[{"embeddable":true,"href":"https:\/\/experienciamoderna.com\/eu\/wp-json\/wp\/v2\/users\/1"}],"replies":[{"embeddable":true,"href":"https:\/\/experienciamoderna.com\/eu\/wp-json\/wp\/v2\/comments?post=3483"}],"version-history":[{"count":6,"href":"https:\/\/experienciamoderna.com\/eu\/wp-json\/wp\/v2\/pages\/3483\/revisions"}],"predecessor-version":[{"id":8618,"href":"https:\/\/experienciamoderna.com\/eu\/wp-json\/wp\/v2\/pages\/3483\/revisions\/8618"}],"up":[{"embeddable":true,"href":"https:\/\/experienciamoderna.com\/eu\/wp-json\/wp\/v2\/pages\/6299"}],"wp:attachment":[{"href":"https:\/\/experienciamoderna.com\/eu\/wp-json\/wp\/v2\/media?parent=3483"}],"curies":[{"name":"wp","href":"https:\/\/api.w.org\/{rel}","templated":true}]}}