{"id":3493,"date":"2020-04-23T13:16:23","date_gmt":"2020-04-23T11:16:23","guid":{"rendered":"https:\/\/experienciamoderna.com\/carlos-alvarez\/"},"modified":"2024-02-14T12:47:29","modified_gmt":"2024-02-14T11:47:29","slug":"carlos-alvarez","status":"publish","type":"page","link":"https:\/\/experienciamoderna.com\/eu\/nor-gara\/carlos-alvarez\/","title":{"rendered":"Carlos \u00c1lvarez"},"content":{"rendered":"<p>[et_pb_section fb_built=&#8221;1&#8243; _builder_version=&#8221;4.16&#8243; global_colors_info=&#8221;{}&#8221;][et_pb_row _builder_version=&#8221;4.16&#8243; global_colors_info=&#8221;{}&#8221;][et_pb_column type=&#8221;4_4&#8243; _builder_version=&#8221;4.16&#8243; global_colors_info=&#8221;{}&#8221;][et_pb_text _builder_version=&#8221;4.16&#8243; global_colors_info=&#8221;{}&#8221;]<\/p>\n<h1>Carlos \u00c1lvarez<\/h1>\n<p>[\/et_pb_text][et_pb_text _builder_version=&#8221;4.24.0&#8243; hover_enabled=&#8221;0&#8243; global_colors_info=&#8221;{}&#8221; sticky_enabled=&#8221;0&#8243;]<\/p>\n<p style=\"text-align: left;\"><img loading=\"lazy\" decoding=\"async\" class=\"wp-image-9685 size-full alignleft\" src=\"https:\/\/experienciamoderna.com\/wp-content\/uploads\/2024\/02\/Foto-Carlos-Alvarez2.jpg\" alt=\"\" width=\"165\" height=\"181\" \/>Historian lizentziatua naiz La Lagunako Unibertsitatean (ULL), 2012 urtean. Gero, Euskal Herriko Unibertsitatean (UPV\/EHU) Historia Garaikideko Unibertsitate arteko Masterra egin nuen. Gaur egun, Historia Garaikideko doktoregoa egiten ari naiz unibertsitate horretan, eta 2016. urtetik ari naiz ikertzen. Euskal Herriko Unibertsitateko ikertzaileen formakuntza kontratua (PIF) lortu nuen 2015eko deialdian.<\/p>\n<p>Nire ikerketaren helburua emakumeen gorputzaren esanahiak lehen frankismoan izan zuten bilakaera aztertzea da. Horretarako, Bilboko Adingabeen Tutoretza Auzitegitik datorren dokumentazio judiziala ikertzen dut, estatu mailako beste artxibo-funts batzuekin batera. Ikerketa hau lehen eskuko beste iturri batzuen analisiaren bidez osatzen da (legeria, mediku-eskuliburuak, literatura katolikoa, idatzi falangistak eta abar). Ikuspegi intersekzionaletik, 1940ko eta 1960ko hamarkaden artean emakumeen gorputza nola eraiki zen aztertzea interesatzen zait, denboraren poderioz hainbat aldagairen (generoa, klasea, adina, erlijioa eta nazioa) gurutzaketa kontuan hartuta.<br \/>Ikerketa egonaldi bat egin dut Buenos Airesko Unibertsitatean (UBA), Filosofia eta Letren Fakultatean, Isabella Cosseren zuzendaritzapean, 2019ko uztaila eta urria bitartean.<\/p>\n<p><strong>Hainbat argitalpenen egilea naiz, eta horien artean honako hauek nabarmendu behar dira:<\/strong><\/p>\n<ul>\n<li>&#8220;J\u00f3venes en `el lecho de Procusto\u00b4. Una aproximaci\u00f3n a los ideales de g\u00e9nero de posguerra&#8221;, Arenal, Revista de historia de las mujeres, 27:2, 331-354. orr.<\/li>\n<li>Berrikuspena: Remedio \u00c1lvarez et al. (coords.): Maternidad lesbiana: Del deseo a la realidad, Barcelona-Madrid, Editorial Egales, S.L., 2018. En: Feminismo\/s, 33 (2019), 351-354. orr.<\/li>\n<li>Berrikuspena: Neus ROIG: No llores que vas a ser feliz. El tr\u00e1fico de beb\u00e9s en Espa\u00f1a: de la represi\u00f3n al negocio (1938-1996), Barcelona, \u00c1tico de los Libros, 2018. En: Pasado y Memoria: Revista de historia contempor\u00e1nea, 18 (2019), 473-476.\u00a0<\/li>\n<\/ul>\n<p style=\"text-align: left;\"><a href=\"https:\/\/ehu.academia.edu\/Carlos%C3%81lvarezFern%C3%A1ndez\">ehu.academia.edu\/CarlosAlvarezFern\u00e1ndez<\/a><br \/><a href=\"https:\/\/orcid.org\/0000-0002-2554-080X\">https:\/\/orcid.ororcidg\/0000-0002-2554-080X<\/a><br \/><a href=\"mailto:carlosalvfernandez@gmail.com\">carlosalvfernandez@gmail.com<\/a><br \/>ResearcherID: F-6425-2016<\/p>\n<p>[\/et_pb_text][\/et_pb_column][\/et_pb_row][\/et_pb_section]<\/p>\n","protected":false},"excerpt":{"rendered":"<p>Carlos \u00c1lvarezHistorian lizentziatua naiz La Lagunako Unibertsitatean (ULL), 2012 urtean. Gero, Euskal Herriko Unibertsitatean (UPV\/EHU) Historia Garaikideko Unibertsitate arteko Masterra egin nuen. Gaur egun, Historia Garaikideko doktoregoa egiten ari naiz unibertsitate horretan, eta 2016. urtetik ari naiz ikertzen. Euskal Herriko Unibertsitateko ikertzaileen formakuntza kontratua (PIF) lortu nuen 2015eko deialdian. Nire ikerketaren helburua emakumeen gorputzaren esanahiak [&hellip;]<\/p>\n","protected":false},"author":1,"featured_media":0,"parent":6299,"menu_order":0,"comment_status":"closed","ping_status":"closed","template":"","meta":{"_et_pb_use_builder":"on","_et_pb_old_content":"","_et_gb_content_width":"","footnotes":""},"class_list":["post-3493","page","type-page","status-publish","hentry"],"_links":{"self":[{"href":"https:\/\/experienciamoderna.com\/eu\/wp-json\/wp\/v2\/pages\/3493","targetHints":{"allow":["GET"]}}],"collection":[{"href":"https:\/\/experienciamoderna.com\/eu\/wp-json\/wp\/v2\/pages"}],"about":[{"href":"https:\/\/experienciamoderna.com\/eu\/wp-json\/wp\/v2\/types\/page"}],"author":[{"embeddable":true,"href":"https:\/\/experienciamoderna.com\/eu\/wp-json\/wp\/v2\/users\/1"}],"replies":[{"embeddable":true,"href":"https:\/\/experienciamoderna.com\/eu\/wp-json\/wp\/v2\/comments?post=3493"}],"version-history":[{"count":10,"href":"https:\/\/experienciamoderna.com\/eu\/wp-json\/wp\/v2\/pages\/3493\/revisions"}],"predecessor-version":[{"id":9695,"href":"https:\/\/experienciamoderna.com\/eu\/wp-json\/wp\/v2\/pages\/3493\/revisions\/9695"}],"up":[{"embeddable":true,"href":"https:\/\/experienciamoderna.com\/eu\/wp-json\/wp\/v2\/pages\/6299"}],"wp:attachment":[{"href":"https:\/\/experienciamoderna.com\/eu\/wp-json\/wp\/v2\/media?parent=3493"}],"curies":[{"name":"wp","href":"https:\/\/api.w.org\/{rel}","templated":true}]}}