{"id":3513,"date":"2020-04-23T13:48:12","date_gmt":"2020-04-23T11:48:12","guid":{"rendered":"https:\/\/experienciamoderna.com\/monica-garcia\/"},"modified":"2024-12-19T18:02:55","modified_gmt":"2024-12-19T17:02:55","slug":"monica-garcia","status":"publish","type":"page","link":"https:\/\/experienciamoderna.com\/eu\/nor-gara\/monica-garcia\/","title":{"rendered":"M\u00f3nica Garc\u00eda"},"content":{"rendered":"<p>[et_pb_section fb_built=&#8221;1&#8243; _builder_version=&#8221;4.16&#8243; global_colors_info=&#8221;{}&#8221;][et_pb_row _builder_version=&#8221;4.16&#8243; global_colors_info=&#8221;{}&#8221;][et_pb_column type=&#8221;4_4&#8243; _builder_version=&#8221;4.16&#8243; global_colors_info=&#8221;{}&#8221;][et_pb_text _builder_version=&#8221;4.16&#8243; global_colors_info=&#8221;{}&#8221;]<\/p>\n<h1>M\u00f3nica Garc\u00eda<\/h1>\n<p>[\/et_pb_text][et_pb_text admin_label=&#8221;Texto&#8221; _builder_version=&#8221;4.24.0&#8243; hover_enabled=&#8221;0&#8243; global_colors_info=&#8221;{}&#8221; sticky_enabled=&#8221;0&#8243;]<\/p>\n<p><img loading=\"lazy\" decoding=\"async\" class=\"wp-image-1599 size-full alignleft\" src=\"https:\/\/experienciamoderna.com\/wp-content\/uploads\/2020\/03\/M\u00f3nica-Garc\u00eda1.jpg\" alt=\"\" width=\"165\" height=\"180\" \/>M\u00f3nica Garc\u00eda Fern\u00e1ndez Historia lizentziatura egin zuen Oviedoko Unibertsitatean (2011) eta unibertsitate horretan bertan ere Europako aipamena duen doktorea da (2019) Asturiaseko Printzerriko Severo Ochoa programako doktoretza-aurreko kontratu bati esker. Oviedoko Unibertsitatean eta Hulleko Unibertsitatean (2012-13) Erasmus Mundus Masterra ere egin du Emakumeen eta Generoaren Ikasketetan. 2024tik Ramon y Cajal programako ikertzailea da Madrilgo Unibertsitate Autonomoko Historia Garaikideko Sailean. Horren aurretik, UPV\/EHUn ikertzaile doktoreak espezializatzeko kontratazio-deialdiaren onuraduna (2020-2022) eta Margarita Salas doktoretza-ondoko ikertzailea izan zen Leedseko Unibertsitateko Centre for the History of Ibero-America (CHIA) zentroan (2022-2023). Honetaz gain, ikerketa-egonaldiak egin ditu Rutgers. The State University of New Jerseyn, Glasgoweko Unibertsitatean eta Lisboako Unibertsitatean. 2023an Yaleko Unibertsitateko Beinecke Library bekaren onuraduna izan zen, ere.<\/p>\n<p>Bere ikerketa frankismoko sexualitatearen eta maitasunaren arau eta esperientzien inguruan dihardu, hirurogeiko eta hirurogeita hamarreko hamarkadetako erlijio eta sexu-aldaketen arteko elkarguneaz ere arduratu delarik. Gai hauek Emakumeen Historia Ikertzeko Espainiako Elkarteak (AEIHM) eta Association for Spanish and Portuguese Historical Studies (ASPHS) erakundeak saritutako doktore-tesian aztertu zituen. Tesi hau 2022an argitaratu zuen Comares argitaletxeak, <em>Dos en una sola carne<\/em>. <em>Matrimonio, amor y sexualidad en la Espa\u00f1a franquista (1939-1975)<\/em> izenburuarekin. Gainera, bere lanak Contemporary European History Prize 2020 eta International Society for Cultural Prize Competition 2016 sarien onuradunak izan dira.<\/p>\n<p><strong>Argitalpen garrantzitsuenak: <\/strong><\/p>\n<ul>\n<li><em>Dos en una sola carne. Matrimonio, amor y sexualidad en la Espa\u00f1a franquista (1939-1975)<\/em> (Granada: Comares, 2022).<\/li>\n<li>&#8220;La insatisfacci\u00f3n sexual femenina, del franquismo a la Transici\u00f3n. Discursos, subjetividades y emociones&#8221;, <em>Arenal<\/em>1 (2023): 277-308. <a href=\"https:\/\/doi.org\/10.30827\/arenal.v30i1.16218\">https:\/\/doi.org\/10.30827\/arenal.v30i1.16218<\/a><\/li>\n<li>\u201cRepresentations of Motherhood in Late Francoist Spain: From Catholic Discourses to Early Feminist Critiques\u201d, <em>Feminismo\/s<\/em> 41 (2023): 131-57. <a href=\"https:\/\/doi.org\/10.14198\/fem.2023.41.06\">https:\/\/doi.org\/10.14198\/fem.2023.41.06<\/a><\/li>\n<li>\u201cA Healthy Sex Life. Love, Marriage, and Sexual Knowledge in Franco\u2019s Spain\u201d,<em> Social History of Medicine<\/em>4 (2022): 1334-55. <a href=\"https:\/\/dx.doi.org\/10.1093\/shm\/hkab132\">https:\/\/dx.doi.org\/10.1093\/shm\/hkab132<\/a><\/li>\n<li>\u201cFrom National Catholicism to Romantic Love. The Politics of Love and Divorce in Franco&#8217;s Spain\u201d, <em>Contemporary European History<\/em>1 (2022): 2-14. <a href=\"https:\/\/doi.org\/10.1017\/S0960777321000515\">https:\/\/doi.org\/10.1017\/S0960777321000515<\/a><\/li>\n<li>\u201cLa fr\u00edgida y el donju\u00e1n. Sexualidad, g\u00e9nero y naci\u00f3n en el cine y la cultura popular del tardofranquismo\u201d, <em>Bulletin of Spanish Studies<\/em>3 (2021): 411-36<em>. <\/em><a href=\"https:\/\/doi.org\/10.1080\/14753820.2021.1908723\">https:\/\/doi.org\/10.1080\/14753820.2021.1908723<\/a><\/li>\n<li>\u201cSexualidad y religi\u00f3n en el tardofranquismo. La recepci\u00f3n de la <em>Humanae vitae<\/em> en Espa\u00f1a y la crisis de autoridad en la Iglesia\u201d, <em>Hispania Nova <\/em>19 (2021): 255-90. <a href=\"https:\/\/doi.org\/10.20318\/hn.2021.5882\">https:\/\/doi.org\/10.20318\/hn.2021.5882<\/a><\/li>\n<li>\u201cDe la castidad a la rebeld\u00eda. La sexualidad femenina en la prensa del segundo franquismo (1960-1975)\u201d, <em>Civilisations et soci\u00e9t\u00e9s<\/em> 20.2 (2021): 63-96.<\/li>\n<li>\u201cEntre la norma y el deseo. Amor, g\u00e9nero y sexualidad en la Espa\u00f1a de los a\u00f1os cincuenta\u201d, en <em>Esta es la Espa\u00f1a de Franco. Los a\u00f1os cincuenta del franquismo (1950-1959)<\/em>, eds. Miguel \u00c1ngel del Arco Blanco y Claudio Hern\u00e1ndez Burgos (Zaragoza: PUZ, 2020), 227-48.<\/li>\n<li>\u201cGender Metaphors and Representations of the Biological Body: An Analysis of Popular Medical Literature Published in Franco\u2019s Spain\u201d, <em>Cultural History<\/em>2 (2017): 209-26. <a href=\"https:\/\/doi.org\/10.3366\/cult.2017.0150\">https:\/\/doi.org\/10.3366\/cult.2017.0150<\/a><\/li>\n<li>\u201cSexualidad y armon\u00eda conyugal en la Espa\u00f1a franquista. Representaciones de g\u00e9nero en manuales sexuales y conyugales publicados entre 1946 y 1968\u201d, <em>Ayer<\/em>1 (2017): 215-38. <a href=\"https:\/\/doi.org\/10.55509\/ayer\/105-2017-09\">https:\/\/doi.org\/10.55509\/ayer\/105-2017-09<\/a>.<\/li>\n<\/ul>\n<p>PROFILAK<br \/><a href=\"https:\/\/uam.academia.edu\/garciafmonica\">https:\/\/uam.academia.edu\/garciafmonica<\/a><br \/><a href=\"https:\/\/orcid.org\/0000-0002-5962-4606\">https:\/\/orcid.org\/0000-0002-5962-4606<\/a><br \/><a href=\"https:\/\/twitter.com\/monigf122\">https:\/\/twitter.com\/monigf122<\/a><\/p>\n<p>EMAIL<br \/><a href=\"https:\/\/twitter.com\/monigf122\">garciafmonica@gmail.com<\/a><\/p>\n<p>[\/et_pb_text][\/et_pb_column][\/et_pb_row][\/et_pb_section]<\/p>\n","protected":false},"excerpt":{"rendered":"<p>M\u00f3nica Garc\u00edaM\u00f3nica Garc\u00eda Fern\u00e1ndez Historia lizentziatura egin zuen Oviedoko Unibertsitatean (2011) eta unibertsitate horretan bertan ere Europako aipamena duen doktorea da (2019) Asturiaseko Printzerriko Severo Ochoa programako doktoretza-aurreko kontratu bati esker. Oviedoko Unibertsitatean eta Hulleko Unibertsitatean (2012-13) Erasmus Mundus Masterra ere egin du Emakumeen eta Generoaren Ikasketetan. 2024tik Ramon y Cajal programako ikertzailea da Madrilgo [&hellip;]<\/p>\n","protected":false},"author":1,"featured_media":0,"parent":6299,"menu_order":0,"comment_status":"closed","ping_status":"closed","template":"","meta":{"_et_pb_use_builder":"on","_et_pb_old_content":"","_et_gb_content_width":"","footnotes":""},"class_list":["post-3513","page","type-page","status-publish","hentry"],"_links":{"self":[{"href":"https:\/\/experienciamoderna.com\/eu\/wp-json\/wp\/v2\/pages\/3513","targetHints":{"allow":["GET"]}}],"collection":[{"href":"https:\/\/experienciamoderna.com\/eu\/wp-json\/wp\/v2\/pages"}],"about":[{"href":"https:\/\/experienciamoderna.com\/eu\/wp-json\/wp\/v2\/types\/page"}],"author":[{"embeddable":true,"href":"https:\/\/experienciamoderna.com\/eu\/wp-json\/wp\/v2\/users\/1"}],"replies":[{"embeddable":true,"href":"https:\/\/experienciamoderna.com\/eu\/wp-json\/wp\/v2\/comments?post=3513"}],"version-history":[{"count":15,"href":"https:\/\/experienciamoderna.com\/eu\/wp-json\/wp\/v2\/pages\/3513\/revisions"}],"predecessor-version":[{"id":9560,"href":"https:\/\/experienciamoderna.com\/eu\/wp-json\/wp\/v2\/pages\/3513\/revisions\/9560"}],"up":[{"embeddable":true,"href":"https:\/\/experienciamoderna.com\/eu\/wp-json\/wp\/v2\/pages\/6299"}],"wp:attachment":[{"href":"https:\/\/experienciamoderna.com\/eu\/wp-json\/wp\/v2\/media?parent=3513"}],"curies":[{"name":"wp","href":"https:\/\/api.w.org\/{rel}","templated":true}]}}