{"id":3518,"date":"2020-04-23T13:52:48","date_gmt":"2020-04-23T11:52:48","guid":{"rendered":"https:\/\/experienciamoderna.com\/raul-minguez-blasco\/"},"modified":"2024-02-12T13:31:19","modified_gmt":"2024-02-12T12:31:19","slug":"raul-minguez-blasco","status":"publish","type":"page","link":"https:\/\/experienciamoderna.com\/eu\/nor-gara\/raul-minguez-blasco\/","title":{"rendered":"Ra\u00fal M\u00ednguez Blasco"},"content":{"rendered":"<p>[et_pb_section fb_built=&#8221;1&#8243; _builder_version=&#8221;4.16&#8243; global_colors_info=&#8221;{}&#8221;][et_pb_row _builder_version=&#8221;4.16&#8243; global_colors_info=&#8221;{}&#8221;][et_pb_column type=&#8221;4_4&#8243; _builder_version=&#8221;4.16&#8243; global_colors_info=&#8221;{}&#8221;][et_pb_text _builder_version=&#8221;4.16&#8243; global_colors_info=&#8221;{}&#8221;]<\/p>\n<h1>Ra\u00fal M\u00ednguez<\/h1>\n<p>[\/et_pb_text][et_pb_text _builder_version=&#8221;4.20.0&#8243; hover_enabled=&#8221;0&#8243; global_colors_info=&#8221;{}&#8221; sticky_enabled=&#8221;0&#8243;]<\/p>\n<p><img loading=\"lazy\" decoding=\"async\" class=\"wp-image-7843 size-thumbnail alignleft\" src=\"https:\/\/experienciamoderna.com\/wp-content\/uploads\/2023\/02\/Foto-Raul-Minguez-150x150.jpg\" alt=\"\" width=\"150\" height=\"150\" \/>Historian lizentziatua (2008), Historia Garaikidean Masterra (2009) eta Historia Garaikidean doktorea Valentziako Unibertsitatean. Valentziako Generalitateko Hezkuntza Kontseilaritzaren doktoratu aurreko beka bat izan dut, Valentziako Unibertsitateko Historia Garaikideko Sailari atxikia (2009-2013), bai eta doktoratu ondoko hiru beka ere, EHUk (2015-2017), Zientzia, Berrikuntza eta Unibertsitate Ministerioak (Juan de la Cierva-incorporaci\u00f3n, 2018-2019) eta Europako Batzordeak (Marie Sklodowska-Curie, 2019-2021) emandakoak. Gaur egun Euskal Herriko Unibertsitatean lan egiten dut, Zientzia eta Berrikuntza Ministerioak emandako Ram\u00f3n y Cajal kontratu bati esker.<\/p>\n<p>Nire doktore-tesiak, 2015eko VII. edizioan Historia Garaikideko doktore-tesi onenaren Miguel Artola saria jaso zuen, Espainiako XIX. mendeko katolizismoa, generoa eta feminitate-ereduak jorratuz. Halaber, XVIII. mendearen amaieratik XIX. mendearen erdialdera bitartean Espainian izandako feminizazio-prozesuari eta emakumeen hezkuntzari buruz lan egin dut. Hainbat ikerketa-proiektutan parte hartu dut, eta aldizkari espezializatuetan argitaratu dut: Arenal, Gender and History, Ayer, Hispania Sacra, Journal of Religious History, Feminismo\/s eta Historia Contempor\u00e1nea. Nire monografia, Evas, Mar\u00edas y Magdalenas. G\u00e9nero y modernidad cat\u00f3lica en la Espa\u00f1a liberal (1833-1874), Ikasketa Politiko eta Konstituzionalen Zentroak argitaratu zuen 2016an.<\/p>\n<p>Hiru ikasturtez irakatsi dut Valentziako Unibertsitatean, lehenik prestakuntzan ikertzaile gisa, eta gero irakasle elkartu gisa. Urrutiko Hezkuntzarako Unibertsitate Nazionaleko (UNED) Bizkaiko Sailean eta Leedseko Unibertsitatean irakasle kolaboratzailea ere izan naiz, eta Bigarren Hezkuntzan ere esperientzia izan dut. Gaur egun Euskal Herriko Unibertsitatean irakasten dut. Nazioarteko hiru ikerketa-egonaldi egin ditut: hiru hilabeteko doktoratu aurreko egonaldi bat Parisko \u00c9cole des Hautes \u00c9tudes en Sciences Sociales-en (Frantzia), eta bi doktoretza-ondoko egonaldi bat bost hilabetez University of Leeds-en (Erresuma Batua) eta bi hilabeteko beste bat University of Glasgow-n (Erresuma Batua).<\/p>\n<p>Azken urteotan garatu dudan ikerketa-proiektuaren helburua da Vatikanoko II. Kontzilioaren ondorioz katolizismo erromatarraren eraldatze-prozesuan parte hartu duten emakume katolikoen identitate-eraikuntzaren prozesua aztertzea. Ikuspegi konparatu batetik, gainera, prozesu hori XX. mendearen azken herenean Elkarte Anglikanoko Ingalaterrako Elizarekin lotutako emakumeek egindakoarekin alderatzea bilatzen dut. Dagoeneko argitaratu ditut ikerketa honen emaitza partzial batzuk aldizkari eta kongresuetarako komunikazioetako artikuluetan, eta espero dut gai horri buruzko monografia bat argitaratzea epe ertainera.<\/p>\n<p><strong>Argitalpen berrienak:<\/strong><\/p>\n<ul>\n<li>\u201c\u00bfCuras viriles? El padre Claret y la masculinidad sacerdotal en la Espa\u00f1a del siglo XIX\u201d, Ayer, 126 (2022), 159-185. orr., <a href=\"https:\/\/doi.org\/10.55509\/ayer\/811\">https:\/\/doi.org\/10.55509\/ayer\/811<\/a><\/li>\n<li>(con E. de Dios) \u2018Catholic Housewives in Transition: The Centres for the Promotion of Women between the Franco Dictatorship and Democracy in Spain (1960-1980)\u2019, Journal of Religious History, 45-4 (2021), 623-643. orr. <a href=\"https:\/\/doi.org\/10.1111\/1467-9809.12807\">https:\/\/doi.org\/10.1111\/1467-9809.12807<\/a><\/li>\n<li>\u201cBetween Virgins and Priests: the Feminization of Catholicism and Priestly Masculinity in Nineteenth-Century Spain\u201d, Gender &amp; History, 33-1 (2021), 94-110. orr. <a href=\"https:\/\/doi.org\/10.1111\/1468-0424.12493\">https:\/\/doi.org\/10.1111\/1468-0424.12493<\/a><br \/>(con E. de Dios) \u2018\u201cEn euskera y en cristiano\u201d. G\u00e9nero, religi\u00f3n y naci\u00f3n en el Pa\u00eds Vasco durante el franquismo\u2019, R\u00fabrica Contempor\u00e1nea, IX-17 (2020), pp. 99-117. <a href=\"https:\/\/doi.org\/10.5565\/rev\/rubrica.196\">https:\/\/doi.org\/10.5565\/rev\/rubrica.196<\/a><\/li>\n<li>\u201cEntre el hogar y la calle. La movilizaci\u00f3n pol\u00edtica de mujeres cat\u00f3licas durante el Sexenio Democr\u00e1tico\u201d, Hispania Nova, 18 (2020), 419-449. orr.,\u00a0<\/li>\n<\/ul>\n<p>&nbsp;<\/p>\n<p><a href=\"http:\/\/easynet.academia.edu\/Ra\u00falM\u00ednguezBlasco\">Academia.edu<\/a><br \/><a href=\"https:\/\/dialnet.unirioja.es\/servlet\/autor?codigo=3010701\">Dialnet<\/a><br \/><a href=\"https:\/\/www.facebook.com\/raul.rouge?fref=search&amp;__tn__=%2Cd%2CP-R&amp;eid=ARDVznqVHAh6Cva9XOzo6yL5ICrDTlLvSTrNwilMt0i1xGMdYbMsBz0FS1B3PW5zSMhFAxCrjTaQlbEX\">Facebook<\/a><br \/><a href=\"http:\/\/Twitter.com\">Twitter<\/a><\/p>\n<p>EMAIL<br \/><a href=\"mailto:raul.minguez@ehu.eus\">raul.minguez@ehu.eus<\/a><br \/><a href=\"mailto:raulmb22@hotmail.com\">raulmb22@hotmail.com<\/a><\/p>\n<p>[\/et_pb_text][\/et_pb_column][\/et_pb_row][\/et_pb_section]<\/p>\n","protected":false},"excerpt":{"rendered":"<p>Ra\u00fal M\u00ednguezHistorian lizentziatua (2008), Historia Garaikidean Masterra (2009) eta Historia Garaikidean doktorea Valentziako Unibertsitatean. Valentziako Generalitateko Hezkuntza Kontseilaritzaren doktoratu aurreko beka bat izan dut, Valentziako Unibertsitateko Historia Garaikideko Sailari atxikia (2009-2013), bai eta doktoratu ondoko hiru beka ere, EHUk (2015-2017), Zientzia, Berrikuntza eta Unibertsitate Ministerioak (Juan de la Cierva-incorporaci\u00f3n, 2018-2019) eta Europako Batzordeak (Marie Sklodowska-Curie, [&hellip;]<\/p>\n","protected":false},"author":1,"featured_media":0,"parent":6299,"menu_order":0,"comment_status":"closed","ping_status":"closed","template":"","meta":{"_et_pb_use_builder":"on","_et_pb_old_content":"","_et_gb_content_width":"","footnotes":""},"class_list":["post-3518","page","type-page","status-publish","hentry"],"_links":{"self":[{"href":"https:\/\/experienciamoderna.com\/eu\/wp-json\/wp\/v2\/pages\/3518","targetHints":{"allow":["GET"]}}],"collection":[{"href":"https:\/\/experienciamoderna.com\/eu\/wp-json\/wp\/v2\/pages"}],"about":[{"href":"https:\/\/experienciamoderna.com\/eu\/wp-json\/wp\/v2\/types\/page"}],"author":[{"embeddable":true,"href":"https:\/\/experienciamoderna.com\/eu\/wp-json\/wp\/v2\/users\/1"}],"replies":[{"embeddable":true,"href":"https:\/\/experienciamoderna.com\/eu\/wp-json\/wp\/v2\/comments?post=3518"}],"version-history":[{"count":16,"href":"https:\/\/experienciamoderna.com\/eu\/wp-json\/wp\/v2\/pages\/3518\/revisions"}],"predecessor-version":[{"id":9624,"href":"https:\/\/experienciamoderna.com\/eu\/wp-json\/wp\/v2\/pages\/3518\/revisions\/9624"}],"up":[{"embeddable":true,"href":"https:\/\/experienciamoderna.com\/eu\/wp-json\/wp\/v2\/pages\/6299"}],"wp:attachment":[{"href":"https:\/\/experienciamoderna.com\/eu\/wp-json\/wp\/v2\/media?parent=3518"}],"curies":[{"name":"wp","href":"https:\/\/api.w.org\/{rel}","templated":true}]}}