{"id":3523,"date":"2020-04-23T13:55:13","date_gmt":"2020-04-23T11:55:13","guid":{"rendered":"https:\/\/experienciamoderna.com\/raul-navarro-mendez\/"},"modified":"2020-06-10T10:04:12","modified_gmt":"2020-06-10T08:04:12","slug":"raul-navarro-mendez","status":"publish","type":"page","link":"https:\/\/experienciamoderna.com\/eu\/nor-gara\/raul-navarro-mendez\/","title":{"rendered":"Ra\u00fal Navarro-M\u00e9ndez"},"content":{"rendered":"<p>[et_pb_section fb_built=&#8221;1&#8243; _builder_version=&#8221;4.4.1&#8243;][et_pb_row _builder_version=&#8221;4.4.1&#8243;][et_pb_column type=&#8221;4_4&#8243; _builder_version=&#8221;4.4.1&#8243;][et_pb_text _builder_version=&#8221;4.4.1&#8243;]<\/p>\n<h1>Ra\u00fal Navarro-M\u00e9ndez<\/h1>\n<p>[\/et_pb_text][et_pb_text _builder_version=&#8221;4.4.6&#8243;]<\/p>\n<p style=\"text-align: left;\"><img loading=\"lazy\" decoding=\"async\" class=\"wp-image-1601 size-full alignleft\" src=\"https:\/\/experienciamoderna.com\/wp-content\/uploads\/2020\/03\/Ra\u00fal-Navarro1.jpg\" alt=\"\" width=\"165\" height=\"180\" \/><\/p>\n<p>Soziologian graduduna Bartzelonako Universitat Aut\u00f2noma-n eta Genero-Ikasketetan espezializazioduna izateaz gain, Ikasketa Feministak eta Generokoak Masterra burutu du Euskal Herriko Unibertsitatean. UPV\/EHUko Historia Garaikidea Saileko doktoregaia da Ikasketa Feministak eta Generokoak programaren barruan. Bertan, 2017an doktoretza aurreko kontratu bat eskuratu zuen prestakuntza bidean dagoen ikertzaile gisa (PBI).<\/p>\n<p>Bere doktoretza-tesiarekin Espainian XX.\u00a0mendearen hogeigarren eta hogeita hamargarren hamarkadetan, alegia Gerra Zibilaren aurreko garaian, subjektu homosexualaren eraikuntza historikoaren azterketa planteatzen du. Esperientzia homoerotikoa egituratu zuten kategoriak ezagutzea eta subjektuek diskurtso normatiboek inposatutako terminoak birdefinitzeko duten gaitasuna kalibratzea. Era horretan, Espainian giro homosexual jakin batzuek paradigma politiko eta zientifiko berrien aurrean diskurtso kontrahegemonikoak sortzeko izan zuten aukera ebaluatzea.<\/p>\n<p>Doktoretza-egonaldiak egin ditu Berlinen, bai Humboldt Universit\u00e4t-aren Research Center for the Cultural History of Sexuality zentroan bai Magnus Hirschfeld Gesellschaft ikerketa-zentroan.<\/p>\n<p><a href=\"https:\/\/metaaprendizaje.academia.edu\/raulnavarromendez\">https:\/\/metaaprendizaje.academia.edu\/raulnavarromendez<\/a><br \/>\n<a href=\"mailto:raulnamen@gmail.com\">raulnamen@gmail.com<\/a>[\/et_pb_text][\/et_pb_column][\/et_pb_row][\/et_pb_section]<\/p>\n","protected":false},"excerpt":{"rendered":"<p>Ra\u00fal Navarro-M\u00e9ndez Soziologian graduduna Bartzelonako Universitat Aut\u00f2noma-n eta Genero-Ikasketetan espezializazioduna izateaz gain, Ikasketa Feministak eta Generokoak Masterra burutu du Euskal Herriko Unibertsitatean. UPV\/EHUko Historia Garaikidea Saileko doktoregaia da Ikasketa Feministak eta Generokoak programaren barruan. Bertan, 2017an doktoretza aurreko kontratu bat eskuratu zuen prestakuntza bidean dagoen ikertzaile gisa (PBI). Bere doktoretza-tesiarekin Espainian XX.\u00a0mendearen hogeigarren eta hogeita [&hellip;]<\/p>\n","protected":false},"author":1,"featured_media":0,"parent":6299,"menu_order":0,"comment_status":"closed","ping_status":"closed","template":"","meta":{"_et_pb_use_builder":"on","_et_pb_old_content":"","_et_gb_content_width":"","footnotes":""},"class_list":["post-3523","page","type-page","status-publish","hentry"],"_links":{"self":[{"href":"https:\/\/experienciamoderna.com\/eu\/wp-json\/wp\/v2\/pages\/3523","targetHints":{"allow":["GET"]}}],"collection":[{"href":"https:\/\/experienciamoderna.com\/eu\/wp-json\/wp\/v2\/pages"}],"about":[{"href":"https:\/\/experienciamoderna.com\/eu\/wp-json\/wp\/v2\/types\/page"}],"author":[{"embeddable":true,"href":"https:\/\/experienciamoderna.com\/eu\/wp-json\/wp\/v2\/users\/1"}],"replies":[{"embeddable":true,"href":"https:\/\/experienciamoderna.com\/eu\/wp-json\/wp\/v2\/comments?post=3523"}],"version-history":[{"count":2,"href":"https:\/\/experienciamoderna.com\/eu\/wp-json\/wp\/v2\/pages\/3523\/revisions"}],"predecessor-version":[{"id":6339,"href":"https:\/\/experienciamoderna.com\/eu\/wp-json\/wp\/v2\/pages\/3523\/revisions\/6339"}],"up":[{"embeddable":true,"href":"https:\/\/experienciamoderna.com\/eu\/wp-json\/wp\/v2\/pages\/6299"}],"wp:attachment":[{"href":"https:\/\/experienciamoderna.com\/eu\/wp-json\/wp\/v2\/media?parent=3523"}],"curies":[{"name":"wp","href":"https:\/\/api.w.org\/{rel}","templated":true}]}}