{"id":5838,"date":"2020-06-05T10:09:12","date_gmt":"2020-06-05T08:09:12","guid":{"rendered":"https:\/\/experienciamoderna.com\/kolaborazioa-entitate-eta-aldizkari-akademikoekin\/"},"modified":"2026-03-06T18:26:10","modified_gmt":"2026-03-06T17:26:10","slug":"kolaborazioa-entitate-eta-aldizkari-akademikoekin","status":"publish","type":"page","link":"https:\/\/experienciamoderna.com\/eu\/ikerketa\/kolaborazioa-entitate-eta-aldizkari-akademikoekin\/","title":{"rendered":"Kolaborazioa entitate eta aldizkari akademikoekin"},"content":{"rendered":"<p>[et_pb_section fb_built=&#8221;1&#8243; admin_label=&#8221;Header&#8221; _builder_version=&#8221;4.24.0&#8243; use_background_color_gradient=&#8221;on&#8221; background_color_gradient_type=&#8221;circular&#8221; background_color_gradient_direction_radial=&#8221;bottom&#8221; background_color_gradient_stops=&#8221;rgba(190,183,198,0.81) 0%|#beb7c6 100%&#8221; background_color_gradient_overlays_image=&#8221;on&#8221; background_color_gradient_start=&#8221;rgba(190,183,198,0.81)&#8221; background_color_gradient_end=&#8221;#beb7c6&#8243; background_image=&#8221;https:\/\/experienciamoderna.com\/wp-content\/uploads\/2020\/03\/grupo_portada_prueba1.jpg&#8221; custom_margin=&#8221;|||&#8221; custom_padding=&#8221;||3vw||false|false&#8221; bottom_divider_style=&#8221;wave2&#8243; bottom_divider_color=&#8221;#ffffff&#8221; bottom_divider_height=&#8221;10vw&#8221; bottom_divider_repeat=&#8221;0.5x&#8221; bottom_divider_flip=&#8221;vertical|horizontal&#8221; bottom_divider_arrangement=&#8221;above_content&#8221; bottom_divider_height_tablet=&#8221;0px&#8221; bottom_divider_height_phone=&#8221;0px&#8221; bottom_divider_height_last_edited=&#8221;on|phone&#8221; locked=&#8221;off&#8221; global_colors_info=&#8221;{}&#8221;][et_pb_row _builder_version=&#8221;4.16&#8243; global_colors_info=&#8221;{}&#8221;][et_pb_column type=&#8221;4_4&#8243; _builder_version=&#8221;4.16&#8243; custom_padding=&#8221;|||&#8221; global_colors_info=&#8221;{}&#8221; custom_padding__hover=&#8221;|||&#8221;][et_pb_text _builder_version=&#8221;4.24.0&#8243; text_font=&#8221;||||||||&#8221; text_font_size=&#8221;16px&#8221; text_line_height=&#8221;2em&#8221; header_font=&#8221;Ubuntu|700||||on|||&#8221; header_text_align=&#8221;right&#8221; header_text_color=&#8221;#393e56&#8243; header_font_size=&#8221;25px&#8221; header_line_height=&#8221;1.4em&#8221; header_3_font=&#8221;Ubuntu||||||||&#8221; header_3_line_height=&#8221;1.8em&#8221; text_orientation=&#8221;right&#8221; background_layout=&#8221;dark&#8221; max_width=&#8221;700px&#8221; module_alignment=&#8221;right&#8221; custom_margin=&#8221;|||&#8221; text_font_size_tablet=&#8221;&#8221; text_font_size_phone=&#8221;14px&#8221; text_font_size_last_edited=&#8221;on|desktop&#8221; header_font_size_tablet=&#8221;&#8221; header_font_size_phone=&#8221;32px&#8221; header_font_size_last_edited=&#8221;on|desktop&#8221; locked=&#8221;off&#8221; global_colors_info=&#8221;{}&#8221;]<\/p>\n<h1 style=\"text-align: right;\">Kolaborazioa entitate eta aldizkari akademikoekin<\/h1>\n<p>[\/et_pb_text][\/et_pb_column][\/et_pb_row][\/et_pb_section][et_pb_section fb_built=&#8221;1&#8243; prev_background_color=&#8221;#ffffff&#8221; admin_label=&#8221;Events&#8221; _builder_version=&#8221;4.16&#8243; background_color=&#8221;#f5f5f5&#8243; use_background_color_gradient=&#8221;on&#8221; background_color_gradient_stops=&#8221;#efeef3 0%|#ffffff 100%&#8221; background_color_gradient_start=&#8221;#efeef3&#8243; background_color_gradient_end=&#8221;#ffffff&#8221; custom_margin=&#8221;|||&#8221; custom_margin_tablet=&#8221;|0px||&#8221; custom_margin_last_edited=&#8221;off|desktop&#8221; custom_padding=&#8221;40px||||false|false&#8221; top_divider_style=&#8221;wave2&#8243; top_divider_height=&#8221;14vw&#8221; top_divider_repeat=&#8221;0.5x&#8221; top_divider_flip=&#8221;horizontal&#8221; locked=&#8221;off&#8221; global_colors_info=&#8221;{}&#8221;][et_pb_row _builder_version=&#8221;4.16&#8243; global_colors_info=&#8221;{}&#8221;][et_pb_column type=&#8221;4_4&#8243; _builder_version=&#8221;4.16&#8243; custom_padding=&#8221;|||&#8221; global_colors_info=&#8221;{}&#8221; custom_padding__hover=&#8221;|||&#8221;][et_pb_text _builder_version=&#8221;4.16&#8243; header_font=&#8221;||||||||&#8221; header_3_text_color=&#8221;#393e56&#8243; header_4_font=&#8221;Ubuntu||||||||&#8221; header_4_text_color=&#8221;#393e56&#8243; header_4_font_size=&#8221;20px&#8221; header_4_line_height=&#8221;1.8em&#8221; header_5_font=&#8221;Lato||on||||||&#8221; header_5_font_size=&#8221;14px&#8221; header_5_line_height=&#8221;1.8em&#8221; custom_margin=&#8221;||0px|&#8221; global_colors_info=&#8221;{}&#8221;]<\/p>\n<h3>KOLABORAZIOA ENTITATE AKADEMIKOEKIN<\/h3>\n<p>[\/et_pb_text][et_pb_divider color=&#8221;#393e56&#8243; _builder_version=&#8221;4.16&#8243; height=&#8221;12px&#8221; global_colors_info=&#8221;{}&#8221;][\/et_pb_divider][et_pb_text content_phone=&#8221;<\/p>\n<p><strong><a href=%22https:\/\/aeihm.org\/%22><img class=%22wp-image-3762  alignleft%22 src=https:\/\/experienciamoderna.com\/wp-content\/uploads\/2020\/04\/aeihm.png alt=%22%22 width=%22123%22 height=%2248%22 \/><\/a> <\/strong><\/p>\n<\/p>\n<p style=%22text-align: left;%22><strong>Miren Llona<\/strong> es Secretaria de la <a href=%22https:\/\/aeihm.org\/%22><em><strong>Asociaci\u00f3n Espa\u00f1ola de Investigaci\u00f3n de Historia de las Mujeres (AEIHM)<\/strong><\/em><\/a><\/p>\n<p>&#8221; content_last_edited=&#8221;off|desktop&#8221; _builder_version=&#8221;4.24.0&#8243; text_font=&#8221;||||||||&#8221; text_font_size=&#8221;16px&#8221; header_font=&#8221;||||||||&#8221; header_4_font=&#8221;Ubuntu||||||||&#8221; header_4_font_size=&#8221;20px&#8221; header_4_line_height=&#8221;1.8em&#8221; header_5_font=&#8221;Lato||on||||||&#8221; header_5_font_size=&#8221;14px&#8221; header_5_line_height=&#8221;1.8em&#8221; custom_margin=&#8221;0px|0px||0px|false|false&#8221; custom_padding=&#8221;0px|0px|0px|0px|false|false&#8221; link_option_url=&#8221;https:\/\/aeihm.org\/&#8221; global_colors_info=&#8221;{}&#8221;]<\/p>\n<p><strong><a href=\"https:\/\/aeihm.org\/\"><img loading=\"lazy\" decoding=\"async\" class=\"wp-image-3762 alignnone \" src=\"https:\/\/experienciamoderna.com\/wp-content\/uploads\/2020\/04\/aeihm.png\" alt=\"\" width=\"123\" height=\"48\" \/><\/a>\u00a0\u00a0\u00a0\u00a0<\/strong><\/p>\n<p><strong>Miren Llona<\/strong> <em><strong>Asociaci\u00f3n Espa\u00f1ola de Investigaci\u00f3n de Historia de las Mujeres<\/strong><\/em><a href=\"https:\/\/aeihm.org\/\"><em><strong>\u00a0(AEIHM) <\/strong><\/em><\/a>lehendakaria\u00a0izan\u00a0da\u00a02020-2022\u00a0bitartean. Gaur egun elkarteko lehendakariordea da.<\/p>\n<p><strong>Jos\u00e9 Javier D\u00edaz Freire<\/strong> <strong>\u00a0Asociaci\u00f3n Espa\u00f1ola de Investigaci\u00f3n de Historia de las Mujeres (AEIHM)<\/strong> batzordeko kidea da 2020. urtetik.<\/p>\n<p><img loading=\"lazy\" decoding=\"async\" class=\"alignnone wp-image-2858 size-medium\" src=\"https:\/\/experienciamoderna.com\/wp-content\/uploads\/\" alt=\"\" width=\"300\" height=\"71\" \/><\/p>\n<p><strong>David Beorlegui <\/strong>Asociaci\u00f3n Internacional de Historia Oral,<a href=\"https:\/\/www.ioha.org\/es\/\">\u00a0IOHA\u00a0\u00a0<\/a>lehendakaria da gaur egun.<\/p>\n<p><strong><img loading=\"lazy\" decoding=\"async\" class=\"wp-image-9092 alignnone size-medium\" src=\"https:\/\/experienciamoderna.com\/wp-content\/uploads\/2024\/02\/observatoriomasculinidad.umh_.es_-1-300x77.jpg\" alt=\"\" width=\"300\" height=\"77\" srcset=\"https:\/\/experienciamoderna.com\/wp-content\/uploads\/2024\/02\/observatoriomasculinidad.umh_.es_-1-300x77.jpg 300w, https:\/\/experienciamoderna.com\/wp-content\/uploads\/2024\/02\/observatoriomasculinidad.umh_.es_-1.jpg 400w\" sizes=\"(max-width: 300px) 100vw, 300px\" \/><\/strong><\/p>\n<p><strong>Jes\u00fas Espinosa Guti\u00e9rrezek<\/strong> \u201c<a href=\"https:\/\/observatoriomasculinidad.umh.es\/\">Observatorio de las Masculinidades de la Universidad Miguel Hern\u00e1ndez<\/a>\u201d-en parte hartzen du.<\/p>\n<p>&nbsp;<\/p>\n<p>[\/et_pb_text][\/et_pb_column][\/et_pb_row][et_pb_row _builder_version=&#8221;4.16&#8243; global_colors_info=&#8221;{}&#8221;][et_pb_column type=&#8221;4_4&#8243; _builder_version=&#8221;4.16&#8243; custom_padding=&#8221;|||&#8221; global_colors_info=&#8221;{}&#8221; custom_padding__hover=&#8221;|||&#8221;][et_pb_text _builder_version=&#8221;4.16&#8243; header_font=&#8221;||||||||&#8221; header_3_text_color=&#8221;#393e56&#8243; header_4_font=&#8221;Ubuntu||||||||&#8221; header_4_text_color=&#8221;#393e56&#8243; header_4_font_size=&#8221;20px&#8221; header_4_line_height=&#8221;1.8em&#8221; header_5_font=&#8221;Lato||on||||||&#8221; header_5_font_size=&#8221;14px&#8221; header_5_line_height=&#8221;1.8em&#8221; custom_margin=&#8221;||0px|&#8221; global_colors_info=&#8221;{}&#8221;]<\/p>\n<h3>KOLABORAZIOA ALDIZKARI AKADEMIKOEKIN<\/h3>\n<p>[\/et_pb_text][et_pb_divider color=&#8221;#393e56&#8243; _builder_version=&#8221;4.16&#8243; height=&#8221;12px&#8221; global_colors_info=&#8221;{}&#8221;][\/et_pb_divider][\/et_pb_column][\/et_pb_row][et_pb_row column_structure=&#8221;1_2,1_2&#8243; _builder_version=&#8221;4.16&#8243; custom_margin=&#8221;||||false|false&#8221; custom_padding=&#8221;0px||||false|false&#8221; global_colors_info=&#8221;{}&#8221;][et_pb_column type=&#8221;1_2&#8243; _builder_version=&#8221;4.16&#8243; custom_padding=&#8221;|||0px|false|false&#8221; global_colors_info=&#8221;{}&#8221; custom_padding__hover=&#8221;|||&#8221;][et_pb_text _builder_version=&#8221;4.19.5&#8243; text_font=&#8221;||||||||&#8221; text_font_size=&#8221;16px&#8221; header_font=&#8221;||||||||&#8221; header_4_font=&#8221;Ubuntu||||||||&#8221; header_4_font_size=&#8221;20px&#8221; header_4_line_height=&#8221;1.8em&#8221; header_5_font=&#8221;Lato||on||||||&#8221; header_5_font_size=&#8221;14px&#8221; header_5_line_height=&#8221;1.8em&#8221; custom_margin=&#8221;||||false|false&#8221; custom_padding=&#8221;||5px||false|false&#8221; link_option_url=&#8221;https:\/\/www.ehu.eus\/ojs\/index.php\/HC\/index&#8221; global_colors_info=&#8221;{}&#8221;]<\/p>\n<p>Revista <a href=\"https:\/\/ojs.ehu.eus\/index.php\/HC\/index\"><strong>Historia Contempor\u00e1nea<\/strong><\/a><br \/>(UPV\/EHU). Eider de Dios Fern\u00e1ndez<\/p>\n<p>[\/et_pb_text][et_pb_text _builder_version=&#8221;4.19.5&#8243; text_font=&#8221;||||||||&#8221; text_font_size=&#8221;16px&#8221; header_font=&#8221;||||||||&#8221; header_4_font=&#8221;Ubuntu||||||||&#8221; header_4_font_size=&#8221;20px&#8221; header_4_line_height=&#8221;1.8em&#8221; header_5_font=&#8221;Lato||on||||||&#8221; header_5_font_size=&#8221;14px&#8221; header_5_line_height=&#8221;1.8em&#8221; custom_margin=&#8221;||||false|false&#8221; custom_padding=&#8221;||5px||false|false&#8221; link_option_url=&#8221;https:\/\/www.ehu.eus\/ojs\/index.php\/HC\/index&#8221; global_colors_info=&#8221;{}&#8221;]<\/p>\n<p>Revista<strong><a href=\"https:\/\/www.ioha.org\/es\/revista\/\"> IOHA: Palabras y silencios<\/a><\/strong><br \/><strong>David Beorlegui<\/strong><\/p>\n<p>[\/et_pb_text][et_pb_text _builder_version=&#8221;4.16&#8243; text_font=&#8221;||||||||&#8221; text_font_size=&#8221;16px&#8221; header_font=&#8221;||||||||&#8221; header_4_font=&#8221;Ubuntu||||||||&#8221; header_4_font_size=&#8221;20px&#8221; header_4_line_height=&#8221;1.8em&#8221; header_5_font=&#8221;Lato||on||||||&#8221; header_5_font_size=&#8221;14px&#8221; header_5_line_height=&#8221;1.8em&#8221; custom_margin=&#8221;||||false|false&#8221; custom_padding=&#8221;||5px||false|false&#8221; link_option_url=&#8221;https:\/\/www.ehu.eus\/ojs\/index.php\/HC\/index&#8221; global_colors_info=&#8221;{}&#8221;]<\/p>\n<p>\u00a0<strong><a href=\"https:\/\/www.ehu.eus\/es\/web\/historiacontemporanea\/home\">Historia Contempor\u00e1nea de la Universidad del Pa\u00eds Vasco (UPV-EHU)<\/a><\/strong> aldizkaria<br \/><em><strong>Mercedes Arbaiza<\/strong><\/em><\/p>\n<p>[\/et_pb_text][et_pb_text _builder_version=&#8221;4.16&#8243; text_font=&#8221;||||||||&#8221; text_font_size=&#8221;16px&#8221; header_font=&#8221;||||||||&#8221; header_4_font=&#8221;Ubuntu||||||||&#8221; header_4_font_size=&#8221;20px&#8221; header_4_line_height=&#8221;1.8em&#8221; header_5_font=&#8221;Lato||on||||||&#8221; header_5_font_size=&#8221;14px&#8221; header_5_line_height=&#8221;1.8em&#8221; custom_margin=&#8221;||||false|false&#8221; custom_padding=&#8221;||5px||false|false&#8221; link_option_url=&#8221;http:\/\/www.historiasocial.es\/wordpress\/la-revista\/&#8221; global_colors_info=&#8221;{}&#8221;]<\/p>\n<p><strong><a href=\"http:\/\/www.historiasocial.es\/wordpress\/la-revista\/\"><em>Historia Social <\/em><\/a><\/strong>aldizkaria<\/p>\n<p><strong>Nerea Aresti<\/strong><\/p>\n<p>[\/et_pb_text][et_pb_text _builder_version=&#8221;4.16&#8243; text_font=&#8221;||||||||&#8221; text_font_size=&#8221;16px&#8221; header_font=&#8221;||||||||&#8221; header_4_font=&#8221;Ubuntu||||||||&#8221; header_4_font_size=&#8221;20px&#8221; header_4_line_height=&#8221;1.8em&#8221; header_5_font=&#8221;Lato||on||||||&#8221; header_5_font_size=&#8221;14px&#8221; header_5_line_height=&#8221;1.8em&#8221; custom_margin=&#8221;||||false|false&#8221; custom_padding=&#8221;||5px||false|false&#8221; link_option_url=&#8221;https:\/\/pasadoymemoria.ua.es\/&#8221; global_colors_info=&#8221;{}&#8221;]<\/p>\n<p><strong><a href=\"https:\/\/pasadoymemoria.ua.es\/\"><em>Pasado y Memoria<\/em><\/a><\/strong> \u00a0 Aldizkaria<br \/><strong>Nerea Aresti <\/strong><\/p>\n<p>[\/et_pb_text][et_pb_text _builder_version=&#8221;4.16&#8243; text_font=&#8221;||||||||&#8221; text_font_size=&#8221;16px&#8221; header_font=&#8221;||||||||&#8221; header_4_font=&#8221;Ubuntu||||||||&#8221; header_4_font_size=&#8221;20px&#8221; header_4_line_height=&#8221;1.8em&#8221; header_5_font=&#8221;Lato||on||||||&#8221; header_5_font_size=&#8221;14px&#8221; header_5_line_height=&#8221;1.8em&#8221; custom_margin=&#8221;||||false|false&#8221; custom_padding=&#8221;||5px||false|false&#8221; link_option_url=&#8221;https:\/\/iviva.org\/&#8221; global_colors_info=&#8221;{}&#8221;]<\/p>\n<p><strong><a href=\"https:\/\/iviva.org\/\"><em>IVIVA. Pensamiento cr\u00edtico y cristianismo<\/em><\/a>.\u00a0 <\/strong>Aldizkaria <strong>Mercedes Arbaiza<\/strong><\/p>\n<p>[\/et_pb_text][et_pb_text _builder_version=&#8221;4.16&#8243; text_font=&#8221;||||||||&#8221; text_font_size=&#8221;16px&#8221; header_font=&#8221;||||||||&#8221; header_4_font=&#8221;Ubuntu||||||||&#8221; header_4_font_size=&#8221;20px&#8221; header_4_line_height=&#8221;1.8em&#8221; header_5_font=&#8221;Lato||on||||||&#8221; header_5_font_size=&#8221;14px&#8221; header_5_line_height=&#8221;1.8em&#8221; custom_margin=&#8221;||||false|false&#8221; custom_padding=&#8221;||5px||false|false&#8221; link_option_url=&#8221;https:\/\/www.upo.es\/revistas\/index.php\/ambigua\/&#8221; global_colors_info=&#8221;{}&#8221;]<\/p>\n<p><strong><a href=\"https:\/\/www.upo.es\/revistas\/index.php\/ambigua\/\"><em>Ambigua<\/em><\/a><\/strong>. Revista de Investigaciones sobre G\u00e9nero y Estudios Culturales, <strong>Nerea Aresti <\/strong><\/p>\n<p>[\/et_pb_text][\/et_pb_column][et_pb_column type=&#8221;1_2&#8243; _builder_version=&#8221;4.16&#8243; custom_padding=&#8221;|||0px|false|false&#8221; global_colors_info=&#8221;{}&#8221; custom_padding__hover=&#8221;|||&#8221;][et_pb_text _builder_version=&#8221;4.16&#8243; text_font=&#8221;||||||||&#8221; text_font_size=&#8221;16px&#8221; header_font=&#8221;||||||||&#8221; header_4_font=&#8221;Ubuntu||||||||&#8221; header_4_font_size=&#8221;20px&#8221; header_4_line_height=&#8221;1.8em&#8221; header_5_font=&#8221;Lato||on||||||&#8221; header_5_font_size=&#8221;14px&#8221; header_5_line_height=&#8221;1.8em&#8221; custom_margin=&#8221;||||false|false&#8221; custom_padding=&#8221;||0px||false|false&#8221; link_option_url=&#8221;https:\/\/www.ehu.eus\/es\/web\/argitalpen-zerbitzua\/historia-contemporanea#SeriedeHistoriaConte5&#8243; global_colors_info=&#8221;{}&#8221;]<\/p>\n<p><em><strong><a href=\"https:\/\/www.ehu.eus\/es\/web\/argitalpen-zerbitzua\/historia-contemporanea#SeriedeHistoriaConte5\">Historia Garaikidea<\/a><\/strong><\/em>\u00a0saila\u00a0. <strong>Mercedes Arbaiza<\/strong><\/p>\n<p>[\/et_pb_text][et_pb_text _builder_version=&#8221;4.16&#8243; text_font=&#8221;||||||||&#8221; text_font_size=&#8221;16px&#8221; header_font=&#8221;||||||||&#8221; header_4_font=&#8221;Ubuntu||||||||&#8221; header_4_font_size=&#8221;20px&#8221; header_4_line_height=&#8221;1.8em&#8221; header_5_font=&#8221;Lato||on||||||&#8221; header_5_font_size=&#8221;14px&#8221; header_5_line_height=&#8221;1.8em&#8221; custom_margin=&#8221;||||false|false&#8221; custom_padding=&#8221;||||false|false&#8221; link_option_url=&#8221;http:\/\/www.desarrollosocialypaz.uji.es\/&#8221; global_colors_info=&#8221;{}&#8221;]<\/p>\n<p><em><a href=\"http:\/\/www.desarrollosocialypaz.uji.es\/\"><strong>Desarrollo Social y Paz<\/strong><\/a><\/em> ikerketa-taldea, Universitat Jaume I. <strong>Nerea Aresti<\/strong><\/p>\n<p>[\/et_pb_text][et_pb_text _builder_version=&#8221;4.16&#8243; text_font=&#8221;||||||||&#8221; text_font_size=&#8221;16px&#8221; header_font=&#8221;||||||||&#8221; header_4_font=&#8221;Ubuntu||||||||&#8221; header_4_font_size=&#8221;20px&#8221; header_4_line_height=&#8221;1.8em&#8221; header_5_font=&#8221;Lato||on||||||&#8221; header_5_font_size=&#8221;14px&#8221; header_5_line_height=&#8221;1.8em&#8221; custom_margin=&#8221;||||false|false&#8221; custom_padding=&#8221;||5px||false|false&#8221; link_option_url=&#8221;http:\/\/www.e-revistes.uji.es\/index.php\/dossiers\/index&#8221; global_colors_info=&#8221;{}&#8221;]<\/p>\n<p><a href=\"https:\/\/web.archive.org\/web\/20200721112712\/http:\/\/www.e-revistes.uji.es\/index.php\/dossiers\/index\"><strong>\u200bDossiers feministes<\/strong><\/a>, Seminari d\u2019Investigaci\u00f3 Feminista de la Universitat Jaume I de Castell\u00f3<br \/><strong>Miren LLona y Nerea Aresti<\/strong><\/p>\n<p>[\/et_pb_text][et_pb_text _builder_version=&#8221;4.16&#8243; text_font=&#8221;||||||||&#8221; text_font_size=&#8221;16px&#8221; header_font=&#8221;||||||||&#8221; header_4_font=&#8221;Ubuntu||||||||&#8221; header_4_font_size=&#8221;20px&#8221; header_4_line_height=&#8221;1.8em&#8221; header_5_font=&#8221;Lato||on||||||&#8221; header_5_font_size=&#8221;14px&#8221; header_5_line_height=&#8221;1.8em&#8221; custom_margin=&#8221;||||false|false&#8221; custom_padding=&#8221;||5px||false|false&#8221; link_option_url=&#8221;https:\/\/www.comares.com\/coleccion\/mujeres-historia-y-feminismos\/&#8221; global_colors_info=&#8221;{}&#8221;]<\/p>\n<p><em><strong><a href=\"https:\/\/www.comares.com\/coleccion\/mujeres-historia-y-feminismos\/\">AEIHM-Comares, Mujeres, Historia y Feminismos<\/a><\/strong><\/em>\u00a0 Bilduma <strong>Nerea Aresti.<\/strong><\/p>\n<p>[\/et_pb_text][et_pb_text _builder_version=&#8221;4.16&#8243; text_font=&#8221;||||||||&#8221; text_font_size=&#8221;16px&#8221; header_font=&#8221;||||||||&#8221; header_4_font=&#8221;Ubuntu||||||||&#8221; header_4_font_size=&#8221;20px&#8221; header_4_line_height=&#8221;1.8em&#8221; header_5_font=&#8221;Lato||on||||||&#8221; header_5_font_size=&#8221;14px&#8221; header_5_line_height=&#8221;1.8em&#8221; custom_margin=&#8221;||||false|false&#8221; custom_padding=&#8221;||5px||false|false&#8221; link_option_url=&#8221;http:\/\/hablemosdehistoria.uji.es\/ &#8221; global_colors_info=&#8221;{}&#8221;]<\/p>\n<p><em><strong><a href=\"http:\/\/hablemosdehistoria.uji.es\/\">Hablemos de Historia<\/a><\/strong>, <\/em>desarrollo Social y Paz ikerketa-taldea, Universitat Jaume I. <strong>Nerea Aresti <\/strong><\/p>\n<p>[\/et_pb_text][et_pb_text _builder_version=&#8221;4.16&#8243; text_font=&#8221;||||||||&#8221; text_font_size=&#8221;16px&#8221; header_font=&#8221;||||||||&#8221; header_4_font=&#8221;Ubuntu||||||||&#8221; header_4_font_size=&#8221;20px&#8221; header_4_line_height=&#8221;1.8em&#8221; header_5_font=&#8221;Lato||on||||||&#8221; header_5_font_size=&#8221;14px&#8221; header_5_line_height=&#8221;1.8em&#8221; custom_margin=&#8221;||||false|false&#8221; custom_padding=&#8221;||5px||false|false&#8221; link_option_url=&#8221;http:\/\/www.e-revistes.uji.es\/index.php\/dossiers\/index&#8221; global_colors_info=&#8221;{}&#8221;]<\/p>\n<p>Revista Journal of Basque Cultural Studies, University of Liverpool. <strong>Nerea Aresti<\/strong><\/p>\n<p>[\/et_pb_text][\/et_pb_column][\/et_pb_row][\/et_pb_section]<\/p>\n","protected":false},"excerpt":{"rendered":"<p>Kolaborazioa entitate eta aldizkari akademikoekinKOLABORAZIOA ENTITATE AKADEMIKOEKIN\u00a0\u00a0\u00a0\u00a0 Miren Llona Asociaci\u00f3n Espa\u00f1ola de Investigaci\u00f3n de Historia de las Mujeres\u00a0(AEIHM) lehendakaria\u00a0izan\u00a0da\u00a02020-2022\u00a0bitartean. Gaur egun elkarteko lehendakariordea da. Jos\u00e9 Javier D\u00edaz Freire \u00a0Asociaci\u00f3n Espa\u00f1ola de Investigaci\u00f3n de Historia de las Mujeres (AEIHM) batzordeko kidea da 2020. urtetik. David Beorlegui Asociaci\u00f3n Internacional de Historia Oral,\u00a0IOHA\u00a0\u00a0lehendakaria da gaur egun. Jes\u00fas Espinosa [&hellip;]<\/p>\n","protected":false},"author":1,"featured_media":0,"parent":5924,"menu_order":0,"comment_status":"closed","ping_status":"closed","template":"","meta":{"_et_pb_use_builder":"on","_et_pb_old_content":"","_et_gb_content_width":"","footnotes":""},"class_list":["post-5838","page","type-page","status-publish","hentry"],"_links":{"self":[{"href":"https:\/\/experienciamoderna.com\/eu\/wp-json\/wp\/v2\/pages\/5838","targetHints":{"allow":["GET"]}}],"collection":[{"href":"https:\/\/experienciamoderna.com\/eu\/wp-json\/wp\/v2\/pages"}],"about":[{"href":"https:\/\/experienciamoderna.com\/eu\/wp-json\/wp\/v2\/types\/page"}],"author":[{"embeddable":true,"href":"https:\/\/experienciamoderna.com\/eu\/wp-json\/wp\/v2\/users\/1"}],"replies":[{"embeddable":true,"href":"https:\/\/experienciamoderna.com\/eu\/wp-json\/wp\/v2\/comments?post=5838"}],"version-history":[{"count":18,"href":"https:\/\/experienciamoderna.com\/eu\/wp-json\/wp\/v2\/pages\/5838\/revisions"}],"predecessor-version":[{"id":11529,"href":"https:\/\/experienciamoderna.com\/eu\/wp-json\/wp\/v2\/pages\/5838\/revisions\/11529"}],"up":[{"embeddable":true,"href":"https:\/\/experienciamoderna.com\/eu\/wp-json\/wp\/v2\/pages\/5924"}],"wp:attachment":[{"href":"https:\/\/experienciamoderna.com\/eu\/wp-json\/wp\/v2\/media?parent=5838"}],"curies":[{"name":"wp","href":"https:\/\/api.w.org\/{rel}","templated":true}]}}