{"id":6309,"date":"2020-06-10T09:25:30","date_gmt":"2020-06-10T07:25:30","guid":{"rendered":"https:\/\/experienciamoderna.com\/nor-gara\/miren-llona\/"},"modified":"2026-03-16T12:10:43","modified_gmt":"2026-03-16T11:10:43","slug":"miren-llona","status":"publish","type":"page","link":"https:\/\/experienciamoderna.com\/eu\/nor-gara\/miren-llona\/","title":{"rendered":"Miren Llona"},"content":{"rendered":"<p>[et_pb_section fb_built=&#8221;1&#8243; _builder_version=&#8221;4.16&#8243; global_colors_info=&#8221;{}&#8221;][et_pb_row _builder_version=&#8221;4.16&#8243; global_colors_info=&#8221;{}&#8221;][et_pb_column type=&#8221;4_4&#8243; _builder_version=&#8221;4.16&#8243; global_colors_info=&#8221;{}&#8221;][et_pb_text _builder_version=&#8221;4.16&#8243; global_colors_info=&#8221;{}&#8221;]<\/p>\n<h1>Miren Llona<\/h1>\n<p>[\/et_pb_text][et_pb_text _builder_version=&#8221;4.27.4&#8243; hover_enabled=&#8221;0&#8243; global_colors_info=&#8221;{}&#8221; sticky_enabled=&#8221;0&#8243;]<\/p>\n<p><img loading=\"lazy\" decoding=\"async\" class=\"wp-image-8794 size-medium alignleft\" src=\"https:\/\/experienciamoderna.com\/wp-content\/uploads\/2023\/07\/DSC_0020-199x300.jpeg\" alt=\"\" width=\"199\" height=\"300\" \/>2000az geroztik Historia Garaikideko doktorea da Euskal Herriko Unibertsitatean. Hogei eta hogeita hamarreko hamarkadetan Bilboko klase ertainetako emakumeen identitatearen eraikuntzari buruzko tesiak Victoria Kent Ikerketa Saria eskuratu zuen Malagako Unibertsitatean 2001 urtean.<br \/>2004an, AHOA (Ahozko Historiaren Artxiboa) sortu zuen taldeko kidea izan zen, eta gaur egun bertako presidentea da. 2008az geroztik Oral History Association (IHOA) nazioarteko elkarteko zuzendaritza-kontseiluko kidea da, eta 2010-2012 tartean elkarte horretan zuzendariordea izan zen.<br \/>Euskal Herriko Unibertsitateko Historia Garaikideko irakaslea da, eta, aldi berean, Euskal Herriko Unibertsitatean bertan, ikerketa feminista eta genero-ikerketako masterrean eta linea bidezko Aukera-berdintasuneko masterrean irakaslea da.Ikerketa-lanak hiru eremu interesgarri hartzen ditu: Euskal Herrian identitate garaikideen eraikuntza nazio-klase eta genero ikuspegi batetik; ahozko historia eta oroitzapenaren azterketa kultura-ikuspegitik; eta genero-historia eta emakume eta gizonen arteko botere-harremanen azterketa.<\/p>\n<p>&nbsp;<\/p>\n<p><strong>Liburu hauen egilea da:<\/strong><br \/>\u2022 Entre se\u00f1orita y gar\u00e7onne. Historia oral de las mujeres bilbainas de clase media. 1919-1939, Universidad de M\u00e1laga (2002).<br \/>\u2022 Entreverse, teor\u00eda y metodolog\u00eda pr\u00e1ctica de las fuentes orales, Universidad del Pa\u00eds Vasco (2012).<br \/>\u2022 Jos\u00e9 Javier D\u00edaz Freire-rekin (ed.), Tras la estela de los feminismos hist\u00f3ricos, Granada, Comares, 2023.<br \/>\u2022 Margarita S\u00e1nchez-ekin (ed.), Tecnolog\u00eda, ciencia y naturaleza en la historia de las mujeres, Granada: Comares, 2023.<\/p>\n<p><strong>Beste argitalpen batzuk:<\/strong><br \/>\u2022 \u201cLa memoria del feminismo y la batalla por la historia\u201d, Historia con memoria en la educaci\u00f3n, Jos\u00e9 Miguel Gast\u00f3n y C\u00e9sar Layana (eds.), Pamplona, Gobierno de Navarra, 2023, 33-40.<br \/>\u2022 Nerea Aresti-rekin, \u201cGender\u201d, The Bloomsbury Handbook of the Spanish Civil War, Antonio Cazorla S\u00e1nchez (ed. lit.), Alison Ribeiro de Menezes, Adri\u00e1n Shubert (ed. lit.), London New York, Bloomsbury Academic, 2023, 107-126.<br \/>\u2022 Nerea Aresti-rekin, \u201cSer mujer en el mundo que habit\u00f3 Clara Campoamor. Los ideales de g\u00e9nero en el primer tercio del siglo XX\u201d, Clara Campoamor Rodr\u00edguez. Mujer y ciudadan\u00eda (1888-1972) (ed. Rosa M\u00aa Capel Mart\u00ednez), Madrid, Sociedad Estatal de Conmemoraciones Culturales, 2022, 142-161.<br \/>\u2022 \u201cTrayectorias feministas en el Pa\u00eds Vasco durante los a\u00f1os treinta del siglo XX. Nuevas mujeres entre el cambio y la continuidad\u201d, Una nueva historia de los feminismos ib\u00e9ricos\/ coord. por Silvia Berm\u00fadez y Roberta Johnson, Tirant humanidades, Valencia, 2021, 327-337.<br \/>\u2022 \u201cTrayectorias feministas en el Pa\u00eds Vasco durante los a\u00f1os treinta del siglo XX. Nuevas mujeres entre el cambio y la continuidad\u201d, Una nueva historia de los feminismos ib\u00e9ricos\/ coord. por Silvia Berm\u00fadez y Roberta Johnson, Tirant humanidades, Valencia, 2021, 327-337.<br \/>\u2022 Nerea Aresti-rekin, \u201cMary Nash, tras las huellas del feminismo hist\u00f3rico\u201d. Mujeres, dones, mulleres, emakumeak. Estudios sobre la historia de las mujeres y del g\u00e9nero (ed. Teresa M. Ortega, Ana Aguado y Elena S\u00e1nchez Sandoica), Madrid, C\u00e1tedra, 2019, 359-378<br \/>\u2022 \u201cLa se\u00f1orita y las otras. Fronteras de clase y subjetividad femenina en el primer tercio del siglo XX en Espa\u00f1a\u201d, en Henar Gallego y M\u00aa del Carmen Garc\u00eda Herrero, Autoridad, poder e influencia. Mujeres que hacen historia, Icaria, (2017), 105-129.<br \/>\u2022 \u201cThe Healing Effect of Discourses: Body, Emotions and Gender Subjectivity in Basque Nationalism\u201d, en Rina Benmayor, et al., Memory, Subjectivities, and Representation: Approaches to Oral History in Latin America, Portugal, and Spain, Palgrave Macmillan, Palgrave (2016), 77-93.<br \/>\u2022 \u201cE. P. Thompson, La formaci\u00f3n de la clase obrera en Inglaterra, el feminismo y la historia de g\u00e9nero\u201d, en Juli\u00e1n Sanz, Jos\u00e9 Babiano y Francisco Erice, E. P. Thompson: marxismo e historia social. Miradas desde Espa\u00f1a, Siglo XXI (2016), 153-176.<br \/>\u2022 \u201cFrom Militia Women to Emakume: Myths Regarding Femininity during the Civil War in the Basque Country\u201d, en Aurora Morcillo Memory and Cultural History of the Spanish Civil War. Realms of Oblivion, Brill (2013), 179-213.<\/p>\n<p><strong>Gainera, hainbat artikulu idatzi ditu aldizkari espezializatuetan, hala nola:<\/strong><br \/>\u2022 Nerea Aresti-rekin, \u201cSusanna Tavera y Pilar P\u00e9rez-Fuentes: el compromiso con el feminismo y la historia\u201d, Historia Social, 105 (2023)<br \/>\u2022 Maialen Altuna-rekin, \u201cPrivilegios, fisuras y disidencias corporales: subjetividades femeninas de resistencia en el franquismo\u201d, Ayer, 126 (2022).<br \/>\u2022 \u201cRecordar el porvenir: las mujeres modernas y el desorden de g\u00e9nero en los a\u00f1os veinte y treinta\u201d, Arenal, 27 (2020).<br \/>\u2022 \u201cLa memoria de las otras: feminismo y recuerdo\u201d, M\u00e9langes de la Casa de Vel\u00e1zquez, 50 (2020).<br \/>\u2022 \u201cLa imagen viril de Pasionaria. Los significados simb\u00f3licos de Dolores Ib\u00e1rruri en la II Rep\u00fablica y la Guerra Civil\u201d, Historia y Pol\u00edtica, 36 (2016).<br \/>\u2022 \u201cLas contradicciones de la respetabilidad. G\u00e9nero y cultura pol\u00edtica socialista en el primer tercio del siglo XX\u201d, Historia Trabajo y Sociedad, 5 (2014).<br \/>\u2022 \u201cLos otros cuerpos disciplinados. Relaciones de g\u00e9nero y estrategias de autocontrol del cuerpo femenino, (primer tercio del siglo XX)\u201d, Arenal, 14 (2007).<br \/>\u2022 \u201cLa Prostituci\u00f3n y la clase obrera en el tr\u00e1nsito del siglo XIX al XX. Un an\u00e1lisis de g\u00e9nero a la obra literaria de Juli\u00e1n Zugazagoitia\u201d, Historia Contempor\u00e1nea, 33, (2006).<br \/>\u2022 \u201cG\u00e9nero e identidad de clase. La construcci\u00f3n de la clase obrera vizca\u00edna durante el primer tercio del siglo XX\u201d, Historia Social, 54 (2006).<\/p>\n<p>PERFILES<br \/><a href=\"https:\/\/ehu.academia.edu\/MirenLlona\">https:\/\/ehu.academia.edu\/MirenLlona<\/a><br \/><a href=\"https:\/\/dialnet.unirioja.es\/servlet\/autor?codigo=145762\">https:\/\/dialnet.unirioja.es\/servlet\/autor?codigo=145762<\/a><br \/><a href=\"http:\/\/orcid.org\/0000-0001-5963-5543\">http:\/\/orcid.org\/0000-0001-5963-5543<\/a><br \/>EMAIL<br \/><a href=\"mailto:miren.llona@ehu.eus\">miren.llona@ehu.eus<\/a><\/p>\n<p>[\/et_pb_text][\/et_pb_column][\/et_pb_row][\/et_pb_section]<\/p>\n","protected":false},"excerpt":{"rendered":"<p>Miren Llona2000az geroztik Historia Garaikideko doktorea da Euskal Herriko Unibertsitatean. Hogei eta hogeita hamarreko hamarkadetan Bilboko klase ertainetako emakumeen identitatearen eraikuntzari buruzko tesiak Victoria Kent Ikerketa Saria eskuratu zuen Malagako Unibertsitatean 2001 urtean.2004an, AHOA (Ahozko Historiaren Artxiboa) sortu zuen taldeko kidea izan zen, eta gaur egun bertako presidentea da. 2008az geroztik Oral History Association (IHOA) [&hellip;]<\/p>\n","protected":false},"author":1,"featured_media":0,"parent":6299,"menu_order":0,"comment_status":"closed","ping_status":"closed","template":"","meta":{"_et_pb_use_builder":"on","_et_pb_old_content":"","_et_gb_content_width":"","footnotes":""},"class_list":["post-6309","page","type-page","status-publish","hentry"],"_links":{"self":[{"href":"https:\/\/experienciamoderna.com\/eu\/wp-json\/wp\/v2\/pages\/6309","targetHints":{"allow":["GET"]}}],"collection":[{"href":"https:\/\/experienciamoderna.com\/eu\/wp-json\/wp\/v2\/pages"}],"about":[{"href":"https:\/\/experienciamoderna.com\/eu\/wp-json\/wp\/v2\/types\/page"}],"author":[{"embeddable":true,"href":"https:\/\/experienciamoderna.com\/eu\/wp-json\/wp\/v2\/users\/1"}],"replies":[{"embeddable":true,"href":"https:\/\/experienciamoderna.com\/eu\/wp-json\/wp\/v2\/comments?post=6309"}],"version-history":[{"count":37,"href":"https:\/\/experienciamoderna.com\/eu\/wp-json\/wp\/v2\/pages\/6309\/revisions"}],"predecessor-version":[{"id":11643,"href":"https:\/\/experienciamoderna.com\/eu\/wp-json\/wp\/v2\/pages\/6309\/revisions\/11643"}],"up":[{"embeddable":true,"href":"https:\/\/experienciamoderna.com\/eu\/wp-json\/wp\/v2\/pages\/6299"}],"wp:attachment":[{"href":"https:\/\/experienciamoderna.com\/eu\/wp-json\/wp\/v2\/media?parent=6309"}],"curies":[{"name":"wp","href":"https:\/\/api.w.org\/{rel}","templated":true}]}}