{"id":6312,"date":"2020-06-10T09:30:11","date_gmt":"2020-06-10T07:30:11","guid":{"rendered":"https:\/\/experienciamoderna.com\/nor-gara\/aintzane-rincon\/"},"modified":"2026-03-22T10:44:21","modified_gmt":"2026-03-22T09:44:21","slug":"aintzane-rincon","status":"publish","type":"page","link":"https:\/\/experienciamoderna.com\/eu\/nor-gara\/aintzane-rincon\/","title":{"rendered":"Aintzane Rinc\u00f3n"},"content":{"rendered":"<p>[et_pb_section fb_built=&#8221;1&#8243; _builder_version=&#8221;4.16&#8243; global_colors_info=&#8221;{}&#8221;][et_pb_row _builder_version=&#8221;4.16&#8243; global_colors_info=&#8221;{}&#8221;][et_pb_column type=&#8221;4_4&#8243; _builder_version=&#8221;4.16&#8243; global_colors_info=&#8221;{}&#8221;][et_pb_text _builder_version=&#8221;4.16&#8243; global_colors_info=&#8221;{}&#8221;]<\/p>\n<h1>Aintzane Rinc\u00f3n<\/h1>\n<p>[\/et_pb_text][et_pb_text admin_label=&#8221;Texto&#8221; _builder_version=&#8221;4.27.4&#8243; hover_enabled=&#8221;0&#8243; global_colors_info=&#8221;{}&#8221; sticky_enabled=&#8221;0&#8243;]<\/p>\n<p style=\"text-align: left;\"><img loading=\"lazy\" decoding=\"async\" src=\"https:\/\/experienciamoderna.com\/wp-content\/uploads\/2026\/03\/Aintzane-Rincon3.jpg\" width=\"165\" height=\"180\" alt=\"Aintzane Rinc\u00f3n - Experiencia Moderna UPV-EHU\" class=\"wp-image-11716 alignnone size-full\" \/><\/p>\n<p style=\"text-align: left;\">Historia Garaikidean doktorea. 2012ko ekainaren 15ean irakurri zuen bere tesia UPV\/EHUn: \u201cRepresentaciones de g\u00e9nero en el cine espa\u00f1ol (1936-1982): Figuras y fisuras\u201d. Ikerketak Santiago de Compostelako Unibertsitateko Juana de Vega Katedrako Saria (2013) eta Historia Garaikideko Elkartearen Miguel Artola V. Saria (2013) eskuratu zituen.<\/p>\n<p data-start=\"425\" data-end=\"1066\">Bere ikerketa lana frankismo eta trantsizio aldietako feminitate eta maskulinitate eredu orokortu eta normatiboen azterketan zentratu da. Horretarako, aldi bakoitzean ospe handiena izan zuen filmografiaren irakurketa interpretatiboa egin du, zinemak imajinario kolektiboa islatzeko gaitasuna ez ezik, bere eraikuntzan aktiboki lan egiteko duen ahalmena ere azpimarratuz. Zinemagintza popularrak garai horietan portaerak eta gorputz normatibo jakin batzuk naturalizatzeko izan zuen ahalmena kontuan hartuta, forma horien azterketari heltzeaz gainera, zinemaren hizkuntzaren monolitismoa zalantzan jartzen duten irakurketak ere proposatu ditu.<\/p>\n<p>Gauregun, elementu berriak txertatzen ari da bere ikerketetan: emozioen historiaren ikuspegia, subjektibitateen eta zinemaren arteko harremana aztertzeko; maskulinitateetan enfasi bat, genero ikuspegiaren alorraren barnean; eta iturri berrien erabilpena masa-kulturaren produkzioaren ikerketaren baitan.<\/p>\n<ol start=\"2005\">\n<li>urtetik Experiencia Moderna Ikerketa Taldeko kidea da.<\/li>\n<\/ol>\n<p>UPV\/EHU-ko Irakasle Agregatua da Historia Garaikidea Sailean. Unibertsitate bereko Gizarte eta Komunikazio Zientzietako Fakultatean \u201cGizarte Komunikazioaren Historia Orokorra\u201d irakasgaia irakasten eta koordinatzen du. Graduondoko honako irakasgaiak ere irakasten ditu:<br \/>\u201cCultura Visual y G\u00e9nero II\u201d Nafarroako Unibertsitate Publikoak Huarte Arte Garaikideko Zentroarekin eskaintzen duen \u201cPr\u00e1cticas Art\u00edsticas y Estudios Culturales. Cuerpos, Afectos Territorio\u201d Masterrean.<br \/>\u201cHistoria Contempor\u00e1nea: Controversias, Miradas y Perspectivas Historiogr\u00e1ficas\u201d Historia Garaikideko Unibertsitate arteko Masterrean.<br \/><strong>Honako liburuen egilea da:<\/strong><\/p>\n<ul>\n<li>Representaciones de g\u00e9nero en el cine espa\u00f1ol (1939-1982): figuras y fisuras. CEPC eta USC, Madrid eta Santiago de Compostela, 2014.<\/li>\n<li>Arantza Anzizar antropologoarekin: Ametsak egi bihurtuz. San Nikolas ikastolako lehenengo andere\u00f1oak (1963-1969) \u2013 Caminando por un suelo. Las primeras andere\u00f1os de la ikastola San Nikolas (1963-1969). Ayuntamiento de Getxo \/ Getxoko Udala, 2014.<\/li>\n<li>Bakarne Altonaga eta Maialen Arangurenekin: Historiagintzaren ikuspegi berriak: teoria eta praktika. UEU eta UPV\/EHU, Bilbao, 2017.<\/li>\n<\/ul>\n<p><strong>Argitaratu dituen beste lan batzuk honako hauek dira:<\/strong><\/p>\n<ul>\n<li>&#8220;\u00ab\u00a1No te quieres enterar, yeh, yeh!\u00bb La promesa de la felicidad amorosa en las pel\u00edculas de Concha Velasco (1958-1967)&#8221;, en Marta Garc\u00eda Carri\u00f3n (ed.), Estrellas de Espa\u00f1a: actrices y representaciones de feminidad en el cine espa\u00f1ol, Comares, Granada, 2025: 57-74.<\/li>\n<li>\u201cDel G\u00e9nesis a Christian Dior. Tensiones y cambios en el matrimonio franquista a trav\u00e9s del cine (1958-1963)\u201d. Arenal. Revista de historia de las mujeres. 27\/2 (2020).<\/li>\n<li>\u201cMarisol y Pepa Flores. Los significados pol\u00edticos de una estrella (1960-1985)\u201d. Cuadernos de Historia Contempor\u00e1nea, 41 (2019).<\/li>\n<li>\u201cModelos de feminidad aceptable para una sociedad en transformaci\u00f3n\u201d. Letra Internacional, 124 (2017).<\/li>\n<li>\u201cZine-Formak, Gorputz-Formak. Diskurtso zinematografikoa eta gorputzen eraikuntza\u201d. Alaitz Aizpuru eta Bakarne Altonaga (koord.): Diskurtsoak, eraikuntzak, gorputzak. Gorputzen eta binario sexualaren eraikuntzaz (UEU, 2014).<\/li>\n<li>\u201cCuerpos enfrentados en Sin novedad en el Alc\u00e1zar\u201d, Miguel \u00c1ngel Ruiz Carnicer (ed.): Falange. Las culturas pol\u00edticas del fascismo en la Espa\u00f1a de Franco (1936-1975) (Instituto Fernando el Cat\u00f3lico, 2013).<\/li>\n<li>\u201cEl ideal de feminidad de la posguerra en transformaci\u00f3n a trav\u00e9s de la pel\u00edcula El \u00faltimo cupl\u00e9 (Juan de Ordu\u00f1a, 1957)\u201d, Carme Molinero eta Javier T\u00e8bar (eds.): VIII Encuentro Internacional de Investigadores del Franquismo (UB, 2013).<\/li>\n<li>\u201cMarisol y t\u00edo Agust\u00edn: Dos paletos en Madrid. Un estudio del \u00e9xodo rural desarrollista a trav\u00e9s del cine\u201d. Ecl\u00e9ctica, 2 (2013).<\/li>\n<\/ul>\n<p>PERFILES<br \/><a href=\"https:\/\/orcid.org\/0000-0001-8821-4465\">https:\/\/orcid.org\/0000-0001-8821-4465<\/a><br \/><a href=\"https:\/\/metaaprendizaje.academia.edu\/AintzaneRinc%C3%B3n\">https:\/\/metaaprendizaje.academia.edu\/AintzaneRinc%C3%B3n<\/a><br \/><a href=\"https:\/\/dialnet.unirioja.es\/servlet\/autor?codigo=3261992\">https:\/\/dialnet.unirioja.es\/servlet\/autor?codigo=3261992<\/a><br \/>EMAIL<br \/><a href=\"mailto:aintzane.rincon@ehu.eus\">aintzane.rincon@ehu.eus<\/a>\u00a0<\/p>\n<p>[\/et_pb_text][\/et_pb_column][\/et_pb_row][\/et_pb_section]<\/p>\n","protected":false},"excerpt":{"rendered":"<p>Aintzane Rinc\u00f3n Historia Garaikidean doktorea. 2012ko ekainaren 15ean irakurri zuen bere tesia UPV\/EHUn: \u201cRepresentaciones de g\u00e9nero en el cine espa\u00f1ol (1936-1982): Figuras y fisuras\u201d. Ikerketak Santiago de Compostelako Unibertsitateko Juana de Vega Katedrako Saria (2013) eta Historia Garaikideko Elkartearen Miguel Artola V. Saria (2013) eskuratu zituen. Bere ikerketa lana frankismo eta trantsizio aldietako feminitate eta [&hellip;]<\/p>\n","protected":false},"author":1,"featured_media":0,"parent":6299,"menu_order":0,"comment_status":"closed","ping_status":"closed","template":"","meta":{"_et_pb_use_builder":"on","_et_pb_old_content":"","_et_gb_content_width":"","footnotes":""},"class_list":["post-6312","page","type-page","status-publish","hentry"],"_links":{"self":[{"href":"https:\/\/experienciamoderna.com\/eu\/wp-json\/wp\/v2\/pages\/6312","targetHints":{"allow":["GET"]}}],"collection":[{"href":"https:\/\/experienciamoderna.com\/eu\/wp-json\/wp\/v2\/pages"}],"about":[{"href":"https:\/\/experienciamoderna.com\/eu\/wp-json\/wp\/v2\/types\/page"}],"author":[{"embeddable":true,"href":"https:\/\/experienciamoderna.com\/eu\/wp-json\/wp\/v2\/users\/1"}],"replies":[{"embeddable":true,"href":"https:\/\/experienciamoderna.com\/eu\/wp-json\/wp\/v2\/comments?post=6312"}],"version-history":[{"count":47,"href":"https:\/\/experienciamoderna.com\/eu\/wp-json\/wp\/v2\/pages\/6312\/revisions"}],"predecessor-version":[{"id":11741,"href":"https:\/\/experienciamoderna.com\/eu\/wp-json\/wp\/v2\/pages\/6312\/revisions\/11741"}],"up":[{"embeddable":true,"href":"https:\/\/experienciamoderna.com\/eu\/wp-json\/wp\/v2\/pages\/6299"}],"wp:attachment":[{"href":"https:\/\/experienciamoderna.com\/eu\/wp-json\/wp\/v2\/media?parent=6312"}],"curies":[{"name":"wp","href":"https:\/\/api.w.org\/{rel}","templated":true}]}}