{"id":6314,"date":"2020-06-10T09:32:06","date_gmt":"2020-06-10T07:32:06","guid":{"rendered":"https:\/\/experienciamoderna.com\/nor-gara\/aitor-sarasqueta\/"},"modified":"2024-02-12T14:20:23","modified_gmt":"2024-02-12T13:20:23","slug":"aitor-sarasqueta","status":"publish","type":"page","link":"https:\/\/experienciamoderna.com\/eu\/nor-gara\/aitor-sarasqueta\/","title":{"rendered":"Aitor Sarasqueta"},"content":{"rendered":"<p>[et_pb_section fb_built=&#8221;1&#8243; _builder_version=&#8221;4.16&#8243; global_colors_info=&#8221;{}&#8221;][et_pb_row _builder_version=&#8221;4.16&#8243; global_colors_info=&#8221;{}&#8221;][et_pb_column type=&#8221;4_4&#8243; _builder_version=&#8221;4.16&#8243; global_colors_info=&#8221;{}&#8221;][et_pb_text _builder_version=&#8221;4.16&#8243; global_colors_info=&#8221;{}&#8221;]<\/p>\n<h1>Aitor Sarasqueta<\/h1>\n<p>[\/et_pb_text][et_pb_text admin_label=&#8221;Texto&#8221; _builder_version=&#8221;4.24.0&#8243; hover_enabled=&#8221;0&#8243; global_colors_info=&#8221;{}&#8221; sticky_enabled=&#8221;0&#8243;]<\/p>\n<p><img loading=\"lazy\" decoding=\"async\" class=\"wp-image-1602 size-full alignleft\" src=\"https:\/\/experienciamoderna.com\/wp-content\/uploads\/2020\/03\/Aitor-Sarasketa1.jpg\" alt=\"\" width=\"165\" height=\"180\" \/>UPV\/EHUn Historian graduduna naiz eta bertan Derrigorrezko Bigarren Hezkuntzako eta Batxilergoko, Lanbide Heziketako eta Hizkuntzen Irakaskuntzako Irakasleen Prestakuntzako Masterra eta Historia Garaikideko Masterra osatu ditut. Egun, nire doktorego tesia egiten ari naiz UPV\/EHUko Historia Garaikideko sailean, Aintzane Rinc\u00f3n eta Nerea Arestiren zuzendaritzapean eta Eusko Jaurlaritzako doktoretza-aurreko laguntzarekin.<br \/>Doktorego tesi honetan Espainiako<strong> Trantsizio<\/strong> politikoko (1975-1986) maskulinitateak aztertzen ditut zinemaren bitartez. Lan hau historia garaikidea, genero ikerketak eta ikerketa kulturalak uztartuz gauzatu nahi dut, genero identitateak eta <strong>Trantsizio<\/strong> garaiko testuinguru soziopolitikoa elkarri nola eragin zioten aztertzen saiatzen naizen bitartean.<\/p>\n<p><strong>Argitalpenak:<\/strong><\/p>\n<p>\u2022 \u201cEntre el ayer que no termina y el ma\u00f1ana que empieza. La masculinidad del intelectual de izquierdas a trav\u00e9s de \u00d3pera prima\u201d, Kamchatka. Revista de an\u00e1lisis cultural 23 (2024, prentsan).<br \/>\u2022 \u201cAitatik semera, 1980ko hamarkadako Euskal Herriko maskulinitatearen ikerketa bat El pico-ren (Eloy de la Iglesia, 1983) bidez\u201d, Kondaira. Euskarazko historia aldizkaria sarean, 19 (2022), 97-106. http:\/\/www.kondaira.eus\/article\/view\/510\/548<br \/>\u2022 \u201cHerencias de g\u00e9nero del franquismo: un estudio de la masculinidad en el Pa\u00eds Vasco de los a\u00f1os ochenta a trav\u00e9s de \u2018El Pico\u2019 (Eloy de la Iglesia, 1983)\u201d, Francisco ACOSTA et. al. (koords.): Mobilitzacions socials i esquerra radical: Actes del II Congr\u00e9s Les altres protagonistas de la transici\u00f3, Barcelona, Fundaci\u00f3n Salvador Segu\u00ed-CEDIB, 2020, 287-309. https:\/\/www.yumpu.com\/es\/document\/read\/65038602\/les-altres-protagonistes-de-la-transicio-mobilitzacions-socials-i-esquerra-radical<\/p>\n<p>EMAIL<\/p>\n<p><a href=\"mailto:aitor.sarasqueta@ehu.eus\">aitor.sarasqueta@ehu.eus<\/a><\/p>\n<p>[\/et_pb_text][\/et_pb_column][\/et_pb_row][\/et_pb_section]<\/p>\n","protected":false},"excerpt":{"rendered":"<p>Aitor SarasquetaUPV\/EHUn Historian graduduna naiz eta bertan Derrigorrezko Bigarren Hezkuntzako eta Batxilergoko, Lanbide Heziketako eta Hizkuntzen Irakaskuntzako Irakasleen Prestakuntzako Masterra eta Historia Garaikideko Masterra osatu ditut. Egun, nire doktorego tesia egiten ari naiz UPV\/EHUko Historia Garaikideko sailean, Aintzane Rinc\u00f3n eta Nerea Arestiren zuzendaritzapean eta Eusko Jaurlaritzako doktoretza-aurreko laguntzarekin.Doktorego tesi honetan Espainiako Trantsizio politikoko (1975-1986) maskulinitateak [&hellip;]<\/p>\n","protected":false},"author":1,"featured_media":0,"parent":6299,"menu_order":0,"comment_status":"closed","ping_status":"closed","template":"","meta":{"_et_pb_use_builder":"on","_et_pb_old_content":"","_et_gb_content_width":"","footnotes":""},"class_list":["post-6314","page","type-page","status-publish","hentry"],"_links":{"self":[{"href":"https:\/\/experienciamoderna.com\/eu\/wp-json\/wp\/v2\/pages\/6314","targetHints":{"allow":["GET"]}}],"collection":[{"href":"https:\/\/experienciamoderna.com\/eu\/wp-json\/wp\/v2\/pages"}],"about":[{"href":"https:\/\/experienciamoderna.com\/eu\/wp-json\/wp\/v2\/types\/page"}],"author":[{"embeddable":true,"href":"https:\/\/experienciamoderna.com\/eu\/wp-json\/wp\/v2\/users\/1"}],"replies":[{"embeddable":true,"href":"https:\/\/experienciamoderna.com\/eu\/wp-json\/wp\/v2\/comments?post=6314"}],"version-history":[{"count":18,"href":"https:\/\/experienciamoderna.com\/eu\/wp-json\/wp\/v2\/pages\/6314\/revisions"}],"predecessor-version":[{"id":9651,"href":"https:\/\/experienciamoderna.com\/eu\/wp-json\/wp\/v2\/pages\/6314\/revisions\/9651"}],"up":[{"embeddable":true,"href":"https:\/\/experienciamoderna.com\/eu\/wp-json\/wp\/v2\/pages\/6299"}],"wp:attachment":[{"href":"https:\/\/experienciamoderna.com\/eu\/wp-json\/wp\/v2\/media?parent=6314"}],"curies":[{"name":"wp","href":"https:\/\/api.w.org\/{rel}","templated":true}]}}