{"id":6321,"date":"2020-06-10T09:37:24","date_gmt":"2020-06-10T07:37:24","guid":{"rendered":"https:\/\/experienciamoderna.com\/nor-gara\/bakarne-altonaga\/"},"modified":"2023-02-20T17:19:32","modified_gmt":"2023-02-20T16:19:32","slug":"bakarne-altonaga","status":"publish","type":"page","link":"https:\/\/experienciamoderna.com\/eu\/nor-gara\/bakarne-altonaga\/","title":{"rendered":"Bakarne Altonaga"},"content":{"rendered":"<p>[et_pb_section fb_built=&#8221;1&#8243; _builder_version=&#8221;4.16&#8243; global_colors_info=&#8221;{}&#8221;][et_pb_row _builder_version=&#8221;4.16&#8243; global_colors_info=&#8221;{}&#8221;][et_pb_column type=&#8221;4_4&#8243; _builder_version=&#8221;4.16&#8243; global_colors_info=&#8221;{}&#8221;][et_pb_text _builder_version=&#8221;4.16&#8243; global_colors_info=&#8221;{}&#8221;]<\/p>\n<h1>Bakarne Altonaga<\/h1>\n<p>[\/et_pb_text][et_pb_text admin_label=&#8221;Texto&#8221; _builder_version=&#8221;4.20.0&#8243; hover_enabled=&#8221;0&#8243; global_colors_info=&#8221;{}&#8221; sticky_enabled=&#8221;0&#8243;]<\/p>\n<p><img loading=\"lazy\" decoding=\"async\" class=\"wp-image-1590 size-full alignleft\" src=\"https:\/\/experienciamoderna.com\/wp-content\/uploads\/2020\/03\/Bakarne-Altonaga2.jpg\" alt=\"\" width=\"165\" height=\"180\" \/>Historia Garaikidean doktorea (2018) eta Filosofian lizentziatua (2010) naiz UPV\/EHUn. Egun, UPV\/EHUko Historia Garaikidea sailean irakasle. Hainbat graduondoko ikasketa burutu ditut, MA in Literature and Philosophy University of Sussex-en eta Ikasketa Feministak eta Generokoak Masterra (UPV\/EHU). Nire ikerketa XVIII. mendetik XIX. mendera igarotzean eman ziren genero identitateen eta diferentzia sexualaren eraldaketen<span style=\"text-decoration: line-through;\">eraikuntzaren<\/span> azterketan oinarritzen da, Euskal Herriko eta Espainiako testuinguruan. Gorputzaren kontzepzio aldaketak eta hauek generoaren ikuspegietan izan zuten eragina ikertzea interesatzen zait bereziki. Honekin batera identitateen sorkuntzan genero, klase, nazio eta erligio kategorien arteko hartu-eman eta elkarrekintza konplexuak analizatzea da nire helburua.<\/p>\n<p>Hainbat argitalpenetan parte-hartu dut:<\/p>\n<p><strong>Artikuluak<\/strong> <br \/>\u2022 (Onartua, prentsan). \u201cSobre \u2018hombres sin substancia\u2019: la masculinidad en el discurso de la reacci\u00f3n eclesi\u00e1stica a comienzos del siglo XIX\u201d, Historia y Pol\u00edtica. <br \/>\u2022 (2023, prentsan). \u201cBetween the Soul and the Body. The Construction of Sexual Difference in Modern Spain\u201d, European History Quarterly. <br \/>\u2022 (2022). \u201c\u2019La regencia de las mujeres y el reinado de los ni\u00f1os\u2019: carlismo, liberalismo y g\u00e9nero en la crisis del Antiguo R\u00e9gimen\u201d, Ayer. Revista de historia contempor\u00e1nea, 127(3), 169-192. <br \/>\u2022 (2018). Generoa Antzinako Erregimenean: Manuel Larramendiren ikuspuntua eta bereitzala, Sancho el Sabio: Revista de cultura e investigacio\u0301n vasca, Extra 2, 107-127.<br \/>\u2022 (2016). Mujeres viriles en el siglo XVIII. La construcci\u00f3n de la feminidad por el discurso foralista de Manuel de Larramendi. Historia Contempor\u00e1nea, 52, 9-42.<\/p>\n<p><strong>Liburu atalak<\/strong><br \/>\u2022 (2023, prentsan). \u201cSobre cyborgs y especies de compa\u00f1\u00eda en la obra de Donna Haraway\u201d, en Margarita Sanchez y Miren Llona (eds.): Tecnolog\u00eda, ciencia y naturaleza en la Historia de las Mujeres. Granada: Comares. <br \/>\u2022 (2023, prentsan). \u201cHombres mansos y devotos: masculinidad ultracat\u00f3lica en la crisis del Antiguo R\u00e9gimen en el Pa\u00eds Vasco\u201d, en Darina Martyk\u00e1nov\u00e1 y Marie Walin (eds.), Las masculinidades en la Espa\u00f1a del siglo XIX. Sevilla: Editorial de la Universidad de Sevilla. <br \/>\u2022 (2022). \u201cEl g\u00e9nero en los escritos de viajes de Wilhelm von Humboldt por el Pa\u00eds Vasco\u201d, en Juan D\u00edaz \u00c1lvarez, Fernando Manzano yRodrigo Olay Vald\u00e9s (eds.), Sobre Espa\u00f1a en el largo siglo XVIII. Oviedo: Instituto Feijoo de Estudios del Siglo XVIII, Ediciones Trea. <br \/>\u2022 (2021). \u201cLa Ilustraci\u00f3n vasca: Nuevas visiones de g\u00e9nero en la crisis del Antiguo R\u00e9gimen\u201d, en Silvia Berm\u00fadez y Roberta Johnson (eds.), Una nueva historia de los feminismos ib\u00e9ricos. Valencia: Tirant lo Blanch, pp. 131-141. <br \/>\u2022 (2021). Junto a Mikel Varela \u201c\u00bfInclusi\u00f3n? Diferencia, diversidad y los \u2018humano\u2019 como l\u00edmite\u201d, en Gorka Roman, Elizabeth P\u00e9rez-Izaguirre, Itsaso Biota, Maitane Picaza (eds.), Inclusi\u00f3n socioeducativa. Propuestas y metodolog\u00edas innovadoras en contextos educativos. Barcelona: Gra\u00f3, pp. 23-36.<br \/>\u2022 (2018). \u201cThe Basque Enlightenment: New Visions of Gender in the Crisis of the Antiguo R\u00e9gimen\u201d. In Roberta Johnson and Silvia Bermudez (eds.) A new history of Iberiam feminisms. Toronto: University of Toronto Press, 82-90.<br \/>\u2022 (2012). Gizakia eta animalia: harreman berriak pentsatzen. In Andoni Olariaga, Iban Galletebeitia, Alaitz Aizpuru y Bakarne Altonaga (coord.), Euskal Herriko pentsamenduaren gida. Bilbao: Udako Euskal Unibertsitatea.<\/p>\n<p><strong>Liburuak<\/strong><br \/>\u2022 (2021). Cuerpos en tr\u00e1nsito. Los significados del g\u00e9nero en la crisis del Antiguo R\u00e9gimen en el Pa\u00eds Vasco. Granada: Comares.<\/p>\n<p><strong>Irakaskuntza materialak: liburuak\/atalak<\/strong><br \/>\u2022 (2017) Junto a Aintzane Rinc\u00f3n y Maialen Aranguren: Historiagintzaren ikuspegi berriak: teoria eta praktika. Bilbao: UEU y UPV\/EHU.<br \/>\u2022 (2014). Diferentzia sexualaren eraikuntza: gorputzen desnaturalizazioa. In Alaitz Aizpuru and Bakarne Altonaga (coord.), Diskurtsoak, eraikuntzak, gorputzak. Gorputzen eta binarismo sexualaren eraikuntzaz. Bilbao: Udako Euskal Unibertsitatea.<\/p>\n<p><a href=\"http:\/\/www.inguma.eus\/egilea\/ikusi\/bakarne-altonaga-begona\">http:\/\/www.inguma.eus\/egilea\/ikusi\/bakarne-altonaga-begona<\/a><br \/><a href=\"https:\/\/dialnet.unirioja.es\/buscar\/documentos?querysDismax.DOCUMENTAL_TODO=bakarne+altonaga\">https:\/\/dialnet.unirioja.es\/<\/a><a href=\"https:\/\/dialnet.unirioja.es\/buscar\/documentos?querysDismax.DOCUMENTAL_TODO=bakarne+altonaga\">bakarne+altonaga<\/a><br \/><a href=\"mailto:bakarne.altonaga@ehu.eus\">bakarne.altonaga@ehu.eus<\/a><\/p>\n<p>[\/et_pb_text][\/et_pb_column][\/et_pb_row][\/et_pb_section]<\/p>\n","protected":false},"excerpt":{"rendered":"<p>Bakarne AltonagaHistoria Garaikidean doktorea (2018) eta Filosofian lizentziatua (2010) naiz UPV\/EHUn. Egun, UPV\/EHUko Historia Garaikidea sailean irakasle. Hainbat graduondoko ikasketa burutu ditut, MA in Literature and Philosophy University of Sussex-en eta Ikasketa Feministak eta Generokoak Masterra (UPV\/EHU). Nire ikerketa XVIII. mendetik XIX. mendera igarotzean eman ziren genero identitateen eta diferentzia sexualaren eraldaketeneraikuntzaren azterketan oinarritzen da, [&hellip;]<\/p>\n","protected":false},"author":1,"featured_media":0,"parent":6299,"menu_order":0,"comment_status":"closed","ping_status":"closed","template":"","meta":{"_et_pb_use_builder":"on","_et_pb_old_content":"","_et_gb_content_width":"","footnotes":""},"class_list":["post-6321","page","type-page","status-publish","hentry"],"_links":{"self":[{"href":"https:\/\/experienciamoderna.com\/eu\/wp-json\/wp\/v2\/pages\/6321","targetHints":{"allow":["GET"]}}],"collection":[{"href":"https:\/\/experienciamoderna.com\/eu\/wp-json\/wp\/v2\/pages"}],"about":[{"href":"https:\/\/experienciamoderna.com\/eu\/wp-json\/wp\/v2\/types\/page"}],"author":[{"embeddable":true,"href":"https:\/\/experienciamoderna.com\/eu\/wp-json\/wp\/v2\/users\/1"}],"replies":[{"embeddable":true,"href":"https:\/\/experienciamoderna.com\/eu\/wp-json\/wp\/v2\/comments?post=6321"}],"version-history":[{"count":5,"href":"https:\/\/experienciamoderna.com\/eu\/wp-json\/wp\/v2\/pages\/6321\/revisions"}],"predecessor-version":[{"id":7591,"href":"https:\/\/experienciamoderna.com\/eu\/wp-json\/wp\/v2\/pages\/6321\/revisions\/7591"}],"up":[{"embeddable":true,"href":"https:\/\/experienciamoderna.com\/eu\/wp-json\/wp\/v2\/pages\/6299"}],"wp:attachment":[{"href":"https:\/\/experienciamoderna.com\/eu\/wp-json\/wp\/v2\/media?parent=6321"}],"curies":[{"name":"wp","href":"https:\/\/api.w.org\/{rel}","templated":true}]}}