{"id":6340,"date":"2020-06-10T10:05:58","date_gmt":"2020-06-10T08:05:58","guid":{"rendered":"https:\/\/experienciamoderna.com\/nor-gara\/nerea-aresti\/"},"modified":"2026-03-05T18:33:39","modified_gmt":"2026-03-05T17:33:39","slug":"nerea-aresti","status":"publish","type":"page","link":"https:\/\/experienciamoderna.com\/eu\/nor-gara\/nerea-aresti\/","title":{"rendered":"Nerea Aresti"},"content":{"rendered":"<p>[et_pb_section fb_built=&#8221;1&#8243; _builder_version=&#8221;4.16&#8243; global_colors_info=&#8221;{}&#8221;][et_pb_row _builder_version=&#8221;4.16&#8243; global_colors_info=&#8221;{}&#8221;][et_pb_column type=&#8221;4_4&#8243; _builder_version=&#8221;4.16&#8243; global_colors_info=&#8221;{}&#8221;][et_pb_text _builder_version=&#8221;4.16&#8243; global_colors_info=&#8221;{}&#8221;]<\/p>\n<h1>Nerea Aresti<\/h1>\n<p>[\/et_pb_text][et_pb_text _builder_version=&#8221;4.27.4&#8243; hover_enabled=&#8221;0&#8243; global_colors_info=&#8221;{}&#8221; sticky_enabled=&#8221;0&#8243;]<\/p>\n<p style=\"text-align: left;\"><img decoding=\"async\" class=\"alignleft\" src=\"https:\/\/experienciamoderna.com\/wp-content\/uploads\/\" \/><\/p>\n<p><\/p>\n<p>Nerea Aresti EHUko irakaslea da. State University of New Yorken eta Euskal Herriko Unibertsitatean doktorea da, eta genero-historiako espezialista ere bada. Identitateen azterketan eta diskurtsoek subjektuen \u2014gizon eta emakumeen\u2014 esperientzia nola egituratzen duten aztertzen zentratzen du bere lana. Espainiako maskulinotasunaren historia aztertzen egindako lan aitzindaria nabarmendu behar da. Une honetan feministek sortutako utopiak\u00a0 ikertzenari da<br \/>Espainia garaikideko feminitate- eta maskulinotasun-idealak eta 1920ko eta 30eko hamarkadetako sexu-erreformako mugimendua ikertzen hasi zen. Gerora, beste hainbat ildo ere landu ditu: gorputzaren kultur esanahia, \u00abemakume\u00bb kategoria, sexu-desberdintasunaren eraikuntza euskal nazionalismoan, Espainiako maskulinotasuna 98ko krisiaren haria, eta feminismo garaikidearen diskurtso-estrategiak.<\/p>\n<p><\/p>\n<p>LIBURU HAUEN EGILEA DA:<\/p>\n<p><\/p>\n<ul>\n<li><strong>Masculinidades en tela de juicio. Hombres y g\u00e9nero en el primer tercio del siglo XX<\/strong> (2010) M\u00e9dicos, donjuanes y mujeres modernas.<\/li>\n<li><strong>Los ideales de feminidad y masculinidad en el primer tercio del siglo XX<\/strong> (2001) Karin Peters eta Julia Br\u00fcnhe-rekin batera (eds.),<\/li>\n<li><strong> \u00bfLa Espa\u00f1a invertebrada? Masculinidad y naci\u00f3n en los inicios del siglo XX<\/strong>, Comares, 2016. Bertan kapitulu honekin kolaboratzen du: \u201cEl langile respetable. Masculinidad, moral y trabajo en el nacionalismo vasco\u201d.<\/li>\n<\/ul>\n<p><\/p>\n<p>AZKEN URTEOTAKO BESTE ARGITALPEN BATZUK:<\/p>\n<p><\/p>\n<ul>\n<li>\u00a0<em>\u201cUn movimiento de hombres. Masculinidad y pol\u00edtica durante la dictadura de Primo de Rivera\u201d<\/em>, Mujeres, g\u00e9nero y naci\u00f3n en la dictadura de Miguel Primo de Rivera (ed. Ortega), Madril, S\u00edlex, 2022, 61-87.<\/li>\n<li><em>\u201cBeyond Models: The Many Paths to Feminism in Modern Spain\u201d<\/em>, European History Quarterly, 53 (2), 2023, 277-296. https:\/\/doi.org\/10.1177\/02656914231163098<\/li>\n<li><em>\u201cEl significado del cuerpo en los debates feministas en Espa\u00f1a desde la transici\u00f3n hasta la actualidad\u201d<\/em> Cuerpos diversos. Est\u00e9ticas de diversidad corporal en Espa\u00f1a y Am\u00e9rica Latina en los siglos XX y XXI (ed. Berit Callsen, Philipp Seidel). Berl\u00edn, edition tranv\u00eda-Verlag Walter Frey, 2023, 175-188.<\/li>\n<li><em>\u201cEl siglo de las mujeres, el siglo de las grandes guerras\u201d<\/em>. La Maleta de Portbou (Galaxia Gutenberg), 61, 2023, 51-57.<\/li>\n<li><em>\u201cLa categor\u00eda de g\u00e9nero en la obra de Joan Scott\u201d<\/em>, en Cristina Border\u00edas ed., Joan W. Scott y las pol\u00edticas de la historia, Icaria 2006, 223-32.<\/li>\n<li><em>\u201cShaping the Spanish Modern Man: The Conflict of Masculine Ideals through a Court Case in the 1920s\u201d<\/em>, Feminist Studies 33-3 (2007), 606-631.<\/li>\n<li><em>\u201cThe Gendered Identities of the \u2018Lieutenant Nun\u2019. Rethinking the Story of a Female Warrior in Early Modern Spain\u201d<\/em>, Gender &amp; History 19-3 (2007), 401-418.<\/li>\n<li><em>\u201cLos argumentos de la exclusi\u00f3n. Mujeres y liberalismo en la Espa\u00f1a contempor\u00e1nea\u201d<\/em>, Historia Constitucional 13 (2012), 407-431. \u201cJuegos de integraci\u00f3n y resistencia. Discursos normativos y estrategias feministas (1860-1900)\u201d, Historia Social 68 (2010), 25-46.<\/li>\n<li><em>\u201cA la naci\u00f3n por la masculinidad. Una mirada de g\u00e9nero a la crisis del 98\u201d<\/em>, en Mary Nas coord., Feminidades y masculinidades. Arquetipos y pr\u00e1cticas de g\u00e9nero, Alianza 2014, 47-74.<\/li>\n<li>\u201cMasculinidad y naci\u00f3n en la Espa\u00f1a de los a\u00f1os 1920 y 1930\u201d, M\u00e9langes 42-2 (2012), 55-72.<\/li>\n<li><em>\u201cSexualit\u00e9 et progr\u00e8s dans l\u2019Espagne des ann\u00e9es vingt et trente du XXe si\u00e8cle\u201d,<\/em> en Jean-Louis Guere\u00f1a dir., Sexualit\u00e9s occidentales (xviiie-xxie si\u00e8cles). Discours, practiques, repr\u00e9sentations, PUFR 2014, 47-74.<\/li>\n<li><em>\u201cThe Battle to Define Spanish Manhood\u201d<\/em>, en A. Morcillo dir., Memory and Cultural History of the Spanish Civil War. Realms of Oblivion, Brill 2014, 147-177.<\/li>\n<li><em>\u201cDe hero\u00ednas viriles a madres de la patria. Las mujeres y el nacionalismo vasco (1893-1937)\u201d<\/em>, Historia y Pol\u00edtica 31 (2014), 281-308.<\/li>\n<li><em>\u201cGeneroa, gorputzak eta historia\u201d<\/em>, en Alaitz Aizpuru y Bakarne Altonaga coords., Diskurtsoak, eraikuntzak, gorputzak, UEU 2014, 73-95.<\/li>\n<li><em>\u201cCuesti\u00f3n de dignidad. G\u00e9nero, feminismo y culturas pol\u00edticas\u201d<\/em>, en Carlos Forcadell y Manuel Su\u00e1rez Cortina eds., Las culturas pol\u00edticas en la Espa\u00f1a de la Restauraci\u00f3n y la Rep\u00fablica, 1875-1936, Marcial Pons y PUZ 2015, 85-110.<\/li>\n<li><em>\u201cLa hombr\u00eda perdida en el tiempo. Masculinidad y naci\u00f3n espa\u00f1ola a finales del siglo XIX\u201d<\/em>, Hombres en peligro. G\u00e9nero, naci\u00f3n e imperio en la Espa\u00f1a de cambio de siglo (XIX-XX), (ed. Mauricio Zabalgoitia Herrera), Iberoamericana\/ Vervuert, Madrid-Frankfurt, 2017, 19-38.<\/li>\n<li><em>\u201cEl gentleman y el b\u00e1rbaro. Masculinidad y civilizaci\u00f3n en el nacionalismo vasco (1893-1937)\u201d<\/em>, Cuadernos de Historia Contempor\u00e1nea 39, 2017, 83-103. 2018ko Manuel P\u00e9rez Ledesma Saria (Historia Garaikideko Elkartea).<\/li>\n<li>Maialen Aranguren-ekin,<em> \u201cWomen Above All: The Autonomous Basque Feminist Movement (1973-1994)\u201d<\/em>, A New History of Iberian Feminism (Silvia Berm\u00fadez y Roberta Johnson ed.), Toronto, University of Toronto Press, 2018, 328-335.<\/li>\n<li><em>\u201cLa peligrosa naturaleza de Don Juan. Sexualidad masculina y orden social en la Espa\u00f1a de entreguerras\u201d,<\/em> Cuadernos de Historia Contempor\u00e1nea 40, 2018, 13-31.<\/li>\n<li><em>\u201cLa historia de g\u00e9nero y el estudio de las masculinidades. Reflexiones sobre conceptos y m\u00e9todos\u201d<\/em>, Feminidades y masculinidades en la historiograf\u00eda de g\u00e9nero (Henar Gallego ed.), Granada, Comares, 2018, 173-194.<\/li>\n<li><em>\u201c1932. El divorcio llega a Espa\u00f1a\u201d<\/em>, Historia Mundial de Espa\u00f1a (dir. Xos\u00e9 M. N\u00fa\u00f1ez Seixas), Barcelona, Destino, 2018, 752-758.<\/li>\n<li>Miren Llona-rekin, <em>\u201cMary Nash, tras las huellas del feminismo hist\u00f3rico\u201d<\/em>. Mujeres, dones, mulleres, emakumeak. Estudios sobre la historia de las mujeres y del g\u00e9nero (ed. Teresa M. Ortega, Ana Aguado y Elena S\u00e1nchez Sandoica), Madrid, C\u00e1tedra, 2019, 359-378.<\/li>\n<li><em>\u201cEl Don Juan espa\u00f1ol, un s\u00edmbolo pol\u00e9mico para una naci\u00f3n plural (1900-1940)\u201d<\/em>, en Vivir la naci\u00f3n. Nuevos debates sobre el nacionalismo espa\u00f1ol (ed. Xavier Andreu Miralles), Granada, Comares, 2019, 187-212.<\/li>\n<li><em>\u201cLa historia de las masculinidades, la otra cara de la historia de g\u00e9nero\u201d<\/em>, Ayer, 117, 2020, 13-31.<\/li>\n<li><em>\u201cA Fight for Real Men: Gender and Nation-Building during the Primo de Rivera Dictatorship (1923\u20131930)\u201d<\/em>, European History Quarterly, Vol. 50-2, 2020, 248-65. https:\/\/doi.org\/10.1177\/0265691420910947<\/li>\n<li><em>\u201cWomen Warriors or Mothers of the Fatherland: Hero Cults and Gender in Basque Nationalism\u201d<\/em>, Women Warriors and National Heroes. Global Histories (ed. Boyd Cothran, Joan Judge, Adrian Shubert), Londres, New York, Bloomsbury, 2020, 55-72. DOI: 10.5040\/9781350140301.ch-004<\/li>\n<li><em>\u201cEl feminismo de Emilia Pardo Baz\u00e1n\u201d<\/em>, Emilia Pardo Baz\u00e1n.El reto de la modernidad (ed. Isabel Burdiel), Madrid, Comunidad de Madrid. Publicaciones Oficiales, 2021, 77-90.<br \/>Maialen Aranguren-ekin,\u201cMujeres por encima de todo. El movimiento feminista aut\u00f3nomo vasco (1973-1994)\u201d, en Una nueva historia de los feminismos ib\u00e9ricos (ed. Silvia Berm\u00fadez, Roberta Johnson), Valencia, Tirant Humanidades, 2021, 469-478.<\/li>\n<li><em>\u201cO feminismo de Emilia Pardo Baz\u00e1n\u201d<\/em>, Emilia Pardo Baz\u00e1n. O reto da modernidade (ed. Isabel Burdiel), Coru\u00f1a, Concello da Coru\u00f1a, 2021, 53-60 eta 148-152.<\/li>\n<li>Miren Llona-rekin, <em>\u201cSer mujer en el mundo que habit\u00f3 Clara Campoamor. Los ideales de g\u00e9nero en el primer tercio del siglo XX\u201d,<\/em> Clara Campoamor Rodr\u00edguez. Mujer y ciudadan\u00eda (1888-1972) (ed. Rosa M\u00aa Capel Mart\u00ednez), Madrid, Sociedad Estatal de Conmemoraciones Culturales, 2022, 142-161.<\/li>\n<li>\u201cFeminismos y masculinidades: unarelaci\u00f3n con historia\u201d, <em>BHH Bolet\u00edn Hisp\u00e1nico Helv\u00e9tico<\/em>, 42, 2025, <a href=\"https:\/\/doi.org\/10.4000\/154ad\">https:\/\/doi.org\/10.4000\/154ad<\/a><\/li>\n<li>\u201cGender and privilege. The singular femininity of Pilar Careaga in interwar Spain\u201d, <em>JournalofIberian and Latin American Studies, <\/em>31(1), 2025, 33\u201347.<\/li>\n<li>Inmaculada Blasco, \u201cPensar el G\u00e9nero desde la Historia: propuestas y debates\u201d (sarrera eta edizioa). <em>Historia y Memoria,<\/em>28, 2024, 11-20.<\/li>\n<li>\u201cEl feminismo de la transici\u00f3n: memoria y futuro\u201d. <em> Historia y memoria de la movilizaci\u00f3n de las mujeres durante el tardofranquismo y la transici\u00f3n <\/em>(ed. Cristina G\u00f3mez Cuesta, Asunci\u00f3n Esteban Recio eta Francisco Arriero Ranz).Granada: Comares, 2024, 1-14.<\/li>\n<\/ul>\n<p><\/p>\n<p>PROFILA<br \/><a href=\"https:\/\/ehu.academia.edu\/NereaAresti\">https:\/\/ehu.academia.edu\/NereaAresti<\/a><br \/><a href=\"http:\/\/orcid.org\/0000-0001-8713-5220\" target=\"_blank\" rel=\"noopener noreferrer\">http:\/\/orcid.org\/<\/a><\/p>\n<p><\/p>\n<p>E-MAIL<br \/><a href=\"mailto:nerea.aresti@ehu.eus\">nerea.aresti@ehu.eus<\/a><\/p>\n<p>[\/et_pb_text][\/et_pb_column][\/et_pb_row][\/et_pb_section]<\/p>\n","protected":false},"excerpt":{"rendered":"<p>Nerea ArestiNerea Aresti EHUko irakaslea da. State University of New Yorken eta Euskal Herriko Unibertsitatean doktorea da, eta genero-historiako espezialista ere bada. Identitateen azterketan eta diskurtsoek subjektuen \u2014gizon eta emakumeen\u2014 esperientzia nola egituratzen duten aztertzen zentratzen du bere lana. Espainiako maskulinotasunaren historia aztertzen egindako lan aitzindaria nabarmendu behar da. Une honetan feministek sortutako utopiak\u00a0 ikertzenari [&hellip;]<\/p>\n","protected":false},"author":1,"featured_media":0,"parent":6299,"menu_order":0,"comment_status":"closed","ping_status":"closed","template":"","meta":{"_et_pb_use_builder":"on","_et_pb_old_content":"","_et_gb_content_width":"","footnotes":""},"class_list":["post-6340","page","type-page","status-publish","hentry"],"_links":{"self":[{"href":"https:\/\/experienciamoderna.com\/eu\/wp-json\/wp\/v2\/pages\/6340","targetHints":{"allow":["GET"]}}],"collection":[{"href":"https:\/\/experienciamoderna.com\/eu\/wp-json\/wp\/v2\/pages"}],"about":[{"href":"https:\/\/experienciamoderna.com\/eu\/wp-json\/wp\/v2\/types\/page"}],"author":[{"embeddable":true,"href":"https:\/\/experienciamoderna.com\/eu\/wp-json\/wp\/v2\/users\/1"}],"replies":[{"embeddable":true,"href":"https:\/\/experienciamoderna.com\/eu\/wp-json\/wp\/v2\/comments?post=6340"}],"version-history":[{"count":29,"href":"https:\/\/experienciamoderna.com\/eu\/wp-json\/wp\/v2\/pages\/6340\/revisions"}],"predecessor-version":[{"id":11509,"href":"https:\/\/experienciamoderna.com\/eu\/wp-json\/wp\/v2\/pages\/6340\/revisions\/11509"}],"up":[{"embeddable":true,"href":"https:\/\/experienciamoderna.com\/eu\/wp-json\/wp\/v2\/pages\/6299"}],"wp:attachment":[{"href":"https:\/\/experienciamoderna.com\/eu\/wp-json\/wp\/v2\/media?parent=6340"}],"curies":[{"name":"wp","href":"https:\/\/api.w.org\/{rel}","templated":true}]}}