{"id":6477,"date":"2020-06-16T11:07:55","date_gmt":"2020-06-16T09:07:55","guid":{"rendered":"https:\/\/experienciamoderna.com\/ikerketa\/doktoratu-ondoko-ikerketak\/"},"modified":"2024-02-06T13:32:05","modified_gmt":"2024-02-06T12:32:05","slug":"doktoratu-ondoko-ikerketak","status":"publish","type":"page","link":"https:\/\/experienciamoderna.com\/eu\/ikerketa\/doktoratu-ondoko-ikerketak\/","title":{"rendered":"Doktoratu ondoko ikerketak"},"content":{"rendered":"<p>[et_pb_section fb_built=&#8221;1&#8243; admin_label=&#8221;Header&#8221; _builder_version=&#8221;4.24.0&#8243; use_background_color_gradient=&#8221;on&#8221; background_color_gradient_type=&#8221;circular&#8221; background_color_gradient_direction_radial=&#8221;bottom&#8221; background_color_gradient_stops=&#8221;rgba(190,183,198,0.81) 0%|#beb7c6 100%&#8221; background_color_gradient_overlays_image=&#8221;on&#8221; background_color_gradient_start=&#8221;rgba(190,183,198,0.81)&#8221; background_color_gradient_end=&#8221;#beb7c6&#8243; background_image=&#8221;https:\/\/experienciamoderna.com\/wp-content\/uploads\/2020\/03\/grupo_portada_prueba1.jpg&#8221; custom_margin=&#8221;|||&#8221; custom_padding=&#8221;||3vw||false|false&#8221; bottom_divider_style=&#8221;wave2&#8243; bottom_divider_color=&#8221;#ffffff&#8221; bottom_divider_height=&#8221;10vw&#8221; bottom_divider_repeat=&#8221;0.5x&#8221; bottom_divider_flip=&#8221;vertical|horizontal&#8221; bottom_divider_arrangement=&#8221;above_content&#8221; bottom_divider_height_tablet=&#8221;0px&#8221; bottom_divider_height_phone=&#8221;0px&#8221; bottom_divider_height_last_edited=&#8221;on|phone&#8221; locked=&#8221;off&#8221; global_colors_info=&#8221;{}&#8221;][et_pb_row _builder_version=&#8221;4.16&#8243; global_colors_info=&#8221;{}&#8221;][et_pb_column type=&#8221;4_4&#8243; _builder_version=&#8221;4.16&#8243; custom_padding=&#8221;|||&#8221; global_colors_info=&#8221;{}&#8221; custom_padding__hover=&#8221;|||&#8221;][et_pb_text _builder_version=&#8221;4.24.0&#8243; text_font=&#8221;||||||||&#8221; text_font_size=&#8221;16px&#8221; text_line_height=&#8221;2em&#8221; header_font=&#8221;Ubuntu|700||||on|||&#8221; header_text_align=&#8221;right&#8221; header_text_color=&#8221;#393e56&#8243; header_font_size=&#8221;25px&#8221; header_line_height=&#8221;1.4em&#8221; header_3_font=&#8221;Ubuntu||||||||&#8221; header_3_line_height=&#8221;1.8em&#8221; text_orientation=&#8221;right&#8221; background_layout=&#8221;dark&#8221; max_width=&#8221;700px&#8221; module_alignment=&#8221;right&#8221; custom_margin=&#8221;|||&#8221; text_font_size_tablet=&#8221;&#8221; text_font_size_phone=&#8221;14px&#8221; text_font_size_last_edited=&#8221;on|desktop&#8221; header_font_size_tablet=&#8221;&#8221; header_font_size_phone=&#8221;32px&#8221; header_font_size_last_edited=&#8221;on|desktop&#8221; locked=&#8221;off&#8221; global_colors_info=&#8221;{}&#8221;]<\/p>\n<h2 style=\"text-align: right;\">Doktoratu ondoko ikerketak<\/h2>\n<p>[\/et_pb_text][\/et_pb_column][\/et_pb_row][\/et_pb_section][et_pb_section fb_built=&#8221;1&#8243; prev_background_color=&#8221;#ffffff&#8221; admin_label=&#8221;Events&#8221; _builder_version=&#8221;4.16&#8243; background_color=&#8221;#f5f5f5&#8243; use_background_color_gradient=&#8221;on&#8221; background_color_gradient_stops=&#8221;#efeef3 0%|#ffffff 100%&#8221; background_color_gradient_start=&#8221;#efeef3&#8243; background_color_gradient_end=&#8221;#ffffff&#8221; custom_margin=&#8221;|||&#8221; custom_margin_tablet=&#8221;|0px||&#8221; custom_margin_last_edited=&#8221;off|desktop&#8221; custom_padding=&#8221;40px||||false|false&#8221; top_divider_style=&#8221;wave2&#8243; top_divider_height=&#8221;14vw&#8221; top_divider_repeat=&#8221;0.5x&#8221; top_divider_flip=&#8221;horizontal&#8221; locked=&#8221;off&#8221; global_colors_info=&#8221;{}&#8221;][et_pb_row column_structure=&#8221;1_2,1_2&#8243; _builder_version=&#8221;4.16&#8243; custom_padding=&#8221;||||false|false&#8221; global_colors_info=&#8221;{}&#8221;][et_pb_column type=&#8221;1_2&#8243; _builder_version=&#8221;4.16&#8243; custom_padding=&#8221;|||&#8221; global_colors_info=&#8221;{}&#8221; custom_padding__hover=&#8221;|||&#8221;][et_pb_text _builder_version=&#8221;4.24.0&#8243; header_font=&#8221;||||||||&#8221; header_4_font=&#8221;Ubuntu||||||||&#8221; header_4_text_color=&#8221;#ab398e&#8221; header_4_font_size=&#8221;20px&#8221; header_4_line_height=&#8221;1.8em&#8221; header_5_font=&#8221;Lato||on||||||&#8221; header_5_font_size=&#8221;14px&#8221; header_5_line_height=&#8221;1.8em&#8221; background_color=&#8221;#ffffff&#8221; custom_margin=&#8221;||||false|false&#8221; custom_padding=&#8221;30px|30px|30px|30px|false|false&#8221; box_shadow_style=&#8221;preset3&#8243; box_shadow_blur=&#8221;10px&#8221; global_colors_info=&#8221;{}&#8221;]<\/p>\n<h4>\u00a0<\/h4>\n<p><strong>Maite Garballo-Maeztu<\/strong><br \/>Programa contrato Ram\u00f3n y Cajal, convocatoria Ministerio de Ciencia e Innovaci\u00f3n 2023.\u00a0<\/p>\n<ul>\n<li>Universidad del Pa\u00eds Vasco<\/li>\n<\/ul>\n<p>[\/et_pb_text][\/et_pb_column][et_pb_column type=&#8221;1_2&#8243; _builder_version=&#8221;4.16&#8243; custom_padding=&#8221;|||&#8221; global_colors_info=&#8221;{}&#8221; custom_padding__hover=&#8221;|||&#8221;][\/et_pb_column][\/et_pb_row][et_pb_row column_structure=&#8221;1_2,1_2&#8243; _builder_version=&#8221;4.16&#8243; custom_padding=&#8221;||||false|false&#8221; global_colors_info=&#8221;{}&#8221;][et_pb_column type=&#8221;1_2&#8243; _builder_version=&#8221;4.16&#8243; custom_padding=&#8221;|||&#8221; global_colors_info=&#8221;{}&#8221; custom_padding__hover=&#8221;|||&#8221;][et_pb_text _builder_version=&#8221;4.19.5&#8243; header_font=&#8221;||||||||&#8221; header_4_font=&#8221;Ubuntu||||||||&#8221; header_4_text_color=&#8221;#ab398e&#8221; header_4_font_size=&#8221;20px&#8221; header_4_line_height=&#8221;1.8em&#8221; header_5_font=&#8221;Lato||on||||||&#8221; header_5_font_size=&#8221;14px&#8221; header_5_line_height=&#8221;1.8em&#8221; background_color=&#8221;#ffffff&#8221; custom_margin=&#8221;||||false|false&#8221; custom_padding=&#8221;30px|30px|30px|30px|false|false&#8221; box_shadow_style=&#8221;preset3&#8243; box_shadow_blur=&#8221;10px&#8221; global_colors_info=&#8221;{}&#8221;]<\/p>\n<h4>\u201cG\u00e9nero e identidad religiosa en la modernidad\u201d<\/h4>\n<p><strong>Ra\u00fal M\u00ednguez Blasco<\/strong><br \/>Ram\u00f3n y Cajal laguntza (2022-2027) (2022-2027)<\/p>\n<ul>\n<li>Euskal Herriko Unibertsitatea<\/li>\n<\/ul>\n<p>[\/et_pb_text][\/et_pb_column][et_pb_column type=&#8221;1_2&#8243; _builder_version=&#8221;4.16&#8243; custom_padding=&#8221;|||&#8221; global_colors_info=&#8221;{}&#8221; custom_padding__hover=&#8221;|||&#8221;][et_pb_text _builder_version=&#8221;4.24.0&#8243; header_font=&#8221;||||||||&#8221; header_4_font=&#8221;Ubuntu||||||||&#8221; header_4_text_color=&#8221;#ab398e&#8221; header_4_font_size=&#8221;20px&#8221; header_4_line_height=&#8221;1.8em&#8221; header_5_font=&#8221;Lato||on||||||&#8221; header_5_font_size=&#8221;14px&#8221; header_5_line_height=&#8221;1.8em&#8221; background_color=&#8221;#ffffff&#8221; custom_margin=&#8221;||||false|false&#8221; custom_padding=&#8221;30px|30px|30px|30px|false|false&#8221; hover_enabled=&#8221;0&#8243; box_shadow_style=&#8221;preset3&#8243; box_shadow_blur=&#8221;10px&#8221; global_colors_info=&#8221;{}&#8221; sticky_enabled=&#8221;0&#8243;]<\/p>\n<h4>\u201cThe transformation of fatherhood in Spain, 1936-1996: From heads of the household to conscious father\u201d<\/h4>\n<p><strong>Francisco Jimenez Aguilar<\/strong><br \/>Juan de la Cierva Formaci\u00f3n (2023-2024). Zientzia\u00a0eta\u00a0Berrikuntza\u00a0Ministerioa,<\/p>\n<ul>\n<li>Miren Llonak zuzendua<\/li>\n<\/ul>\n<p>[\/et_pb_text][\/et_pb_column][\/et_pb_row][et_pb_row column_structure=&#8221;1_2,1_2&#8243; _builder_version=&#8221;4.16&#8243; custom_padding=&#8221;||||false|false&#8221; global_colors_info=&#8221;{}&#8221;][et_pb_column type=&#8221;1_2&#8243; _builder_version=&#8221;4.16&#8243; custom_padding=&#8221;|||&#8221; global_colors_info=&#8221;{}&#8221; custom_padding__hover=&#8221;|||&#8221;][et_pb_text _builder_version=&#8221;4.19.5&#8243; header_font=&#8221;||||||||&#8221; header_4_font=&#8221;Ubuntu||||||||&#8221; header_4_text_color=&#8221;#ab398e&#8221; header_4_font_size=&#8221;20px&#8221; header_4_line_height=&#8221;1.8em&#8221; header_5_font=&#8221;Lato||on||||||&#8221; header_5_font_size=&#8221;14px&#8221; header_5_line_height=&#8221;1.8em&#8221; background_color=&#8221;#ffffff&#8221; custom_margin=&#8221;||||false|false&#8221; custom_padding=&#8221;30px|30px|30px|30px|false|false&#8221; box_shadow_style=&#8221;preset3&#8243; box_shadow_blur=&#8221;10px&#8221; global_colors_info=&#8221;{}&#8221;]<\/p>\n<h4>\u201cCuerpos y afectos en transici\u00f3n. Experiencias y discursos sobre el amor y la sexualidad, 1960-1982\u201d<\/h4>\n<p><strong>M\u00f3nica Garc\u00eda Fern\u00e1ndez\u200b<\/strong><br \/><span id=\"tgt_sent_0\"><span class=\"interactive\">Margarita<\/span>\u00a0<span class=\"interactive\">Salas<\/span>\u00a0<span class=\"interactive\">programa,<\/span>\u00a0<span class=\"interactive\">Leedseko<\/span>\u00a0<span class=\"interactive\">Unibertsitatea<\/span>\u00a0<span class=\"interactive\">\/<\/span>\u00a0<span class=\"interactive\">Oviedoko<\/span>\u00a0<span class=\"interactive\">Unibertsitatea.<\/span><\/span>\u00a0<span id=\"tgt_sent_1\"><span class=\"interactive\">(2022-2023)<\/span><\/span><\/p>\n<ul>\n<li>Richard Cleminsonek zuzendua<\/li>\n<\/ul>\n<p>[\/et_pb_text][\/et_pb_column][et_pb_column type=&#8221;1_2&#8243; _builder_version=&#8221;4.16&#8243; custom_padding=&#8221;|||&#8221; global_colors_info=&#8221;{}&#8221; custom_padding__hover=&#8221;|||&#8221;][et_pb_text _builder_version=&#8221;4.19.5&#8243; header_font=&#8221;||||||||&#8221; header_4_font=&#8221;Ubuntu||||||||&#8221; header_4_text_color=&#8221;#ab398e&#8221; header_4_font_size=&#8221;20px&#8221; header_4_line_height=&#8221;1.8em&#8221; header_5_font=&#8221;Lato||on||||||&#8221; header_5_font_size=&#8221;14px&#8221; header_5_line_height=&#8221;1.8em&#8221; background_color=&#8221;#ffffff&#8221; custom_margin=&#8221;||||false|false&#8221; custom_padding=&#8221;30px|30px|30px|30px|false|false&#8221; box_shadow_style=&#8221;preset3&#8243; box_shadow_blur=&#8221;10px&#8221; global_colors_info=&#8221;{}&#8221;]<\/p>\n<h4>\u201cSexualidad, religi\u00f3n y g\u00e9nero en el segundo franquismo y en la Transici\u00f3n. Discursos y experiencias (1965-1982)&#8221;<\/h4>\n<p><strong>M\u00f3nica Garc\u00eda Fern\u00e1ndez<\/strong><br \/><span class=\"interactive\">EHUn<\/span>\u00a0<span class=\"interactive\">ikertzaile<\/span>\u00a0<span class=\"interactive\">doktoreak<\/span>\u00a0<span class=\"interactive\">espezializatzeko<\/span>\u00a0<span class=\"interactive\">kontrataziorako<\/span>\u00a0<span class=\"interactive\">deialdia<\/span>\u00a0<span class=\"interactive\">(2020-2022)<\/span><\/p>\n<ul>\n<li>Nerea Arestik zuzendua.<\/li>\n<\/ul>\n<p>[\/et_pb_text][\/et_pb_column][\/et_pb_row][et_pb_row column_structure=&#8221;1_2,1_2&#8243; _builder_version=&#8221;4.16&#8243; custom_padding=&#8221;||||false|false&#8221; global_colors_info=&#8221;{}&#8221;][et_pb_column type=&#8221;1_2&#8243; _builder_version=&#8221;4.16&#8243; custom_padding=&#8221;|||&#8221; global_colors_info=&#8221;{}&#8221; custom_padding__hover=&#8221;|||&#8221;][et_pb_text _builder_version=&#8221;4.16&#8243; header_font=&#8221;||||||||&#8221; header_4_font=&#8221;Ubuntu||||||||&#8221; header_4_text_color=&#8221;#ab398e&#8221; header_4_font_size=&#8221;20px&#8221; header_4_line_height=&#8221;1.8em&#8221; header_5_font=&#8221;Lato||on||||||&#8221; header_5_font_size=&#8221;14px&#8221; header_5_line_height=&#8221;1.8em&#8221; background_color=&#8221;#ffffff&#8221; custom_margin=&#8221;||||false|false&#8221; custom_padding=&#8221;30px|30px|30px|30px|false|false&#8221; box_shadow_style=&#8221;preset3&#8243; box_shadow_blur=&#8221;10px&#8221; global_colors_info=&#8221;{}&#8221;]<\/p>\n<h4>\u201cLa masculinidad obrera y su crisis en el Gran Bilbao y Glasgow (1950-1990)\u201d<\/h4>\n<p><strong>Eider de Dios<\/strong><br \/>\nIkertzaile Doktoreentzako Doktoratu Ondoko Hobekuntza-Programa. UPV-EHU (2019-2020).<\/p>\n<ul>\n<li>Nerea Arestik zuzendua.<\/li>\n<\/ul>\n<p>[\/et_pb_text][\/et_pb_column][et_pb_column type=&#8221;1_2&#8243; _builder_version=&#8221;4.16&#8243; custom_padding=&#8221;|||&#8221; global_colors_info=&#8221;{}&#8221; custom_padding__hover=&#8221;|||&#8221;][et_pb_text _builder_version=&#8221;4.16&#8243; header_font=&#8221;||||||||&#8221; header_4_font=&#8221;Ubuntu||||||||&#8221; header_4_text_color=&#8221;#ab398e&#8221; header_4_font_size=&#8221;20px&#8221; header_4_line_height=&#8221;1.8em&#8221; header_5_font=&#8221;Lato||on||||||&#8221; header_5_font_size=&#8221;14px&#8221; header_5_line_height=&#8221;1.8em&#8221; background_color=&#8221;#ffffff&#8221; custom_margin=&#8221;||||false|false&#8221; custom_padding=&#8221;30px|30px|30px|30px|false|false&#8221; box_shadow_style=&#8221;preset3&#8243; box_shadow_blur=&#8221;10px&#8221; global_colors_info=&#8221;{}&#8221;]<\/p>\n<h4>\u201cMayo del 68, memoria transnacional de una emoci\u00f3n pol\u00edtica (1968-1977)<\/h4>\n<p><strong>David Beorlegui<\/strong><br \/>Programa Postdoctoral de Perfeccionamiento de Personal Investigacior Doctor. UPV-EHU (2019-2020).<\/p>\n<ul>\n<li>Jos\u00e9 Javier D\u00edaz Freirek zuzendua<\/li>\n<\/ul>\n<p>[\/et_pb_text][\/et_pb_column][\/et_pb_row][et_pb_row column_structure=&#8221;1_2,1_2&#8243; _builder_version=&#8221;4.16&#8243; custom_padding=&#8221;||||false|false&#8221; global_colors_info=&#8221;{}&#8221;][et_pb_column type=&#8221;1_2&#8243; _builder_version=&#8221;4.16&#8243; custom_padding=&#8221;|||&#8221; global_colors_info=&#8221;{}&#8221; custom_padding__hover=&#8221;|||&#8221;][et_pb_text _builder_version=&#8221;4.16&#8243; header_font=&#8221;||||||||&#8221; header_4_font=&#8221;Ubuntu||||||||&#8221; header_4_text_color=&#8221;#ab398e&#8221; header_4_font_size=&#8221;20px&#8221; header_4_line_height=&#8221;1.8em&#8221; header_5_font=&#8221;Lato||on||||||&#8221; header_5_font_size=&#8221;14px&#8221; header_5_line_height=&#8221;1.8em&#8221; background_color=&#8221;#ffffff&#8221; custom_margin=&#8221;||||false|false&#8221; custom_padding=&#8221;30px|30px|30px|30px|false|false&#8221; box_shadow_style=&#8221;preset3&#8243; box_shadow_blur=&#8221;10px&#8221; global_colors_info=&#8221;{}&#8221;]<\/p>\n<h4>\u201cLas paradojas de la modernidad: identidades de g\u00e9nero y pol\u00edtica en el Pa\u00eds Vasco (1840-1876)\u201d.<\/h4>\n<p><strong>Bakarne Altonaga<\/strong> Ikertzaile Doktoreentzako Doktoratu Ondoko Hobekuntza-Programa. UPV-EHU (2019-2020).<\/p>\n<ul>\n<li>Nerea Arestik zuzendua.<\/li>\n<\/ul>\n<p>[\/et_pb_text][\/et_pb_column][et_pb_column type=&#8221;1_2&#8243; _builder_version=&#8221;4.16&#8243; custom_padding=&#8221;|||&#8221; global_colors_info=&#8221;{}&#8221; custom_padding__hover=&#8221;|||&#8221;][et_pb_text _builder_version=&#8221;4.16&#8243; header_font=&#8221;||||||||&#8221; header_4_font=&#8221;Ubuntu||||||||&#8221; header_4_text_color=&#8221;#ab398e&#8221; header_4_font_size=&#8221;20px&#8221; header_4_line_height=&#8221;1.8em&#8221; header_5_font=&#8221;Lato||on||||||&#8221; header_5_font_size=&#8221;14px&#8221; header_5_line_height=&#8221;1.8em&#8221; background_color=&#8221;#ffffff&#8221; custom_margin=&#8221;||||false|false&#8221; custom_padding=&#8221;30px|30px|30px|30px|false|false&#8221; box_shadow_style=&#8221;preset3&#8243; box_shadow_blur=&#8221;10px&#8221; global_colors_info=&#8221;{}&#8221;]<\/p>\n<h4>\u00a0\u201cDel obrero de acero inoxidable al hombre desorientado. La masculinidad obrera en el Gran Bilbao del tardofranquismo a la transici\u00f3n\u201d<\/h4>\n<p><strong>Eider de Dios<\/strong> Ikertzaile Doktoreentzako Hobekuntza-Programa. UPV-EHU (2019-2020).<\/p>\n<ul>\n<li>Nerea Arestik zuzendua.<\/li>\n<\/ul>\n<p>[\/et_pb_text][\/et_pb_column][\/et_pb_row][et_pb_row column_structure=&#8221;1_2,1_2&#8243; _builder_version=&#8221;4.16&#8243; custom_padding=&#8221;||||false|false&#8221; global_colors_info=&#8221;{}&#8221;][et_pb_column type=&#8221;1_2&#8243; _builder_version=&#8221;4.16&#8243; custom_padding=&#8221;|||&#8221; global_colors_info=&#8221;{}&#8221; custom_padding__hover=&#8221;|||&#8221;][et_pb_text _builder_version=&#8221;4.16&#8243; header_font=&#8221;||||||||&#8221; header_4_font=&#8221;Ubuntu||||||||&#8221; header_4_text_color=&#8221;#ab398e&#8221; header_4_font_size=&#8221;20px&#8221; header_4_line_height=&#8221;1.8em&#8221; header_5_font=&#8221;Lato||on||||||&#8221; header_5_font_size=&#8221;14px&#8221; header_5_line_height=&#8221;1.8em&#8221; background_color=&#8221;#ffffff&#8221; custom_margin=&#8221;||||false|false&#8221; custom_padding=&#8221;30px|30px|30px|30px|false|false&#8221; box_shadow_style=&#8221;preset3&#8243; box_shadow_blur=&#8221;10px&#8221; global_colors_info=&#8221;{}&#8221;]<\/p>\n<h4>\u201cMaketos, Xarnegos y Spaniards. La construcci\u00f3n emocional de la alteridad en Euskadi, Catalu\u00f1a y Gibraltar durante el siglo XX\u201d<\/h4>\n<p><strong>Luis Mart\u00ednez del Campo<\/strong> Ikertzaile Doktoreentzako Doktoretza-Ondoko Hobekuntza-Programa. UPV-EHU<\/p>\n<ul>\n<li>\u00a0\u00a0 Jos\u00e9 Javier D\u00edaz Freirek zuzendua.<\/li>\n<\/ul>\n<p>[\/et_pb_text][\/et_pb_column][et_pb_column type=&#8221;1_2&#8243; _builder_version=&#8221;4.16&#8243; custom_padding=&#8221;|||&#8221; global_colors_info=&#8221;{}&#8221; custom_padding__hover=&#8221;|||&#8221;][et_pb_text _builder_version=&#8221;4.19.5&#8243; header_font=&#8221;||||||||&#8221; header_4_font=&#8221;Ubuntu||||||||&#8221; header_4_text_color=&#8221;#ab398e&#8221; header_4_font_size=&#8221;20px&#8221; header_4_line_height=&#8221;1.8em&#8221; header_5_font=&#8221;Lato||on||||||&#8221; header_5_font_size=&#8221;14px&#8221; header_5_line_height=&#8221;1.8em&#8221; background_color=&#8221;#ffffff&#8221; custom_margin=&#8221;||||false|false&#8221; custom_padding=&#8221;30px|30px|30px|30px|false|false&#8221; box_shadow_style=&#8221;preset3&#8243; box_shadow_blur=&#8221;10px&#8221; global_colors_info=&#8221;{}&#8221;]<\/p>\n<h4>\u201c\u2018Alone against Secularisation? Gender identity in Anglican and Catholic women (England-Spain, 1960-2015)\u201d<\/h4>\n<p><strong>Ra\u00fal M\u00ednguez<\/strong><br \/>Marie Sk\u0142odowska-Curie Actions \u2013 Individual Fellowship, European Commission, University of Leeds<\/p>\n<ul>\n<li>\n<p>Gregorio Alonsok zuzendua<\/p>\n<\/li>\n<\/ul>\n<p>[\/et_pb_text][\/et_pb_column][\/et_pb_row][et_pb_row column_structure=&#8221;1_2,1_2&#8243; _builder_version=&#8221;4.16&#8243; custom_padding=&#8221;||||false|false&#8221; global_colors_info=&#8221;{}&#8221;][et_pb_column type=&#8221;1_2&#8243; _builder_version=&#8221;4.16&#8243; custom_padding=&#8221;|||&#8221; global_colors_info=&#8221;{}&#8221; custom_padding__hover=&#8221;|||&#8221;][et_pb_text _builder_version=&#8221;4.16&#8243; header_font=&#8221;||||||||&#8221; header_4_font=&#8221;Ubuntu||||||||&#8221; header_4_text_color=&#8221;#ab398e&#8221; header_4_font_size=&#8221;20px&#8221; header_4_line_height=&#8221;1.8em&#8221; header_5_font=&#8221;Lato||on||||||&#8221; header_5_font_size=&#8221;14px&#8221; header_5_line_height=&#8221;1.8em&#8221; background_color=&#8221;#ffffff&#8221; custom_margin=&#8221;||||false|false&#8221; custom_padding=&#8221;30px|30px|30px|30px|false|false&#8221; box_shadow_style=&#8221;preset3&#8243; box_shadow_blur=&#8221;10px&#8221; global_colors_info=&#8221;{}&#8221;]<\/p>\n<h4>\u201cCatolicismo y g\u00e9nero en la Espa\u00f1a Contempor\u00e1nea (siglos XIX y XX)\u201d<\/h4>\n<p><strong>Ra\u00fal M\u00ednguez,<\/strong> Langile Doktoreak Laneratzeko Doktoretza-Ondoko Juan de la Cierva Programa (2017-2019)<\/p>\n<ul>\n<li>Miren Llonak zuzendua.<\/li>\n<\/ul>\n<p>[\/et_pb_text][\/et_pb_column][et_pb_column type=&#8221;1_2&#8243; _builder_version=&#8221;4.16&#8243; custom_padding=&#8221;|||&#8221; global_colors_info=&#8221;{}&#8221; custom_padding__hover=&#8221;|||&#8221;][et_pb_text _builder_version=&#8221;4.16&#8243; header_font=&#8221;||||||||&#8221; header_4_font=&#8221;Ubuntu||||||||&#8221; header_4_text_color=&#8221;#ab398e&#8221; header_4_font_size=&#8221;20px&#8221; header_4_line_height=&#8221;1.8em&#8221; header_5_font=&#8221;Lato||on||||||&#8221; header_5_font_size=&#8221;14px&#8221; header_5_line_height=&#8221;1.8em&#8221; background_color=&#8221;#ffffff&#8221; custom_margin=&#8221;||||false|false&#8221; custom_padding=&#8221;30px|30px|30px|30px|false|false&#8221; box_shadow_style=&#8221;preset3&#8243; box_shadow_blur=&#8221;10px&#8221; global_colors_info=&#8221;{}&#8221;]<\/p>\n<h4>\u201c\u00bfCat\u00f3licas y feministas? Religi\u00f3n, g\u00e9nero y feminismo en Espa\u00f1a y en Euskadi desde el Concilio Vaticano II (1965-2012)\u201d<\/h4>\n<p><strong>Ra\u00fal M\u00ednguez<\/strong> Ikertzaile doktoreak espezializatzeko kontratazioa, UPV-EHU (2015-2017).<\/p>\n<ul>\n<li>Mercedes Arbaizak zuzendua.<\/li>\n<\/ul>\n<p>[\/et_pb_text][\/et_pb_column][\/et_pb_row][\/et_pb_section]<\/p>\n","protected":false},"excerpt":{"rendered":"<p>Doktoratu ondoko ikerketak\u00a0 Maite Garballo-MaeztuPrograma contrato Ram\u00f3n y Cajal, convocatoria Ministerio de Ciencia e Innovaci\u00f3n 2023.\u00a0 Universidad del Pa\u00eds Vasco \u201cG\u00e9nero e identidad religiosa en la modernidad\u201d Ra\u00fal M\u00ednguez BlascoRam\u00f3n y Cajal laguntza (2022-2027) (2022-2027) Euskal Herriko Unibertsitatea \u201cThe transformation of fatherhood in Spain, 1936-1996: From heads of the household to conscious father\u201d Francisco Jimenez [&hellip;]<\/p>\n","protected":false},"author":1,"featured_media":0,"parent":5924,"menu_order":0,"comment_status":"closed","ping_status":"closed","template":"","meta":{"_et_pb_use_builder":"on","_et_pb_old_content":"","_et_gb_content_width":"","footnotes":""},"class_list":["post-6477","page","type-page","status-publish","hentry"],"_links":{"self":[{"href":"https:\/\/experienciamoderna.com\/eu\/wp-json\/wp\/v2\/pages\/6477","targetHints":{"allow":["GET"]}}],"collection":[{"href":"https:\/\/experienciamoderna.com\/eu\/wp-json\/wp\/v2\/pages"}],"about":[{"href":"https:\/\/experienciamoderna.com\/eu\/wp-json\/wp\/v2\/types\/page"}],"author":[{"embeddable":true,"href":"https:\/\/experienciamoderna.com\/eu\/wp-json\/wp\/v2\/users\/1"}],"replies":[{"embeddable":true,"href":"https:\/\/experienciamoderna.com\/eu\/wp-json\/wp\/v2\/comments?post=6477"}],"version-history":[{"count":18,"href":"https:\/\/experienciamoderna.com\/eu\/wp-json\/wp\/v2\/pages\/6477\/revisions"}],"predecessor-version":[{"id":9255,"href":"https:\/\/experienciamoderna.com\/eu\/wp-json\/wp\/v2\/pages\/6477\/revisions\/9255"}],"up":[{"embeddable":true,"href":"https:\/\/experienciamoderna.com\/eu\/wp-json\/wp\/v2\/pages\/5924"}],"wp:attachment":[{"href":"https:\/\/experienciamoderna.com\/eu\/wp-json\/wp\/v2\/media?parent=6477"}],"curies":[{"name":"wp","href":"https:\/\/api.w.org\/{rel}","templated":true}]}}