{"id":6479,"date":"2020-06-16T11:21:10","date_gmt":"2020-06-16T09:21:10","guid":{"rendered":"https:\/\/experienciamoderna.com\/ikerketa\/doktorego-tesiak\/defendatutako-doktoretza-tesiak\/"},"modified":"2026-03-22T09:46:18","modified_gmt":"2026-03-22T08:46:18","slug":"defendatutako-doktoretza-tesiak","status":"publish","type":"page","link":"https:\/\/experienciamoderna.com\/eu\/ikerketa\/doktorego-tesiak\/defendatutako-doktoretza-tesiak\/","title":{"rendered":"Defendatutako doktoretza tesiak"},"content":{"rendered":"<p>[et_pb_section fb_built=&#8221;1&#8243; admin_label=&#8221;Header&#8221; _builder_version=&#8221;4.24.0&#8243; use_background_color_gradient=&#8221;on&#8221; background_color_gradient_type=&#8221;circular&#8221; background_color_gradient_direction_radial=&#8221;bottom&#8221; background_color_gradient_stops=&#8221;rgba(190,183,198,0.81) 0%|#beb7c6 100%&#8221; background_color_gradient_overlays_image=&#8221;on&#8221; background_color_gradient_start=&#8221;rgba(190,183,198,0.81)&#8221; background_color_gradient_end=&#8221;#beb7c6&#8243; background_image=&#8221;https:\/\/experienciamoderna.com\/wp-content\/uploads\/2020\/03\/grupo_portada_prueba1.jpg&#8221; custom_margin=&#8221;|||&#8221; custom_padding=&#8221;||3vw||false|false&#8221; bottom_divider_style=&#8221;wave2&#8243; bottom_divider_color=&#8221;#ffffff&#8221; bottom_divider_height=&#8221;10vw&#8221; bottom_divider_repeat=&#8221;0.5x&#8221; bottom_divider_flip=&#8221;vertical|horizontal&#8221; bottom_divider_arrangement=&#8221;above_content&#8221; bottom_divider_height_tablet=&#8221;0px&#8221; bottom_divider_height_phone=&#8221;0px&#8221; bottom_divider_height_last_edited=&#8221;on|phone&#8221; locked=&#8221;off&#8221; global_colors_info=&#8221;{}&#8221;][et_pb_row _builder_version=&#8221;4.16&#8243; global_colors_info=&#8221;{}&#8221;][et_pb_column type=&#8221;4_4&#8243; _builder_version=&#8221;4.16&#8243; custom_padding=&#8221;|||&#8221; global_colors_info=&#8221;{}&#8221; custom_padding__hover=&#8221;|||&#8221;][et_pb_text _builder_version=&#8221;4.24.0&#8243; text_font=&#8221;||||||||&#8221; text_font_size=&#8221;16px&#8221; text_line_height=&#8221;2em&#8221; header_font=&#8221;Ubuntu|700||||on|||&#8221; header_text_align=&#8221;right&#8221; header_text_color=&#8221;#393e56&#8243; header_font_size=&#8221;25px&#8221; header_line_height=&#8221;1.4em&#8221; header_3_font=&#8221;Ubuntu||||||||&#8221; header_3_line_height=&#8221;1.8em&#8221; text_orientation=&#8221;right&#8221; background_layout=&#8221;dark&#8221; max_width=&#8221;700px&#8221; module_alignment=&#8221;right&#8221; custom_margin=&#8221;|||&#8221; text_font_size_tablet=&#8221;&#8221; text_font_size_phone=&#8221;14px&#8221; text_font_size_last_edited=&#8221;on|desktop&#8221; header_font_size_tablet=&#8221;&#8221; header_font_size_phone=&#8221;32px&#8221; header_font_size_last_edited=&#8221;on|desktop&#8221; locked=&#8221;off&#8221; global_colors_info=&#8221;{}&#8221;]<\/p>\n<h1 style=\"text-align: right;\">Defendatutako doktoretza tesiak<\/h1>\n<p>[\/et_pb_text][\/et_pb_column][\/et_pb_row][\/et_pb_section][et_pb_section fb_built=&#8221;1&#8243; prev_background_color=&#8221;#ffffff&#8221; admin_label=&#8221;Events&#8221; _builder_version=&#8221;4.16&#8243; background_color=&#8221;#f5f5f5&#8243; use_background_color_gradient=&#8221;on&#8221; background_color_gradient_stops=&#8221;#efeef3 0%|#ffffff 100%&#8221; background_color_gradient_start=&#8221;#efeef3&#8243; background_color_gradient_end=&#8221;#ffffff&#8221; custom_margin=&#8221;|||&#8221; custom_margin_tablet=&#8221;|0px||&#8221; custom_margin_last_edited=&#8221;off|desktop&#8221; custom_padding=&#8221;40px||||false|false&#8221; top_divider_style=&#8221;wave2&#8243; top_divider_height=&#8221;14vw&#8221; top_divider_repeat=&#8221;0.5x&#8221; top_divider_flip=&#8221;horizontal&#8221; locked=&#8221;off&#8221; global_colors_info=&#8221;{}&#8221;][et_pb_row column_structure=&#8221;1_2,1_2&#8243; _builder_version=&#8221;4.16&#8243; custom_padding=&#8221;||10px||false|false&#8221; global_colors_info=&#8221;{}&#8221;][et_pb_column type=&#8221;1_2&#8243; _builder_version=&#8221;4.16&#8243; custom_padding=&#8221;|||&#8221; global_colors_info=&#8221;{}&#8221; custom_padding__hover=&#8221;|||&#8221;][et_pb_text _builder_version=&#8221;4.27.2&#8243; header_font=&#8221;||||||||&#8221; header_3_font_size=&#8221;18px&#8221; header_4_font=&#8221;Ubuntu||||||||&#8221; header_4_text_color=&#8221;#ab398e&#8221; header_4_line_height=&#8221;1.6em&#8221; header_5_font=&#8221;Lato||on||||||&#8221; header_5_font_size=&#8221;14px&#8221; header_5_line_height=&#8221;1.8em&#8221; background_color=&#8221;#ffffff&#8221; custom_margin=&#8221;||||false|false&#8221; custom_padding=&#8221;30px|30px|30px|30px|false|false&#8221; box_shadow_style=&#8221;preset3&#8243; box_shadow_blur=&#8221;10px&#8221; global_colors_info=&#8221;{}&#8221;]<\/p>\n<h3><strong>Elia Blanco Rodr\u00edguez<\/strong><\/h3>\n<p><\/p>\n<h4>El duelo y la masculinidad respetable en Espa\u00f1a y Cuba. Una cuesti\u00f3n de honor (siglos XIX y XX).\u00a0<\/h4>\n<p><\/p>\n<div class=\"v1elementToProof\">Euskal Herriko Unibertsitatea, 2024<br \/>Nazioarteko tesia Cum Laude<\/div>\n<p><\/p>\n<ul>\n<li>\n<div class=\"v1elementToProof\">Nerea Arestik zuzendua\u00a0<\/div>\n<\/li>\n<\/ul>\n<p>[\/et_pb_text][\/et_pb_column][et_pb_column type=&#8221;1_2&#8243; _builder_version=&#8221;4.16&#8243; custom_padding=&#8221;|||&#8221; global_colors_info=&#8221;{}&#8221; custom_padding__hover=&#8221;|||&#8221;][et_pb_text _builder_version=&#8221;4.27.2&#8243; header_font=&#8221;||||||||&#8221; header_3_font_size=&#8221;18px&#8221; header_4_font=&#8221;Ubuntu||||||||&#8221; header_4_text_color=&#8221;#ab398e&#8221; header_4_line_height=&#8221;1.6em&#8221; header_5_font=&#8221;Lato||on||||||&#8221; header_5_font_size=&#8221;14px&#8221; header_5_line_height=&#8221;1.8em&#8221; background_color=&#8221;#ffffff&#8221; custom_margin=&#8221;||||false|false&#8221; custom_padding=&#8221;30px|30px|30px|30px|false|false&#8221; box_shadow_style=&#8221;preset3&#8243; box_shadow_blur=&#8221;10px&#8221; global_colors_info=&#8221;{}&#8221;]<\/p>\n<h3><strong>Tatiana Salazar Cortez<\/strong><\/h3>\n<p><\/p>\n<h4>El feminismo y las izquierdas en el Ecuador. Experiencias e identidades, 1968-1990<\/h4>\n<p><\/p>\n<div class=\"v1elementToProof\">Euskal Herriko Unibertsitatea, 2024<br \/>Nazioarteko tesia Cum Laude<\/div>\n<p><\/p>\n<ul>\n<li>\n<div class=\"v1elementToProof\">Nerea Aresti eta Emmanuelle Sinardet-ek zuzendua<\/div>\n<\/li>\n<\/ul>\n<p>[\/et_pb_text][\/et_pb_column][\/et_pb_row][et_pb_row column_structure=&#8221;1_2,1_2&#8243; _builder_version=&#8221;4.16&#8243; custom_padding=&#8221;||10px||false|false&#8221; global_colors_info=&#8221;{}&#8221;][et_pb_column type=&#8221;1_2&#8243; _builder_version=&#8221;4.16&#8243; custom_padding=&#8221;|||&#8221; global_colors_info=&#8221;{}&#8221; custom_padding__hover=&#8221;|||&#8221;][et_pb_text _builder_version=&#8221;4.27.4&#8243; header_font=&#8221;||||||||&#8221; header_3_font_size=&#8221;18px&#8221; header_4_font=&#8221;Ubuntu||||||||&#8221; header_4_text_color=&#8221;#ab398e&#8221; header_4_line_height=&#8221;1.6em&#8221; header_5_font=&#8221;Lato||on||||||&#8221; header_5_font_size=&#8221;14px&#8221; header_5_line_height=&#8221;1.8em&#8221; background_color=&#8221;#ffffff&#8221; custom_margin=&#8221;||||false|false&#8221; custom_padding=&#8221;30px|30px|30px|30px|false|false&#8221; hover_enabled=&#8221;0&#8243; box_shadow_style=&#8221;preset3&#8243; box_shadow_blur=&#8221;10px&#8221; global_colors_info=&#8221;{}&#8221; sticky_enabled=&#8221;0&#8243;]<\/p>\n<h3><strong>Maialen Altuna Etxeberria<\/strong><\/h3>\n<p><\/p>\n<h4>Emociones, represi\u00f3n y resistencias de g\u00e9nero en el franquismo (Pa\u00eds Vasco 1939-1968)<\/h4>\n<p><\/p>\n<p>Euskal Herriko Unibertsitatea, 2024<br \/>Nazioarteko tesia Cum Laude<\/p>\n<p><\/p>\n<ul>\n<li>Miren Llona eta Jone Miren Hern\u00e1ndez-ek zuzendua<\/li>\n<\/ul>\n<p><\/p>\n<p>PREMIO MICAELA PORTILLA<\/p>\n<p>[\/et_pb_text][\/et_pb_column][et_pb_column type=&#8221;1_2&#8243; _builder_version=&#8221;4.16&#8243; custom_padding=&#8221;|||&#8221; global_colors_info=&#8221;{}&#8221; custom_padding__hover=&#8221;|||&#8221;][et_pb_text _builder_version=&#8221;4.24.0&#8243; header_font=&#8221;||||||||&#8221; header_3_font_size=&#8221;18px&#8221; header_4_font=&#8221;Ubuntu||||||||&#8221; header_4_text_color=&#8221;#ab398e&#8221; header_4_line_height=&#8221;1.6em&#8221; header_5_font=&#8221;Lato||on||||||&#8221; header_5_font_size=&#8221;14px&#8221; header_5_line_height=&#8221;1.8em&#8221; background_color=&#8221;#ffffff&#8221; custom_margin=&#8221;||||false|false&#8221; custom_padding=&#8221;30px|30px|30px|30px|false|false&#8221; box_shadow_style=&#8221;preset3&#8243; box_shadow_blur=&#8221;10px&#8221; global_colors_info=&#8221;{}&#8221;]<\/p>\n<h3><strong>Maialen Aranguren Alonso<\/strong><\/h3>\n<p><\/p>\n<h4>El movimiento feminista aut\u00f3nomo vasco. Historia de un sujeto aut\u00f3nomo (1976-1994)<\/h4>\n<p><\/p>\n<p>Universidad del Pa\u00eds Vasco, 2023<\/p>\n<p><\/p>\n<ul>\n<li>Mercedes Arbaiza eta Nerea Arestik zuzendua<\/li>\n<\/ul>\n<p>[\/et_pb_text][\/et_pb_column][\/et_pb_row][et_pb_row column_structure=&#8221;1_2,1_2&#8243; _builder_version=&#8221;4.16&#8243; custom_padding=&#8221;||10px||false|false&#8221; global_colors_info=&#8221;{}&#8221;][et_pb_column type=&#8221;1_2&#8243; _builder_version=&#8221;4.16&#8243; custom_padding=&#8221;|||&#8221; global_colors_info=&#8221;{}&#8221; custom_padding__hover=&#8221;|||&#8221;][et_pb_text _builder_version=&#8221;4.27.2&#8243; header_font=&#8221;||||||||&#8221; header_3_font_size=&#8221;18px&#8221; header_4_font=&#8221;Ubuntu||||||||&#8221; header_4_text_color=&#8221;#ab398e&#8221; header_4_line_height=&#8221;1.6em&#8221; header_5_font=&#8221;Lato||on||||||&#8221; header_5_font_size=&#8221;14px&#8221; header_5_line_height=&#8221;1.8em&#8221; background_color=&#8221;#ffffff&#8221; custom_margin=&#8221;||||false|false&#8221; custom_padding=&#8221;30px|30px|30px|30px|false|false&#8221; box_shadow_style=&#8221;preset3&#8243; box_shadow_blur=&#8221;10px&#8221; global_colors_info=&#8221;{}&#8221;]<\/p>\n<h3><strong>Ilargi Bengoetxea Gartzia<\/strong><\/h3>\n<p><\/p>\n<h4>Irun eta Hondarribiko Alardeak eta genero ordena Ikuspegi historiko bat. 1993-2008<\/h4>\n<p><\/p>\n<p>Euskal Herriko Unibertsitatea, 2022. Cum laude.<\/p>\n<p><\/p>\n<ul>\n<li>Miren Llonak zuzendua<\/li>\n<\/ul>\n<p>[\/et_pb_text][\/et_pb_column][et_pb_column type=&#8221;1_2&#8243; _builder_version=&#8221;4.16&#8243; custom_padding=&#8221;|||&#8221; global_colors_info=&#8221;{}&#8221; custom_padding__hover=&#8221;|||&#8221;][et_pb_text _builder_version=&#8221;4.16&#8243; header_font=&#8221;||||||||&#8221; header_3_font_size=&#8221;18px&#8221; header_4_font=&#8221;Ubuntu||||||||&#8221; header_4_text_color=&#8221;#ab398e&#8221; header_4_line_height=&#8221;1.6em&#8221; header_5_font=&#8221;Lato||on||||||&#8221; header_5_font_size=&#8221;14px&#8221; header_5_line_height=&#8221;1.8em&#8221; background_color=&#8221;#ffffff&#8221; custom_margin=&#8221;||||false|false&#8221; custom_padding=&#8221;30px|30px|30px|30px|false|false&#8221; box_shadow_style=&#8221;preset3&#8243; box_shadow_blur=&#8221;10px&#8221; global_colors_info=&#8221;{}&#8221;]<\/p>\n<h3><strong>Bakarne Altonaga Bego\u00f1a<\/strong><\/h3>\n<p><\/p>\n<h4>Cuerpos en tr\u00e1nsito: g\u00e9nero y diferencia sexual en la sociedad vasca durante la crisis del Antiguo R\u00e9gimen<\/h4>\n<p><\/p>\n<p>Euskal Herriko Unibertsitatea, 2018ko martxoak 16. Nazioarteko Tesia. Cum Laude.<\/p>\n<p><\/p>\n<ul>\n<li>Nerea Arestik zuzendua<\/li>\n<\/ul>\n<p>[\/et_pb_text][\/et_pb_column][\/et_pb_row][et_pb_row column_structure=&#8221;1_2,1_2&#8243; _builder_version=&#8221;4.16&#8243; custom_padding=&#8221;||10px||false|false&#8221; global_colors_info=&#8221;{}&#8221;][et_pb_column type=&#8221;1_2&#8243; _builder_version=&#8221;4.16&#8243; custom_padding=&#8221;|||&#8221; global_colors_info=&#8221;{}&#8221; custom_padding__hover=&#8221;|||&#8221;][et_pb_text _builder_version=&#8221;4.27.2&#8243; header_font=&#8221;||||||||&#8221; header_3_font_size=&#8221;18px&#8221; header_4_font=&#8221;Ubuntu||||||||&#8221; header_4_text_color=&#8221;#ab398e&#8221; header_4_line_height=&#8221;1.6em&#8221; header_5_font=&#8221;Lato||on||||||&#8221; header_5_font_size=&#8221;14px&#8221; header_5_line_height=&#8221;1.8em&#8221; background_color=&#8221;#ffffff&#8221; custom_margin=&#8221;||||false|false&#8221; custom_padding=&#8221;30px|30px|30px|30px|false|false&#8221; box_shadow_style=&#8221;preset3&#8243; box_shadow_blur=&#8221;10px&#8221; global_colors_info=&#8221;{}&#8221;]<\/p>\n<h3><strong>Oier Araolaza<\/strong><\/h3>\n<p><\/p>\n<h4>Ezpata-dantzak eta soka-dantzak XXI. mendearen hastapenean: tradizioa, berrikuntza, generoa eta identitatea euskal dantza tradizionalean<\/h4>\n<p><\/p>\n<p>, Euskal Herriko Unibertsitatea, 2020. Cum Laude<\/p>\n<p><\/p>\n<ul>\n<li>\n<p>Leire Ituarte eta Nerea Arestik zuzendua<\/p>\n<\/li>\n<\/ul>\n<p>[\/et_pb_text][\/et_pb_column][et_pb_column type=&#8221;1_2&#8243; _builder_version=&#8221;4.16&#8243; custom_padding=&#8221;|||&#8221; global_colors_info=&#8221;{}&#8221; custom_padding__hover=&#8221;|||&#8221;][et_pb_text _builder_version=&#8221;4.16&#8243; header_font=&#8221;||||||||&#8221; header_3_font_size=&#8221;18px&#8221; header_4_font=&#8221;Ubuntu||||||||&#8221; header_4_text_color=&#8221;#ab398e&#8221; header_4_line_height=&#8221;1.6em&#8221; header_5_font=&#8221;Lato||on||||||&#8221; header_5_font_size=&#8221;14px&#8221; header_5_line_height=&#8221;1.8em&#8221; background_color=&#8221;#ffffff&#8221; custom_margin=&#8221;||||false|false&#8221; custom_padding=&#8221;30px|30px|30px|30px|false|false&#8221; box_shadow_style=&#8221;preset3&#8243; box_shadow_blur=&#8221;10px&#8221; global_colors_info=&#8221;{}&#8221;]<\/p>\n<h3><strong>Eider de Dios Fern\u00e1ndez<\/strong><\/h3>\n<p><\/p>\n<h4>Sirvienta, empleada, trabajadora de hogar. Clase e identidad a trav\u00e9s del servicio dom\u00e9stico en el Gran Bilbao (1939- 1985)<\/h4>\n<p>Euskal Herriko Unobertsitatea, 2016<\/p>\n<ul>\n<li>Zuzendariak: Miren Llona eta Mercedes Arbaiza.<\/li>\n<\/ul>\n<p>XXVII. VICTORIA KENT SARIA. M\u00e1lagako Unibertsitatea. 2016.<br \/>IX. MIGUEL ARTOLA SARIA, Historia Garaikidearen Elkartea, 2016[\/et_pb_text][\/et_pb_column][\/et_pb_row][et_pb_row column_structure=&#8221;1_2,1_2&#8243; _builder_version=&#8221;4.16&#8243; custom_padding=&#8221;||10px||false|false&#8221; global_colors_info=&#8221;{}&#8221;][et_pb_column type=&#8221;1_2&#8243; _builder_version=&#8221;4.16&#8243; custom_padding=&#8221;|||&#8221; global_colors_info=&#8221;{}&#8221; custom_padding__hover=&#8221;|||&#8221;][et_pb_text _builder_version=&#8221;4.16&#8243; header_font=&#8221;||||||||&#8221; header_3_font_size=&#8221;18px&#8221; header_4_font=&#8221;Ubuntu||||||||&#8221; header_4_text_color=&#8221;#ab398e&#8221; header_4_line_height=&#8221;1.6em&#8221; header_5_font=&#8221;Lato||on||||||&#8221; header_5_font_size=&#8221;14px&#8221; header_5_line_height=&#8221;1.8em&#8221; background_color=&#8221;#ffffff&#8221; custom_margin=&#8221;||||false|false&#8221; custom_padding=&#8221;30px|30px|30px|30px|false|false&#8221; box_shadow_style=&#8221;preset3&#8243; box_shadow_blur=&#8221;10px&#8221; global_colors_info=&#8221;{}&#8221;]<\/p>\n<h3><strong>David Beorlegui\u00a0<\/strong><\/h3>\n<p><\/p>\n<h4>La experiencia del desencanto en el Pa\u00eds Vasco (1976 \u2013 86). Memoria, subjetividad y utop\u00eda<\/h4>\n<p>Euskal Herriko Unobertsitatea 2016<\/p>\n<ul>\n<li>Zuzendariak: Jos\u00e9 Javier D\u00edaz Freire eta Miren Llona<\/li>\n<\/ul>\n<p>IX. MIGUEL ARTOLA SARIAREN BIGARREN ACCESITA[\/et_pb_text][\/et_pb_column][et_pb_column type=&#8221;1_2&#8243; _builder_version=&#8221;4.16&#8243; custom_padding=&#8221;|||&#8221; global_colors_info=&#8221;{}&#8221; custom_padding__hover=&#8221;|||&#8221;][et_pb_text _builder_version=&#8221;4.16&#8243; header_font=&#8221;||||||||&#8221; header_3_font_size=&#8221;18px&#8221; header_4_font=&#8221;Ubuntu||||||||&#8221; header_4_text_color=&#8221;#ab398e&#8221; header_4_line_height=&#8221;1.8em&#8221; header_5_font=&#8221;Lato||on||||||&#8221; header_5_font_size=&#8221;14px&#8221; header_5_line_height=&#8221;1.8em&#8221; background_color=&#8221;#ffffff&#8221; custom_margin=&#8221;||||false|false&#8221; custom_padding=&#8221;30px|30px|30px|30px|false|false&#8221; box_shadow_style=&#8221;preset3&#8243; box_shadow_blur=&#8221;10px&#8221; global_colors_info=&#8221;{}&#8221;]<\/p>\n<h3><strong>Alejandra Ibarra Aguirregabiria<\/strong><\/h3>\n<p><\/p>\n<h4>La construcci\u00f3n de las heterodoxias. Catolicismo liberal y krausismo en Espa\u00f1a (1851-1898)<\/h4>\n<p>Euskal Herriko Unobertsitatea 2015<\/p>\n<ul>\n<li>Zuzendariak: Jos\u00e9 Javier D\u00edaz Freire eta Miren Llona<\/li>\n<\/ul>\n<p>[\/et_pb_text][\/et_pb_column][\/et_pb_row][et_pb_row column_structure=&#8221;1_2,1_2&#8243; _builder_version=&#8221;4.16&#8243; custom_padding=&#8221;||10px||false|false&#8221; global_colors_info=&#8221;{}&#8221;][et_pb_column type=&#8221;1_2&#8243; _builder_version=&#8221;4.16&#8243; custom_padding=&#8221;|||&#8221; global_colors_info=&#8221;{}&#8221; custom_padding__hover=&#8221;|||&#8221;][et_pb_text _builder_version=&#8221;4.16&#8243; header_font=&#8221;||||||||&#8221; header_3_font_size=&#8221;18px&#8221; header_4_font=&#8221;Ubuntu||||||||&#8221; header_4_text_color=&#8221;#ab398e&#8221; header_4_line_height=&#8221;1.6em&#8221; header_5_font=&#8221;Lato||on||||||&#8221; header_5_font_size=&#8221;14px&#8221; header_5_line_height=&#8221;1.8em&#8221; background_color=&#8221;#ffffff&#8221; custom_margin=&#8221;||||false|false&#8221; custom_padding=&#8221;30px|30px|30px|30px|false|false&#8221; box_shadow_style=&#8221;preset3&#8243; box_shadow_blur=&#8221;10px&#8221; global_colors_info=&#8221;{}&#8221;]<\/p>\n<h3><strong>Nerea Barjola<\/strong><\/h3>\n<p><\/p>\n<h4>Las representaciones del peligro sexual y su influencia en las pr\u00e1cticas de las mujeres a partir del estudio de las ni\u00f1as de Alc\u00e0sser. 1992<\/h4>\n<p><\/p>\n<p>Euskal Herriko Unobertsitatea 2014<\/p>\n<p><\/p>\n<ul>\n<li>Zuzendaria: Miren Llona.<\/li>\n<\/ul>\n<p>[\/et_pb_text][\/et_pb_column][et_pb_column type=&#8221;1_2&#8243; _builder_version=&#8221;4.16&#8243; custom_padding=&#8221;|||&#8221; global_colors_info=&#8221;{}&#8221; custom_padding__hover=&#8221;|||&#8221;][et_pb_text _builder_version=&#8221;4.16&#8243; header_font=&#8221;||||||||&#8221; header_3_font_size=&#8221;18px&#8221; header_4_font=&#8221;Ubuntu||||||||&#8221; header_4_text_color=&#8221;#ab398e&#8221; header_4_line_height=&#8221;1.8em&#8221; header_5_font=&#8221;Lato||on||||||&#8221; header_5_font_size=&#8221;14px&#8221; header_5_line_height=&#8221;1.8em&#8221; background_color=&#8221;#ffffff&#8221; custom_margin=&#8221;||||false|false&#8221; custom_padding=&#8221;30px|30px|30px|30px|false|false&#8221; box_shadow_style=&#8221;preset3&#8243; box_shadow_blur=&#8221;10px&#8221; global_colors_info=&#8221;{}&#8221;]<\/p>\n<h3><strong>Aritza S\u00e1enz del Castillo Velasco<\/strong><\/h3>\n<p><\/p>\n<h4>La participaci\u00f3n laboral de las mujeres en el mercado laboral vitoriano (1950-1975)<\/h4>\n<p><\/p>\n<p>Euskal Herriko Unibertsitatea, 2013.<\/p>\n<p><\/p>\n<ul>\n<li>Zuzendaria: Pilar P\u00e9rez Fuentes.<\/li>\n<\/ul>\n<p><\/p>\n<p>MICAELA PORTILLA SARIA Euskal Herriko Unibertsitatean ikasketa feministei edo generoko ikasketei buruz egindako tesirik onenari.<\/p>\n<p>[\/et_pb_text][\/et_pb_column][\/et_pb_row][et_pb_row column_structure=&#8221;1_2,1_2&#8243; _builder_version=&#8221;4.16&#8243; custom_padding=&#8221;|||10px|false|false&#8221; global_colors_info=&#8221;{}&#8221;][et_pb_column type=&#8221;1_2&#8243; _builder_version=&#8221;4.16&#8243; custom_padding=&#8221;|||&#8221; global_colors_info=&#8221;{}&#8221; custom_padding__hover=&#8221;|||&#8221;][et_pb_text _builder_version=&#8221;4.16&#8243; header_font=&#8221;||||||||&#8221; header_3_font_size=&#8221;18px&#8221; header_4_font=&#8221;Ubuntu||||||||&#8221; header_4_text_color=&#8221;#ab398e&#8221; header_4_line_height=&#8221;1.6em&#8221; header_5_font=&#8221;Lato||on||||||&#8221; header_5_font_size=&#8221;14px&#8221; header_5_line_height=&#8221;1.8em&#8221; background_color=&#8221;#ffffff&#8221; custom_margin=&#8221;||||false|false&#8221; custom_padding=&#8221;30px|30px|30px|30px|false|false&#8221; box_shadow_style=&#8221;preset3&#8243; box_shadow_blur=&#8221;10px&#8221; global_colors_info=&#8221;{}&#8221;]<\/p>\n<h3><strong>Aintzane Rinc\u00f3n D\u00edez<\/strong><\/h3>\n<p><\/p>\n<h4>Representaciones de g\u00e9nero en el cine espa\u00f1ol (1936-1982): Figuras y fisuras<\/h4>\n<p><\/p>\n<p>Euskal Herriko Unibertsitatea, 2012<\/p>\n<p><\/p>\n<ul>\n<li>Zuzendaria: Nerea Aresti.<\/li>\n<\/ul>\n<p><\/p>\n<p>PREMIO MIGUEL ARTOLA, Asociaci\u00f3n de Historia Contempor\u00e1nea, 2013. PREMIO JUANA DE VEGA, de Formaci\u00f3n e Investigaci\u00f3n Hist\u00f3rica, 2013, Universidade de Santiago de Compostela.<\/p>\n<p>[\/et_pb_text][\/et_pb_column][et_pb_column type=&#8221;1_2&#8243; _builder_version=&#8221;4.16&#8243; custom_padding=&#8221;|||&#8221; global_colors_info=&#8221;{}&#8221; custom_padding__hover=&#8221;|||&#8221;][et_pb_text _builder_version=&#8221;4.16&#8243; header_font=&#8221;||||||||&#8221; header_3_font_size=&#8221;18px&#8221; header_4_font=&#8221;Ubuntu||||||||&#8221; header_4_text_color=&#8221;#ab398e&#8221; header_4_line_height=&#8221;1.8em&#8221; header_5_font=&#8221;Lato||on||||||&#8221; header_5_font_size=&#8221;14px&#8221; header_5_line_height=&#8221;1.8em&#8221; background_color=&#8221;#ffffff&#8221; custom_margin=&#8221;||||false|false&#8221; custom_padding=&#8221;30px|30px|30px|30px|false|false&#8221; box_shadow_style=&#8221;preset3&#8243; box_shadow_blur=&#8221;10px&#8221; global_colors_info=&#8221;{}&#8221;]<\/p>\n<h3><strong>Lu\u00eds Ocio<\/strong><\/h3>\n<p><\/p>\n<h4>La configuraci\u00f3n del nacionalismo espa\u00f1ol. El caso de Ramiro de Maeztu: neotradicionalismo, monarqu\u00eda militar, espiritualismo e hispanidad.<\/h4>\n<p><\/p>\n<p>Euskal Herriko Unibertsitatea, 2007<\/p>\n<p><\/p>\n<ul>\n<li>Zuzendaria: Jos\u00e9 Javier D\u00edaz Freire.<\/li>\n<\/ul>\n<p>[\/et_pb_text][\/et_pb_column][\/et_pb_row][et_pb_row column_structure=&#8221;1_2,1_2&#8243; _builder_version=&#8221;4.16&#8243; custom_padding=&#8221;|||10px|false|false&#8221; global_colors_info=&#8221;{}&#8221;][et_pb_column type=&#8221;1_2&#8243; _builder_version=&#8221;4.16&#8243; custom_padding=&#8221;|||&#8221; global_colors_info=&#8221;{}&#8221; custom_padding__hover=&#8221;|||&#8221;][et_pb_text _builder_version=&#8221;4.16&#8243; header_font=&#8221;||||||||&#8221; header_3_font_size=&#8221;18px&#8221; header_4_font=&#8221;Ubuntu||||||||&#8221; header_4_text_color=&#8221;#ab398e&#8221; header_4_line_height=&#8221;1.6em&#8221; header_5_font=&#8221;Lato||on||||||&#8221; header_5_font_size=&#8221;14px&#8221; header_5_line_height=&#8221;1.8em&#8221; background_color=&#8221;#ffffff&#8221; custom_margin=&#8221;||||false|false&#8221; custom_padding=&#8221;30px|30px|30px|30px|false|false&#8221; box_shadow_style=&#8221;preset3&#8243; box_shadow_blur=&#8221;10px&#8221; global_colors_info=&#8221;{}&#8221;]<\/p>\n<h3><strong>Miren Llona<\/strong><\/h3>\n<p><\/p>\n<h4>Las mujeres de las clases medias bilba\u00ednas. Los cambios de la identidad femenina durante los a\u00f1os veinte y treinta a trav\u00e9s de la historia oral<\/h4>\n<p><\/p>\n<p>Euskal Herriko Unibertsitatea, 2000.<\/p>\n<p><\/p>\n<ul>\n<li>Zuzendaria: Jos\u00e9 Javier D\u00edaz Freire.<\/li>\n<\/ul>\n<p><\/p>\n<p>XII PREMIO VICTORIA KENT. Universidad de M\u00e1laga. 2001.<\/p>\n<p>[\/et_pb_text][\/et_pb_column][et_pb_column type=&#8221;1_2&#8243; _builder_version=&#8221;4.16&#8243; custom_padding=&#8221;|||&#8221; global_colors_info=&#8221;{}&#8221; custom_padding__hover=&#8221;|||&#8221;][\/et_pb_column][\/et_pb_row][\/et_pb_section]<\/p>\n","protected":false},"excerpt":{"rendered":"<p>Defendatutako doktoretza tesiakElia Blanco Rodr\u00edguezEl duelo y la masculinidad respetable en Espa\u00f1a y Cuba. Una cuesti\u00f3n de honor (siglos XIX y XX).\u00a0Euskal Herriko Unibertsitatea, 2024Nazioarteko tesia Cum Laude Nerea Arestik zuzendua\u00a0 Tatiana Salazar CortezEl feminismo y las izquierdas en el Ecuador. Experiencias e identidades, 1968-1990Euskal Herriko Unibertsitatea, 2024Nazioarteko tesia Cum Laude Nerea Aresti eta Emmanuelle [&hellip;]<\/p>\n","protected":false},"author":1,"featured_media":0,"parent":6296,"menu_order":0,"comment_status":"closed","ping_status":"closed","template":"","meta":{"_et_pb_use_builder":"on","_et_pb_old_content":"","_et_gb_content_width":"","footnotes":""},"class_list":["post-6479","page","type-page","status-publish","hentry"],"_links":{"self":[{"href":"https:\/\/experienciamoderna.com\/eu\/wp-json\/wp\/v2\/pages\/6479","targetHints":{"allow":["GET"]}}],"collection":[{"href":"https:\/\/experienciamoderna.com\/eu\/wp-json\/wp\/v2\/pages"}],"about":[{"href":"https:\/\/experienciamoderna.com\/eu\/wp-json\/wp\/v2\/types\/page"}],"author":[{"embeddable":true,"href":"https:\/\/experienciamoderna.com\/eu\/wp-json\/wp\/v2\/users\/1"}],"replies":[{"embeddable":true,"href":"https:\/\/experienciamoderna.com\/eu\/wp-json\/wp\/v2\/comments?post=6479"}],"version-history":[{"count":14,"href":"https:\/\/experienciamoderna.com\/eu\/wp-json\/wp\/v2\/pages\/6479\/revisions"}],"predecessor-version":[{"id":11692,"href":"https:\/\/experienciamoderna.com\/eu\/wp-json\/wp\/v2\/pages\/6479\/revisions\/11692"}],"up":[{"embeddable":true,"href":"https:\/\/experienciamoderna.com\/eu\/wp-json\/wp\/v2\/pages\/6296"}],"wp:attachment":[{"href":"https:\/\/experienciamoderna.com\/eu\/wp-json\/wp\/v2\/media?parent=6479"}],"curies":[{"name":"wp","href":"https:\/\/api.w.org\/{rel}","templated":true}]}}