{"id":6603,"date":"2020-06-16T11:49:45","date_gmt":"2020-06-16T09:49:45","guid":{"rendered":"https:\/\/experienciamoderna.com\/nor-gara\/laura-cruz-chamizo\/"},"modified":"2023-02-20T17:54:24","modified_gmt":"2023-02-20T16:54:24","slug":"laura-cruz-chamizo","status":"publish","type":"page","link":"https:\/\/experienciamoderna.com\/eu\/nor-gara\/laura-cruz-chamizo\/","title":{"rendered":"Laura Cruz Chamizo"},"content":{"rendered":"<p>[et_pb_section fb_built=&#8221;1&#8243; _builder_version=&#8221;4.16&#8243; global_colors_info=&#8221;{}&#8221;][et_pb_row _builder_version=&#8221;4.16&#8243; global_colors_info=&#8221;{}&#8221;][et_pb_column type=&#8221;4_4&#8243; _builder_version=&#8221;4.16&#8243; global_colors_info=&#8221;{}&#8221;][et_pb_text _builder_version=&#8221;4.16&#8243; global_colors_info=&#8221;{}&#8221;]<\/p>\n<h1>Laura Cruz Chamizo<\/h1>\n<p>[\/et_pb_text][et_pb_text _builder_version=&#8221;4.20.0&#8243; hover_enabled=&#8221;0&#8243; global_colors_info=&#8221;{}&#8221; sticky_enabled=&#8221;0&#8243;]<\/p>\n<p><img loading=\"lazy\" decoding=\"async\" class=\"wp-image-1592 size-full alignleft\" src=\"https:\/\/experienciamoderna.com\/wp-content\/uploads\/2020\/03\/LauraCC1.jpg\" alt=\"\" width=\"165\" height=\"180\" \/>Historian lizentziatu nintzen Deustuko Unibertsitatean 2012an, aurreko ikasturtean Manchesterreko Unibertsitatean ikasteko Erasmus beka bat eskuratu ondoren. Ikasketak amaitzean, Historia Garaikideko Unibertsitatearteko Masterrarekin espezializatu nintzen, eta zenbait ikasgai egin nituen bai UPV\/EHUn bai Madrilgo Unibertsitate Konplutensean. Egun, nire doktoratu aurreko ikerketan murgildua nago UPV\/EHUko Historia Garaikideko Doktoretza Programan Nerea Aresti Estebanen zuzendaritzapean.<\/p>\n<p>Nire ikerlanaren izenburua\u00a0<strong><u>\u201cLa figura del\/a militante en el Partido Comunista de Espa\u00f1a (PCE) durante la Transici\u00f3n (1975-1982)\u201d<\/u><\/strong> da, eta haren xede nagusia militantearen figura txertatzea kultura politikoen definizioari testuinguru jakin horren barruan. Horretarako, ezinbestekoa deritzot subjektuen subjektibitatea aintzat hartzea haiek osatzen dituzten diskurtsoak jaso, berriz bereganatu eta berriro idaztean. Bereziki interesatzen zait arreta jartzea eguneroko bizitzaren instrumentalizazioan, kultura politiko bakoitza osatzen duten diskurtsoak transmititu eta prestatzeko erabiltzen den baliabidea den aldetik. Diskurtso horiek dimentsio emozional esanguratsua dute, eta kideen artean lotura ideologikoa zein emotiboa sustatzen dute.<\/p>\n<p><strong>Honako ekarpenak egin ditut kongresuetara berriki:<\/strong><\/p>\n<ul>\n<li>\u201c\u00bfUstedes los comunistas siempre son comunistas?\u201d: Asesinato en el comit\u00e9 central (1981) y el arquetipo del buen comunista. Komunikazioa: <em>XV Congreso de la Asociaci\u00f3n de Historia Contempor\u00e1nea<\/em>, Universidad de C\u00f3rdoba, 10 de septiembre 2021\u00e7<\/li>\n<li>\u201c\u00bfNo os duele el Partido?: contradicciones y emociones militantes ante la crisis del Partido Comunista de Espa\u00f1a de 1982\u201d. Hitzaldia:<em>Jornadas &#8220;La crisis del comunismo espa\u00f1ol. 40 a\u00f1os de 1982&#8221;<\/em>, Universitat Aut\u00f3noma de Barcelona (UAB), 28 de octubre de 2022.<\/li>\n<li style=\"list-style-type: none;\">\n<p><strong>Argitalpenak<\/strong><\/p>\n<\/li>\n<li>\u201cUn silencio multitudinario: la matanza de Atocha y la contenci\u00f3n emocional comunista\u201d, <em>Ayer<\/em>, 124 (2021:4), pp. 307-329.<\/li>\n<\/ul>\n<p><a href=\"https:\/\/metaaprendizaje.academia.edu\/LauraCristinaCruzChamizo\" target=\"_blank\" rel=\"noopener noreferrer\">https:\/\/metaaprendizaje.academia.edu\/LauraCristinaCruzChamizo<\/a><\/p>\n<p><a href=\"mailto:ccruzch@gmail.com\">lccruzch@gmail.com<\/a><\/p>\n<p>[\/et_pb_text][\/et_pb_column][\/et_pb_row][\/et_pb_section]<\/p>\n","protected":false},"excerpt":{"rendered":"<p>Laura Cruz ChamizoHistorian lizentziatu nintzen Deustuko Unibertsitatean 2012an, aurreko ikasturtean Manchesterreko Unibertsitatean ikasteko Erasmus beka bat eskuratu ondoren. Ikasketak amaitzean, Historia Garaikideko Unibertsitatearteko Masterrarekin espezializatu nintzen, eta zenbait ikasgai egin nituen bai UPV\/EHUn bai Madrilgo Unibertsitate Konplutensean. Egun, nire doktoratu aurreko ikerketan murgildua nago UPV\/EHUko Historia Garaikideko Doktoretza Programan Nerea Aresti Estebanen zuzendaritzapean. Nire ikerlanaren [&hellip;]<\/p>\n","protected":false},"author":1,"featured_media":0,"parent":6299,"menu_order":0,"comment_status":"closed","ping_status":"closed","template":"","meta":{"_et_pb_use_builder":"on","_et_pb_old_content":"","_et_gb_content_width":"","footnotes":""},"class_list":["post-6603","page","type-page","status-publish","hentry"],"_links":{"self":[{"href":"https:\/\/experienciamoderna.com\/eu\/wp-json\/wp\/v2\/pages\/6603","targetHints":{"allow":["GET"]}}],"collection":[{"href":"https:\/\/experienciamoderna.com\/eu\/wp-json\/wp\/v2\/pages"}],"about":[{"href":"https:\/\/experienciamoderna.com\/eu\/wp-json\/wp\/v2\/types\/page"}],"author":[{"embeddable":true,"href":"https:\/\/experienciamoderna.com\/eu\/wp-json\/wp\/v2\/users\/1"}],"replies":[{"embeddable":true,"href":"https:\/\/experienciamoderna.com\/eu\/wp-json\/wp\/v2\/comments?post=6603"}],"version-history":[{"count":14,"href":"https:\/\/experienciamoderna.com\/eu\/wp-json\/wp\/v2\/pages\/6603\/revisions"}],"predecessor-version":[{"id":7634,"href":"https:\/\/experienciamoderna.com\/eu\/wp-json\/wp\/v2\/pages\/6603\/revisions\/7634"}],"up":[{"embeddable":true,"href":"https:\/\/experienciamoderna.com\/eu\/wp-json\/wp\/v2\/pages\/6299"}],"wp:attachment":[{"href":"https:\/\/experienciamoderna.com\/eu\/wp-json\/wp\/v2\/media?parent=6603"}],"curies":[{"name":"wp","href":"https:\/\/api.w.org\/{rel}","templated":true}]}}