{"id":6607,"date":"2020-06-16T11:59:18","date_gmt":"2020-06-16T09:59:18","guid":{"rendered":"https:\/\/experienciamoderna.com\/nor-gara\/maialen-altuna-etxeberria\/"},"modified":"2026-03-22T09:45:06","modified_gmt":"2026-03-22T08:45:06","slug":"maialen-altuna-etxeberria","status":"publish","type":"page","link":"https:\/\/experienciamoderna.com\/eu\/nor-gara\/maialen-altuna-etxeberria\/","title":{"rendered":"Maialen Altuna Etxeberria"},"content":{"rendered":"<p>[et_pb_section fb_built=&#8221;1&#8243; _builder_version=&#8221;4.16&#8243; global_colors_info=&#8221;{}&#8221;][et_pb_row _builder_version=&#8221;4.16&#8243; global_colors_info=&#8221;{}&#8221;][et_pb_column type=&#8221;4_4&#8243; _builder_version=&#8221;4.16&#8243; global_colors_info=&#8221;{}&#8221;][et_pb_text _builder_version=&#8221;4.16&#8243; global_colors_info=&#8221;{}&#8221;]<\/p>\n<h1>Maialen Altuna Etxeberria<\/h1>\n<p>[\/et_pb_text][et_pb_text _builder_version=&#8221;4.27.4&#8243; hover_enabled=&#8221;0&#8243; global_colors_info=&#8221;{}&#8221; sticky_enabled=&#8221;0&#8243;]<\/p>\n<p style=\"text-align: left;\"><img loading=\"lazy\" decoding=\"async\" class=\"wp-image-6781 size-full alignleft\" src=\"https:\/\/experienciamoderna.com\/wp-content\/uploads\/2020\/06\/Maialen-Altuna_p.jpg\" alt=\"\" width=\"165\" height=\"180\" \/>Nire ibilbide akademikoa historia, antropologia eta ikasketa feminista eta generokoen bidegurutzean kokatzen da. Historiako ikasketekin hasi ostean, Gizarte eta Kultur Antropologiako lizentziatura eta Ikasketa Feministak eta Generokoak masterra eskuratu nituen, guztiak Euskal Herriko Unibertsitatean (EHU).<\/p>\n<p><\/p>\n<p style=\"text-align: left;\">2024an doktore titulua lortu nuen\u00a0<i>AHOA. Ahozko Historiaren Artxiboarekin<\/i>\u00a0lankidetzan egindako tesi batekin; bertan, frankismo garaiko errepresioaren eta genero-erresistentzien dimentsio emozionalak eta gorputz-dimentsioak aztertu nituen. Lan honek EHUko Micaela Portilla Saria jaso zuen. Era berean, tesiak Nazioarteko Aipamena jaso zuen Buenos Aireseko Unibertsitateko Genero Ikasketen Diziplinarteko Institutuan egindako hiru hilabeteko egonaldiari esker.<\/p>\n<p><\/p>\n<p style=\"text-align: left;\">2013az geroztik Experiencia Moderna ikerketa-taldeko kidea naiz (Historia Garaikidea Saila, EHU), eta 2018. urtetik irakaskuntzan nabil hainbat gradutan (Gizarte Antropologia, Filosofia, Gizarte Lana, Lan Harremanak eta Giza Baliabideak, Kazetaritza eta Publizitatea), baita Ikasketa Feministak eta Genero Ikasketak masterrean ere. 2025ean UNIBASQen Irakasle Agregatuaren akreditazioa lortu nuen.<\/p>\n<p><\/p>\n<div class=\"v1elementToProof\">Nire ikerketa-jarduera unibertsitateaz kanpo ere garatu da, bi ikerketa-beka lehiakor jasota: Tolosako Udalaren Emakumeek Tolosako historian egindako ekarpenari buruzko II. Ikerketa Beka (2010-2012) eta Irungo Udalaren Julia Iruretagoyena II. Beka (2025-2027).<\/div>\n<p><\/p>\n<div class=\"v1elementToProof\">Hainbat elkarte akademikotako kidea ere banaiz, besteak beste AHOA, Ankulegi eta AEIHM, baita nazioarteko ikerketa-sareetako kide ere, hala nola RIHO eta RENISCE sareak.<\/div>\n<p><\/p>\n<div>\u00a0<\/div>\n<p><\/p>\n<div class=\"v1elementToProof\"><b>Argitalpen nagusiak:<\/b><\/div>\n<p><\/p>\n<div class=\"v1elementToProof\">-&#8220;<u><a id=\"v1OWA633cf816-c3fb-4ad6-58bf-aa03f5259b53\" class=\"v1OWAAutoLink\" href=\"https:\/\/www.barandiaranfundazioa.eus\/files\/galeria\/files\/0059201231.pdf\" target=\"_blank\" rel=\"noopener noreferrer\">Eliz-sartzea errituaren berrirakurketa. Eliz-gizonen azalpenetatik emakumeen bizipenetara<\/a><\/u>&#8220;.\u00a0<i>Eusko folklore urtekaria<\/i>, n\u00ba 5, 2025, 201-231.<\/div>\n<p><\/p>\n<div class=\"v1elementToProof\">-&#8220;<u><a id=\"v1OWA82c57d7b-1227-d437-a604-f8c7955b6fc7\" class=\"v1OWAAutoLink\" href=\"https:\/\/dialnet.unirioja.es\/descarga\/articulo\/9847314.pdf\" target=\"_blank\" rel=\"noopener noreferrer\">Bizitza-istorioak. Subjektibitatearen analisia ikerketaren erdigunean<\/a><\/u>&#8220;.\u00a0<i>Ger\u00f3nimo de Uztariz<\/i>, n\u00ba 38, 2024, 123-146.<\/div>\n<p><\/p>\n<div class=\"v1elementToProof\">&#8211;\u00a0Miren Llona-rekin &#8220;<u><a id=\"v1OWAe5b41e63-b9a9-2234-c550-f488779528d4\" class=\"v1OWAAutoLink\" href=\"https:\/\/revistes.uab.cat\/rubrica\/article\/view\/v10-n19-altuna\/225-pdf-es\" target=\"_blank\" rel=\"noopener noreferrer\">Privilegios, fisuras y disidencias corporales: subjetividades femeninas de resistencia en el franquismo<\/a><\/u>&#8220;.\u00a0<i>Ayer. Revista de Historia Contempor\u00e1nea<\/i>, 126 (2), 2022, 23-48.<\/div>\n<p><\/p>\n<div class=\"v1elementToProof\">-&#8220;<u><a id=\"v1OWAc52f9373-cdd2-b452-b11e-15dd14e460f6\" class=\"v1OWAAutoLink\" href=\"https:\/\/revistes.uab.cat\/rubrica\/article\/view\/v10-n19-altuna\/225-pdf-es\" target=\"_blank\" rel=\"noopener noreferrer\">Los rituales del espacio p\u00fablico en la configuraci\u00f3n del r\u00e9gimen franquista. Estudio del Congreso Eucar\u00edstico de Bilbao, 1944<\/a><\/u>&#8220;,\u00a0<i>Rubrica Contemporanea<\/i>, vol. 10, n\u00ba19, 2021, 103-125.<\/div>\n<p><\/p>\n<div class=\"v1elementToProof\">-&#8220;Represi\u00f3n cultural, g\u00e9nero y control social en el primer franquismo. Los bailes juveniles&#8221; in Esteban, Mari Luz y Hern\u00e1ndez, Jone Miren (coord.),\u00a0<i>Etnograf\u00edas feministas. Una mirada al siglo XXI desde la antropolog\u00eda vasca<\/i>, Edicions Bellaterra: Barcelona, 2018, 41-60.<\/div>\n<p><\/p>\n<div class=\"v1elementToProof\">-\u00ab<u><a id=\"v1OWAc8aa2d31-807f-60e2-b1b4-edc65ab5eb75\" class=\"v1OWAAutoLink\" href=\"https:\/\/www.ueu.eus\/denda\/ikusi\/etnografia_feministak_euskal_herrian__xxi__mendera_begira_dagoen_antropologia\" target=\"_blank\" rel=\"noopener noreferrer\">Emozioen erabilera genero-sistemaren inposaketan. Frankismoko dantzaldien kasua<\/a><\/u>\u00bb in Esteban, Mari Luz y Hernandez, Jone Miren (coord.),\u00a0<i>Etnografia Feministak Euskal Herrian. XXI. Mendera begira dagoen antropologia<\/i>, Bilbo: UEU-UPV\/EHU, 2016, 65-80.<\/div>\n<p><\/p>\n<div class=\"v1elementToProof\"><u><a id=\"v1OWA60d3dfe2-3967-61c0-ae62-4af0661c5914\" class=\"v1OWAAutoLink\" href=\"mailto:maialen.altuna@ehu.eus\" rel=\"noreferrer\">maialen.altuna@ehu.eus<\/a><\/u><\/div>\n<p><\/p>\n<div class=\"v1elementToProof\"><u><a id=\"v1OWA782c5741-2c74-93fc-7e4d-a49340aa45da\" class=\"v1OWAAutoLink\" href=\"https:\/\/orcid.org\/0000-0003-0393-7985\" target=\"_blank\" rel=\"noopener noreferrer\">ORCID<\/a><\/u><\/div>\n<p><\/p>\n<div class=\"v1elementToProof\"><u><a id=\"v1OWAbb720467-d401-95b2-ac01-a5db957223aa\" class=\"v1OWAAutoLink\" href=\"https:\/\/ekoizpen-zientifikoa.ehu.eus\/investigadores\/125953\/detalle?lang=eu\" target=\"_blank\" rel=\"noopener noreferrer\">EKOIZPEN ZIENTIFIKOA<\/a><\/u><\/div>\n<p><\/p>\n<div class=\"v1elementToProof\"><u><a id=\"v1OWA7bb6e698-3c31-dd42-650c-22b97a56464b\" class=\"v1OWAAutoLink\" href=\"https:\/\/dialnet.unirioja.es\/servlet\/autor?codigo=5138233\" target=\"_blank\" rel=\"noopener noreferrer\">DIALNET<\/a><\/u><\/div>\n<p><\/p>\n<p>&nbsp;<\/p>\n<p>[\/et_pb_text][\/et_pb_column][\/et_pb_row][\/et_pb_section]<\/p>\n","protected":false},"excerpt":{"rendered":"<p>Maialen Altuna EtxeberriaNire ibilbide akademikoa historia, antropologia eta ikasketa feminista eta generokoen bidegurutzean kokatzen da. Historiako ikasketekin hasi ostean, Gizarte eta Kultur Antropologiako lizentziatura eta Ikasketa Feministak eta Generokoak masterra eskuratu nituen, guztiak Euskal Herriko Unibertsitatean (EHU).2024an doktore titulua lortu nuen\u00a0AHOA. Ahozko Historiaren Artxiboarekin\u00a0lankidetzan egindako tesi batekin; bertan, frankismo garaiko errepresioaren eta genero-erresistentzien dimentsio emozionalak [&hellip;]<\/p>\n","protected":false},"author":1,"featured_media":0,"parent":6299,"menu_order":0,"comment_status":"closed","ping_status":"closed","template":"","meta":{"_et_pb_use_builder":"on","_et_pb_old_content":"","_et_gb_content_width":"","footnotes":""},"class_list":["post-6607","page","type-page","status-publish","hentry"],"_links":{"self":[{"href":"https:\/\/experienciamoderna.com\/eu\/wp-json\/wp\/v2\/pages\/6607","targetHints":{"allow":["GET"]}}],"collection":[{"href":"https:\/\/experienciamoderna.com\/eu\/wp-json\/wp\/v2\/pages"}],"about":[{"href":"https:\/\/experienciamoderna.com\/eu\/wp-json\/wp\/v2\/types\/page"}],"author":[{"embeddable":true,"href":"https:\/\/experienciamoderna.com\/eu\/wp-json\/wp\/v2\/users\/1"}],"replies":[{"embeddable":true,"href":"https:\/\/experienciamoderna.com\/eu\/wp-json\/wp\/v2\/comments?post=6607"}],"version-history":[{"count":24,"href":"https:\/\/experienciamoderna.com\/eu\/wp-json\/wp\/v2\/pages\/6607\/revisions"}],"predecessor-version":[{"id":11690,"href":"https:\/\/experienciamoderna.com\/eu\/wp-json\/wp\/v2\/pages\/6607\/revisions\/11690"}],"up":[{"embeddable":true,"href":"https:\/\/experienciamoderna.com\/eu\/wp-json\/wp\/v2\/pages\/6299"}],"wp:attachment":[{"href":"https:\/\/experienciamoderna.com\/eu\/wp-json\/wp\/v2\/media?parent=6607"}],"curies":[{"name":"wp","href":"https:\/\/api.w.org\/{rel}","templated":true}]}}