{"id":6609,"date":"2020-06-16T12:04:45","date_gmt":"2020-06-16T10:04:45","guid":{"rendered":"https:\/\/experienciamoderna.com\/nor-gara\/maialen-aranguren\/"},"modified":"2020-06-16T12:05:17","modified_gmt":"2020-06-16T10:05:17","slug":"maialen-aranguren","status":"publish","type":"page","link":"https:\/\/experienciamoderna.com\/eu\/nor-gara\/maialen-aranguren\/","title":{"rendered":"Maialen Aranguren"},"content":{"rendered":"<p>[et_pb_section fb_built=&#8221;1&#8243; _builder_version=&#8221;4.3.4&#8243;][et_pb_row _builder_version=&#8221;4.3.4&#8243;][et_pb_column type=&#8221;4_4&#8243; _builder_version=&#8221;4.3.4&#8243;][et_pb_text content_tablet=&#8221;&#8221; content_phone=&#8221;&#8221; content_last_edited=&#8221;on|desktop&#8221; _builder_version=&#8221;4.4.6&#8243; header_text_align=&#8221;left&#8221; header_text_align_tablet=&#8221;&#8221; header_text_align_phone=&#8221;center&#8221; header_text_align_last_edited=&#8221;on|phone&#8221; header_font_size_tablet=&#8221;&#8221; header_font_size_phone=&#8221;26px&#8221; header_font_size_last_edited=&#8221;on|desktop&#8221;]<\/p>\n<h1>Maialen Aranguren<\/h1>\n<p>[\/et_pb_text][et_pb_text _builder_version=&#8221;4.4.6&#8243;]<img loading=\"lazy\" decoding=\"async\" class=\"wp-image-1617 size-full alignleft\" src=\"https:\/\/experienciamoderna.com\/wp-content\/uploads\/2020\/03\/Maialen-Aranguren1.jpg\" alt=\"\" width=\"165\" height=\"180\" \/>Licenciada en Historia por la UPV\/EHU. Ha cursado los estudios del M\u00e1ster Interuniversitario de Historia Contempor\u00e1nea en la UPV\/EHU y en la UCM y del M\u00e1ster Universitario en Formaci\u00f3n del Profesorado de Educaci\u00f3n Secundaria Obligatoria y Bachillerato, Formaci\u00f3n Profesional y Ense\u00f1anzas de Idiomas en la UPV\/EHU.<\/p>\n<p>Gaur egun UPV\/EHUko prestakuntza bidean dagoen doktoratu aurreko ikertzailea da (PBI kontratua). Horrela bada, bere doktoretza-tesiaren proiektua garatzen ari da, \u201cLa anatom\u00eda pol\u00edtica del cuerpo feminista. El movimiento aut\u00f3nomo de mujeres en el Pa\u00eds Vasco (1975-1994)\u201d izena duena. Mercedes Arbaizak eta Nerea Arestik zuzentzen duten lan horren ardatza da Euskal Herrian Trantsizioko mugimendu feministaren konfigurazioa eta kontsolidazioa aztertzea. Halaber, genero-diskurtsoak eta -harremanak kontuan hartzen dituen ikuspegi batetik, subjektu politiko berri bat, feministak, sortzea eta ondoren garatzea ahalbidetu zuten egoerak aztertu nahi ditu.<br \/>\nBere ikerketa-proiektuaren zenbait alderdi sakontze aldera, egonaldi bat egin zuen 2016ko lehenengo hiruhilekoan la University of Californian, San Diegon (AEB) Visiting Graduate Student gisa, Pamela Radcliff historialariaren gidaritzapean. Horrez gain, egonaldi horretan aipatu unibertsitateko Center for Iberian and Latin American Studies (CILAS) zentroarekin harremanetan egon zen.<br \/>\nBere ikerketaren lehenengo emaitzak aurkeztu ditu zenbait kongresu eta mintegitan. Honatx aipagarrienak:<br \/>\nKomunikazioa: \u201cLa liberaci\u00f3n sexual de las mujeres. Una aproximaci\u00f3n desde el movimiento feminista y los grupos de lesbianas feminista de Euskadi en la Transici\u00f3n\u201d, Kongresua: Las otras protagonistas de la Transici\u00f3n: Izquierda Radical y Movilizaciones Sociales (Madril, 2017ko otsailak 24-25)<\/p>\n<p>Txostena: \u201cFrom woman to women. The Construction of the Basque Feminist Subject (1975-1994)\u201d, Center for Iberian and Latin American Studies zentroak gonbidatua (San Diego (California), 2016ko apirilak 7).<br \/>\nKomunikazioa: \u201cThe Construction of the Feminist Subject. The Case of The Autonomous Basque Feminist Movement (1975-1994)\u201d, 47th Annual Meeting of the Association for Spanish and Portuguese Historical Studies (San Diego, 2016ko martxoak 17-20).<br \/>\nTxostena: \u201cEl sentir de las mujeres en movimiento: las I Jornadas de la Mujer de Euskadi, (Leioa, 1977)\u201d, Nazioarteko II.\u00a0Mintegia, Historia eta Emozioak. Ikuspegi Berriak (Bilbo, 2015eko ekainak 9).<\/p>\n<p>Bestalde, nazioarteko bi mintegiren batzorde antolatzaileen kide izan da.<\/p>\n<p>Nerea Arestirekin batera \u201cWomen Above All: The Autonomous Basque Feminist Movement (1973-1994)\u201d liburuaren kapituluaren idazlekidea da, hemen argitaratuko dena: Berm\u00fadez, Silvia y Johnson, Roberta (ed.), A New History of Iberian Feminism, Toronto, University of Toronto Press (prentsan). Halaber Antonio Prada eta Ana Pe\u00f1arekin batera liburu honen idazlekidea da: La Guerra Civil y el Franquismo en Zumarraga \u2013 Gerra Zibila eta Frankismoa Zumarragan, Zumarraga, Ayuntamiento de Zumarraga, 2014, Zumarragako Udalak Gipuzkoako Aldundiaren laguntzarekin deitzen duen \u201cMemoria historikoa Zumarragan\u201d beka eskuratu izanari esker idatzia.<\/p>\n<p><a href=\"http:\/\/easynet.academia.edu\/MaialenAranguren\">http:\/\/easynet.academia.edu\/MaialenAranguren<\/a><br \/>\n<a href=\"mailto:maialen_aranguren@hotmail.com\">maialen_aranguren@hotmail.com<\/a>[\/et_pb_text][\/et_pb_column][\/et_pb_row][\/et_pb_section]<\/p>\n","protected":false},"excerpt":{"rendered":"<p>Maialen ArangurenLicenciada en Historia por la UPV\/EHU. Ha cursado los estudios del M\u00e1ster Interuniversitario de Historia Contempor\u00e1nea en la UPV\/EHU y en la UCM y del M\u00e1ster Universitario en Formaci\u00f3n del Profesorado de Educaci\u00f3n Secundaria Obligatoria y Bachillerato, Formaci\u00f3n Profesional y Ense\u00f1anzas de Idiomas en la UPV\/EHU. Gaur egun UPV\/EHUko prestakuntza bidean dagoen doktoratu aurreko [&hellip;]<\/p>\n","protected":false},"author":1,"featured_media":0,"parent":6299,"menu_order":0,"comment_status":"closed","ping_status":"closed","template":"","meta":{"_et_pb_use_builder":"on","_et_pb_old_content":"","_et_gb_content_width":"","footnotes":""},"class_list":["post-6609","page","type-page","status-publish","hentry"],"_links":{"self":[{"href":"https:\/\/experienciamoderna.com\/eu\/wp-json\/wp\/v2\/pages\/6609","targetHints":{"allow":["GET"]}}],"collection":[{"href":"https:\/\/experienciamoderna.com\/eu\/wp-json\/wp\/v2\/pages"}],"about":[{"href":"https:\/\/experienciamoderna.com\/eu\/wp-json\/wp\/v2\/types\/page"}],"author":[{"embeddable":true,"href":"https:\/\/experienciamoderna.com\/eu\/wp-json\/wp\/v2\/users\/1"}],"replies":[{"embeddable":true,"href":"https:\/\/experienciamoderna.com\/eu\/wp-json\/wp\/v2\/comments?post=6609"}],"version-history":[{"count":3,"href":"https:\/\/experienciamoderna.com\/eu\/wp-json\/wp\/v2\/pages\/6609\/revisions"}],"predecessor-version":[{"id":6612,"href":"https:\/\/experienciamoderna.com\/eu\/wp-json\/wp\/v2\/pages\/6609\/revisions\/6612"}],"up":[{"embeddable":true,"href":"https:\/\/experienciamoderna.com\/eu\/wp-json\/wp\/v2\/pages\/6299"}],"wp:attachment":[{"href":"https:\/\/experienciamoderna.com\/eu\/wp-json\/wp\/v2\/media?parent=6609"}],"curies":[{"name":"wp","href":"https:\/\/api.w.org\/{rel}","templated":true}]}}