{"id":6615,"date":"2020-06-16T12:10:41","date_gmt":"2020-06-16T10:10:41","guid":{"rendered":"https:\/\/experienciamoderna.com\/nor-gara\/pilar-perez-fuentes\/"},"modified":"2024-02-07T15:29:27","modified_gmt":"2024-02-07T14:29:27","slug":"pilar-perez-fuentes","status":"publish","type":"page","link":"https:\/\/experienciamoderna.com\/eu\/nor-gara\/pilar-perez-fuentes\/","title":{"rendered":"Pilar P\u00e9rez Fuentes"},"content":{"rendered":"<p>[et_pb_section fb_built=&#8221;1&#8243; _builder_version=&#8221;4.16&#8243; global_colors_info=&#8221;{}&#8221;][et_pb_row _builder_version=&#8221;4.16&#8243; global_colors_info=&#8221;{}&#8221;][et_pb_column type=&#8221;4_4&#8243; _builder_version=&#8221;4.16&#8243; global_colors_info=&#8221;{}&#8221;][et_pb_text _builder_version=&#8221;4.16&#8243; global_colors_info=&#8221;{}&#8221;]<\/p>\n<h1>Pilar P\u00e9rez Fuentes<\/h1>\n<p>[\/et_pb_text][et_pb_text _builder_version=&#8221;4.24.0&#8243; hover_enabled=&#8221;0&#8243; global_colors_info=&#8221;{}&#8221; sticky_enabled=&#8221;0&#8243;]<\/p>\n<p><img loading=\"lazy\" decoding=\"async\" class=\"wp-image-1612 size-full alignleft\" src=\"https:\/\/experienciamoderna.com\/wp-content\/uploads\/2020\/03\/pilar-perez1.jpg\" alt=\"\" width=\"165\" height=\"180\" \/>Historialaria. Gaur egun UPV\/EHUko kolaboratzaile akademikoa da. Graduondoko ikastaroak eman ditu Georgetown University, Universidad Veracruzana eta Universidad de La Habana unibertsitateetan.<\/p>\n<p>Bere ikerketa-ibilbidearen hastapenetatik genero-ikuspegitik erreprodukzio sozialarekin lotutako kontuetan zentratu da. Eta zehazki lanean, gizarte modernoetako subjektuaren definizioan gakoa den erakundean. Emakumeek egindako lanak eta familien ongizatean egin duten ekarpenak ikerketa-lerro bat osatu dute, historia sozioekonomikoaren arloan oso emaitza berritzaileak ekarri dituena. Ikuspegi horretatik estrategia eta ekonomia familiarrak ikertzeak ere familia-barneko kontsumoan genero-arrakala aztertzera eraman du. Ikerketaren gidaria natura eta fenomeno sozial zein ekonomikoen interpretazioak oinarri dituzten kasuei buruzko kritika feminista izan da. Azpimarratu beharra dago ikertzaile nagusia izan dela \u201cLa reconstrucci\u00f3n de la actividad econ\u00f3mica femenina en el Pa\u00eds Vasco 1825-1975\u2033 izeneko I+G+b proiektuan (2010-12) eta parte hartu duela \u201cGender and Well-Being: Interaction between Work, family and Public Policies\u201d izeneko Europako proiektuan (2005-09). Argitalpenen artean, honakoak dira aipagarrienak: Ganadores de pan y amas de casa: Otra mirada sobre la industrializaci\u00f3n vasca\u00a0(2004),\u00a0Gender Inequalities Households and the Production of Well-Being in Modern Europe\u00a0(2010) (idazlekidea); \u201cTrabajo, familia e Instituciones: producci\u00f3n y distribuci\u00f3n de recursos para el bienestar. Siglos XVIII-XX\u201d (2012) (idazlekidea); \u201cTrabajo infantil y g\u00e9nero en el Pa\u00eds Vasco, 1825-1935\u201d (2013) (idazlekidea); \u201cWomen\u00b4s Economic participation in the eve of Industrialization. Bizkaia, Spain, 1825\u201d \u00a0Feminist Economics\u00a0aldizkariaren 33.\u00a0zenbakian (2014).<\/p>\n<p>Bestalde, Emakumeen Historia Ikertzeko Espainiako Elkartearen lehendakaria izan da (2008-2010) eta ekarpenak egin ditu hainbat liburu kolektibotan:\u00a0Historia de las Mujeres en Espa\u00f1a y Am\u00e9rica Latina\u00a0(2006);\u00a0Las cient\u00edficas sociales en Espa\u00f1a: una investigaci\u00f3n-acci\u00f3n\u00a0(2007).<\/p>\n<p>Gaur egun Kuban XIX. eta XX.\u00a0mendeetan nazio-, genero- eta arraza-identitateen eraikuntzan interesa du. Abiapuntua 1996. eta 2000.\u00a0urteen artean zuzendu zituen ikerketa-proiektuaren emaitzen irakurketa berri bat izan da: \u201cHogares, familias y comportamientos demogr\u00e1ficos\u201d, \u201cMatrimonio, cohabitaci\u00f3n y familia en la Cuba colonial: Color, condici\u00f3n y g\u00e9nero ante las estrategias de supervivencia y movilidad social\u201d. 1868 eta 1899 artean interpelatzen diren nazio kubatarraren errepresentazioari buruzko diskurtsoetan behatutako jarduketa sozial ezberdinen esanahiak eztabaiden funtsa osatzen du. Era horretan, arraza- eta genero-identitateak, gorputzaren eta sexualitatearen hermeneutika funtsezko tresnak dira nazioaren gorputzaren eraikuntzaren inguruko tentsio diskurtsibo eta emozionalak ulertzeko. Elite kreoleek gauzatutako proiektuak maskulinitate hegemonikoko eredu bat txertatzen du, eta hura onartzea arrazen arteko senidetasun-hitzarmenaren betebeharra da. Azken argitalpena: \u201cBody to Body with the Liberals: The Association Movement of the \u201cColoured Race\u201d in Cuba, 1878-1898\u201d, Mar\u00eda Sierrak editatutako liburu honetan: \u00a0Enemies Within: Cultural Hierarchies and Liberal Political Models In The Hispanic World\u00a0(2015).<\/p>\n<p>2023an, Burdinazko emakumeak: <strong>historia eta memoria Mujeres de hierro: historia y memoria<\/strong> erakusketaren komisarioa izan da Bizkaiko Foru Aldundiaren babesarekin. Erakusketa horren ondorioz izenburu bereko liburua argitaratu da. <a href=\"https:\/\/www.bizkaia.eus\/home2\/Archivos\/DPTO9\/Temas\/Pdf\/libro%20definitivo%20PDF%20para%20Web.pdf?hash=030077f75c9f5ad89b10296ab23a48a7\">https:\/\/www.bizkaia.eus\/home2\/Archivos\/DPTO9\/Temas\/Pdf\/libro%20definitivo%20PDF%20para%20Web.pdf?hash=030077f75c9f5ad89b10296ab23a48a7<\/a><\/p>\n<p>EMAIL<br \/><a href=\"mailto:pilar.perezfuentes@ehu.eus\">pilar.perezfuentes@ehu.eus<\/a><\/p>\n<p>[\/et_pb_text][\/et_pb_column][\/et_pb_row][\/et_pb_section]<\/p>\n","protected":false},"excerpt":{"rendered":"<p>Pilar P\u00e9rez FuentesHistorialaria. Gaur egun UPV\/EHUko kolaboratzaile akademikoa da. Graduondoko ikastaroak eman ditu Georgetown University, Universidad Veracruzana eta Universidad de La Habana unibertsitateetan. Bere ikerketa-ibilbidearen hastapenetatik genero-ikuspegitik erreprodukzio sozialarekin lotutako kontuetan zentratu da. Eta zehazki lanean, gizarte modernoetako subjektuaren definizioan gakoa den erakundean. Emakumeek egindako lanak eta familien ongizatean egin duten ekarpenak ikerketa-lerro bat osatu [&hellip;]<\/p>\n","protected":false},"author":1,"featured_media":0,"parent":6299,"menu_order":0,"comment_status":"closed","ping_status":"closed","template":"","meta":{"_et_pb_use_builder":"on","_et_pb_old_content":"","_et_gb_content_width":"","footnotes":""},"class_list":["post-6615","page","type-page","status-publish","hentry"],"_links":{"self":[{"href":"https:\/\/experienciamoderna.com\/eu\/wp-json\/wp\/v2\/pages\/6615","targetHints":{"allow":["GET"]}}],"collection":[{"href":"https:\/\/experienciamoderna.com\/eu\/wp-json\/wp\/v2\/pages"}],"about":[{"href":"https:\/\/experienciamoderna.com\/eu\/wp-json\/wp\/v2\/types\/page"}],"author":[{"embeddable":true,"href":"https:\/\/experienciamoderna.com\/eu\/wp-json\/wp\/v2\/users\/1"}],"replies":[{"embeddable":true,"href":"https:\/\/experienciamoderna.com\/eu\/wp-json\/wp\/v2\/comments?post=6615"}],"version-history":[{"count":4,"href":"https:\/\/experienciamoderna.com\/eu\/wp-json\/wp\/v2\/pages\/6615\/revisions"}],"predecessor-version":[{"id":9496,"href":"https:\/\/experienciamoderna.com\/eu\/wp-json\/wp\/v2\/pages\/6615\/revisions\/9496"}],"up":[{"embeddable":true,"href":"https:\/\/experienciamoderna.com\/eu\/wp-json\/wp\/v2\/pages\/6299"}],"wp:attachment":[{"href":"https:\/\/experienciamoderna.com\/eu\/wp-json\/wp\/v2\/media?parent=6615"}],"curies":[{"name":"wp","href":"https:\/\/api.w.org\/{rel}","templated":true}]}}