{"id":7548,"date":"2023-02-20T16:25:25","date_gmt":"2023-02-20T15:25:25","guid":{"rendered":"https:\/\/experienciamoderna.com\/nor-gara\/jesus-espinosa-gutierrez\/"},"modified":"2024-02-15T15:22:50","modified_gmt":"2024-02-15T14:22:50","slug":"jesus-espinosa-gutierrez","status":"publish","type":"page","link":"https:\/\/experienciamoderna.com\/eu\/nor-gara\/jesus-espinosa-gutierrez\/","title":{"rendered":"Jes\u00fas Espinosa Guti\u00e9rrez"},"content":{"rendered":"<p>[et_pb_section fb_built=&#8221;1&#8243; _builder_version=&#8221;4.16&#8243; global_colors_info=&#8221;{}&#8221;][et_pb_row _builder_version=&#8221;4.16&#8243; global_colors_info=&#8221;{}&#8221;][et_pb_column type=&#8221;4_4&#8243; _builder_version=&#8221;4.16&#8243; global_colors_info=&#8221;{}&#8221;][et_pb_text content_tablet=&#8221;&#8221; content_phone=&#8221;&#8221; content_last_edited=&#8221;on|desktop&#8221; _builder_version=&#8221;4.24.0&#8243; header_text_align=&#8221;left&#8221; header_text_align_tablet=&#8221;&#8221; header_text_align_phone=&#8221;center&#8221; header_text_align_last_edited=&#8221;on|phone&#8221; header_font_size_tablet=&#8221;&#8221; header_font_size_phone=&#8221;26px&#8221; header_font_size_last_edited=&#8221;on|desktop&#8221; global_colors_info=&#8221;{}&#8221;]<\/p>\n<h1>Jes\u00fas Espinosa Guti\u00e9rrez<\/h1>\n<p>[\/et_pb_text][et_pb_text _builder_version=&#8221;4.24.0&#8243; hover_enabled=&#8221;0&#8243; global_colors_info=&#8221;{}&#8221; sticky_enabled=&#8221;0&#8243;]<\/p>\n<p><img loading=\"lazy\" decoding=\"async\" class=\"alignleft wp-image-7951\" src=\"https:\/\/experienciamoderna.com\/wp-content\/uploads\/2023\/02\/Jeus_Espinosa_Experiencia_Moderna-150x150.jpg\" alt=\"\" width=\"180\" height=\"180\" \/>Jes\u00fas Espinosa Guti\u00e9rrez Cum Laude doktorea da. Kantabriako Unibertsitateak Historia Garaikideko aparteko sarirako aipamena eman zion,<strong> \u201cDel discurso al activismo: Los hombres defensores de los derechos de las mujeres en la Espa\u00f1a contempor\u00e1nea\u201d<\/strong> tesiarengatik, Mar\u00eda Jes\u00fas Gonz\u00e1lez Hern\u00e1ndez doktorearen zuzendaritzapean. Azterlan horren edukiaren zati handi bat liburu formatuan azaldu zen, eta, azkenean, \u201cHombres feministas y masculinidad en la Espa\u00f1a contempor\u00e1nea\u201d izenpean argitaratu zen C\u00e1tedra argitaletxean.<\/p>\n<p>Gaur egun, Gizarte Zientzien Historia Ekonomikoko eta Gizarte Zientzien Didaktikako irakaslea da Atlantikoko Unibertsitate Europarrean, eta, 2016az geroztik, Kantabriako Unibertsitateko Emakumeen eta Generoaren Ikasketetako \u201cIsabel Torres\u201d Diziplina arteko Ikasgelako Zuzendaritza Kontseiluko kidea da.<br \/>Doktoregoko ikasle izan zen garaian, Research Visitor gisa egon zen Ca\u00f1ada Blanch Centre for Contemporary Spanish Studies-en, London School of Economics and Political Sciences erakundean, Asturiasko Printze Saria jaso zuen Paul Preston hispanista ospetsuak zuzenduta. Era berean, doktoratu aurreko etapa horretan hainbat ikerketa-sari jaso zituen:<br \/>\u2013 Kantabriako Unibertsitateko Filosofia eta Letren Fakultateko Historia eta Geografia ikerketa-saria (2009) \u201cLas misiones pedag\u00f3gicas en Cantabria (1931-1936)\u201d ikerketarengatik.<br \/>\u2013 Concepci\u00f3n Gimeno de Flaquer Ikerketa Feministako XVI. saria, Zaragozako Unibertsitateko Emakumearen Azterlanen Ikerketa Mintegiak emana (2013ko edizioa), \u201cEntre la armon\u00eda y la emancipaci\u00f3n de la mujer: nuevas aportaciones en torno a Friedrich Krause y el Krausismo espa\u00f1ol\u201d izeneko testuagatik.<br \/>\u2013 Accesita (bigarren saria), Carmen de Burgos Dibulgazio Feministako XXIV. saria, Malagako Unibertsitateko Ikasketa Historikoen Elkarteak emana (2014ko edizioa), \u201c\u00bfPor qu\u00e9 un estudio de los hombres feministas desde perspectiva hist\u00f3rica?\u201d.<br \/>Ikerlari gisa, Espainiako historia garaikideko diskurtso feministen azterketan murgildu da, eta, zehazki, maskulinitatearen eraikuntza sozialaren pean gizonek feminismo historikoen barruan egin zituzten ekarpenen azterketan. Horri dagokionez, bere argitalpenen artean,\u00a0<strong>\u201cHombres feministas y masculinidad en la Espa\u00f1a Contempor\u00e1nea\u201d<\/strong>\u00a0liburua nabarmendu behar da, 2022an argitaratua C\u00e1tedra argitaletxearen Feminismos bilduman. Bestalde, liburuko kapitulu hauek ere aipatu behar dira:<\/p>\n<p>ESPINOSA GUTI\u00c9RREZ, Jes\u00fas,<em> \u201cDiscursos de hombres en los m\u00e1rgenes del patriarcado. Progresistas, profeministas e igualitarios en Espa\u00f1a (1868-1939)\u201d<\/em>, en CASADO MEJ\u00cdA, Rosa, FLECHA GARC\u00cdA, Consuelo, GUIL BOZAL, Ana, PADILLA-CARMONA, M\u00aa Teresa, VAZQUEZ BERM\u00daDEZ, Isabel y MART\u00cdNEZ TORRES, Mar\u00eda del Roc\u00edo, (koord.), Aportaciones a la investigaci\u00f3n sobre mujeres y g\u00e9nero: V Congreso Universitario Internacional Investigaci\u00f3n y G\u00e9nero, Sevilla, Seminario Interdisciplinar de Estudios de las Mujeres de la Universidad de Sevilla, 2015, 78-102. orr.<br \/>\u2013<em> \u201cDiscursos feministas desde la masculinidad en Espa\u00f1a: Una aproximaci\u00f3n historiogr\u00e1fica\u201d<\/em>, en CABAL TEJADA, Rub\u00e9n y GONZ\u00c1LEZ FERN\u00c1NDEZ, Ana, (coords.), Estudios socioculturales: resultados, experiencias, reflexiones, Oviedo, Asociaci\u00f3n de J\u00f3venes Investigadores en Estudios Socioculturales (AJIES), 2016, 171-182. orr.<br \/>\u2013 <em>\u201cFeminismo de hombres\u00bb en la masoner\u00eda y el librepensamiento espa\u00f1ol (1868- 1920)\u201d<\/em>, en DELGADO IDARRETA, Jos\u00e9 Miguel y POZUELO ANDR\u00c9S, Yv\u00e1n, (coords.), La masoner\u00eda hispano-lusa: De los absolutismos a las democracias, Vol. 1, Universidad de Oviedo, Centro de Estudios Hist\u00f3ricos de la masoner\u00eda espa\u00f1ola, 2017, 149-161. orr.<br \/>\u2013 <em>\u201cMiguel Romera-Navarro y la capacidad intelectual de la mujer: una refutaci\u00f3n a la ciencia androc\u00e9ntrica a princpios del siglo XX\u201d<\/em>, en SERRANO NIZA, Dolores, MART\u00cdN PALOMINO, Esther Torrado, ROBLES SANTANA, Mar\u00eda Ar\u00e1nzazu, (koord.), G\u00e9nero y conocimiento en un mundo global [tejiedo redes], Instituto Universitario de Estudios de las Mujeres (IUEM), Universidad de La Laguna, 531-538 orr.<\/p>\n<p>Azkenik, azpimarratu behar da gaur egun El desorden de g\u00e9nero en la Espa\u00f1a contempor\u00e1nea: Feminidades y masculinidades (Euskal Herriko Unibertsitateko Historia Garaikideko Saila) ikerketa-proiektuaren lantaldean sartuta dagoela.<\/p>\n<p>PROFILAK<br \/><a href=\"https:\/\/es.linkedin.com\/in\/jes%C3%BAs-espinosa-guti%C3%A9rrez-4b16243b\">https:\/\/es.linkedin.com\/in\/jes%C3%BAs-espinosa-guti%C3%A9rrez-4b16243b<\/a><br \/><a href=\"https:\/\/dialnet.unirioja.es\/servlet\/autor?codigo=3940728\">https:\/\/dialnet.unirioja.es\/servlet\/autor?codigo=3940728<\/a><\/p>\n<p>EMAIL<br \/><a href=\"mailto:jesus.espinosa@uneatlantico.es\">jesus.espinosa@uneatlantico.es<\/a><\/p>\n<p>&nbsp;<\/p>\n<p>[\/et_pb_text][\/et_pb_column][\/et_pb_row][\/et_pb_section]<\/p>\n","protected":false},"excerpt":{"rendered":"<p>Jes\u00fas Espinosa Guti\u00e9rrezJes\u00fas Espinosa Guti\u00e9rrez Cum Laude doktorea da. Kantabriako Unibertsitateak Historia Garaikideko aparteko sarirako aipamena eman zion, \u201cDel discurso al activismo: Los hombres defensores de los derechos de las mujeres en la Espa\u00f1a contempor\u00e1nea\u201d tesiarengatik, Mar\u00eda Jes\u00fas Gonz\u00e1lez Hern\u00e1ndez doktorearen zuzendaritzapean. Azterlan horren edukiaren zati handi bat liburu formatuan azaldu zen, eta, azkenean, \u201cHombres [&hellip;]<\/p>\n","protected":false},"author":1,"featured_media":0,"parent":6299,"menu_order":0,"comment_status":"closed","ping_status":"closed","template":"","meta":{"_et_pb_use_builder":"on","_et_pb_old_content":"","_et_gb_content_width":"","footnotes":""},"class_list":["post-7548","page","type-page","status-publish","hentry"],"_links":{"self":[{"href":"https:\/\/experienciamoderna.com\/eu\/wp-json\/wp\/v2\/pages\/7548","targetHints":{"allow":["GET"]}}],"collection":[{"href":"https:\/\/experienciamoderna.com\/eu\/wp-json\/wp\/v2\/pages"}],"about":[{"href":"https:\/\/experienciamoderna.com\/eu\/wp-json\/wp\/v2\/types\/page"}],"author":[{"embeddable":true,"href":"https:\/\/experienciamoderna.com\/eu\/wp-json\/wp\/v2\/users\/1"}],"replies":[{"embeddable":true,"href":"https:\/\/experienciamoderna.com\/eu\/wp-json\/wp\/v2\/comments?post=7548"}],"version-history":[{"count":23,"href":"https:\/\/experienciamoderna.com\/eu\/wp-json\/wp\/v2\/pages\/7548\/revisions"}],"predecessor-version":[{"id":9777,"href":"https:\/\/experienciamoderna.com\/eu\/wp-json\/wp\/v2\/pages\/7548\/revisions\/9777"}],"up":[{"embeddable":true,"href":"https:\/\/experienciamoderna.com\/eu\/wp-json\/wp\/v2\/pages\/6299"}],"wp:attachment":[{"href":"https:\/\/experienciamoderna.com\/eu\/wp-json\/wp\/v2\/media?parent=7548"}],"curies":[{"name":"wp","href":"https:\/\/api.w.org\/{rel}","templated":true}]}}