{"id":8432,"date":"2023-03-22T17:19:46","date_gmt":"2023-03-22T16:19:46","guid":{"rendered":"https:\/\/experienciamoderna.com\/greba-orokor-feministarantz\/"},"modified":"2024-01-25T15:47:39","modified_gmt":"2024-01-25T14:47:39","slug":"greba-orokor-feministarantz","status":"publish","type":"page","link":"https:\/\/experienciamoderna.com\/eu\/greba-orokor-feministarantz\/","title":{"rendered":"Greba orokor feministarantz"},"content":{"rendered":"<p>[et_pb_section fb_built=&#8221;1&#8243; admin_label=&#8221;Header&#8221; _builder_version=&#8221;4.24.0&#8243; use_background_color_gradient=&#8221;on&#8221; background_color_gradient_type=&#8221;circular&#8221; background_color_gradient_direction_radial=&#8221;bottom&#8221; background_color_gradient_stops=&#8221;rgba(190,183,198,0.81) 0%|#beb7c6 100%&#8221; background_color_gradient_overlays_image=&#8221;on&#8221; background_color_gradient_start=&#8221;rgba(190,183,198,0.81)&#8221; background_color_gradient_end=&#8221;#beb7c6&#8243; background_image=&#8221;https:\/\/experienciamoderna.com\/wp-content\/uploads\/2020\/03\/grupo_portada_prueba1.jpg&#8221; custom_margin=&#8221;|||&#8221; custom_padding=&#8221;||3vw||false|false&#8221; bottom_divider_style=&#8221;wave2&#8243; bottom_divider_color=&#8221;#ffffff&#8221; bottom_divider_height=&#8221;10vw&#8221; bottom_divider_repeat=&#8221;0.5x&#8221; bottom_divider_flip=&#8221;vertical|horizontal&#8221; bottom_divider_arrangement=&#8221;above_content&#8221; bottom_divider_height_tablet=&#8221;0px&#8221; bottom_divider_height_phone=&#8221;0px&#8221; bottom_divider_height_last_edited=&#8221;on|phone&#8221; global_colors_info=&#8221;{}&#8221; locked=&#8221;off&#8221;][et_pb_row _builder_version=&#8221;4.16&#8243; global_colors_info=&#8221;{}&#8221;][et_pb_column type=&#8221;4_4&#8243; _builder_version=&#8221;4.16&#8243; custom_padding=&#8221;|||&#8221; global_colors_info=&#8221;{}&#8221; custom_padding__hover=&#8221;|||&#8221;][et_pb_text _builder_version=&#8221;4.24.0&#8243; text_font=&#8221;||||||||&#8221; text_font_size=&#8221;16px&#8221; text_line_height=&#8221;2em&#8221; header_font=&#8221;Ubuntu|700||||on|||&#8221; header_text_align=&#8221;right&#8221; header_text_color=&#8221;#393e56&#8243; header_font_size=&#8221;25px&#8221; header_line_height=&#8221;1.4em&#8221; header_3_font=&#8221;Ubuntu||||||||&#8221; header_3_line_height=&#8221;1.8em&#8221; text_orientation=&#8221;right&#8221; background_layout=&#8221;dark&#8221; max_width=&#8221;700px&#8221; module_alignment=&#8221;right&#8221; custom_margin=&#8221;|||&#8221; hover_enabled=&#8221;0&#8243; text_font_size_tablet=&#8221;&#8221; text_font_size_phone=&#8221;14px&#8221; text_font_size_last_edited=&#8221;on|desktop&#8221; header_font_size_tablet=&#8221;&#8221; header_font_size_phone=&#8221;32px&#8221; header_font_size_last_edited=&#8221;on|desktop&#8221; locked=&#8221;off&#8221; global_colors_info=&#8221;{}&#8221; sticky_enabled=&#8221;0&#8243;]<\/p>\n<h1 style=\"text-align: right;\">Erakusketak<\/h1>\n<p>[\/et_pb_text][\/et_pb_column][\/et_pb_row][\/et_pb_section][et_pb_section fb_built=&#8221;1&#8243; _builder_version=&#8221;4.20.1&#8243; custom_margin=&#8221;0px||||false|false&#8221; custom_padding=&#8221;40px||0px||false|false&#8221; global_colors_info=&#8221;{}&#8221;][et_pb_row _builder_version=&#8221;4.20.1&#8243; background_enable_color=&#8221;off&#8221; background_enable_mask_style=&#8221;on&#8221; background_mask_style=&#8221;corner-lake&#8221; background_mask_transform=&#8221;flip_vertical&#8221; width=&#8221;100%&#8221; max_width=&#8221;2558px&#8221; custom_margin=&#8221;||||false|false&#8221; custom_padding=&#8221;||0px||false|false&#8221; border_radii=&#8221;on|5px|5px|5px|5px&#8221; global_colors_info=&#8221;{}&#8221;][et_pb_column type=&#8221;4_4&#8243; _builder_version=&#8221;4.16&#8243; custom_padding=&#8221;0px||||false|false&#8221; global_colors_info=&#8221;{}&#8221;][et_pb_text _builder_version=&#8221;4.20.1&#8243; _module_preset=&#8221;default&#8221; header_2_text_color=&#8221;#b1398e&#8221; global_colors_info=&#8221;{}&#8221;]<\/p>\n<div class=\"et_pb_module et_pb_text et_pb_text_1 et_pb_text_align_left et_pb_bg_layout_light\">\n<div class=\"et_pb_text_inner\">\n<h2 style=\"text-align: center;\">&#8220;A la huelga general feminista&#8221;<\/h2>\n<\/div>\n<\/div>\n<p>[\/et_pb_text][\/et_pb_column][\/et_pb_row][et_pb_row column_structure=&#8221;1_2,1_2&#8243; _builder_version=&#8221;4.20.1&#8243; _module_preset=&#8221;default&#8221; global_colors_info=&#8221;{}&#8221;][et_pb_column type=&#8221;1_2&#8243; _builder_version=&#8221;4.20.1&#8243; _module_preset=&#8221;default&#8221; global_colors_info=&#8221;{}&#8221;][et_pb_image src=&#8221;https:\/\/experienciamoderna.com\/wp-content\/uploads\/2023\/03\/Hacia-la-huelaga-feminista.jpg&#8221; title_text=&#8221;Greba orokor feministarantz&#8221; url=&#8221;https:\/\/experienciamoderna.com\/wp-content\/uploads\/2023\/02\/Experiencia_Moderna_Libro-ZZZ-Historia-y-memoria-del-movimiento-feminista-en-Bizkaia-1968-1994.pdf&#8221; align=&#8221;center&#8221; admin_label=&#8221;Imagen&#8221; _builder_version=&#8221;4.20.1&#8243; custom_margin=&#8221;||0px||false|false&#8221; global_colors_info=&#8221;{}&#8221;][\/et_pb_image][\/et_pb_column][et_pb_column type=&#8221;1_2&#8243; _builder_version=&#8221;4.20.1&#8243; _module_preset=&#8221;default&#8221; global_colors_info=&#8221;{}&#8221;][et_pb_text _builder_version=&#8221;4.20.1&#8243; _module_preset=&#8221;default&#8221; custom_margin=&#8221;0px|0px|0px|0px|false|false&#8221; global_colors_info=&#8221;{}&#8221;]<\/p>\n<p>La exposici\u00f3n propone un recorrido cronol\u00f3gico y tem\u00e1tico que pretende acercar al p\u00fablico a distintas experiencias de movilizaci\u00f3n protagonizadas por mujeres durante los siglos XIX, XX y XXI. Ante la imposibilidad de referir las innumerables luchas que han protagonizado las mujeres, hemos optado por una muestra que no es exhaustiva, pero s\u00ed lo suficientemente representativa de la diversidad de conflictos, motivaciones, repertorios de movilizaci\u00f3n y valoraciones que las mujeres de su participaci\u00f3n en las distintas huelgas. Bloqueando la producci\u00f3n, tomando la calle, protagonizando huelgas de hambre, de sed&#8230;una infinidad de movilizaciones sostenidas por mujeres que generan una secuencia de varios siglos de lucha ininterrumpida por la emancipaci\u00f3n. Estas experiencias acumuladas hist\u00f3ricamente invisten al concepto de huelga de nuevos significados, ponen a la vida y a las mujeres en el centro de la lucha pol\u00edtica y constituyen una inagotable fuente de inspiraci\u00f3n que presiona con fuerza sobre las injusticias del presente e ilumina el camino de muchas de las luchas que todav\u00eda est\u00e1n por venir.<\/p>\n<p>[\/et_pb_text][\/et_pb_column][\/et_pb_row][et_pb_row _builder_version=&#8221;4.20.0&#8243; _module_preset=&#8221;default&#8221; custom_margin=&#8221;||0px||false|false&#8221; custom_padding=&#8221;||0px||false|false&#8221; global_colors_info=&#8221;{}&#8221;][et_pb_column type=&#8221;4_4&#8243; _builder_version=&#8221;4.20.0&#8243; _module_preset=&#8221;default&#8221; global_colors_info=&#8221;{}&#8221;][et_pb_divider divider_style=&#8221;dotted&#8221; divider_weight=&#8221;4px&#8221; _builder_version=&#8221;4.20.1&#8243; _module_preset=&#8221;default&#8221; custom_margin=&#8221;||0px||false|false&#8221; custom_padding=&#8221;||30px||false|false&#8221; global_colors_info=&#8221;{}&#8221;][\/et_pb_divider][\/et_pb_column][\/et_pb_row][et_pb_row column_structure=&#8221;2_5,3_5&#8243; _builder_version=&#8221;4.20.1&#8243; _module_preset=&#8221;default&#8221; custom_margin=&#8221;||53px||false|false&#8221; custom_padding=&#8221;||||false|false&#8221; global_colors_info=&#8221;{}&#8221;][et_pb_column type=&#8221;2_5&#8243; _builder_version=&#8221;4.20.0&#8243; _module_preset=&#8221;default&#8221; global_colors_info=&#8221;{}&#8221;][et_pb_text _builder_version=&#8221;4.20.1&#8243; _module_preset=&#8221;default&#8221; link_option_url=&#8221;https:\/\/www.publico.es\/politica\/exposicion-recorre-huelgas-feministas-hicieron-historia.html&#8221; global_colors_info=&#8221;{}&#8221;]<\/p>\n<h2>Historia egin zuten greba feministei buruzko erakusketa<\/p>\n<h2>[\/et_pb_text][\/et_pb_column][et_pb_column type=&#8221;3_5&#8243; _builder_version=&#8221;4.20.0&#8243; _module_preset=&#8221;default&#8221; global_colors_info=&#8221;{}&#8221;][et_pb_video src=&#8221;https:\/\/www.youtube.com\/watch?v=TetQ-Q03_Q8&#8243; image_src=&#8221;https:\/\/experienciamoderna.com\/wp-content\/uploads\/2023\/03\/Hacia-la-huelaga-feminista.jpg&#8221; thumbnail_overlay_color=&#8221;RGBA(255,255,255,0)&#8221; _builder_version=&#8221;4.20.1&#8243; _module_preset=&#8221;default&#8221; custom_margin=&#8221;||0px||false|false&#8221; global_colors_info=&#8221;{}&#8221;][\/et_pb_video][\/et_pb_column][\/et_pb_row][\/et_pb_section]<\/p>\n","protected":false},"excerpt":{"rendered":"<p>Erakusketak &#8220;A la huelga general feminista&#8221; La exposici\u00f3n propone un recorrido cronol\u00f3gico y tem\u00e1tico que pretende acercar al p\u00fablico a distintas experiencias de movilizaci\u00f3n protagonizadas por mujeres durante los siglos XIX, XX y XXI. Ante la imposibilidad de referir las innumerables luchas que han protagonizado las mujeres, hemos optado por una muestra que no es [&hellip;]<\/p>\n","protected":false},"author":1,"featured_media":0,"parent":0,"menu_order":0,"comment_status":"closed","ping_status":"closed","template":"","meta":{"_et_pb_use_builder":"on","_et_pb_old_content":"","_et_gb_content_width":"","footnotes":""},"class_list":["post-8432","page","type-page","status-publish","hentry"],"_links":{"self":[{"href":"https:\/\/experienciamoderna.com\/eu\/wp-json\/wp\/v2\/pages\/8432","targetHints":{"allow":["GET"]}}],"collection":[{"href":"https:\/\/experienciamoderna.com\/eu\/wp-json\/wp\/v2\/pages"}],"about":[{"href":"https:\/\/experienciamoderna.com\/eu\/wp-json\/wp\/v2\/types\/page"}],"author":[{"embeddable":true,"href":"https:\/\/experienciamoderna.com\/eu\/wp-json\/wp\/v2\/users\/1"}],"replies":[{"embeddable":true,"href":"https:\/\/experienciamoderna.com\/eu\/wp-json\/wp\/v2\/comments?post=8432"}],"version-history":[{"count":6,"href":"https:\/\/experienciamoderna.com\/eu\/wp-json\/wp\/v2\/pages\/8432\/revisions"}],"predecessor-version":[{"id":9037,"href":"https:\/\/experienciamoderna.com\/eu\/wp-json\/wp\/v2\/pages\/8432\/revisions\/9037"}],"wp:attachment":[{"href":"https:\/\/experienciamoderna.com\/eu\/wp-json\/wp\/v2\/media?parent=8432"}],"curies":[{"name":"wp","href":"https:\/\/api.w.org\/{rel}","templated":true}]}}