{"id":8776,"date":"2023-07-04T10:32:57","date_gmt":"2023-07-04T08:32:57","guid":{"rendered":"https:\/\/experienciamoderna.com\/vii-nazioarteko-mintegia-ahozko-historiaren-sare-iberiar-bat-eraikitzen\/"},"modified":"2023-07-04T10:54:05","modified_gmt":"2023-07-04T08:54:05","slug":"vii-nazioarteko-mintegia-ahozko-historiaren-sare-iberiar-bat-eraikitzen","status":"publish","type":"page","link":"https:\/\/experienciamoderna.com\/eu\/vii-nazioarteko-mintegia-ahozko-historiaren-sare-iberiar-bat-eraikitzen\/","title":{"rendered":"VII. Nazioarteko mintegia | Ahozko historiaren sare iberiar bat eraikitzen"},"content":{"rendered":"<p>[et_pb_section fb_built=&#8221;1&#8243; next_background_color=&#8221;#ffffff&#8221; admin_label=&#8221;Header&#8221; _builder_version=&#8221;4.16&#8243; background_color=&#8221;#ffffff&#8221; use_background_color_gradient=&#8221;on&#8221; background_color_gradient_stops=&#8221;rgba(190,183,198,0.81) 0%|#beb7c6 100%&#8221; background_color_gradient_start=&#8221;rgba(190,183,198,0.81)&#8221; background_color_gradient_end=&#8221;#beb7c6&#8243; custom_margin=&#8221;|||&#8221; custom_padding=&#8221;||10vw|&#8221; bottom_divider_style=&#8221;wave2&#8243; bottom_divider_height=&#8221;14vw&#8221; bottom_divider_repeat=&#8221;0.5x&#8221; bottom_divider_flip=&#8221;horizontal&#8221; global_colors_info=&#8221;{}&#8221;][et_pb_row _builder_version=&#8221;4.16&#8243; global_colors_info=&#8221;{}&#8221;][et_pb_column type=&#8221;4_4&#8243; _builder_version=&#8221;4.16&#8243; custom_padding=&#8221;|||&#8221; global_colors_info=&#8221;{}&#8221; custom_padding__hover=&#8221;|||&#8221;][et_pb_text _builder_version=&#8221;4.21.0&#8243; text_font=&#8221;||||||||&#8221; text_font_size=&#8221;16px&#8221; text_line_height=&#8221;2em&#8221; header_font=&#8221;Ubuntu||||on||||&#8221; header_text_color=&#8221;#393e56&#8243; header_font_size=&#8221;26px&#8221; header_line_height=&#8221;1.2em&#8221; header_3_font=&#8221;Ubuntu||||||||&#8221; header_3_text_color=&#8221;#bb7860&#8243; header_3_line_height=&#8221;1.8em&#8221; max_width=&#8221;700px&#8221; custom_margin=&#8221;|||&#8221; text_font_size_tablet=&#8221;&#8221; text_font_size_phone=&#8221;14px&#8221; text_font_size_last_edited=&#8221;on|desktop&#8221; header_font_size_tablet=&#8221;&#8221; header_font_size_phone=&#8221;32px&#8221; header_font_size_last_edited=&#8221;on|desktop&#8221; locked=&#8221;off&#8221; global_colors_info=&#8221;{}&#8221;]<\/p>\n<h1>Ahozko historiaren sare iberiar bat eraikitzen<\/h1>\n<p>[\/et_pb_text][\/et_pb_column][\/et_pb_row][\/et_pb_section][et_pb_section fb_built=&#8221;1&#8243; _builder_version=&#8221;4.21.0&#8243; custom_margin=&#8221;||||false|false&#8221; custom_padding=&#8221;0px||10px||false|false&#8221; global_colors_info=&#8221;{}&#8221;][et_pb_row admin_label=&#8221;Fila&#8221; _builder_version=&#8221;4.16&#8243; custom_margin=&#8221;||50px||false|false&#8221; custom_padding=&#8221;0px||||false|false&#8221; global_colors_info=&#8221;{}&#8221;][et_pb_column type=&#8221;4_4&#8243; _builder_version=&#8221;4.16&#8243; custom_padding=&#8221;0px||||false|false&#8221; global_colors_info=&#8221;{}&#8221;][et_pb_text _builder_version=&#8221;4.21.0&#8243; header_2_text_align=&#8221;center&#8221; header_2_text_color=&#8221;#393e56&#8243; global_colors_info=&#8221;{}&#8221;]<\/p>\n<h1>Ahozko historiaren sare iberiar bat martxan jartzea<\/h1>\n<p>[\/et_pb_text][et_pb_text _builder_version=&#8221;4.21.0&#8243; global_colors_info=&#8221;{}&#8221;]<\/p>\n<p><strong>2023ko ekainaren 19 eta 20an<\/strong> VII. NAZIOARTEKO MINTEGIA: AHOZKO<br \/>HISTORIAREN SARE IBERIAR BAT ERAIKITZEN egin dugu Bilboko hirian, Euskal Herriko Unibertsitateko <strong>Experiencia Moderna ikerketa-taldeak<\/strong> babestuta.<br \/>Bertan, ahozko historiaren arloko berrogei bat Espainiako eta Portugalgo ikertzaile eta artxiboetan adituak bildu dira. Asmoa izan da alde batetik, ahozko historiaren sare bat sortzeko aukera eztabaidatzea, bestetik ikerketa horien isolamenduari amaiera ematea eta azkenik ahozko historian interesa duten pertsona guztiak harremanetan jartzea.<br \/>Mintegian zeudenek oso modu positiboan hartu dute ideia, eta jarrera onaren ondorioz, ahozko historiako iberiar sare bat abian jartzeko hainbat akordio lortu dira (ikus akordioen dokumentua). Halaber bertan zeuden pertsona guztien borondateak batuz, asmoa da sarea zabaltzea eta sendotzea.<br \/>Saioetan, ahozko historiari buruzko proiektuak aurkeztu eta eztabaidatu dira, hainbat leku eta gairi buruzkoak: memoria, emozioak, subjektibotasuna ahozko historian; diktadurak, trantsizioak eta migrazioak mundu iberikoan; landa-mundua eta tradizio kulturalak, artxiboak eta ahozko historiaren inguruko irakaskuntza-esperientziak, etab.<br \/>Antolatzaileek uste dugu deialdia arrakastatsua izan dela, eta topaketa lehen urratsa dela, modu ireki eta demokratikoan, AHOZKO HISTORIAREN SARE IBERIAR bat eraikitzeko.<\/p>\n<p>[\/et_pb_text][\/et_pb_column][\/et_pb_row][et_pb_row _builder_version=&#8221;4.16&#8243; custom_margin=&#8221;||50px||false|false&#8221; custom_padding=&#8221;0px||||false|false&#8221; global_colors_info=&#8221;{}&#8221;][et_pb_column type=&#8221;4_4&#8243; _builder_version=&#8221;4.16&#8243; custom_padding=&#8221;0px||||false|false&#8221; global_colors_info=&#8221;{}&#8221;][et_pb_text _builder_version=&#8221;4.21.0&#8243; header_2_text_align=&#8221;center&#8221; header_2_text_color=&#8221;#393e56&#8243; global_colors_info=&#8221;{}&#8221;]<\/p>\n<h2 style=\"text-align: center;\">2023ko ekainaren 19ko bilkurako erabakiak <\/h2>\n<p>[\/et_pb_text][et_pb_text _builder_version=&#8221;4.21.0&#8243; text_orientation=&#8221;justified&#8221; global_colors_info=&#8221;{}&#8221;]<\/p>\n<p>2023KO EKAINAREN 19KO BILKURAKO ERABAKIAK<br \/>1. Akordioa, egitura astuna ez izatekoa eta sarea erabilgarria izatekoa.<br \/>2. Begi onez ikusten dira banaketa-zerrenda bat, web-orri bat eta pertsonak eta haien ikerketa-esperientziak hurbilduko dituen topaketaren bat sortzeko ideiak. Topaketa horiek online edo formatu hibridoan egin daitezke. Baina online topaketen kopurua neurtu beharko dugu.<br \/>3. Hainbat ekimenetarako lantaldeak sortzeko interesa.<br \/>4. Aldizkari bat sortzeko ikuspegia desiragarria bada ere, hasiera batean argitalpen bateratuetan pentsatu beharko litzateke, eta liburuki edo monografia kolektiboak osatu. Halaber, Historia del Presente, Palabras y Silencios dosierra egiteko aukera, baina betiere nolabaiteko koherentzia tematikoarekin.<br \/>5. Sarea topaketa horietan ordezkaritza txikiena duten sektoreetara zabaltzea. Historialari portugaldarren kasua eta, beste maila batean, sindikatuetako ahozko iturrien artxiboen esparruan egiten den lana.<br \/>6. Laster, harremanetan jarriko gara lantaldeen koordinazioan lehen urratsak emateko.<\/p>\n<p>[\/et_pb_text][\/et_pb_column][\/et_pb_row][et_pb_row column_structure=&#8221;1_2,1_2&#8243; _builder_version=&#8221;4.16&#8243; custom_margin=&#8221;||50px||false|false&#8221; custom_padding=&#8221;0px||||false|false&#8221; global_colors_info=&#8221;{}&#8221;][et_pb_column type=&#8221;1_2&#8243; _builder_version=&#8221;4.16&#8243; custom_padding=&#8221;0px||||false|false&#8221; global_colors_info=&#8221;{}&#8221;][et_pb_image src=&#8221;https:\/\/experienciamoderna.com\/wp-content\/uploads\/2023\/07\/Experiencia_Moderna_La_Passarola-1.jpg&#8221; alt=&#8221;2023KO EKAINAREN 19KO BILKURAKO ERABAKIAK&#8221; title_text=&#8221;Experiencia_Moderna_La_Passarola&#8221; _builder_version=&#8221;4.21.0&#8243; global_colors_info=&#8221;{}&#8221;][\/et_pb_image][et_pb_text _builder_version=&#8221;4.21.0&#8243; text_orientation=&#8221;justified&#8221; custom_margin=&#8221;0px||||false|false&#8221; global_colors_info=&#8221;{}&#8221;]<\/p>\n<p><strong>La Passarola<\/strong><\/p>\n<p>[\/et_pb_text][\/et_pb_column][et_pb_column type=&#8221;1_2&#8243; _builder_version=&#8221;4.16&#8243; custom_padding=&#8221;0px||||false|false&#8221; global_colors_info=&#8221;{}&#8221;][et_pb_testimonial _builder_version=&#8221;4.21.0&#8243; _module_preset=&#8221;default&#8221; author_font=&#8221;|800|||||||&#8221; global_colors_info=&#8221;{}&#8221;]<\/p>\n<p>Bartolomeu Gusm\u00e3oK esan zuen: \u201cNahimen bat barruan dagoenean, betea dago jadanik, baina hori nahimenen misterio deszifraezina da, bat dagoen tokia, milioiak sartzen dira, bata infinituaren berdina da\u201d<br \/>Memorial do convento, Jos\u00e9 Saramago (1982).<\/p>\n<p>[\/et_pb_testimonial][\/et_pb_column][\/et_pb_row][et_pb_row column_structure=&#8221;2_3,1_3&#8243; _builder_version=&#8221;4.21.0&#8243; custom_margin=&#8221;||0px||false|false&#8221; custom_padding=&#8221;0px||||false|false&#8221; global_colors_info=&#8221;{}&#8221;][et_pb_column type=&#8221;2_3&#8243; _builder_version=&#8221;4.16&#8243; custom_padding=&#8221;0px||||false|false&#8221; global_colors_info=&#8221;{}&#8221;][et_pb_text admin_label=&#8221;Texto&#8221; _builder_version=&#8221;4.21.0&#8243; _module_preset=&#8221;default&#8221; custom_margin=&#8221;||20px||false|false&#8221; custom_padding=&#8221;||0px||false|false&#8221; hover_enabled=&#8221;0&#8243; global_colors_info=&#8221;{}&#8221; sticky_enabled=&#8221;0&#8243;]<\/p>\n<div class=\"entry-content\">\n<div class=\"et-l et-l--post\">\n<div class=\"et_builder_inner_content et_pb_gutters3\">\n<div class=\"et_pb_section et_pb_section_0 et_section_regular\">\n<div class=\"et_pb_row et_pb_row_0\">\n<div class=\"et_pb_column et_pb_column_4_4 et_pb_column_0  et_pb_css_mix_blend_mode_passthrough et-last-child\">\n<div class=\"et_pb_module et_pb_text et_pb_text_0 et_clickable  et_pb_text_align_left et_pb_bg_layout_light\">\n<div class=\"et_pb_text_inner\">\n<p>2023ko ekainaren 19 eta 20an<br \/>VII. NAZIOARTEKO MINTEGIA<\/p>\n<p><strong>AHOZKO HISTORIAREN SARE IBERIAR BAT ERAIKITZEN <\/strong><\/p>\n<p>Bizkaia Aretoa. Arriaga Gela Abandoibarra. 3 \/ Euskal Herriko Unibertsitatea<\/p>\n<p><strong>ANTOLAKUNTZA \/ ORGANIZACI\u00d3N<\/strong><br \/>Grupo de Investigaci\u00f3n Experiencia Moderna, Gobierno Vasco IT1784-22. Departamento de Historia Contempor\u00e1nea, Universidad del Pa\u00eds Vasco UPV\/EHU<br \/>Proyecto de investigaci\u00f3n \u201cEl desorden de g\u00e9nero en la Espa\u00f1a contempor\u00e1nea.<br \/>Feminidades y masculinidades\u201d, PID2020-114602GB-I00, MINECO y FEDER.<br \/>AHOA, Ahozko Historiaren Artxiboa-Archivo de Historia Ora<\/p>\n<p><strong>ZUZENDARITZA \/ DIRECCI\u00d3N<\/strong><br \/>__ Miren Llona (Universidad del Pa\u00eds Vasco UPV\/EHU)<br \/>__ David Beorlegui (UDIMA)<br \/>__ Pilar Dom\u00ednguez (Universidad de Las Palmas de Gran Canaria)<\/p>\n<p><strong>BATZORDE ANTOLATZAILEA \/COMIT\u00c9 ORGANIZADOR<\/strong><br \/>__ Bakarne Altonaga<br \/>__ Mercedes Arbaiza<br \/>__ Nerea Aresti<br \/>__ Laura Cruz Chamizo<br \/>__ Jos\u00e9 Javier D\u00edaz Freire<br \/>__ Eider de Dios<br \/>__ Mari Nieves Garc\u00eda Pintor<br \/>__ Carmen Gonz\u00e1lez Guerra<br \/>__ Francisco Jim\u00e9nez Aguilar<br \/>__ Ariane Mart\u00ednez Aretxabaleta<br \/>__ Ra\u00fal M\u00ednguez<br \/>__ Ra\u00fal Navarro<br \/>__ Aintzane Rinc\u00f3n<br \/>__ Aitor Sarasketa<\/p>\n<p><strong>19_ ASTELEHENA \/ LUNES<\/strong><br \/><strong>15:15<\/strong> Harrera eta ongietorria \/ Recepci\u00f3n y bienvenida<br \/><strong>15:30-17:00<\/strong> Ahozko Historia, Memoria eta Subjetibitatea \/ Historia oral, Memoria y Subjetividad.<br \/>__ Modera: Mercedes Arbaiza (Universidad del Pa\u00eds Vasco UPV\/EHU)<br \/>Relatos de vida en torno a la lepra. Experiencias de reclusi\u00f3n, resistencia y resiliencia en el relato de<br \/>las personas afectadas por la lepra.<br \/>__ Antonio Garc\u00eda Belmar (Universidad de Alicante)<br \/>La historia oral como herramienta contramemorial.<br \/>__ Miguel Cardina (Centro de Estudos Sociais da Universidade de Coimbra-CES)<br \/><strong>17:00-17:30<\/strong> Atsedena eta kafea \/ Descanso y caf\u00e9<br \/><strong>17:30- 19:00<\/strong> Ahozko historiaren Iberiar sarea eraiki dezagun\/ Construyamos una Red ib\u00e9rica de historia oral.<br \/>__ Pilar Dom\u00ednguez (Universidad de Las Palmas de Gran Canaria)<br \/>__ David Beorlegui (UDIMA)<br \/>__ Miren Llona (Universidad del Pa\u00eds Vasco UPV\/EHU)<br \/><strong>20:00<\/strong> Cena con Pintxos en el Casco Viejo<\/p>\n<p><strong>20_ ASTEARTEA \/ MARTES<\/strong><br \/><strong>9:30-11:00<\/strong> Trantsizioak, matxinadak eta migrazioak \/ Transiciones, rebeliones y migraciones.<br \/>__ Modera: Jos\u00e9 Javier D\u00edaz Freire (Universidad del Pa\u00eds Vasco UPV\/EHU))<br \/>Fronteras geogr\u00e1ficas y l\u00edmites humanos.<br \/>__ Marta Silva (Universidade Nova de Lisboa)<br \/>Mem\u00f3rias consensualizadas e disputadas da Revolu\u00e7\u00e3o dos Cravos.<br \/>__ Lu\u00edsa Tiago de Oliveira (CIES- ISCTE)<\/p>\n<p><strong>11:00-11.30<\/strong> Atsedena eta kafea \/ Descanso y caf\u00e9<\/p>\n<p><strong>11:30-13:3<\/strong>0 Ahozko Historiaren proiektuen aurkezpena \/ Presentaci\u00f3n de proyectos de historia oral.<br \/>__ Modera: Nerea Aresti (Universidad del Pa\u00eds Vasco UPV\/EHU)<br \/>__ Alba D\u00edaz Geada (Universidade de Santiago de Compostela)<br \/>__ Ana Cabana Iglesia (Universidade de Santiago de Compostela)<br \/>__ Andr\u00e9a Casa Nova Maia (Universidade Federal do Rio de Janeiro) y Cintia Fonseca (C\u00e1mara Municipal de Celourico da Beira)<br \/>__ Juan Jos\u00e9 Guti\u00e9rrez (California State University, Monterey Bay)<br \/>__ Sof\u00eda Rodr\u00edguez (Universidad Complutense de Madrid)<br \/>__ Nicol\u00e1s Buckley (Universidad Europea de Madrid)<br \/>__ Francisco Leira (Universidade de Santiago de Compostela)<br \/>__ Eider de Dios Fern\u00e1ndez (Universidad del Pa\u00eds Vasco UPV\/EHU)<br \/>__ Laura Cruz Chamizo (Universidad del Pa\u00eds Vasco UPV\/EHU)<\/p>\n<p><strong>13:30-15:00<\/strong> Bazkaria \/ Comida<\/p>\n<p><strong>15:00-17:00<\/strong> Ahozko Historiaren proiektuen aurkezpena \/ Presentaci\u00f3n de proyectos de historia oral.<br \/>__Modera: Bakarne Altonaga(Universidad del Pa\u00eds Vasco UPV\/EHU)<br \/>__ Ana Sofia Ferreira (FLUP\/IHC-NOV\/FCSH)<br \/>__ Francisco Jim\u00e9nez Aguilar (Universidad del Pa\u00eds Vasco (UPV\/EHU)<br \/>__ Antonio Segovia Ganivet (Universidad de Granada)<br \/>__ Vicent Bellver Loizaga (Universitat de Val\u00e8ncia)<br \/>__ Miguel Asensio G\u00f3mez (Universitat de Val\u00e8ncia)<br \/>__ Mar\u00eda Jos\u00e9 Le\u00f3n Robles (Universidad Complutense de Madrid)<br \/>__ M\u00aa Victoria Martins Rodr\u00edguez (UCM\/Instituto de Estudios de G\u00e9nero UC3M)<br \/>__ Ra\u00fal M\u00ednguez Blasco (Universidad del Pa\u00eds Vasco UPV\/EHU)<br \/>__ Rub\u00e9n Cabal Tejada (Universidad de Oviedo\/Sorbonne Nouvelle)<br \/><strong>17:00-17.30<\/strong> Atsedena eta kafea \/ Descanso y caf\u00e9<br \/><strong>17:30-19:30<\/strong> Ahozko Historiaren proiektuen aurkezpena \/ Presentaci\u00f3n de proyectos de historia oral.<br \/>__ Modera: Aintzane Rinc\u00f3n (Universidad del Pa\u00eds Vasco, EHU)<br \/>__ Merc\u00e8 L\u00e1zaro Garc\u00eda (Arxiu Hist\u00f2ric de la Ciutat de Barcelona)<br \/>__ Irene D\u00edaz (Archivo de Fuentes Orales para la Historia Social de Asturias-AFOHSA)<br \/>__ Nekane Aldekoa (Itsasmuseum Bilbao)<br \/>__ Fernando Hern\u00e1ndez Holgado (Universidad Complutense de Madrid)<br \/>__ Eider de Dios, Endika Alabort, I\u00f1aki Etxaniz e Igor Etxabe (Universidad del Pa\u00eds Vasco\/EHU)<br \/>__ Carmen Menchero, Xavier Mar\u00eda Ramos y Emanuele Treglia (Universidad Complutense de Madrid)<br \/>__ Rub\u00e9n Vega (Universidad de Oviedo)<br \/>__ Luis Vivas Ramos (Colegio Sagrado Coraz\u00f3n de Quart de Poblet, Valencia)<br \/>__ Sandra Fern\u00e1ndez y Odete Viola (UNED)<\/p>\n<p>Para asistir es necesaria la inscripci\u00f3n previa escribiendo al email:<br \/><strong>Ikerketa.taldea@experienciamoderna.com<\/strong><\/p>\n<p>Inscripci\u00f3n y asistencia gratuitas. Hasta completar aforo.<br \/><strong>19 y 20 de junio 2023 | <\/strong><strong>Bizkai Aretoa, UPV-EHU, Bilbao.<\/strong><\/p>\n<\/div>\n<\/div>\n<\/div>\n<\/div>\n<\/div>\n<\/div>\n<\/div>\n<\/div>\n<p>[\/et_pb_text][\/et_pb_column][et_pb_column type=&#8221;1_3&#8243; _builder_version=&#8221;4.16&#8243; custom_padding=&#8221;0px||||false|false&#8221; global_colors_info=&#8221;{}&#8221;][et_pb_image src=&#8221;https:\/\/experienciamoderna.com\/wp-content\/uploads\/2023\/03\/Seminario_Historia_Oral.jpeg&#8221; title_text=&#8221;Ahozko historiari buruzko mintegia&#8221; url=&#8221;https:\/\/experienciamoderna.com\/seminarios-internacionales-sobre-nuevos-enfoques-en-la-historia-construyendo-una-red-iberica-de-historia-oral\/&#8221; _builder_version=&#8221;4.21.0&#8243; hover_enabled=&#8221;0&#8243; box_shadow_style=&#8221;preset1&#8243; box_shadow_blur=&#8221;8px&#8221; locked=&#8221;off&#8221; global_colors_info=&#8221;{}&#8221; sticky_enabled=&#8221;0&#8243;][\/et_pb_image][\/et_pb_column][\/et_pb_row][\/et_pb_section]<\/p>\n","protected":false},"excerpt":{"rendered":"<p>Ahozko historiaren sare iberiar bat eraikitzenAhozko historiaren sare iberiar bat martxan jartzea2023ko ekainaren 19 eta 20an VII. NAZIOARTEKO MINTEGIA: AHOZKOHISTORIAREN SARE IBERIAR BAT ERAIKITZEN egin dugu Bilboko hirian, Euskal Herriko Unibertsitateko Experiencia Moderna ikerketa-taldeak babestuta.Bertan, ahozko historiaren arloko berrogei bat Espainiako eta Portugalgo ikertzaile eta artxiboetan adituak bildu dira. Asmoa izan da alde batetik, ahozko [&hellip;]<\/p>\n","protected":false},"author":1,"featured_media":0,"parent":0,"menu_order":0,"comment_status":"closed","ping_status":"closed","template":"","meta":{"_et_pb_use_builder":"on","_et_pb_old_content":"","_et_gb_content_width":"","footnotes":""},"class_list":["post-8776","page","type-page","status-publish","hentry"],"_links":{"self":[{"href":"https:\/\/experienciamoderna.com\/eu\/wp-json\/wp\/v2\/pages\/8776","targetHints":{"allow":["GET"]}}],"collection":[{"href":"https:\/\/experienciamoderna.com\/eu\/wp-json\/wp\/v2\/pages"}],"about":[{"href":"https:\/\/experienciamoderna.com\/eu\/wp-json\/wp\/v2\/types\/page"}],"author":[{"embeddable":true,"href":"https:\/\/experienciamoderna.com\/eu\/wp-json\/wp\/v2\/users\/1"}],"replies":[{"embeddable":true,"href":"https:\/\/experienciamoderna.com\/eu\/wp-json\/wp\/v2\/comments?post=8776"}],"version-history":[{"count":4,"href":"https:\/\/experienciamoderna.com\/eu\/wp-json\/wp\/v2\/pages\/8776\/revisions"}],"predecessor-version":[{"id":8782,"href":"https:\/\/experienciamoderna.com\/eu\/wp-json\/wp\/v2\/pages\/8776\/revisions\/8782"}],"wp:attachment":[{"href":"https:\/\/experienciamoderna.com\/eu\/wp-json\/wp\/v2\/media?parent=8776"}],"curies":[{"name":"wp","href":"https:\/\/api.w.org\/{rel}","templated":true}]}}