{"id":9431,"date":"2024-02-07T13:31:24","date_gmt":"2024-02-07T12:31:24","guid":{"rendered":"https:\/\/experienciamoderna.com\/francisco-jimenez-aguilar\/"},"modified":"2026-03-22T11:06:44","modified_gmt":"2026-03-22T10:06:44","slug":"francisco-jimenez-aguilar","status":"publish","type":"page","link":"https:\/\/experienciamoderna.com\/eu\/nor-gara\/francisco-jimenez-aguilar\/","title":{"rendered":"Francisco Jim\u00e9nez Aguilar"},"content":{"rendered":"<p>[et_pb_section fb_built=&#8221;1&#8243; _builder_version=&#8221;4.16&#8243; global_colors_info=&#8221;{}&#8221;][et_pb_row _builder_version=&#8221;4.16&#8243; global_colors_info=&#8221;{}&#8221;][et_pb_column type=&#8221;4_4&#8243; _builder_version=&#8221;4.16&#8243; global_colors_info=&#8221;{}&#8221;][et_pb_text _builder_version=&#8221;4.24.0&#8243; global_colors_info=&#8221;{}&#8221;]<\/p>\n<h1>Francisco Jim\u00e9nez Aguilar<\/h1>\n<p>[\/et_pb_text][et_pb_text _builder_version=&#8221;4.27.4&#8243; hover_enabled=&#8221;0&#8243; global_colors_info=&#8221;{}&#8221; sticky_enabled=&#8221;0&#8243;]<\/p>\n<p style=\"text-align: left;\"><img loading=\"lazy\" decoding=\"async\" class=\"wp-image-11744 size-full alignleft\" src=\"https:\/\/experienciamoderna.com\/wp-content\/uploads\/2026\/03\/Francisco-Jmenez-Aguilar.jpg\" alt=\"Francisco Jmenez Aguilar - Experiencia Moderna\" width=\"165\" height=\"180\" \/>Soy profesor ayudante doctor de Historia de la Ciencia en la Universidad de M\u00e1laga. Graduado en historia, m\u00e1ster en historia de Europa y Am\u00e9rica, m\u00e1ster en cultura de paz, conflictos, educaci\u00f3n y DDHH, m\u00e1ster en formaci\u00f3n del profesorado y doctor internacional en historia y artes por la Universidad de Granada. Mi tesis se titul\u00f3 \u201cLas masculinidades en el primer franquismo (1936-1959): discursos y subjetividades\u201d y en ella buscaba representar diferentes tipos masculinos y diversas formas de encarnarlos por los espa\u00f1oles de a pie en las primeras d\u00e9cadas de la dictadura de Franco.<\/p>\n<p><\/p>\n<p style=\"text-align: left;\">A lo largo de mi trayectoria he sido profesor sustituto de ense\u00f1anza secundaria en Andaluc\u00eda, investigador a cargo de proyecto en el Departamento de Historia Contempor\u00e1nea de la Universidad de Granada, contratado posdoctoral Juan de la Cierva en el Departamento de Historia Contempor\u00e1nea de la Universidad del Pa\u00eds Vasco \/ Euskal Herriko Unibertsitatea e investigador CIAPOS en el Instituto Universitario de Investigaci\u00f3n de Estudios de G\u00e9nero de la Universidad de Alicante \/ Universitat d\u2019Alacant. Tambi\u00e9n he realizado estancias en el Departamento de Historia Moderna e Historia Contempor\u00e1nea de la Universidad Complutense de Madrid y el Department of History de The University of Sheffield, Reino Unido. Durante todo este tiempo he participado en congresos y seminarios internacionales en Australia, Austria, Bulgaria, Colombia, Espa\u00f1a, Francia, Marruecos, Pa\u00edses Bajos, Portugal o Reino Unido.<\/p>\n<p><\/p>\n<p>Mis investigaciones se han centrado en la historia de g\u00e9nero en la Espa\u00f1a de los siglos XX y XXI, con especial inter\u00e9s en las masculinidades bajo el franquismo y la democracia, la participaci\u00f3n de las espa\u00f1olas en el fascismo, las pol\u00edticas sociales y la vida cotidiana. Recientemente, estoy trabajando sobre los cambios en la crianza, el trabajo dom\u00e9stico y la gesti\u00f3n emocional masculina. En paralelo, tambi\u00e9n me he interesado por los nuevos partidos, movimientos sociales e intelectuales de ultraderecha, abordando cuestiones como el antifeminismo, el sexismo o el ultranacionalismo.<\/p>\n<p><\/p>\n<p><strong>Publicaciones recientes<\/strong><\/p>\n<p><\/p>\n<ul>\n<li>\u201cLearning to earn the daily bread: boyhood, sustenance and subjectivity in post-war Andalusia (1939-1959)\u201d, <em>History &amp; Anthropology<\/em>, Latest articles, p\u00e1gs. 1-18 [Art\u00edculo]. DOI: <a href=\"https:\/\/doi.org\/10.1080\/02757206.2026.2635341\">https:\/\/doi.org\/10.1080\/02757206.2026.2635341<\/a>.<\/li>\n<li>\u201cEl manitas y la Pen\u00e9lope de 1969: Bricolaje y divisi\u00f3n sexual del trabajo dom\u00e9stico en Espa\u00f1a (1950-1985)\u201d, <em>Historia Social<\/em>, N.\u00ba 114, 2026, p\u00e1gs. 55-79 [Art\u00edculo]. DOI: <a href=\"https:\/\/doi.org\/10.70794\/hs.116951\">https:\/\/doi.org\/10.70794\/hs.116951<\/a>.<\/li>\n<li>\u201cFascismo, Franquismo y masculinidades: Una revisi\u00f3n historiogr\u00e1fica\u201d, <em>Historia Contempor\u00e1nea<\/em>, N.\u00ba 78, 2025, p\u00e1gs. 699-732 [Art\u00edculo]. DOI: <a href=\"https:\/\/doi.org\/10.1387\/hc.24313\">https:\/\/doi.org\/10.1387\/hc.24313<\/a>.<\/li>\n<li>\u201cLos or\u00edgenes de Educaci\u00f3n y Descanso: El verticalismo franquista y sus conexiones transnacionales\u201d, <em>Culture &amp;History Digital Journal<\/em>, Vol. 14, N.\u00ba 1, 2025, 324 [Art\u00edculo]. DOI:<a href=\"https:\/\/doi.org\/10.3989\/chdj.2025.324\">https:\/\/doi.org\/10.3989\/chdj.2025.324<\/a>.<\/li>\n<li>(Con Claudio Hern\u00e1ndez Burgos) \u201c\u2018Hijos predilectos de Espa\u00f1a\u2019: emociones y nacionalizaci\u00f3n cotidiana franquista de los ni\u00f1os (1936-1945)\u201d, <em>Espacio, Tiempo y Forma. Serie V, Historia contempor\u00e1nea<\/em>, N\u00ba 37, 2025, p\u00e1gs. 57-77 [Art\u00edculo]. DOI: <a href=\"https:\/\/doi.org\/10.5944\/etfv.37.2025.46000\">https:\/\/doi.org\/10.5944\/etfv.37.2025.46000<\/a>.<\/li>\n<li>(Con Diana Paola Garc\u00e9s Amaya) \u201cActores, discursos y debates antig\u00e9nero y antifeministas en Am\u00e9rica Latina y Espa\u00f1a\u201d, <em>Revista Estudos Feministas<\/em>, Vol. 32, N\u00ba 2, 2024 [Secci\u00f3n Tem\u00e1tica]. DOI: <a href=\"https:\/\/doi.org\/10.1590\/1806-9584-2024v32n2100791\">https:\/\/doi.org\/10.1590\/1806-9584-2024v32n2100791<\/a>.<\/li>\n<li>(Con Antonio \u00c1lvarez&#8211;Benavides) \u201cFrente al 8M: Respuestas de las derechas a la movilizaci\u00f3n feminista en Espa\u00f1a (2017-2022)\u201d, <em>Revista Estudos Feministas<\/em>, Vol. 32, N.\u00ba 2, 2024, e96577 [Art\u00edculo]. DOI: <a href=\"https:\/\/doi.org\/10.1590\/1806-9584-2024v32n296577\">https:\/\/doi.org\/10.1590\/1806-9584-2024v32n296577<\/a>.<\/li>\n<li>(Con Antonio \u00c1lvarez-Benavides) \u201cThe new Spanish far-right movement: Crisis, national priority and ultranationalist charity\u201d, <em>Nations and Nationalism<\/em>, Vol. 30, N.\u00ba 3, 2024, p\u00e1gs. 476-492 [Art\u00edculo]. DOI: <a href=\"https:\/\/doi.org\/10.1111\/nana.12992\">https:\/\/doi.org\/10.1111\/nana.12992<\/a>.<\/li>\n<li><em>Masculinidades en vertical. G\u00e9nero, naci\u00f3n y trabajo en el primer franquismo<\/em>, Valencia, Publicacions de la Universitat de Val\u00e8ncia, 2023. [Libro]. URL: <a href=\"https:\/\/puv.uv.es\/llibre\/masculinidades-en-vertical.html\">https:\/\/puv.uv.es\/llibre\/masculinidades-en-vertical.html<\/a>.<\/li>\n<\/ul>\n<p><\/p>\n<p><strong>Perfiles<\/strong><\/p>\n<p><\/p>\n<p><a href=\"https:\/\/orcid.org\/0000-0002-6194-5089\">https:\/\/orcid.org\/0000-0002-6194-5089<\/a><br \/><a href=\"https:\/\/www.webofscience.com\/wos\/author\/record\/JAC-6643-2023\">https:\/\/www.webofscience.com\/wos\/author\/record\/JAC-6643-2023<\/a><br \/><a href=\"https:\/\/www.scopus.com\/authid\/detail.uri?authorId=57202894471\">https:\/\/www.scopus.com\/authid\/detail.uri?authorId=57202894471<\/a><br \/><a href=\"https:\/\/dialnet.unirioja.es\/servlet\/autor?codigo=3365541\">https:\/\/dialnet.unirioja.es\/servlet\/autor?codigo=3365541<\/a><\/p>\n<p><\/p>\n<p><strong>Email<\/strong><\/p>\n<p><\/p>\n<p><a href=\"mailto:fjja@uma.es\">fjja@uma.es<\/a><br \/><a href=\"mailto:franciscojesus.jimenez@ehu.eus\">franciscojesus.jimenez@ehu.eus<\/a><\/p>\n<p>[\/et_pb_text][\/et_pb_column][\/et_pb_row][\/et_pb_section]<\/p>\n","protected":false},"excerpt":{"rendered":"<p>Francisco Jim\u00e9nez AguilarSoy profesor ayudante doctor de Historia de la Ciencia en la Universidad de M\u00e1laga. Graduado en historia, m\u00e1ster en historia de Europa y Am\u00e9rica, m\u00e1ster en cultura de paz, conflictos, educaci\u00f3n y DDHH, m\u00e1ster en formaci\u00f3n del profesorado y doctor internacional en historia y artes por la Universidad de Granada. Mi tesis se [&hellip;]<\/p>\n","protected":false},"author":1,"featured_media":0,"parent":6299,"menu_order":0,"comment_status":"closed","ping_status":"closed","template":"","meta":{"_et_pb_use_builder":"on","_et_pb_old_content":"","_et_gb_content_width":"","footnotes":""},"class_list":["post-9431","page","type-page","status-publish","hentry"],"_links":{"self":[{"href":"https:\/\/experienciamoderna.com\/eu\/wp-json\/wp\/v2\/pages\/9431","targetHints":{"allow":["GET"]}}],"collection":[{"href":"https:\/\/experienciamoderna.com\/eu\/wp-json\/wp\/v2\/pages"}],"about":[{"href":"https:\/\/experienciamoderna.com\/eu\/wp-json\/wp\/v2\/types\/page"}],"author":[{"embeddable":true,"href":"https:\/\/experienciamoderna.com\/eu\/wp-json\/wp\/v2\/users\/1"}],"replies":[{"embeddable":true,"href":"https:\/\/experienciamoderna.com\/eu\/wp-json\/wp\/v2\/comments?post=9431"}],"version-history":[{"count":10,"href":"https:\/\/experienciamoderna.com\/eu\/wp-json\/wp\/v2\/pages\/9431\/revisions"}],"predecessor-version":[{"id":11751,"href":"https:\/\/experienciamoderna.com\/eu\/wp-json\/wp\/v2\/pages\/9431\/revisions\/11751"}],"up":[{"embeddable":true,"href":"https:\/\/experienciamoderna.com\/eu\/wp-json\/wp\/v2\/pages\/6299"}],"wp:attachment":[{"href":"https:\/\/experienciamoderna.com\/eu\/wp-json\/wp\/v2\/media?parent=9431"}],"curies":[{"name":"wp","href":"https:\/\/api.w.org\/{rel}","templated":true}]}}